{"id":183203,"date":"2024-09-07T12:32:11","date_gmt":"2024-09-07T10:32:11","guid":{"rendered":"https:\/\/www.voustensports.com\/genti-t-shirt-bleu-fonce-en-coton-glace-39389\/"},"modified":"2026-02-05T12:17:10","modified_gmt":"2026-02-05T11:17:10","slug":"genti-t-shirt-bleu-fonce-en-coton-glace-39389","status":"publish","type":"product","link":"https:\/\/www.voustensports.com\/fr\/genti-t-shirt-bleu-fonce-en-coton-glace-39389\/","title":{"rendered":"GENTI &#8211; T-shirt bleu fonc\u00e9 en coton glac\u00e9 (39389)\u00a0"},"content":{"rendered":"<div>T-shirt bleu fonc\u00e9 en coton glac\u00e9 de qualit\u00e9 luxueuse. Une qualit\u00e9 de coton fra\u00eeche et tr\u00e8s extensible, pour un confort optimal.<\/div>\n<ul>\n<li>D\u00e9tails du style<\/li>\n<li>Coton glac\u00e9<\/li>\n<li>Col c\u00f4tel\u00e9<\/li>\n<li>Carte compacte<\/li>\n<li>Fabriqu\u00e9 au Portugal<\/li>\n<li>97% coton 3% \u00e9lasthanne<\/li>\n<li>J1071-3202<\/li>\n<\/ul>\n","protected":false},"excerpt":{"rendered":"<p>T-shirt bleu fonc\u00e9 en coton glac\u00e9 de qualit\u00e9 luxueuse. Une qualit\u00e9 de coton fra\u00eeche et tr\u00e8s extensible, pour un confort optimal. D\u00e9tails du style Coton glac\u00e9 Col c\u00f4tel\u00e9 Carte compacte Fabriqu\u00e9 au Portugal 97% coton 3% \u00e9lasthanne J1071-3202<\/p>\n","protected":false},"featured_media":183183,"comment_status":"open","ping_status":"closed","template":"","meta":{"rank_math_lock_modified_date":false},"product_cat":[446,450,462,486,490,710],"product_tag":[],"class_list":{"0":"post-183203","1":"product","2":"type-product","3":"status-publish","4":"has-post-thumbnail","6":"product_cat-kleding-fr","7":"product_cat-heren-fr","8":"product_cat-vousten-sports-fr-2","9":"product_cat-shirt-fr-2","10":"product_cat-t-shirts-fr-2","11":"product_cat-genti-fr","13":"first","14":"outofstock","15":"taxable","16":"shipping-taxable","17":"purchasable","18":"product-type-variable"},"acf":[],"yoast_head":"<!-- This site is optimized with the Yoast SEO plugin v23.9 - https:\/\/yoast.com\/wordpress\/plugins\/seo\/ -->\n<title>GENTI - T-shirt bleu fonc\u00e9 en coton glac\u00e9 (39389)\u00a0 - Vousten Sports<\/title>\n<meta name=\"robots\" content=\"index, follow, max-snippet:-1, max-image-preview:large, max-video-preview:-1\" \/>\n<link rel=\"canonical\" href=\"https:\/\/www.voustensports.com\/fr\/genti-t-shirt-bleu-fonce-en-coton-glace-39389\/\" \/>\n<meta property=\"og:locale\" content=\"fr_FR\" \/>\n<meta property=\"og:type\" content=\"article\" \/>\n<meta property=\"og:title\" content=\"GENTI - T-shirt bleu fonc\u00e9 en coton glac\u00e9 (39389)\u00a0 - Vousten Sports\" \/>\n<meta property=\"og:description\" content=\"T-shirt bleu fonc\u00e9 en coton glac\u00e9 de qualit\u00e9 luxueuse. Une qualit\u00e9 de coton fra\u00eeche et tr\u00e8s extensible, pour un confort optimal. D\u00e9tails du style Coton glac\u00e9 Col c\u00f4tel\u00e9 Carte compacte Fabriqu\u00e9 au Portugal 97% coton 3% \u00e9lasthanne J1071-3202\" \/>\n<meta property=\"og:url\" content=\"https:\/\/www.voustensports.com\/fr\/genti-t-shirt-bleu-fonce-en-coton-glace-39389\/\" \/>\n<meta property=\"og:site_name\" content=\"Vousten Sports\" \/>\n<meta property=\"article:modified_time\" content=\"2026-02-05T11:17:10+00:00\" \/>\n<meta property=\"og:image\" content=\"https:\/\/www.voustensports.com\/wp-content\/uploads\/2023\/06\/T-shirt-donkerblauw-ice-cotton-393891.jpg\" \/>\n\t<meta property=\"og:image:width\" content=\"1365\" \/>\n\t<meta property=\"og:image:height\" content=\"2048\" \/>\n\t<meta property=\"og:image:type\" content=\"image\/jpeg\" \/>\n<meta name=\"twitter:card\" content=\"summary_large_image\" \/>\n<script type=\"application\/ld+json\" class=\"yoast-schema-graph\">{\"@context\":\"https:\/\/schema.org\",\"@graph\":[{\"@type\":\"WebPage\",\"@id\":\"https:\/\/www.voustensports.com\/fr\/genti-t-shirt-bleu-fonce-en-coton-glace-39389\/\",\"url\":\"https:\/\/www.voustensports.com\/fr\/genti-t-shirt-bleu-fonce-en-coton-glace-39389\/\",\"name\":\"GENTI - T-shirt bleu fonc\u00e9 en coton glac\u00e9 (39389)\u00a0 - Vousten Sports\",\"isPartOf\":{\"@id\":\"https:\/\/www.voustensports.com\/nl\/#website\"},\"primaryImageOfPage\":{\"@id\":\"https:\/\/www.voustensports.com\/fr\/genti-t-shirt-bleu-fonce-en-coton-glace-39389\/#primaryimage\"},\"image\":{\"@id\":\"https:\/\/www.voustensports.com\/fr\/genti-t-shirt-bleu-fonce-en-coton-glace-39389\/#primaryimage\"},\"thumbnailUrl\":\"https:\/\/www.voustensports.com\/wp-content\/uploads\/2023\/06\/T-shirt-donkerblauw-ice-cotton-393891.jpg\",\"datePublished\":\"2024-09-07T10:32:11+00:00\",\"dateModified\":\"2026-02-05T11:17:10+00:00\",\"breadcrumb\":{\"@id\":\"https:\/\/www.voustensports.com\/fr\/genti-t-shirt-bleu-fonce-en-coton-glace-39389\/#breadcrumb\"},\"inLanguage\":\"fr-FR\",\"potentialAction\":[{\"@type\":\"ReadAction\",\"target\":[\"https:\/\/www.voustensports.com\/fr\/genti-t-shirt-bleu-fonce-en-coton-glace-39389\/\"]}]},{\"@type\":\"ImageObject\",\"inLanguage\":\"fr-FR\",\"@id\":\"https:\/\/www.voustensports.com\/fr\/genti-t-shirt-bleu-fonce-en-coton-glace-39389\/#primaryimage\",\"url\":\"https:\/\/www.voustensports.com\/wp-content\/uploads\/2023\/06\/T-shirt-donkerblauw-ice-cotton-393891.jpg\",\"contentUrl\":\"https:\/\/www.voustensports.com\/wp-content\/uploads\/2023\/06\/T-shirt-donkerblauw-ice-cotton-393891.jpg\",\"width\":1365,\"height\":2048},{\"@type\":\"BreadcrumbList\",\"@id\":\"https:\/\/www.voustensports.com\/fr\/genti-t-shirt-bleu-fonce-en-coton-glace-39389\/#breadcrumb\",\"itemListElement\":[{\"@type\":\"ListItem\",\"position\":1,\"name\":\"Home\",\"item\":\"https:\/\/www.voustensports.com\/fr\/\"},{\"@type\":\"ListItem\",\"position\":2,\"name\":\"Boutique\",\"item\":\"https:\/\/www.voustensports.com\/fr\/shop\/\"},{\"@type\":\"ListItem\",\"position\":3,\"name\":\"GENTI &#8211; T-shirt bleu fonc\u00e9 en coton glac\u00e9 (39389)\u00a0\"}]},{\"@type\":\"WebSite\",\"@id\":\"https:\/\/www.voustensports.com\/nl\/#website\",\"url\":\"https:\/\/www.voustensports.com\/nl\/\",\"name\":\"Vousten Sports\",\"description\":\"\",\"potentialAction\":[{\"@type\":\"SearchAction\",\"target\":{\"@type\":\"EntryPoint\",\"urlTemplate\":\"https:\/\/www.voustensports.com\/nl\/?s={search_term_string}\"},\"query-input\":{\"@type\":\"PropertyValueSpecification\",\"valueRequired\":true,\"valueName\":\"search_term_string\"}}],\"inLanguage\":\"fr-FR\"}]}<\/script>\n<!-- \/ Yoast SEO plugin. -->","yoast_head_json":{"title":"GENTI - T-shirt bleu fonc\u00e9 en coton glac\u00e9 (39389)\u00a0 - Vousten Sports","robots":{"index":"index","follow":"follow","max-snippet":"max-snippet:-1","max-image-preview":"max-image-preview:large","max-video-preview":"max-video-preview:-1"},"canonical":"https:\/\/www.voustensports.com\/fr\/genti-t-shirt-bleu-fonce-en-coton-glace-39389\/","og_locale":"fr_FR","og_type":"article","og_title":"GENTI - T-shirt bleu fonc\u00e9 en coton glac\u00e9 (39389)\u00a0 - Vousten Sports","og_description":"T-shirt bleu fonc\u00e9 en coton glac\u00e9 de qualit\u00e9 luxueuse. Une qualit\u00e9 de coton fra\u00eeche et tr\u00e8s extensible, pour un confort optimal. D\u00e9tails du style Coton glac\u00e9 Col c\u00f4tel\u00e9 Carte compacte Fabriqu\u00e9 au Portugal 97% coton 3% \u00e9lasthanne J1071-3202","og_url":"https:\/\/www.voustensports.com\/fr\/genti-t-shirt-bleu-fonce-en-coton-glace-39389\/","og_site_name":"Vousten Sports","article_modified_time":"2026-02-05T11:17:10+00:00","og_image":[{"width":1365,"height":2048,"url":"https:\/\/www.voustensports.com\/wp-content\/uploads\/2023\/06\/T-shirt-donkerblauw-ice-cotton-393891.jpg","type":"image\/jpeg"}],"twitter_card":"summary_large_image","schema":{"@context":"https:\/\/schema.org","@graph":[{"@type":"WebPage","@id":"https:\/\/www.voustensports.com\/fr\/genti-t-shirt-bleu-fonce-en-coton-glace-39389\/","url":"https:\/\/www.voustensports.com\/fr\/genti-t-shirt-bleu-fonce-en-coton-glace-39389\/","name":"GENTI - T-shirt bleu fonc\u00e9 en coton glac\u00e9 (39389)\u00a0 - Vousten Sports","isPartOf":{"@id":"https:\/\/www.voustensports.com\/nl\/#website"},"primaryImageOfPage":{"@id":"https:\/\/www.voustensports.com\/fr\/genti-t-shirt-bleu-fonce-en-coton-glace-39389\/#primaryimage"},"image":{"@id":"https:\/\/www.voustensports.com\/fr\/genti-t-shirt-bleu-fonce-en-coton-glace-39389\/#primaryimage"},"thumbnailUrl":"https:\/\/www.voustensports.com\/wp-content\/uploads\/2023\/06\/T-shirt-donkerblauw-ice-cotton-393891.jpg","datePublished":"2024-09-07T10:32:11+00:00","dateModified":"2026-02-05T11:17:10+00:00","breadcrumb":{"@id":"https:\/\/www.voustensports.com\/fr\/genti-t-shirt-bleu-fonce-en-coton-glace-39389\/#breadcrumb"},"inLanguage":"fr-FR","potentialAction":[{"@type":"ReadAction","target":["https:\/\/www.voustensports.com\/fr\/genti-t-shirt-bleu-fonce-en-coton-glace-39389\/"]}]},{"@type":"ImageObject","inLanguage":"fr-FR","@id":"https:\/\/www.voustensports.com\/fr\/genti-t-shirt-bleu-fonce-en-coton-glace-39389\/#primaryimage","url":"https:\/\/www.voustensports.com\/wp-content\/uploads\/2023\/06\/T-shirt-donkerblauw-ice-cotton-393891.jpg","contentUrl":"https:\/\/www.voustensports.com\/wp-content\/uploads\/2023\/06\/T-shirt-donkerblauw-ice-cotton-393891.jpg","width":1365,"height":2048},{"@type":"BreadcrumbList","@id":"https:\/\/www.voustensports.com\/fr\/genti-t-shirt-bleu-fonce-en-coton-glace-39389\/#breadcrumb","itemListElement":[{"@type":"ListItem","position":1,"name":"Home","item":"https:\/\/www.voustensports.com\/fr\/"},{"@type":"ListItem","position":2,"name":"Boutique","item":"https:\/\/www.voustensports.com\/fr\/shop\/"},{"@type":"ListItem","position":3,"name":"GENTI &#8211; T-shirt bleu fonc\u00e9 en coton glac\u00e9 (39389)\u00a0"}]},{"@type":"WebSite","@id":"https:\/\/www.voustensports.com\/nl\/#website","url":"https:\/\/www.voustensports.com\/nl\/","name":"Vousten Sports","description":"","potentialAction":[{"@type":"SearchAction","target":{"@type":"EntryPoint","urlTemplate":"https:\/\/www.voustensports.com\/nl\/?s={search_term_string}"},"query-input":{"@type":"PropertyValueSpecification","valueRequired":true,"valueName":"search_term_string"}}],"inLanguage":"fr-FR"}]}},"_links":{"self":[{"href":"https:\/\/www.voustensports.com\/fr\/wp-json\/wp\/v2\/product\/183203","targetHints":{"allow":["GET"]}}],"collection":[{"href":"https:\/\/www.voustensports.com\/fr\/wp-json\/wp\/v2\/product"}],"about":[{"href":"https:\/\/www.voustensports.com\/fr\/wp-json\/wp\/v2\/types\/product"}],"replies":[{"embeddable":true,"href":"https:\/\/www.voustensports.com\/fr\/wp-json\/wp\/v2\/comments?post=183203"}],"wp:featuredmedia":[{"embeddable":true,"href":"https:\/\/www.voustensports.com\/fr\/wp-json\/wp\/v2\/media\/183183"}],"wp:attachment":[{"href":"https:\/\/www.voustensports.com\/fr\/wp-json\/wp\/v2\/media?parent=183203"}],"wp:term":[{"taxonomy":"product_cat","embeddable":true,"href":"https:\/\/www.voustensports.com\/fr\/wp-json\/wp\/v2\/product_cat?post=183203"},{"taxonomy":"product_tag","embeddable":true,"href":"https:\/\/www.voustensports.com\/fr\/wp-json\/wp\/v2\/product_tag?post=183203"}],"curies":[{"name":"wp","href":"https:\/\/api.w.org\/{rel}","templated":true}]}}