{"id":182818,"date":"2024-08-24T13:24:09","date_gmt":"2024-08-24T11:24:09","guid":{"rendered":"https:\/\/www.voustensports.com\/stone-island-pull-en-maille-bleu-fonce-39421\/"},"modified":"2026-03-17T01:33:03","modified_gmt":"2026-03-17T00:33:03","slug":"stone-island-pull-en-maille-bleu-fonce-39421","status":"publish","type":"product","link":"https:\/\/www.voustensports.com\/fr\/stone-island-pull-en-maille-bleu-fonce-39421\/","title":{"rendered":"STONE ISLAND &#8211; GHOST PULL EN MAILLE BLEU FONC\u00c9 (39421)"},"content":{"rendered":"<div>D\u00c9TAILS DU PRODUIT<br \/>\nLes pi\u00e8ces Ghost sont bas\u00e9es sur le concept de camouflage et sont totalement monochromes. M\u00eame leur badge Stone Island a \u00e9t\u00e9 cr\u00e9\u00e9 dans une version monochrome sp\u00e9ciale pour se fondre dans le v\u00eatement. Tricot \u00e0 col montant en laine certifi\u00e9e Geelong RWS. Point de panier. Jauge 3. La norme Responsible Wool Standard (RWS) d\u00e9crit et certifie le bien-\u00eatre animal et les pratiques de gestion des terres dans la production de laine et suit le mat\u00e9riau certifi\u00e9 de la ferme au produit final<\/div>\n<div><\/div>\n<div>STYLE<br \/>\nCol montant en point jersey \u00e9pais avec finition petit rouleau.<\/div>\n<div>Badge Stone Island Ghost sur la manche gauche.<br \/>\nPoignets et bande inf\u00e9rieure c\u00f4tel\u00e9s.<br \/>\nCoupe ample<\/div>\n<div><\/div>\n<div>COMPOSITION<\/div>\n<div>100% laine vierge<\/div>\n<div>Num\u00e9ro de Stone Island : 515FA<\/div>\n<div>Num\u00e9ro de couleur: V0020<\/div>\n<div>Num\u00e9ro d&rsquo;identification: 39420<\/div>\n","protected":false},"excerpt":{"rendered":"<p>D\u00c9TAILS DU PRODUIT Les pi\u00e8ces Ghost sont bas\u00e9es sur le concept de camouflage et sont totalement monochromes. M\u00eame leur badge Stone Island a \u00e9t\u00e9 cr\u00e9\u00e9 dans une version monochrome sp\u00e9ciale pour se fondre dans le v\u00eatement. Tricot \u00e0 col montant en laine certifi\u00e9e Geelong RWS. Point de panier. Jauge 3. La norme Responsible Wool Standard [&#8230;]\n","protected":false},"featured_media":182806,"comment_status":"open","ping_status":"closed","template":"","meta":{"rank_math_lock_modified_date":false},"product_cat":[446,450,462,482,534,538,694],"product_tag":[],"class_list":{"0":"post-182818","1":"product","2":"type-product","3":"status-publish","4":"has-post-thumbnail","6":"product_cat-kleding-fr","7":"product_cat-heren-fr","8":"product_cat-vousten-sports-fr-2","9":"product_cat-stone-island-fr-2","10":"product_cat-truien-fr-2","11":"product_cat-knitwear-fr","12":"product_cat-truien-vesten-fr-2","14":"first","15":"outofstock","16":"taxable","17":"shipping-taxable","18":"purchasable","19":"product-type-variable"},"acf":[],"yoast_head":"<!-- This site is optimized with the Yoast SEO plugin v23.9 - https:\/\/yoast.com\/wordpress\/plugins\/seo\/ -->\n<title>STONE ISLAND - GHOST PULL EN MAILLE BLEU FONC\u00c9 (39421) - Vousten Sports<\/title>\n<meta name=\"robots\" content=\"index, follow, max-snippet:-1, max-image-preview:large, max-video-preview:-1\" \/>\n<link rel=\"canonical\" href=\"https:\/\/www.voustensports.com\/fr\/stone-island-pull-en-maille-bleu-fonce-39421\/\" \/>\n<meta property=\"og:locale\" content=\"fr_FR\" \/>\n<meta property=\"og:type\" content=\"article\" \/>\n<meta property=\"og:title\" content=\"STONE ISLAND - GHOST PULL EN MAILLE BLEU FONC\u00c9 (39421) - Vousten Sports\" \/>\n<meta property=\"og:description\" content=\"D\u00c9TAILS DU PRODUIT Les pi\u00e8ces Ghost sont bas\u00e9es sur le concept de camouflage et sont totalement monochromes. M\u00eame leur badge Stone Island a \u00e9t\u00e9 cr\u00e9\u00e9 dans une version monochrome sp\u00e9ciale pour se fondre dans le v\u00eatement. Tricot \u00e0 col montant en laine certifi\u00e9e Geelong RWS. Point de panier. Jauge 3. La norme Responsible Wool Standard [...]\" \/>\n<meta property=\"og:url\" content=\"https:\/\/www.voustensports.com\/fr\/stone-island-pull-en-maille-bleu-fonce-39421\/\" \/>\n<meta property=\"og:site_name\" content=\"Vousten Sports\" \/>\n<meta property=\"article:modified_time\" content=\"2026-03-17T00:33:03+00:00\" \/>\n<meta property=\"og:image\" content=\"https:\/\/www.voustensports.com\/wp-content\/uploads\/2023\/06\/KNITWEAR-SWEATER-DARK-BLUE-39421-1.jpg\" \/>\n\t<meta property=\"og:image:width\" content=\"1365\" \/>\n\t<meta property=\"og:image:height\" content=\"2048\" \/>\n\t<meta property=\"og:image:type\" content=\"image\/jpeg\" \/>\n<meta name=\"twitter:card\" content=\"summary_large_image\" \/>\n<meta name=\"twitter:label1\" content=\"Est. reading time\" \/>\n\t<meta name=\"twitter:data1\" content=\"1 minute\" \/>\n<script type=\"application\/ld+json\" class=\"yoast-schema-graph\">{\"@context\":\"https:\/\/schema.org\",\"@graph\":[{\"@type\":\"WebPage\",\"@id\":\"https:\/\/www.voustensports.com\/fr\/stone-island-pull-en-maille-bleu-fonce-39421\/\",\"url\":\"https:\/\/www.voustensports.com\/fr\/stone-island-pull-en-maille-bleu-fonce-39421\/\",\"name\":\"STONE ISLAND - GHOST PULL EN MAILLE BLEU FONC\u00c9 (39421) - Vousten Sports\",\"isPartOf\":{\"@id\":\"https:\/\/www.voustensports.com\/nl\/#website\"},\"primaryImageOfPage\":{\"@id\":\"https:\/\/www.voustensports.com\/fr\/stone-island-pull-en-maille-bleu-fonce-39421\/#primaryimage\"},\"image\":{\"@id\":\"https:\/\/www.voustensports.com\/fr\/stone-island-pull-en-maille-bleu-fonce-39421\/#primaryimage\"},\"thumbnailUrl\":\"https:\/\/www.voustensports.com\/wp-content\/uploads\/2023\/06\/KNITWEAR-SWEATER-DARK-BLUE-39421-1.jpg\",\"datePublished\":\"2024-08-24T11:24:09+00:00\",\"dateModified\":\"2026-03-17T00:33:03+00:00\",\"breadcrumb\":{\"@id\":\"https:\/\/www.voustensports.com\/fr\/stone-island-pull-en-maille-bleu-fonce-39421\/#breadcrumb\"},\"inLanguage\":\"fr-FR\",\"potentialAction\":[{\"@type\":\"ReadAction\",\"target\":[\"https:\/\/www.voustensports.com\/fr\/stone-island-pull-en-maille-bleu-fonce-39421\/\"]}]},{\"@type\":\"ImageObject\",\"inLanguage\":\"fr-FR\",\"@id\":\"https:\/\/www.voustensports.com\/fr\/stone-island-pull-en-maille-bleu-fonce-39421\/#primaryimage\",\"url\":\"https:\/\/www.voustensports.com\/wp-content\/uploads\/2023\/06\/KNITWEAR-SWEATER-DARK-BLUE-39421-1.jpg\",\"contentUrl\":\"https:\/\/www.voustensports.com\/wp-content\/uploads\/2023\/06\/KNITWEAR-SWEATER-DARK-BLUE-39421-1.jpg\",\"width\":1365,\"height\":2048},{\"@type\":\"BreadcrumbList\",\"@id\":\"https:\/\/www.voustensports.com\/fr\/stone-island-pull-en-maille-bleu-fonce-39421\/#breadcrumb\",\"itemListElement\":[{\"@type\":\"ListItem\",\"position\":1,\"name\":\"Home\",\"item\":\"https:\/\/www.voustensports.com\/fr\/\"},{\"@type\":\"ListItem\",\"position\":2,\"name\":\"Boutique\",\"item\":\"https:\/\/www.voustensports.com\/fr\/shop\/\"},{\"@type\":\"ListItem\",\"position\":3,\"name\":\"STONE ISLAND &#8211; GHOST PULL EN MAILLE BLEU FONC\u00c9 (39421)\"}]},{\"@type\":\"WebSite\",\"@id\":\"https:\/\/www.voustensports.com\/nl\/#website\",\"url\":\"https:\/\/www.voustensports.com\/nl\/\",\"name\":\"Vousten Sports\",\"description\":\"\",\"potentialAction\":[{\"@type\":\"SearchAction\",\"target\":{\"@type\":\"EntryPoint\",\"urlTemplate\":\"https:\/\/www.voustensports.com\/nl\/?s={search_term_string}\"},\"query-input\":{\"@type\":\"PropertyValueSpecification\",\"valueRequired\":true,\"valueName\":\"search_term_string\"}}],\"inLanguage\":\"fr-FR\"}]}<\/script>\n<!-- \/ Yoast SEO plugin. -->","yoast_head_json":{"title":"STONE ISLAND - GHOST PULL EN MAILLE BLEU FONC\u00c9 (39421) - Vousten Sports","robots":{"index":"index","follow":"follow","max-snippet":"max-snippet:-1","max-image-preview":"max-image-preview:large","max-video-preview":"max-video-preview:-1"},"canonical":"https:\/\/www.voustensports.com\/fr\/stone-island-pull-en-maille-bleu-fonce-39421\/","og_locale":"fr_FR","og_type":"article","og_title":"STONE ISLAND - GHOST PULL EN MAILLE BLEU FONC\u00c9 (39421) - Vousten Sports","og_description":"D\u00c9TAILS DU PRODUIT Les pi\u00e8ces Ghost sont bas\u00e9es sur le concept de camouflage et sont totalement monochromes. M\u00eame leur badge Stone Island a \u00e9t\u00e9 cr\u00e9\u00e9 dans une version monochrome sp\u00e9ciale pour se fondre dans le v\u00eatement. Tricot \u00e0 col montant en laine certifi\u00e9e Geelong RWS. Point de panier. Jauge 3. La norme Responsible Wool Standard [...]","og_url":"https:\/\/www.voustensports.com\/fr\/stone-island-pull-en-maille-bleu-fonce-39421\/","og_site_name":"Vousten Sports","article_modified_time":"2026-03-17T00:33:03+00:00","og_image":[{"width":1365,"height":2048,"url":"https:\/\/www.voustensports.com\/wp-content\/uploads\/2023\/06\/KNITWEAR-SWEATER-DARK-BLUE-39421-1.jpg","type":"image\/jpeg"}],"twitter_card":"summary_large_image","twitter_misc":{"Est. reading time":"1 minute"},"schema":{"@context":"https:\/\/schema.org","@graph":[{"@type":"WebPage","@id":"https:\/\/www.voustensports.com\/fr\/stone-island-pull-en-maille-bleu-fonce-39421\/","url":"https:\/\/www.voustensports.com\/fr\/stone-island-pull-en-maille-bleu-fonce-39421\/","name":"STONE ISLAND - GHOST PULL EN MAILLE BLEU FONC\u00c9 (39421) - Vousten Sports","isPartOf":{"@id":"https:\/\/www.voustensports.com\/nl\/#website"},"primaryImageOfPage":{"@id":"https:\/\/www.voustensports.com\/fr\/stone-island-pull-en-maille-bleu-fonce-39421\/#primaryimage"},"image":{"@id":"https:\/\/www.voustensports.com\/fr\/stone-island-pull-en-maille-bleu-fonce-39421\/#primaryimage"},"thumbnailUrl":"https:\/\/www.voustensports.com\/wp-content\/uploads\/2023\/06\/KNITWEAR-SWEATER-DARK-BLUE-39421-1.jpg","datePublished":"2024-08-24T11:24:09+00:00","dateModified":"2026-03-17T00:33:03+00:00","breadcrumb":{"@id":"https:\/\/www.voustensports.com\/fr\/stone-island-pull-en-maille-bleu-fonce-39421\/#breadcrumb"},"inLanguage":"fr-FR","potentialAction":[{"@type":"ReadAction","target":["https:\/\/www.voustensports.com\/fr\/stone-island-pull-en-maille-bleu-fonce-39421\/"]}]},{"@type":"ImageObject","inLanguage":"fr-FR","@id":"https:\/\/www.voustensports.com\/fr\/stone-island-pull-en-maille-bleu-fonce-39421\/#primaryimage","url":"https:\/\/www.voustensports.com\/wp-content\/uploads\/2023\/06\/KNITWEAR-SWEATER-DARK-BLUE-39421-1.jpg","contentUrl":"https:\/\/www.voustensports.com\/wp-content\/uploads\/2023\/06\/KNITWEAR-SWEATER-DARK-BLUE-39421-1.jpg","width":1365,"height":2048},{"@type":"BreadcrumbList","@id":"https:\/\/www.voustensports.com\/fr\/stone-island-pull-en-maille-bleu-fonce-39421\/#breadcrumb","itemListElement":[{"@type":"ListItem","position":1,"name":"Home","item":"https:\/\/www.voustensports.com\/fr\/"},{"@type":"ListItem","position":2,"name":"Boutique","item":"https:\/\/www.voustensports.com\/fr\/shop\/"},{"@type":"ListItem","position":3,"name":"STONE ISLAND &#8211; GHOST PULL EN MAILLE BLEU FONC\u00c9 (39421)"}]},{"@type":"WebSite","@id":"https:\/\/www.voustensports.com\/nl\/#website","url":"https:\/\/www.voustensports.com\/nl\/","name":"Vousten Sports","description":"","potentialAction":[{"@type":"SearchAction","target":{"@type":"EntryPoint","urlTemplate":"https:\/\/www.voustensports.com\/nl\/?s={search_term_string}"},"query-input":{"@type":"PropertyValueSpecification","valueRequired":true,"valueName":"search_term_string"}}],"inLanguage":"fr-FR"}]}},"_links":{"self":[{"href":"https:\/\/www.voustensports.com\/fr\/wp-json\/wp\/v2\/product\/182818","targetHints":{"allow":["GET"]}}],"collection":[{"href":"https:\/\/www.voustensports.com\/fr\/wp-json\/wp\/v2\/product"}],"about":[{"href":"https:\/\/www.voustensports.com\/fr\/wp-json\/wp\/v2\/types\/product"}],"replies":[{"embeddable":true,"href":"https:\/\/www.voustensports.com\/fr\/wp-json\/wp\/v2\/comments?post=182818"}],"wp:featuredmedia":[{"embeddable":true,"href":"https:\/\/www.voustensports.com\/fr\/wp-json\/wp\/v2\/media\/182806"}],"wp:attachment":[{"href":"https:\/\/www.voustensports.com\/fr\/wp-json\/wp\/v2\/media?parent=182818"}],"wp:term":[{"taxonomy":"product_cat","embeddable":true,"href":"https:\/\/www.voustensports.com\/fr\/wp-json\/wp\/v2\/product_cat?post=182818"},{"taxonomy":"product_tag","embeddable":true,"href":"https:\/\/www.voustensports.com\/fr\/wp-json\/wp\/v2\/product_tag?post=182818"}],"curies":[{"name":"wp","href":"https:\/\/api.w.org\/{rel}","templated":true}]}}