{"id":182768,"date":"2024-08-24T10:32:15","date_gmt":"2024-08-24T08:32:15","guid":{"rendered":"https:\/\/www.voustensports.com\/stone-island-beanie-rws-geelong-wool-off-white-39510-2\/"},"modified":"2026-02-05T12:19:44","modified_gmt":"2026-02-05T11:19:44","slug":"stone-island-beanie-rws-geelong-wool-off-white-39510-2","status":"publish","type":"product","link":"https:\/\/www.voustensports.com\/fr\/stone-island-beanie-rws-geelong-wool-off-white-39510-2\/","title":{"rendered":"STONE ISLAND &#8211; BONNET RWS GEELONG LAINE BLANC CASS\u00c9 (39511)"},"content":{"rendered":"<div>D\u00c9TAILS DU PRODUIT<\/div>\n<div>Bonnet en laine Geelong c\u00f4tel\u00e9e certifi\u00e9e RWS. Jauge 7. Le Responsible Wool Standard (RWS) d\u00e9crit et certifie les pratiques de bien-\u00eatre animal et de gestion des terres dans la production de laine et suit le mat\u00e9riau certifi\u00e9 de la ferme au produit final.<\/div>\n<div><\/div>\n<div>STYLE<\/div>\n<div>\u00c9cusson Stone Island Compass sur le poignet.<\/div>\n<div><\/div>\n<div>COMPOSITION<\/div>\n<div>100% laine vierge<\/div>\n<div>Num\u00e9ro de Stone Island : N10B5<\/div>\n<div>Num\u00e9ro de couleur: V0097<\/div>\n<div>Num\u00e9ro d&rsquo;identification: 39511<\/div>\n","protected":false},"excerpt":{"rendered":"<p>D\u00c9TAILS DU PRODUIT Bonnet en laine Geelong c\u00f4tel\u00e9e certifi\u00e9e RWS. Jauge 7. Le Responsible Wool Standard (RWS) d\u00e9crit et certifie les pratiques de bien-\u00eatre animal et de gestion des terres dans la production de laine et suit le mat\u00e9riau certifi\u00e9 de la ferme au produit final. STYLE \u00c9cusson Stone Island Compass sur le poignet. COMPOSITION [&#8230;]\n","protected":false},"featured_media":182756,"comment_status":"open","ping_status":"closed","template":"","meta":{"rank_math_lock_modified_date":false},"product_cat":[482,495,782,446,450,462],"product_tag":[],"class_list":{"0":"post-182768","1":"product","2":"type-product","3":"status-publish","4":"has-post-thumbnail","6":"product_cat-stone-island-fr-2","7":"product_cat-accessoires-fr","8":"product_cat-mutsen-fr-2","9":"product_cat-kleding-fr","10":"product_cat-heren-fr","11":"product_cat-vousten-sports-fr-2","13":"first","14":"instock","15":"taxable","16":"shipping-taxable","17":"purchasable","18":"product-type-variable"},"acf":[],"yoast_head":"<!-- This site is optimized with the Yoast SEO plugin v23.9 - https:\/\/yoast.com\/wordpress\/plugins\/seo\/ -->\n<title>STONE ISLAND - BONNET RWS GEELONG LAINE BLANC CASS\u00c9 (39511) - Vousten Sports<\/title>\n<meta name=\"robots\" content=\"index, follow, max-snippet:-1, max-image-preview:large, max-video-preview:-1\" \/>\n<link rel=\"canonical\" href=\"https:\/\/www.voustensports.com\/fr\/stone-island-beanie-rws-geelong-wool-off-white-39510-2\/\" \/>\n<meta property=\"og:locale\" content=\"fr_FR\" \/>\n<meta property=\"og:type\" content=\"article\" \/>\n<meta property=\"og:title\" content=\"STONE ISLAND - BONNET RWS GEELONG LAINE BLANC CASS\u00c9 (39511) - Vousten Sports\" \/>\n<meta property=\"og:description\" content=\"D\u00c9TAILS DU PRODUIT Bonnet en laine Geelong c\u00f4tel\u00e9e certifi\u00e9e RWS. Jauge 7. Le Responsible Wool Standard (RWS) d\u00e9crit et certifie les pratiques de bien-\u00eatre animal et de gestion des terres dans la production de laine et suit le mat\u00e9riau certifi\u00e9 de la ferme au produit final. STYLE \u00c9cusson Stone Island Compass sur le poignet. COMPOSITION [...]\" \/>\n<meta property=\"og:url\" content=\"https:\/\/www.voustensports.com\/fr\/stone-island-beanie-rws-geelong-wool-off-white-39510-2\/\" \/>\n<meta property=\"og:site_name\" content=\"Vousten Sports\" \/>\n<meta property=\"article:modified_time\" content=\"2026-02-05T11:19:44+00:00\" \/>\n<meta property=\"og:image\" content=\"https:\/\/www.voustensports.com\/wp-content\/uploads\/2023\/06\/BEANIE-RWS-GEELONG-WOOL-OFF-WHITE-39511-1.png\" \/>\n\t<meta property=\"og:image:width\" content=\"1365\" \/>\n\t<meta property=\"og:image:height\" content=\"2048\" \/>\n\t<meta property=\"og:image:type\" content=\"image\/png\" \/>\n<meta name=\"twitter:card\" content=\"summary_large_image\" \/>\n<script type=\"application\/ld+json\" class=\"yoast-schema-graph\">{\"@context\":\"https:\/\/schema.org\",\"@graph\":[{\"@type\":\"WebPage\",\"@id\":\"https:\/\/www.voustensports.com\/fr\/stone-island-beanie-rws-geelong-wool-off-white-39510-2\/\",\"url\":\"https:\/\/www.voustensports.com\/fr\/stone-island-beanie-rws-geelong-wool-off-white-39510-2\/\",\"name\":\"STONE ISLAND - BONNET RWS GEELONG LAINE BLANC CASS\u00c9 (39511) - Vousten Sports\",\"isPartOf\":{\"@id\":\"https:\/\/www.voustensports.com\/nl\/#website\"},\"primaryImageOfPage\":{\"@id\":\"https:\/\/www.voustensports.com\/fr\/stone-island-beanie-rws-geelong-wool-off-white-39510-2\/#primaryimage\"},\"image\":{\"@id\":\"https:\/\/www.voustensports.com\/fr\/stone-island-beanie-rws-geelong-wool-off-white-39510-2\/#primaryimage\"},\"thumbnailUrl\":\"https:\/\/www.voustensports.com\/wp-content\/uploads\/2023\/06\/BEANIE-RWS-GEELONG-WOOL-OFF-WHITE-39511-1.png\",\"datePublished\":\"2024-08-24T08:32:15+00:00\",\"dateModified\":\"2026-02-05T11:19:44+00:00\",\"breadcrumb\":{\"@id\":\"https:\/\/www.voustensports.com\/fr\/stone-island-beanie-rws-geelong-wool-off-white-39510-2\/#breadcrumb\"},\"inLanguage\":\"fr-FR\",\"potentialAction\":[{\"@type\":\"ReadAction\",\"target\":[\"https:\/\/www.voustensports.com\/fr\/stone-island-beanie-rws-geelong-wool-off-white-39510-2\/\"]}]},{\"@type\":\"ImageObject\",\"inLanguage\":\"fr-FR\",\"@id\":\"https:\/\/www.voustensports.com\/fr\/stone-island-beanie-rws-geelong-wool-off-white-39510-2\/#primaryimage\",\"url\":\"https:\/\/www.voustensports.com\/wp-content\/uploads\/2023\/06\/BEANIE-RWS-GEELONG-WOOL-OFF-WHITE-39511-1.png\",\"contentUrl\":\"https:\/\/www.voustensports.com\/wp-content\/uploads\/2023\/06\/BEANIE-RWS-GEELONG-WOOL-OFF-WHITE-39511-1.png\",\"width\":1365,\"height\":2048},{\"@type\":\"BreadcrumbList\",\"@id\":\"https:\/\/www.voustensports.com\/fr\/stone-island-beanie-rws-geelong-wool-off-white-39510-2\/#breadcrumb\",\"itemListElement\":[{\"@type\":\"ListItem\",\"position\":1,\"name\":\"Home\",\"item\":\"https:\/\/www.voustensports.com\/fr\/\"},{\"@type\":\"ListItem\",\"position\":2,\"name\":\"Boutique\",\"item\":\"https:\/\/www.voustensports.com\/fr\/shop\/\"},{\"@type\":\"ListItem\",\"position\":3,\"name\":\"STONE ISLAND &#8211; BONNET RWS GEELONG LAINE BLANC CASS\u00c9 (39511)\"}]},{\"@type\":\"WebSite\",\"@id\":\"https:\/\/www.voustensports.com\/nl\/#website\",\"url\":\"https:\/\/www.voustensports.com\/nl\/\",\"name\":\"Vousten Sports\",\"description\":\"\",\"potentialAction\":[{\"@type\":\"SearchAction\",\"target\":{\"@type\":\"EntryPoint\",\"urlTemplate\":\"https:\/\/www.voustensports.com\/nl\/?s={search_term_string}\"},\"query-input\":{\"@type\":\"PropertyValueSpecification\",\"valueRequired\":true,\"valueName\":\"search_term_string\"}}],\"inLanguage\":\"fr-FR\"}]}<\/script>\n<!-- \/ Yoast SEO plugin. -->","yoast_head_json":{"title":"STONE ISLAND - BONNET RWS GEELONG LAINE BLANC CASS\u00c9 (39511) - Vousten Sports","robots":{"index":"index","follow":"follow","max-snippet":"max-snippet:-1","max-image-preview":"max-image-preview:large","max-video-preview":"max-video-preview:-1"},"canonical":"https:\/\/www.voustensports.com\/fr\/stone-island-beanie-rws-geelong-wool-off-white-39510-2\/","og_locale":"fr_FR","og_type":"article","og_title":"STONE ISLAND - BONNET RWS GEELONG LAINE BLANC CASS\u00c9 (39511) - Vousten Sports","og_description":"D\u00c9TAILS DU PRODUIT Bonnet en laine Geelong c\u00f4tel\u00e9e certifi\u00e9e RWS. Jauge 7. Le Responsible Wool Standard (RWS) d\u00e9crit et certifie les pratiques de bien-\u00eatre animal et de gestion des terres dans la production de laine et suit le mat\u00e9riau certifi\u00e9 de la ferme au produit final. STYLE \u00c9cusson Stone Island Compass sur le poignet. COMPOSITION [...]","og_url":"https:\/\/www.voustensports.com\/fr\/stone-island-beanie-rws-geelong-wool-off-white-39510-2\/","og_site_name":"Vousten Sports","article_modified_time":"2026-02-05T11:19:44+00:00","og_image":[{"width":1365,"height":2048,"url":"https:\/\/www.voustensports.com\/wp-content\/uploads\/2023\/06\/BEANIE-RWS-GEELONG-WOOL-OFF-WHITE-39511-1.png","type":"image\/png"}],"twitter_card":"summary_large_image","schema":{"@context":"https:\/\/schema.org","@graph":[{"@type":"WebPage","@id":"https:\/\/www.voustensports.com\/fr\/stone-island-beanie-rws-geelong-wool-off-white-39510-2\/","url":"https:\/\/www.voustensports.com\/fr\/stone-island-beanie-rws-geelong-wool-off-white-39510-2\/","name":"STONE ISLAND - BONNET RWS GEELONG LAINE BLANC CASS\u00c9 (39511) - Vousten Sports","isPartOf":{"@id":"https:\/\/www.voustensports.com\/nl\/#website"},"primaryImageOfPage":{"@id":"https:\/\/www.voustensports.com\/fr\/stone-island-beanie-rws-geelong-wool-off-white-39510-2\/#primaryimage"},"image":{"@id":"https:\/\/www.voustensports.com\/fr\/stone-island-beanie-rws-geelong-wool-off-white-39510-2\/#primaryimage"},"thumbnailUrl":"https:\/\/www.voustensports.com\/wp-content\/uploads\/2023\/06\/BEANIE-RWS-GEELONG-WOOL-OFF-WHITE-39511-1.png","datePublished":"2024-08-24T08:32:15+00:00","dateModified":"2026-02-05T11:19:44+00:00","breadcrumb":{"@id":"https:\/\/www.voustensports.com\/fr\/stone-island-beanie-rws-geelong-wool-off-white-39510-2\/#breadcrumb"},"inLanguage":"fr-FR","potentialAction":[{"@type":"ReadAction","target":["https:\/\/www.voustensports.com\/fr\/stone-island-beanie-rws-geelong-wool-off-white-39510-2\/"]}]},{"@type":"ImageObject","inLanguage":"fr-FR","@id":"https:\/\/www.voustensports.com\/fr\/stone-island-beanie-rws-geelong-wool-off-white-39510-2\/#primaryimage","url":"https:\/\/www.voustensports.com\/wp-content\/uploads\/2023\/06\/BEANIE-RWS-GEELONG-WOOL-OFF-WHITE-39511-1.png","contentUrl":"https:\/\/www.voustensports.com\/wp-content\/uploads\/2023\/06\/BEANIE-RWS-GEELONG-WOOL-OFF-WHITE-39511-1.png","width":1365,"height":2048},{"@type":"BreadcrumbList","@id":"https:\/\/www.voustensports.com\/fr\/stone-island-beanie-rws-geelong-wool-off-white-39510-2\/#breadcrumb","itemListElement":[{"@type":"ListItem","position":1,"name":"Home","item":"https:\/\/www.voustensports.com\/fr\/"},{"@type":"ListItem","position":2,"name":"Boutique","item":"https:\/\/www.voustensports.com\/fr\/shop\/"},{"@type":"ListItem","position":3,"name":"STONE ISLAND &#8211; BONNET RWS GEELONG LAINE BLANC CASS\u00c9 (39511)"}]},{"@type":"WebSite","@id":"https:\/\/www.voustensports.com\/nl\/#website","url":"https:\/\/www.voustensports.com\/nl\/","name":"Vousten Sports","description":"","potentialAction":[{"@type":"SearchAction","target":{"@type":"EntryPoint","urlTemplate":"https:\/\/www.voustensports.com\/nl\/?s={search_term_string}"},"query-input":{"@type":"PropertyValueSpecification","valueRequired":true,"valueName":"search_term_string"}}],"inLanguage":"fr-FR"}]}},"_links":{"self":[{"href":"https:\/\/www.voustensports.com\/fr\/wp-json\/wp\/v2\/product\/182768","targetHints":{"allow":["GET"]}}],"collection":[{"href":"https:\/\/www.voustensports.com\/fr\/wp-json\/wp\/v2\/product"}],"about":[{"href":"https:\/\/www.voustensports.com\/fr\/wp-json\/wp\/v2\/types\/product"}],"replies":[{"embeddable":true,"href":"https:\/\/www.voustensports.com\/fr\/wp-json\/wp\/v2\/comments?post=182768"}],"wp:featuredmedia":[{"embeddable":true,"href":"https:\/\/www.voustensports.com\/fr\/wp-json\/wp\/v2\/media\/182756"}],"wp:attachment":[{"href":"https:\/\/www.voustensports.com\/fr\/wp-json\/wp\/v2\/media?parent=182768"}],"wp:term":[{"taxonomy":"product_cat","embeddable":true,"href":"https:\/\/www.voustensports.com\/fr\/wp-json\/wp\/v2\/product_cat?post=182768"},{"taxonomy":"product_tag","embeddable":true,"href":"https:\/\/www.voustensports.com\/fr\/wp-json\/wp\/v2\/product_tag?post=182768"}],"curies":[{"name":"wp","href":"https:\/\/api.w.org\/{rel}","templated":true}]}}