{"id":182613,"date":"2024-08-23T21:10:10","date_gmt":"2024-08-23T19:10:10","guid":{"rendered":"https:\/\/www.voustensports.com\/stone-island-pull-demi-zip-laine-dagneau-bleu-fonce-39463\/"},"modified":"2026-02-05T12:18:39","modified_gmt":"2026-02-05T11:18:39","slug":"stone-island-pull-demi-zip-laine-dagneau-bleu-fonce-39463","status":"publish","type":"product","link":"https:\/\/www.voustensports.com\/fr\/stone-island-pull-demi-zip-laine-dagneau-bleu-fonce-39463\/","title":{"rendered":"STONE ISLAND &#8211; PULL DEMI-ZIP LAINE D&#8217;AGNEAU BLEU FONC\u00c9 (39463)"},"content":{"rendered":"<div>D\u00c9TAILS DU PRODUIT<\/div>\n<div>Pull en maille demi-zipp\u00e9 avec col montant et boutons au col avec bandes jersey envers et coutures en relief. Jauge 7.<\/div>\n<div><\/div>\n<div>STYLE<\/div>\n<div>Col montant en c\u00f4tes, bord\u00e9 int\u00e9rieurement par une bande de feutre. Fermeture zipp\u00e9e dissimul\u00e9e et col \u00e0 quatre boutons. Motif de bande en jersey envers sur les \u00e9paules et sur l&#8217;emmanchure devant. Coutures sur\u00e9lev\u00e9es aux emmanchures. \u00c9cusson Stone Island sur la manche gauche. Poignets et bande inf\u00e9rieure c\u00f4tel\u00e9s. Coupe r\u00e9guli\u00e8re.<\/div>\n<div><\/div>\n<div>COMPOSITION<\/div>\n<div>V\u00eatement : 80% Laine 20% Polyamide \/ Nylon. D\u00e9tails du v\u00eatement : 85 % laine, 10 % polyester, 5 % polyamide \/ nylon<\/div>\n<div><\/div>\n<div>Num\u00e9ro de Stone Island : 540A3<\/div>\n<div>Num\u00e9ro de couleur: V0020<\/div>\n<div>Num\u00e9ro d&rsquo;identification: 39463<\/div>\n","protected":false},"excerpt":{"rendered":"<p>D\u00c9TAILS DU PRODUIT Pull en maille demi-zipp\u00e9 avec col montant et boutons au col avec bandes jersey envers et coutures en relief. Jauge 7. STYLE Col montant en c\u00f4tes, bord\u00e9 int\u00e9rieurement par une bande de feutre. Fermeture zipp\u00e9e dissimul\u00e9e et col \u00e0 quatre boutons. Motif de bande en jersey envers sur les \u00e9paules et sur [&#8230;]\n","protected":false},"featured_media":182597,"comment_status":"open","ping_status":"closed","template":"","meta":{"rank_math_lock_modified_date":false},"product_cat":[482,534,538,694,446,450,462],"product_tag":[],"class_list":{"0":"post-182613","1":"product","2":"type-product","3":"status-publish","4":"has-post-thumbnail","6":"product_cat-stone-island-fr-2","7":"product_cat-truien-fr-2","8":"product_cat-knitwear-fr","9":"product_cat-truien-vesten-fr-2","10":"product_cat-kleding-fr","11":"product_cat-heren-fr","12":"product_cat-vousten-sports-fr-2","14":"first","15":"outofstock","16":"taxable","17":"shipping-taxable","18":"purchasable","19":"product-type-variable"},"acf":[],"yoast_head":"<!-- This site is optimized with the Yoast SEO plugin v23.9 - https:\/\/yoast.com\/wordpress\/plugins\/seo\/ -->\n<title>STONE ISLAND - PULL DEMI-ZIP LAINE D&#8217;AGNEAU BLEU FONC\u00c9 (39463) - Vousten Sports<\/title>\n<meta name=\"robots\" content=\"index, follow, max-snippet:-1, max-image-preview:large, max-video-preview:-1\" \/>\n<link rel=\"canonical\" href=\"https:\/\/www.voustensports.com\/fr\/stone-island-pull-demi-zip-laine-dagneau-bleu-fonce-39463\/\" \/>\n<meta property=\"og:locale\" content=\"fr_FR\" \/>\n<meta property=\"og:type\" content=\"article\" \/>\n<meta property=\"og:title\" content=\"STONE ISLAND - PULL DEMI-ZIP LAINE D&#8217;AGNEAU BLEU FONC\u00c9 (39463) - Vousten Sports\" \/>\n<meta property=\"og:description\" content=\"D\u00c9TAILS DU PRODUIT Pull en maille demi-zipp\u00e9 avec col montant et boutons au col avec bandes jersey envers et coutures en relief. Jauge 7. STYLE Col montant en c\u00f4tes, bord\u00e9 int\u00e9rieurement par une bande de feutre. Fermeture zipp\u00e9e dissimul\u00e9e et col \u00e0 quatre boutons. Motif de bande en jersey envers sur les \u00e9paules et sur [...]\" \/>\n<meta property=\"og:url\" content=\"https:\/\/www.voustensports.com\/fr\/stone-island-pull-demi-zip-laine-dagneau-bleu-fonce-39463\/\" \/>\n<meta property=\"og:site_name\" content=\"Vousten Sports\" \/>\n<meta property=\"article:modified_time\" content=\"2026-02-05T11:18:39+00:00\" \/>\n<meta property=\"og:image\" content=\"https:\/\/www.voustensports.com\/wp-content\/uploads\/2023\/06\/HALF-ZIP-SWEATER-LAMBSWOOL-DARK-BLUE-39463-1.jpg\" \/>\n\t<meta property=\"og:image:width\" content=\"1365\" \/>\n\t<meta property=\"og:image:height\" content=\"2048\" \/>\n\t<meta property=\"og:image:type\" content=\"image\/jpeg\" \/>\n<meta name=\"twitter:card\" content=\"summary_large_image\" \/>\n<meta name=\"twitter:label1\" content=\"Est. reading time\" \/>\n\t<meta name=\"twitter:data1\" content=\"1 minute\" \/>\n<script type=\"application\/ld+json\" class=\"yoast-schema-graph\">{\"@context\":\"https:\/\/schema.org\",\"@graph\":[{\"@type\":\"WebPage\",\"@id\":\"https:\/\/www.voustensports.com\/fr\/stone-island-pull-demi-zip-laine-dagneau-bleu-fonce-39463\/\",\"url\":\"https:\/\/www.voustensports.com\/fr\/stone-island-pull-demi-zip-laine-dagneau-bleu-fonce-39463\/\",\"name\":\"STONE ISLAND - PULL DEMI-ZIP LAINE D&#8217;AGNEAU BLEU FONC\u00c9 (39463) - Vousten Sports\",\"isPartOf\":{\"@id\":\"https:\/\/www.voustensports.com\/nl\/#website\"},\"primaryImageOfPage\":{\"@id\":\"https:\/\/www.voustensports.com\/fr\/stone-island-pull-demi-zip-laine-dagneau-bleu-fonce-39463\/#primaryimage\"},\"image\":{\"@id\":\"https:\/\/www.voustensports.com\/fr\/stone-island-pull-demi-zip-laine-dagneau-bleu-fonce-39463\/#primaryimage\"},\"thumbnailUrl\":\"https:\/\/www.voustensports.com\/wp-content\/uploads\/2023\/06\/HALF-ZIP-SWEATER-LAMBSWOOL-DARK-BLUE-39463-1.jpg\",\"datePublished\":\"2024-08-23T19:10:10+00:00\",\"dateModified\":\"2026-02-05T11:18:39+00:00\",\"breadcrumb\":{\"@id\":\"https:\/\/www.voustensports.com\/fr\/stone-island-pull-demi-zip-laine-dagneau-bleu-fonce-39463\/#breadcrumb\"},\"inLanguage\":\"fr-FR\",\"potentialAction\":[{\"@type\":\"ReadAction\",\"target\":[\"https:\/\/www.voustensports.com\/fr\/stone-island-pull-demi-zip-laine-dagneau-bleu-fonce-39463\/\"]}]},{\"@type\":\"ImageObject\",\"inLanguage\":\"fr-FR\",\"@id\":\"https:\/\/www.voustensports.com\/fr\/stone-island-pull-demi-zip-laine-dagneau-bleu-fonce-39463\/#primaryimage\",\"url\":\"https:\/\/www.voustensports.com\/wp-content\/uploads\/2023\/06\/HALF-ZIP-SWEATER-LAMBSWOOL-DARK-BLUE-39463-1.jpg\",\"contentUrl\":\"https:\/\/www.voustensports.com\/wp-content\/uploads\/2023\/06\/HALF-ZIP-SWEATER-LAMBSWOOL-DARK-BLUE-39463-1.jpg\",\"width\":1365,\"height\":2048},{\"@type\":\"BreadcrumbList\",\"@id\":\"https:\/\/www.voustensports.com\/fr\/stone-island-pull-demi-zip-laine-dagneau-bleu-fonce-39463\/#breadcrumb\",\"itemListElement\":[{\"@type\":\"ListItem\",\"position\":1,\"name\":\"Home\",\"item\":\"https:\/\/www.voustensports.com\/fr\/\"},{\"@type\":\"ListItem\",\"position\":2,\"name\":\"Boutique\",\"item\":\"https:\/\/www.voustensports.com\/fr\/shop\/\"},{\"@type\":\"ListItem\",\"position\":3,\"name\":\"STONE ISLAND &#8211; PULL DEMI-ZIP LAINE D&#8217;AGNEAU BLEU FONC\u00c9 (39463)\"}]},{\"@type\":\"WebSite\",\"@id\":\"https:\/\/www.voustensports.com\/nl\/#website\",\"url\":\"https:\/\/www.voustensports.com\/nl\/\",\"name\":\"Vousten Sports\",\"description\":\"\",\"potentialAction\":[{\"@type\":\"SearchAction\",\"target\":{\"@type\":\"EntryPoint\",\"urlTemplate\":\"https:\/\/www.voustensports.com\/nl\/?s={search_term_string}\"},\"query-input\":{\"@type\":\"PropertyValueSpecification\",\"valueRequired\":true,\"valueName\":\"search_term_string\"}}],\"inLanguage\":\"fr-FR\"}]}<\/script>\n<!-- \/ Yoast SEO plugin. -->","yoast_head_json":{"title":"STONE ISLAND - PULL DEMI-ZIP LAINE D&#8217;AGNEAU BLEU FONC\u00c9 (39463) - Vousten Sports","robots":{"index":"index","follow":"follow","max-snippet":"max-snippet:-1","max-image-preview":"max-image-preview:large","max-video-preview":"max-video-preview:-1"},"canonical":"https:\/\/www.voustensports.com\/fr\/stone-island-pull-demi-zip-laine-dagneau-bleu-fonce-39463\/","og_locale":"fr_FR","og_type":"article","og_title":"STONE ISLAND - PULL DEMI-ZIP LAINE D&#8217;AGNEAU BLEU FONC\u00c9 (39463) - Vousten Sports","og_description":"D\u00c9TAILS DU PRODUIT Pull en maille demi-zipp\u00e9 avec col montant et boutons au col avec bandes jersey envers et coutures en relief. Jauge 7. STYLE Col montant en c\u00f4tes, bord\u00e9 int\u00e9rieurement par une bande de feutre. Fermeture zipp\u00e9e dissimul\u00e9e et col \u00e0 quatre boutons. Motif de bande en jersey envers sur les \u00e9paules et sur [...]","og_url":"https:\/\/www.voustensports.com\/fr\/stone-island-pull-demi-zip-laine-dagneau-bleu-fonce-39463\/","og_site_name":"Vousten Sports","article_modified_time":"2026-02-05T11:18:39+00:00","og_image":[{"width":1365,"height":2048,"url":"https:\/\/www.voustensports.com\/wp-content\/uploads\/2023\/06\/HALF-ZIP-SWEATER-LAMBSWOOL-DARK-BLUE-39463-1.jpg","type":"image\/jpeg"}],"twitter_card":"summary_large_image","twitter_misc":{"Est. reading time":"1 minute"},"schema":{"@context":"https:\/\/schema.org","@graph":[{"@type":"WebPage","@id":"https:\/\/www.voustensports.com\/fr\/stone-island-pull-demi-zip-laine-dagneau-bleu-fonce-39463\/","url":"https:\/\/www.voustensports.com\/fr\/stone-island-pull-demi-zip-laine-dagneau-bleu-fonce-39463\/","name":"STONE ISLAND - PULL DEMI-ZIP LAINE D&#8217;AGNEAU BLEU FONC\u00c9 (39463) - Vousten Sports","isPartOf":{"@id":"https:\/\/www.voustensports.com\/nl\/#website"},"primaryImageOfPage":{"@id":"https:\/\/www.voustensports.com\/fr\/stone-island-pull-demi-zip-laine-dagneau-bleu-fonce-39463\/#primaryimage"},"image":{"@id":"https:\/\/www.voustensports.com\/fr\/stone-island-pull-demi-zip-laine-dagneau-bleu-fonce-39463\/#primaryimage"},"thumbnailUrl":"https:\/\/www.voustensports.com\/wp-content\/uploads\/2023\/06\/HALF-ZIP-SWEATER-LAMBSWOOL-DARK-BLUE-39463-1.jpg","datePublished":"2024-08-23T19:10:10+00:00","dateModified":"2026-02-05T11:18:39+00:00","breadcrumb":{"@id":"https:\/\/www.voustensports.com\/fr\/stone-island-pull-demi-zip-laine-dagneau-bleu-fonce-39463\/#breadcrumb"},"inLanguage":"fr-FR","potentialAction":[{"@type":"ReadAction","target":["https:\/\/www.voustensports.com\/fr\/stone-island-pull-demi-zip-laine-dagneau-bleu-fonce-39463\/"]}]},{"@type":"ImageObject","inLanguage":"fr-FR","@id":"https:\/\/www.voustensports.com\/fr\/stone-island-pull-demi-zip-laine-dagneau-bleu-fonce-39463\/#primaryimage","url":"https:\/\/www.voustensports.com\/wp-content\/uploads\/2023\/06\/HALF-ZIP-SWEATER-LAMBSWOOL-DARK-BLUE-39463-1.jpg","contentUrl":"https:\/\/www.voustensports.com\/wp-content\/uploads\/2023\/06\/HALF-ZIP-SWEATER-LAMBSWOOL-DARK-BLUE-39463-1.jpg","width":1365,"height":2048},{"@type":"BreadcrumbList","@id":"https:\/\/www.voustensports.com\/fr\/stone-island-pull-demi-zip-laine-dagneau-bleu-fonce-39463\/#breadcrumb","itemListElement":[{"@type":"ListItem","position":1,"name":"Home","item":"https:\/\/www.voustensports.com\/fr\/"},{"@type":"ListItem","position":2,"name":"Boutique","item":"https:\/\/www.voustensports.com\/fr\/shop\/"},{"@type":"ListItem","position":3,"name":"STONE ISLAND &#8211; PULL DEMI-ZIP LAINE D&#8217;AGNEAU BLEU FONC\u00c9 (39463)"}]},{"@type":"WebSite","@id":"https:\/\/www.voustensports.com\/nl\/#website","url":"https:\/\/www.voustensports.com\/nl\/","name":"Vousten Sports","description":"","potentialAction":[{"@type":"SearchAction","target":{"@type":"EntryPoint","urlTemplate":"https:\/\/www.voustensports.com\/nl\/?s={search_term_string}"},"query-input":{"@type":"PropertyValueSpecification","valueRequired":true,"valueName":"search_term_string"}}],"inLanguage":"fr-FR"}]}},"_links":{"self":[{"href":"https:\/\/www.voustensports.com\/fr\/wp-json\/wp\/v2\/product\/182613","targetHints":{"allow":["GET"]}}],"collection":[{"href":"https:\/\/www.voustensports.com\/fr\/wp-json\/wp\/v2\/product"}],"about":[{"href":"https:\/\/www.voustensports.com\/fr\/wp-json\/wp\/v2\/types\/product"}],"replies":[{"embeddable":true,"href":"https:\/\/www.voustensports.com\/fr\/wp-json\/wp\/v2\/comments?post=182613"}],"wp:featuredmedia":[{"embeddable":true,"href":"https:\/\/www.voustensports.com\/fr\/wp-json\/wp\/v2\/media\/182597"}],"wp:attachment":[{"href":"https:\/\/www.voustensports.com\/fr\/wp-json\/wp\/v2\/media?parent=182613"}],"wp:term":[{"taxonomy":"product_cat","embeddable":true,"href":"https:\/\/www.voustensports.com\/fr\/wp-json\/wp\/v2\/product_cat?post=182613"},{"taxonomy":"product_tag","embeddable":true,"href":"https:\/\/www.voustensports.com\/fr\/wp-json\/wp\/v2\/product_tag?post=182613"}],"curies":[{"name":"wp","href":"https:\/\/api.w.org\/{rel}","templated":true}]}}