{"id":182448,"date":"2024-08-20T17:36:09","date_gmt":"2024-08-20T15:36:09","guid":{"rendered":"https:\/\/www.voustensports.com\/stone-island-cardigan-bleu-fonce-39423\/"},"modified":"2026-02-27T03:15:06","modified_gmt":"2026-02-27T02:15:06","slug":"stone-island-cardigan-bleu-fonce-39423","status":"publish","type":"product","link":"https:\/\/www.voustensports.com\/fr\/stone-island-cardigan-bleu-fonce-39423\/","title":{"rendered":"STONE ISLAND &#8211; CARDIGAN GHOST BLEU FONC\u00c9 (39423)"},"content":{"rendered":"<div>\n<div>D\u00c9TAILS DU PRODUIT<\/div>\n<div>Les pi\u00e8ces Ghost sont bas\u00e9es sur le concept du camouflage et sont totalement monochromes. M\u00eame leur badge Stone Island a \u00e9t\u00e9 cr\u00e9\u00e9 dans une version monochrome sp\u00e9ciale pour se fondre dans le v\u00eatement. Cardigan \u00e0 capuche tricot\u00e9 en laine certifi\u00e9e Geelong RWS. Point jersey. La norme Responsible Wool Standard (RWS) d\u00e9crit et certifie les pratiques de bien-\u00eatre animal et de gestion des terres dans la production de laine et suit le mat\u00e9riau certifi\u00e9 de la ferme au produit final.<\/div>\n<div><\/div>\n<div>STYLE<\/div>\n<div>Capuche en double couche de tricot.<\/div>\n<div>Poches pour les mains avec entr\u00e9e oblique c\u00f4tel\u00e9e.<\/div>\n<div>Badge Stone Island Ghost sur la manche gauche.<\/div>\n<div>Bande c\u00f4tel\u00e9e sur les c\u00f4t\u00e9s, les poignets et la bande inf\u00e9rieure.<\/div>\n<div>Fermeture zipp\u00e9e \u00e0 double sens.<\/div>\n<div>Coupe ample.<\/div>\n<div><\/div>\n<p>COMPOSITION<\/p><\/div>\n<div>100% laine vierge<\/div>\n<div>Num\u00e9ro de Stone Island : 528FA<\/div>\n<div>Num\u00e9ro de couleur: V0020<\/div>\n<div>Num\u00e9ro d&rsquo;identification: 39423<\/div>\n","protected":false},"excerpt":{"rendered":"<p>D\u00c9TAILS DU PRODUIT Les pi\u00e8ces Ghost sont bas\u00e9es sur le concept du camouflage et sont totalement monochromes. M\u00eame leur badge Stone Island a \u00e9t\u00e9 cr\u00e9\u00e9 dans une version monochrome sp\u00e9ciale pour se fondre dans le v\u00eatement. Cardigan \u00e0 capuche tricot\u00e9 en laine certifi\u00e9e Geelong RWS. Point jersey. La norme Responsible Wool Standard (RWS) d\u00e9crit et [&#8230;]\n","protected":false},"featured_media":182436,"comment_status":"open","ping_status":"closed","template":"","meta":{"rank_math_lock_modified_date":false},"product_cat":[446,450,462,482,538,677],"product_tag":[],"class_list":{"0":"post-182448","1":"product","2":"type-product","3":"status-publish","4":"has-post-thumbnail","6":"product_cat-kleding-fr","7":"product_cat-heren-fr","8":"product_cat-vousten-sports-fr-2","9":"product_cat-stone-island-fr-2","10":"product_cat-knitwear-fr","11":"product_cat-gilets-fr","13":"first","14":"instock","15":"taxable","16":"shipping-taxable","17":"purchasable","18":"product-type-variable"},"acf":[],"yoast_head":"<!-- This site is optimized with the Yoast SEO plugin v23.9 - https:\/\/yoast.com\/wordpress\/plugins\/seo\/ -->\n<title>STONE ISLAND - CARDIGAN GHOST BLEU FONC\u00c9 (39423) - Vousten Sports<\/title>\n<meta name=\"robots\" content=\"index, follow, max-snippet:-1, max-image-preview:large, max-video-preview:-1\" \/>\n<link rel=\"canonical\" href=\"https:\/\/www.voustensports.com\/fr\/stone-island-cardigan-bleu-fonce-39423\/\" \/>\n<meta property=\"og:locale\" content=\"fr_FR\" \/>\n<meta property=\"og:type\" content=\"article\" \/>\n<meta property=\"og:title\" content=\"STONE ISLAND - CARDIGAN GHOST BLEU FONC\u00c9 (39423) - Vousten Sports\" \/>\n<meta property=\"og:description\" content=\"D\u00c9TAILS DU PRODUIT Les pi\u00e8ces Ghost sont bas\u00e9es sur le concept du camouflage et sont totalement monochromes. M\u00eame leur badge Stone Island a \u00e9t\u00e9 cr\u00e9\u00e9 dans une version monochrome sp\u00e9ciale pour se fondre dans le v\u00eatement. Cardigan \u00e0 capuche tricot\u00e9 en laine certifi\u00e9e Geelong RWS. Point jersey. La norme Responsible Wool Standard (RWS) d\u00e9crit et [...]\" \/>\n<meta property=\"og:url\" content=\"https:\/\/www.voustensports.com\/fr\/stone-island-cardigan-bleu-fonce-39423\/\" \/>\n<meta property=\"og:site_name\" content=\"Vousten Sports\" \/>\n<meta property=\"article:modified_time\" content=\"2026-02-27T02:15:06+00:00\" \/>\n<meta property=\"og:image\" content=\"https:\/\/www.voustensports.com\/wp-content\/uploads\/2023\/06\/Vest-donkerblauw-39423-1.jpg\" \/>\n\t<meta property=\"og:image:width\" content=\"1365\" \/>\n\t<meta property=\"og:image:height\" content=\"2048\" \/>\n\t<meta property=\"og:image:type\" content=\"image\/jpeg\" \/>\n<meta name=\"twitter:card\" content=\"summary_large_image\" \/>\n<meta name=\"twitter:label1\" content=\"Est. reading time\" \/>\n\t<meta name=\"twitter:data1\" content=\"1 minute\" \/>\n<script type=\"application\/ld+json\" class=\"yoast-schema-graph\">{\"@context\":\"https:\/\/schema.org\",\"@graph\":[{\"@type\":\"WebPage\",\"@id\":\"https:\/\/www.voustensports.com\/fr\/stone-island-cardigan-bleu-fonce-39423\/\",\"url\":\"https:\/\/www.voustensports.com\/fr\/stone-island-cardigan-bleu-fonce-39423\/\",\"name\":\"STONE ISLAND - CARDIGAN GHOST BLEU FONC\u00c9 (39423) - Vousten Sports\",\"isPartOf\":{\"@id\":\"https:\/\/www.voustensports.com\/nl\/#website\"},\"primaryImageOfPage\":{\"@id\":\"https:\/\/www.voustensports.com\/fr\/stone-island-cardigan-bleu-fonce-39423\/#primaryimage\"},\"image\":{\"@id\":\"https:\/\/www.voustensports.com\/fr\/stone-island-cardigan-bleu-fonce-39423\/#primaryimage\"},\"thumbnailUrl\":\"https:\/\/www.voustensports.com\/wp-content\/uploads\/2023\/06\/Vest-donkerblauw-39423-1.jpg\",\"datePublished\":\"2024-08-20T15:36:09+00:00\",\"dateModified\":\"2026-02-27T02:15:06+00:00\",\"breadcrumb\":{\"@id\":\"https:\/\/www.voustensports.com\/fr\/stone-island-cardigan-bleu-fonce-39423\/#breadcrumb\"},\"inLanguage\":\"fr-FR\",\"potentialAction\":[{\"@type\":\"ReadAction\",\"target\":[\"https:\/\/www.voustensports.com\/fr\/stone-island-cardigan-bleu-fonce-39423\/\"]}]},{\"@type\":\"ImageObject\",\"inLanguage\":\"fr-FR\",\"@id\":\"https:\/\/www.voustensports.com\/fr\/stone-island-cardigan-bleu-fonce-39423\/#primaryimage\",\"url\":\"https:\/\/www.voustensports.com\/wp-content\/uploads\/2023\/06\/Vest-donkerblauw-39423-1.jpg\",\"contentUrl\":\"https:\/\/www.voustensports.com\/wp-content\/uploads\/2023\/06\/Vest-donkerblauw-39423-1.jpg\",\"width\":1365,\"height\":2048},{\"@type\":\"BreadcrumbList\",\"@id\":\"https:\/\/www.voustensports.com\/fr\/stone-island-cardigan-bleu-fonce-39423\/#breadcrumb\",\"itemListElement\":[{\"@type\":\"ListItem\",\"position\":1,\"name\":\"Home\",\"item\":\"https:\/\/www.voustensports.com\/fr\/\"},{\"@type\":\"ListItem\",\"position\":2,\"name\":\"Boutique\",\"item\":\"https:\/\/www.voustensports.com\/fr\/shop\/\"},{\"@type\":\"ListItem\",\"position\":3,\"name\":\"STONE ISLAND &#8211; CARDIGAN GHOST BLEU FONC\u00c9 (39423)\"}]},{\"@type\":\"WebSite\",\"@id\":\"https:\/\/www.voustensports.com\/nl\/#website\",\"url\":\"https:\/\/www.voustensports.com\/nl\/\",\"name\":\"Vousten Sports\",\"description\":\"\",\"potentialAction\":[{\"@type\":\"SearchAction\",\"target\":{\"@type\":\"EntryPoint\",\"urlTemplate\":\"https:\/\/www.voustensports.com\/nl\/?s={search_term_string}\"},\"query-input\":{\"@type\":\"PropertyValueSpecification\",\"valueRequired\":true,\"valueName\":\"search_term_string\"}}],\"inLanguage\":\"fr-FR\"}]}<\/script>\n<!-- \/ Yoast SEO plugin. -->","yoast_head_json":{"title":"STONE ISLAND - CARDIGAN GHOST BLEU FONC\u00c9 (39423) - Vousten Sports","robots":{"index":"index","follow":"follow","max-snippet":"max-snippet:-1","max-image-preview":"max-image-preview:large","max-video-preview":"max-video-preview:-1"},"canonical":"https:\/\/www.voustensports.com\/fr\/stone-island-cardigan-bleu-fonce-39423\/","og_locale":"fr_FR","og_type":"article","og_title":"STONE ISLAND - CARDIGAN GHOST BLEU FONC\u00c9 (39423) - Vousten Sports","og_description":"D\u00c9TAILS DU PRODUIT Les pi\u00e8ces Ghost sont bas\u00e9es sur le concept du camouflage et sont totalement monochromes. M\u00eame leur badge Stone Island a \u00e9t\u00e9 cr\u00e9\u00e9 dans une version monochrome sp\u00e9ciale pour se fondre dans le v\u00eatement. Cardigan \u00e0 capuche tricot\u00e9 en laine certifi\u00e9e Geelong RWS. Point jersey. La norme Responsible Wool Standard (RWS) d\u00e9crit et [...]","og_url":"https:\/\/www.voustensports.com\/fr\/stone-island-cardigan-bleu-fonce-39423\/","og_site_name":"Vousten Sports","article_modified_time":"2026-02-27T02:15:06+00:00","og_image":[{"width":1365,"height":2048,"url":"https:\/\/www.voustensports.com\/wp-content\/uploads\/2023\/06\/Vest-donkerblauw-39423-1.jpg","type":"image\/jpeg"}],"twitter_card":"summary_large_image","twitter_misc":{"Est. reading time":"1 minute"},"schema":{"@context":"https:\/\/schema.org","@graph":[{"@type":"WebPage","@id":"https:\/\/www.voustensports.com\/fr\/stone-island-cardigan-bleu-fonce-39423\/","url":"https:\/\/www.voustensports.com\/fr\/stone-island-cardigan-bleu-fonce-39423\/","name":"STONE ISLAND - CARDIGAN GHOST BLEU FONC\u00c9 (39423) - Vousten Sports","isPartOf":{"@id":"https:\/\/www.voustensports.com\/nl\/#website"},"primaryImageOfPage":{"@id":"https:\/\/www.voustensports.com\/fr\/stone-island-cardigan-bleu-fonce-39423\/#primaryimage"},"image":{"@id":"https:\/\/www.voustensports.com\/fr\/stone-island-cardigan-bleu-fonce-39423\/#primaryimage"},"thumbnailUrl":"https:\/\/www.voustensports.com\/wp-content\/uploads\/2023\/06\/Vest-donkerblauw-39423-1.jpg","datePublished":"2024-08-20T15:36:09+00:00","dateModified":"2026-02-27T02:15:06+00:00","breadcrumb":{"@id":"https:\/\/www.voustensports.com\/fr\/stone-island-cardigan-bleu-fonce-39423\/#breadcrumb"},"inLanguage":"fr-FR","potentialAction":[{"@type":"ReadAction","target":["https:\/\/www.voustensports.com\/fr\/stone-island-cardigan-bleu-fonce-39423\/"]}]},{"@type":"ImageObject","inLanguage":"fr-FR","@id":"https:\/\/www.voustensports.com\/fr\/stone-island-cardigan-bleu-fonce-39423\/#primaryimage","url":"https:\/\/www.voustensports.com\/wp-content\/uploads\/2023\/06\/Vest-donkerblauw-39423-1.jpg","contentUrl":"https:\/\/www.voustensports.com\/wp-content\/uploads\/2023\/06\/Vest-donkerblauw-39423-1.jpg","width":1365,"height":2048},{"@type":"BreadcrumbList","@id":"https:\/\/www.voustensports.com\/fr\/stone-island-cardigan-bleu-fonce-39423\/#breadcrumb","itemListElement":[{"@type":"ListItem","position":1,"name":"Home","item":"https:\/\/www.voustensports.com\/fr\/"},{"@type":"ListItem","position":2,"name":"Boutique","item":"https:\/\/www.voustensports.com\/fr\/shop\/"},{"@type":"ListItem","position":3,"name":"STONE ISLAND &#8211; CARDIGAN GHOST BLEU FONC\u00c9 (39423)"}]},{"@type":"WebSite","@id":"https:\/\/www.voustensports.com\/nl\/#website","url":"https:\/\/www.voustensports.com\/nl\/","name":"Vousten Sports","description":"","potentialAction":[{"@type":"SearchAction","target":{"@type":"EntryPoint","urlTemplate":"https:\/\/www.voustensports.com\/nl\/?s={search_term_string}"},"query-input":{"@type":"PropertyValueSpecification","valueRequired":true,"valueName":"search_term_string"}}],"inLanguage":"fr-FR"}]}},"_links":{"self":[{"href":"https:\/\/www.voustensports.com\/fr\/wp-json\/wp\/v2\/product\/182448","targetHints":{"allow":["GET"]}}],"collection":[{"href":"https:\/\/www.voustensports.com\/fr\/wp-json\/wp\/v2\/product"}],"about":[{"href":"https:\/\/www.voustensports.com\/fr\/wp-json\/wp\/v2\/types\/product"}],"replies":[{"embeddable":true,"href":"https:\/\/www.voustensports.com\/fr\/wp-json\/wp\/v2\/comments?post=182448"}],"wp:featuredmedia":[{"embeddable":true,"href":"https:\/\/www.voustensports.com\/fr\/wp-json\/wp\/v2\/media\/182436"}],"wp:attachment":[{"href":"https:\/\/www.voustensports.com\/fr\/wp-json\/wp\/v2\/media?parent=182448"}],"wp:term":[{"taxonomy":"product_cat","embeddable":true,"href":"https:\/\/www.voustensports.com\/fr\/wp-json\/wp\/v2\/product_cat?post=182448"},{"taxonomy":"product_tag","embeddable":true,"href":"https:\/\/www.voustensports.com\/fr\/wp-json\/wp\/v2\/product_tag?post=182448"}],"curies":[{"name":"wp","href":"https:\/\/api.w.org\/{rel}","templated":true}]}}