{"id":182364,"date":"2024-08-20T16:46:08","date_gmt":"2024-08-20T14:46:08","guid":{"rendered":"https:\/\/www.voustensports.com\/stone-island-surchemise-beige-39420\/"},"modified":"2026-02-05T12:17:40","modified_gmt":"2026-02-05T11:17:40","slug":"stone-island-surchemise-beige-39420","status":"publish","type":"product","link":"https:\/\/www.voustensports.com\/fr\/stone-island-surchemise-beige-39420\/","title":{"rendered":"STONE ISLAND &#8211; SURCHEMISE GHOST BEIGE (39420)"},"content":{"rendered":"<div>\n<div>D\u00c9TAILS DU PRODUIT<\/div>\n<div>Les pi\u00e8ces Ghost sont bas\u00e9es sur le concept du camouflage et sont totalement monochromes. M\u00eame leur badge Stone Island a \u00e9t\u00e9 cr\u00e9\u00e9 dans une version sp\u00e9ciale monochrome pour se fondre avec le v\u00eatement. Surchemise en flanelle de laine card\u00e9e et nylon, trait\u00e9e avec un agent anti-goutte sans PFC. Rembourr\u00e9e en PrimaLoft\u00ae Silver, un m\u00e9lange exclusif de fibres 100 % recycl\u00e9es, au pouvoir isolant exceptionnel. Il garantit le rapport chaleur\/poids le plus \u00e9lev\u00e9 parmi les isolants synth\u00e9tiques.<\/div>\n<div><\/div>\n<div>STYLE<\/div>\n<div>Sur la poitrine, poches plaqu\u00e9es avec rabat et fermeture \u00e0 boutons-pression.<\/div>\n<div>Boutons-pression aux poignets.<\/div>\n<div>Badge Stone Island Ghost sur la manche gauche.<\/div>\n<div>Doublure en nylon.<\/div>\n<div>Fermeture \u00e0 boutons-pression.<\/div>\n<div>Coupe standard.<\/div>\n<div><\/div>\n<p>COMPOSITION<\/p><\/div>\n<div>73% Laine vierge, 27% Polyamide<\/div>\n<div>Num\u00e9ro Stone Island : 120F4<\/div>\n<div>Num\u00e9ro de couleur: V0090<\/div>\n<div>Num\u00e9ro d&rsquo;identification: 39420<\/div>\n","protected":false},"excerpt":{"rendered":"<p>D\u00c9TAILS DU PRODUIT Les pi\u00e8ces Ghost sont bas\u00e9es sur le concept du camouflage et sont totalement monochromes. M\u00eame leur badge Stone Island a \u00e9t\u00e9 cr\u00e9\u00e9 dans une version sp\u00e9ciale monochrome pour se fondre avec le v\u00eatement. Surchemise en flanelle de laine card\u00e9e et nylon, trait\u00e9e avec un agent anti-goutte sans PFC. Rembourr\u00e9e en PrimaLoft\u00ae Silver, [&#8230;]\n","protected":false},"featured_media":182352,"comment_status":"open","ping_status":"closed","template":"","meta":{"rank_math_lock_modified_date":false},"product_cat":[446,450,462,482,739],"product_tag":[],"class_list":{"0":"post-182364","1":"product","2":"type-product","3":"status-publish","4":"has-post-thumbnail","6":"product_cat-kleding-fr","7":"product_cat-heren-fr","8":"product_cat-vousten-sports-fr-2","9":"product_cat-stone-island-fr-2","10":"product_cat-overshirt-fr-2","12":"first","13":"outofstock","14":"taxable","15":"shipping-taxable","16":"purchasable","17":"product-type-variable"},"acf":[],"yoast_head":"<!-- This site is optimized with the Yoast SEO plugin v23.9 - https:\/\/yoast.com\/wordpress\/plugins\/seo\/ -->\n<title>STONE ISLAND - SURCHEMISE GHOST BEIGE (39420) - Vousten Sports<\/title>\n<meta name=\"robots\" content=\"index, follow, max-snippet:-1, max-image-preview:large, max-video-preview:-1\" \/>\n<link rel=\"canonical\" href=\"https:\/\/www.voustensports.com\/fr\/stone-island-surchemise-beige-39420\/\" \/>\n<meta property=\"og:locale\" content=\"fr_FR\" \/>\n<meta property=\"og:type\" content=\"article\" \/>\n<meta property=\"og:title\" content=\"STONE ISLAND - SURCHEMISE GHOST BEIGE (39420) - Vousten Sports\" \/>\n<meta property=\"og:description\" content=\"D\u00c9TAILS DU PRODUIT Les pi\u00e8ces Ghost sont bas\u00e9es sur le concept du camouflage et sont totalement monochromes. M\u00eame leur badge Stone Island a \u00e9t\u00e9 cr\u00e9\u00e9 dans une version sp\u00e9ciale monochrome pour se fondre avec le v\u00eatement. Surchemise en flanelle de laine card\u00e9e et nylon, trait\u00e9e avec un agent anti-goutte sans PFC. Rembourr\u00e9e en PrimaLoft\u00ae Silver, [...]\" \/>\n<meta property=\"og:url\" content=\"https:\/\/www.voustensports.com\/fr\/stone-island-surchemise-beige-39420\/\" \/>\n<meta property=\"og:site_name\" content=\"Vousten Sports\" \/>\n<meta property=\"article:modified_time\" content=\"2026-02-05T11:17:40+00:00\" \/>\n<meta property=\"og:image\" content=\"https:\/\/www.voustensports.com\/wp-content\/uploads\/2023\/06\/Overshirt-beige-39420-1.jpg\" \/>\n\t<meta property=\"og:image:width\" content=\"1365\" \/>\n\t<meta property=\"og:image:height\" content=\"2048\" \/>\n\t<meta property=\"og:image:type\" content=\"image\/jpeg\" \/>\n<meta name=\"twitter:card\" content=\"summary_large_image\" \/>\n<meta name=\"twitter:label1\" content=\"Est. reading time\" \/>\n\t<meta name=\"twitter:data1\" content=\"1 minute\" \/>\n<script type=\"application\/ld+json\" class=\"yoast-schema-graph\">{\"@context\":\"https:\/\/schema.org\",\"@graph\":[{\"@type\":\"WebPage\",\"@id\":\"https:\/\/www.voustensports.com\/fr\/stone-island-surchemise-beige-39420\/\",\"url\":\"https:\/\/www.voustensports.com\/fr\/stone-island-surchemise-beige-39420\/\",\"name\":\"STONE ISLAND - SURCHEMISE GHOST BEIGE (39420) - Vousten Sports\",\"isPartOf\":{\"@id\":\"https:\/\/www.voustensports.com\/nl\/#website\"},\"primaryImageOfPage\":{\"@id\":\"https:\/\/www.voustensports.com\/fr\/stone-island-surchemise-beige-39420\/#primaryimage\"},\"image\":{\"@id\":\"https:\/\/www.voustensports.com\/fr\/stone-island-surchemise-beige-39420\/#primaryimage\"},\"thumbnailUrl\":\"https:\/\/www.voustensports.com\/wp-content\/uploads\/2023\/06\/Overshirt-beige-39420-1.jpg\",\"datePublished\":\"2024-08-20T14:46:08+00:00\",\"dateModified\":\"2026-02-05T11:17:40+00:00\",\"breadcrumb\":{\"@id\":\"https:\/\/www.voustensports.com\/fr\/stone-island-surchemise-beige-39420\/#breadcrumb\"},\"inLanguage\":\"fr-FR\",\"potentialAction\":[{\"@type\":\"ReadAction\",\"target\":[\"https:\/\/www.voustensports.com\/fr\/stone-island-surchemise-beige-39420\/\"]}]},{\"@type\":\"ImageObject\",\"inLanguage\":\"fr-FR\",\"@id\":\"https:\/\/www.voustensports.com\/fr\/stone-island-surchemise-beige-39420\/#primaryimage\",\"url\":\"https:\/\/www.voustensports.com\/wp-content\/uploads\/2023\/06\/Overshirt-beige-39420-1.jpg\",\"contentUrl\":\"https:\/\/www.voustensports.com\/wp-content\/uploads\/2023\/06\/Overshirt-beige-39420-1.jpg\",\"width\":1365,\"height\":2048},{\"@type\":\"BreadcrumbList\",\"@id\":\"https:\/\/www.voustensports.com\/fr\/stone-island-surchemise-beige-39420\/#breadcrumb\",\"itemListElement\":[{\"@type\":\"ListItem\",\"position\":1,\"name\":\"Home\",\"item\":\"https:\/\/www.voustensports.com\/fr\/\"},{\"@type\":\"ListItem\",\"position\":2,\"name\":\"Boutique\",\"item\":\"https:\/\/www.voustensports.com\/fr\/shop\/\"},{\"@type\":\"ListItem\",\"position\":3,\"name\":\"STONE ISLAND &#8211; SURCHEMISE GHOST BEIGE (39420)\"}]},{\"@type\":\"WebSite\",\"@id\":\"https:\/\/www.voustensports.com\/nl\/#website\",\"url\":\"https:\/\/www.voustensports.com\/nl\/\",\"name\":\"Vousten Sports\",\"description\":\"\",\"potentialAction\":[{\"@type\":\"SearchAction\",\"target\":{\"@type\":\"EntryPoint\",\"urlTemplate\":\"https:\/\/www.voustensports.com\/nl\/?s={search_term_string}\"},\"query-input\":{\"@type\":\"PropertyValueSpecification\",\"valueRequired\":true,\"valueName\":\"search_term_string\"}}],\"inLanguage\":\"fr-FR\"}]}<\/script>\n<!-- \/ Yoast SEO plugin. -->","yoast_head_json":{"title":"STONE ISLAND - SURCHEMISE GHOST BEIGE (39420) - Vousten Sports","robots":{"index":"index","follow":"follow","max-snippet":"max-snippet:-1","max-image-preview":"max-image-preview:large","max-video-preview":"max-video-preview:-1"},"canonical":"https:\/\/www.voustensports.com\/fr\/stone-island-surchemise-beige-39420\/","og_locale":"fr_FR","og_type":"article","og_title":"STONE ISLAND - SURCHEMISE GHOST BEIGE (39420) - Vousten Sports","og_description":"D\u00c9TAILS DU PRODUIT Les pi\u00e8ces Ghost sont bas\u00e9es sur le concept du camouflage et sont totalement monochromes. M\u00eame leur badge Stone Island a \u00e9t\u00e9 cr\u00e9\u00e9 dans une version sp\u00e9ciale monochrome pour se fondre avec le v\u00eatement. Surchemise en flanelle de laine card\u00e9e et nylon, trait\u00e9e avec un agent anti-goutte sans PFC. Rembourr\u00e9e en PrimaLoft\u00ae Silver, [...]","og_url":"https:\/\/www.voustensports.com\/fr\/stone-island-surchemise-beige-39420\/","og_site_name":"Vousten Sports","article_modified_time":"2026-02-05T11:17:40+00:00","og_image":[{"width":1365,"height":2048,"url":"https:\/\/www.voustensports.com\/wp-content\/uploads\/2023\/06\/Overshirt-beige-39420-1.jpg","type":"image\/jpeg"}],"twitter_card":"summary_large_image","twitter_misc":{"Est. reading time":"1 minute"},"schema":{"@context":"https:\/\/schema.org","@graph":[{"@type":"WebPage","@id":"https:\/\/www.voustensports.com\/fr\/stone-island-surchemise-beige-39420\/","url":"https:\/\/www.voustensports.com\/fr\/stone-island-surchemise-beige-39420\/","name":"STONE ISLAND - SURCHEMISE GHOST BEIGE (39420) - Vousten Sports","isPartOf":{"@id":"https:\/\/www.voustensports.com\/nl\/#website"},"primaryImageOfPage":{"@id":"https:\/\/www.voustensports.com\/fr\/stone-island-surchemise-beige-39420\/#primaryimage"},"image":{"@id":"https:\/\/www.voustensports.com\/fr\/stone-island-surchemise-beige-39420\/#primaryimage"},"thumbnailUrl":"https:\/\/www.voustensports.com\/wp-content\/uploads\/2023\/06\/Overshirt-beige-39420-1.jpg","datePublished":"2024-08-20T14:46:08+00:00","dateModified":"2026-02-05T11:17:40+00:00","breadcrumb":{"@id":"https:\/\/www.voustensports.com\/fr\/stone-island-surchemise-beige-39420\/#breadcrumb"},"inLanguage":"fr-FR","potentialAction":[{"@type":"ReadAction","target":["https:\/\/www.voustensports.com\/fr\/stone-island-surchemise-beige-39420\/"]}]},{"@type":"ImageObject","inLanguage":"fr-FR","@id":"https:\/\/www.voustensports.com\/fr\/stone-island-surchemise-beige-39420\/#primaryimage","url":"https:\/\/www.voustensports.com\/wp-content\/uploads\/2023\/06\/Overshirt-beige-39420-1.jpg","contentUrl":"https:\/\/www.voustensports.com\/wp-content\/uploads\/2023\/06\/Overshirt-beige-39420-1.jpg","width":1365,"height":2048},{"@type":"BreadcrumbList","@id":"https:\/\/www.voustensports.com\/fr\/stone-island-surchemise-beige-39420\/#breadcrumb","itemListElement":[{"@type":"ListItem","position":1,"name":"Home","item":"https:\/\/www.voustensports.com\/fr\/"},{"@type":"ListItem","position":2,"name":"Boutique","item":"https:\/\/www.voustensports.com\/fr\/shop\/"},{"@type":"ListItem","position":3,"name":"STONE ISLAND &#8211; SURCHEMISE GHOST BEIGE (39420)"}]},{"@type":"WebSite","@id":"https:\/\/www.voustensports.com\/nl\/#website","url":"https:\/\/www.voustensports.com\/nl\/","name":"Vousten Sports","description":"","potentialAction":[{"@type":"SearchAction","target":{"@type":"EntryPoint","urlTemplate":"https:\/\/www.voustensports.com\/nl\/?s={search_term_string}"},"query-input":{"@type":"PropertyValueSpecification","valueRequired":true,"valueName":"search_term_string"}}],"inLanguage":"fr-FR"}]}},"_links":{"self":[{"href":"https:\/\/www.voustensports.com\/fr\/wp-json\/wp\/v2\/product\/182364","targetHints":{"allow":["GET"]}}],"collection":[{"href":"https:\/\/www.voustensports.com\/fr\/wp-json\/wp\/v2\/product"}],"about":[{"href":"https:\/\/www.voustensports.com\/fr\/wp-json\/wp\/v2\/types\/product"}],"replies":[{"embeddable":true,"href":"https:\/\/www.voustensports.com\/fr\/wp-json\/wp\/v2\/comments?post=182364"}],"wp:featuredmedia":[{"embeddable":true,"href":"https:\/\/www.voustensports.com\/fr\/wp-json\/wp\/v2\/media\/182352"}],"wp:attachment":[{"href":"https:\/\/www.voustensports.com\/fr\/wp-json\/wp\/v2\/media?parent=182364"}],"wp:term":[{"taxonomy":"product_cat","embeddable":true,"href":"https:\/\/www.voustensports.com\/fr\/wp-json\/wp\/v2\/product_cat?post=182364"},{"taxonomy":"product_tag","embeddable":true,"href":"https:\/\/www.voustensports.com\/fr\/wp-json\/wp\/v2\/product_tag?post=182364"}],"curies":[{"name":"wp","href":"https:\/\/api.w.org\/{rel}","templated":true}]}}