{"id":182332,"date":"2024-08-20T16:26:08","date_gmt":"2024-08-20T14:26:08","guid":{"rendered":"https:\/\/www.voustensports.com\/stone-island-surchemise-bleu-fonce-39496\/"},"modified":"2026-02-05T12:19:33","modified_gmt":"2026-02-05T11:19:33","slug":"stone-island-surchemise-bleu-fonce-39496","status":"publish","type":"product","link":"https:\/\/www.voustensports.com\/fr\/stone-island-surchemise-bleu-fonce-39496\/","title":{"rendered":"STONE ISLAND &#8211; SURCHEMISE COTON NYLON DRILL BLEU FONC\u00c9 (39496)"},"content":{"rendered":"<div>D\u00c9TAILS DU PRODUIT<\/div>\n<div>Surchemise en Drill de coton et nylon.<\/div>\n<div>STYLE<\/div>\n<div>Une poche poitrine plaqu\u00e9e avec fermeture \u00e9clair debout. Poches passepoil\u00e9es pour les mains.<\/div>\n<div>\u00c9cusson Stone Island sur la manche gauche.<\/div>\n<div>Boutons pression aux poignets.<\/div>\n<div>Fermeture \u00e9clair bidirectionnelle.<\/div>\n<div>Coupe r\u00e9guli\u00e8re.<\/div>\n<div>COMPOS\u00c9<\/div>\n<div>55% Coton 45% Polyamide \/ Nylon<\/div>\n<div>Num\u00e9ro de Stone Island : 11103<\/div>\n<div>Num\u00e9ro de couleur: V0020<\/div>\n<div>Num\u00e9ro d&rsquo;identification : 39496<\/div>\n","protected":false},"excerpt":{"rendered":"<p>D\u00c9TAILS DU PRODUIT Surchemise en Drill de coton et nylon. STYLE Une poche poitrine plaqu\u00e9e avec fermeture \u00e9clair debout. Poches passepoil\u00e9es pour les mains. \u00c9cusson Stone Island sur la manche gauche. Boutons pression aux poignets. Fermeture \u00e9clair bidirectionnelle. Coupe r\u00e9guli\u00e8re. COMPOS\u00c9 55% Coton 45% Polyamide \/ Nylon Num\u00e9ro de Stone Island : 11103 Num\u00e9ro de [&#8230;]\n","protected":false},"featured_media":182320,"comment_status":"open","ping_status":"closed","template":"","meta":{"rank_math_lock_modified_date":false},"product_cat":[446,450,462,482,739],"product_tag":[],"class_list":{"0":"post-182332","1":"product","2":"type-product","3":"status-publish","4":"has-post-thumbnail","6":"product_cat-kleding-fr","7":"product_cat-heren-fr","8":"product_cat-vousten-sports-fr-2","9":"product_cat-stone-island-fr-2","10":"product_cat-overshirt-fr-2","12":"first","13":"outofstock","14":"taxable","15":"shipping-taxable","16":"purchasable","17":"product-type-variable"},"acf":[],"yoast_head":"<!-- This site is optimized with the Yoast SEO plugin v23.9 - https:\/\/yoast.com\/wordpress\/plugins\/seo\/ -->\n<title>STONE ISLAND - SURCHEMISE COTON NYLON DRILL BLEU FONC\u00c9 (39496) - Vousten Sports<\/title>\n<meta name=\"robots\" content=\"index, follow, max-snippet:-1, max-image-preview:large, max-video-preview:-1\" \/>\n<link rel=\"canonical\" href=\"https:\/\/www.voustensports.com\/fr\/stone-island-surchemise-bleu-fonce-39496\/\" \/>\n<meta property=\"og:locale\" content=\"fr_FR\" \/>\n<meta property=\"og:type\" content=\"article\" \/>\n<meta property=\"og:title\" content=\"STONE ISLAND - SURCHEMISE COTON NYLON DRILL BLEU FONC\u00c9 (39496) - Vousten Sports\" \/>\n<meta property=\"og:description\" content=\"D\u00c9TAILS DU PRODUIT Surchemise en Drill de coton et nylon. STYLE Une poche poitrine plaqu\u00e9e avec fermeture \u00e9clair debout. Poches passepoil\u00e9es pour les mains. \u00c9cusson Stone Island sur la manche gauche. Boutons pression aux poignets. Fermeture \u00e9clair bidirectionnelle. Coupe r\u00e9guli\u00e8re. COMPOS\u00c9 55% Coton 45% Polyamide \/ Nylon Num\u00e9ro de Stone Island : 11103 Num\u00e9ro de [...]\" \/>\n<meta property=\"og:url\" content=\"https:\/\/www.voustensports.com\/fr\/stone-island-surchemise-bleu-fonce-39496\/\" \/>\n<meta property=\"og:site_name\" content=\"Vousten Sports\" \/>\n<meta property=\"article:modified_time\" content=\"2026-02-05T11:19:33+00:00\" \/>\n<meta property=\"og:image\" content=\"https:\/\/www.voustensports.com\/wp-content\/uploads\/2023\/06\/Overshirt-donkerblauw-39496-1.jpg\" \/>\n\t<meta property=\"og:image:width\" content=\"1365\" \/>\n\t<meta property=\"og:image:height\" content=\"2048\" \/>\n\t<meta property=\"og:image:type\" content=\"image\/jpeg\" \/>\n<meta name=\"twitter:card\" content=\"summary_large_image\" \/>\n<script type=\"application\/ld+json\" class=\"yoast-schema-graph\">{\"@context\":\"https:\/\/schema.org\",\"@graph\":[{\"@type\":\"WebPage\",\"@id\":\"https:\/\/www.voustensports.com\/fr\/stone-island-surchemise-bleu-fonce-39496\/\",\"url\":\"https:\/\/www.voustensports.com\/fr\/stone-island-surchemise-bleu-fonce-39496\/\",\"name\":\"STONE ISLAND - SURCHEMISE COTON NYLON DRILL BLEU FONC\u00c9 (39496) - Vousten Sports\",\"isPartOf\":{\"@id\":\"https:\/\/www.voustensports.com\/nl\/#website\"},\"primaryImageOfPage\":{\"@id\":\"https:\/\/www.voustensports.com\/fr\/stone-island-surchemise-bleu-fonce-39496\/#primaryimage\"},\"image\":{\"@id\":\"https:\/\/www.voustensports.com\/fr\/stone-island-surchemise-bleu-fonce-39496\/#primaryimage\"},\"thumbnailUrl\":\"https:\/\/www.voustensports.com\/wp-content\/uploads\/2023\/06\/Overshirt-donkerblauw-39496-1.jpg\",\"datePublished\":\"2024-08-20T14:26:08+00:00\",\"dateModified\":\"2026-02-05T11:19:33+00:00\",\"breadcrumb\":{\"@id\":\"https:\/\/www.voustensports.com\/fr\/stone-island-surchemise-bleu-fonce-39496\/#breadcrumb\"},\"inLanguage\":\"fr-FR\",\"potentialAction\":[{\"@type\":\"ReadAction\",\"target\":[\"https:\/\/www.voustensports.com\/fr\/stone-island-surchemise-bleu-fonce-39496\/\"]}]},{\"@type\":\"ImageObject\",\"inLanguage\":\"fr-FR\",\"@id\":\"https:\/\/www.voustensports.com\/fr\/stone-island-surchemise-bleu-fonce-39496\/#primaryimage\",\"url\":\"https:\/\/www.voustensports.com\/wp-content\/uploads\/2023\/06\/Overshirt-donkerblauw-39496-1.jpg\",\"contentUrl\":\"https:\/\/www.voustensports.com\/wp-content\/uploads\/2023\/06\/Overshirt-donkerblauw-39496-1.jpg\",\"width\":1365,\"height\":2048},{\"@type\":\"BreadcrumbList\",\"@id\":\"https:\/\/www.voustensports.com\/fr\/stone-island-surchemise-bleu-fonce-39496\/#breadcrumb\",\"itemListElement\":[{\"@type\":\"ListItem\",\"position\":1,\"name\":\"Home\",\"item\":\"https:\/\/www.voustensports.com\/fr\/\"},{\"@type\":\"ListItem\",\"position\":2,\"name\":\"Boutique\",\"item\":\"https:\/\/www.voustensports.com\/fr\/shop\/\"},{\"@type\":\"ListItem\",\"position\":3,\"name\":\"STONE ISLAND &#8211; SURCHEMISE COTON NYLON DRILL BLEU FONC\u00c9 (39496)\"}]},{\"@type\":\"WebSite\",\"@id\":\"https:\/\/www.voustensports.com\/nl\/#website\",\"url\":\"https:\/\/www.voustensports.com\/nl\/\",\"name\":\"Vousten Sports\",\"description\":\"\",\"potentialAction\":[{\"@type\":\"SearchAction\",\"target\":{\"@type\":\"EntryPoint\",\"urlTemplate\":\"https:\/\/www.voustensports.com\/nl\/?s={search_term_string}\"},\"query-input\":{\"@type\":\"PropertyValueSpecification\",\"valueRequired\":true,\"valueName\":\"search_term_string\"}}],\"inLanguage\":\"fr-FR\"}]}<\/script>\n<!-- \/ Yoast SEO plugin. -->","yoast_head_json":{"title":"STONE ISLAND - SURCHEMISE COTON NYLON DRILL BLEU FONC\u00c9 (39496) - Vousten Sports","robots":{"index":"index","follow":"follow","max-snippet":"max-snippet:-1","max-image-preview":"max-image-preview:large","max-video-preview":"max-video-preview:-1"},"canonical":"https:\/\/www.voustensports.com\/fr\/stone-island-surchemise-bleu-fonce-39496\/","og_locale":"fr_FR","og_type":"article","og_title":"STONE ISLAND - SURCHEMISE COTON NYLON DRILL BLEU FONC\u00c9 (39496) - Vousten Sports","og_description":"D\u00c9TAILS DU PRODUIT Surchemise en Drill de coton et nylon. STYLE Une poche poitrine plaqu\u00e9e avec fermeture \u00e9clair debout. Poches passepoil\u00e9es pour les mains. \u00c9cusson Stone Island sur la manche gauche. Boutons pression aux poignets. Fermeture \u00e9clair bidirectionnelle. Coupe r\u00e9guli\u00e8re. COMPOS\u00c9 55% Coton 45% Polyamide \/ Nylon Num\u00e9ro de Stone Island : 11103 Num\u00e9ro de [...]","og_url":"https:\/\/www.voustensports.com\/fr\/stone-island-surchemise-bleu-fonce-39496\/","og_site_name":"Vousten Sports","article_modified_time":"2026-02-05T11:19:33+00:00","og_image":[{"width":1365,"height":2048,"url":"https:\/\/www.voustensports.com\/wp-content\/uploads\/2023\/06\/Overshirt-donkerblauw-39496-1.jpg","type":"image\/jpeg"}],"twitter_card":"summary_large_image","schema":{"@context":"https:\/\/schema.org","@graph":[{"@type":"WebPage","@id":"https:\/\/www.voustensports.com\/fr\/stone-island-surchemise-bleu-fonce-39496\/","url":"https:\/\/www.voustensports.com\/fr\/stone-island-surchemise-bleu-fonce-39496\/","name":"STONE ISLAND - SURCHEMISE COTON NYLON DRILL BLEU FONC\u00c9 (39496) - Vousten Sports","isPartOf":{"@id":"https:\/\/www.voustensports.com\/nl\/#website"},"primaryImageOfPage":{"@id":"https:\/\/www.voustensports.com\/fr\/stone-island-surchemise-bleu-fonce-39496\/#primaryimage"},"image":{"@id":"https:\/\/www.voustensports.com\/fr\/stone-island-surchemise-bleu-fonce-39496\/#primaryimage"},"thumbnailUrl":"https:\/\/www.voustensports.com\/wp-content\/uploads\/2023\/06\/Overshirt-donkerblauw-39496-1.jpg","datePublished":"2024-08-20T14:26:08+00:00","dateModified":"2026-02-05T11:19:33+00:00","breadcrumb":{"@id":"https:\/\/www.voustensports.com\/fr\/stone-island-surchemise-bleu-fonce-39496\/#breadcrumb"},"inLanguage":"fr-FR","potentialAction":[{"@type":"ReadAction","target":["https:\/\/www.voustensports.com\/fr\/stone-island-surchemise-bleu-fonce-39496\/"]}]},{"@type":"ImageObject","inLanguage":"fr-FR","@id":"https:\/\/www.voustensports.com\/fr\/stone-island-surchemise-bleu-fonce-39496\/#primaryimage","url":"https:\/\/www.voustensports.com\/wp-content\/uploads\/2023\/06\/Overshirt-donkerblauw-39496-1.jpg","contentUrl":"https:\/\/www.voustensports.com\/wp-content\/uploads\/2023\/06\/Overshirt-donkerblauw-39496-1.jpg","width":1365,"height":2048},{"@type":"BreadcrumbList","@id":"https:\/\/www.voustensports.com\/fr\/stone-island-surchemise-bleu-fonce-39496\/#breadcrumb","itemListElement":[{"@type":"ListItem","position":1,"name":"Home","item":"https:\/\/www.voustensports.com\/fr\/"},{"@type":"ListItem","position":2,"name":"Boutique","item":"https:\/\/www.voustensports.com\/fr\/shop\/"},{"@type":"ListItem","position":3,"name":"STONE ISLAND &#8211; SURCHEMISE COTON NYLON DRILL BLEU FONC\u00c9 (39496)"}]},{"@type":"WebSite","@id":"https:\/\/www.voustensports.com\/nl\/#website","url":"https:\/\/www.voustensports.com\/nl\/","name":"Vousten Sports","description":"","potentialAction":[{"@type":"SearchAction","target":{"@type":"EntryPoint","urlTemplate":"https:\/\/www.voustensports.com\/nl\/?s={search_term_string}"},"query-input":{"@type":"PropertyValueSpecification","valueRequired":true,"valueName":"search_term_string"}}],"inLanguage":"fr-FR"}]}},"_links":{"self":[{"href":"https:\/\/www.voustensports.com\/fr\/wp-json\/wp\/v2\/product\/182332","targetHints":{"allow":["GET"]}}],"collection":[{"href":"https:\/\/www.voustensports.com\/fr\/wp-json\/wp\/v2\/product"}],"about":[{"href":"https:\/\/www.voustensports.com\/fr\/wp-json\/wp\/v2\/types\/product"}],"replies":[{"embeddable":true,"href":"https:\/\/www.voustensports.com\/fr\/wp-json\/wp\/v2\/comments?post=182332"}],"wp:featuredmedia":[{"embeddable":true,"href":"https:\/\/www.voustensports.com\/fr\/wp-json\/wp\/v2\/media\/182320"}],"wp:attachment":[{"href":"https:\/\/www.voustensports.com\/fr\/wp-json\/wp\/v2\/media?parent=182332"}],"wp:term":[{"taxonomy":"product_cat","embeddable":true,"href":"https:\/\/www.voustensports.com\/fr\/wp-json\/wp\/v2\/product_cat?post=182332"},{"taxonomy":"product_tag","embeddable":true,"href":"https:\/\/www.voustensports.com\/fr\/wp-json\/wp\/v2\/product_tag?post=182332"}],"curies":[{"name":"wp","href":"https:\/\/api.w.org\/{rel}","templated":true}]}}