{"id":182217,"date":"2024-08-17T14:50:06","date_gmt":"2024-08-17T12:50:06","guid":{"rendered":"https:\/\/www.voustensports.com\/stone-island-reps-crinkle-teint-en-vetement-r-ny-gris-tourterelle-38672\/"},"modified":"2026-02-05T12:10:02","modified_gmt":"2026-02-05T11:10:02","slug":"stone-island-reps-crinkle-teint-en-vetement-r-ny-gris-tourterelle-38672","status":"publish","type":"product","link":"https:\/\/www.voustensports.com\/fr\/stone-island-reps-crinkle-teint-en-vetement-r-ny-gris-tourterelle-38672\/","title":{"rendered":"STONE ISLAND &#8211; REPS CRINKLE TEINT EN V\u00caTEMENT R-NY GRIS TOURTERELLE (38672)"},"content":{"rendered":"<p>D\u00c9TAILS DU PRODUIT<br \/>\nGARMENT DYED CRINKLE REPS R-NY : Veste \u00e0 capuche confectionn\u00e9e dans un reps l\u00e9ger 100% nylon recycl\u00e9 avec une construction en tissage ultra serr\u00e9. Le rev\u00eatement en r\u00e9sine de sa face int\u00e9rieure le rend r\u00e9sistant au vent et l\u00e9g\u00e8rement imperm\u00e9able. En raison du traitement \u00e0 la r\u00e9sine du mat\u00e9riau, la couleur p\u00e9n\u00e8tre de mani\u00e8re in\u00e9gale dans le mat\u00e9riau, conf\u00e9rant un aspect froiss\u00e9 \u00e0 la surface. L&rsquo;ajout d&rsquo;un agent sp\u00e9cial sans PFC \u00e0 la formule du colorant rend la pi\u00e8ce anti-goutte.<\/p>\n<p>STYLE<br \/>\nCapuche avec cordon de serrage.<br \/>\nIl peut \u00eatre emball\u00e9 gr\u00e2ce au d\u00e9tail \u00e9lastique avec bouton-pression sur le bord sup\u00e9rieur.<br \/>\nLe haut de la capuche accueille une sangle \u00e9lastiqu\u00e9e avec bouton pression, pour l&rsquo;enrouler et l&rsquo;attacher au cou.<br \/>\nRabat thoracique frontal.<br \/>\nPoches pour les mains dans la couture avec fermeture zipp\u00e9e.<br \/>\n\u00c9cusson Stone Island sur la manche gauche.<br \/>\nPoignets \u00e9lastiqu\u00e9s.<br \/>\nAu dos, sous le d\u00e9collet\u00e9, lunette avec doublure int\u00e9rieure.<br \/>\nCordon de serrage \u00e9lastiqu\u00e9 sur l&rsquo;ourlet du bas.<br \/>\nDoublure en maille de nylon.<br \/>\nFermeture zipp\u00e9e \u00e0 double sens.<\/p>\n<p>COMPOSITION<br \/>\nTissu ext\u00e9rieur : 100% Polyamide \/ Nylon<br \/>\nREV\u00caTEMENT : R\u00e9sine 100% Polyur\u00e9thanique<br \/>\nTissu secondaire : 100% Polyamide \/ Nylon<br \/>\nREV\u00caTEMENT : R\u00e9sine 100% Polyur\u00e9thanique<br \/>\nDoublure : 100% Polyamide \/ Nylon<\/p>\n<p>Num\u00e9ro de Stone Island\u00a0: 40922<br \/>\nNum\u00e9ro de couleur: V0092<br \/>\nNum\u00e9ro d&rsquo;identification: 38672<\/p>\n","protected":false},"excerpt":{"rendered":"<p>D\u00c9TAILS DU PRODUIT GARMENT DYED CRINKLE REPS R-NY : Veste \u00e0 capuche confectionn\u00e9e dans un reps l\u00e9ger 100% nylon recycl\u00e9 avec une construction en tissage ultra serr\u00e9. Le rev\u00eatement en r\u00e9sine de sa face int\u00e9rieure le rend r\u00e9sistant au vent et l\u00e9g\u00e8rement imperm\u00e9able. En raison du traitement \u00e0 la r\u00e9sine du mat\u00e9riau, la couleur p\u00e9n\u00e8tre [&#8230;]\n","protected":false},"featured_media":175081,"comment_status":"open","ping_status":"closed","template":"","meta":{"rank_math_lock_modified_date":false},"product_cat":[482,542,701,705,446,450,462],"product_tag":[],"class_list":{"0":"post-182217","1":"product","2":"type-product","3":"status-publish","4":"has-post-thumbnail","6":"product_cat-stone-island-fr-2","7":"product_cat-jassen-fr","8":"product_cat-jackets-fr","9":"product_cat-jassen-jacks-fr","10":"product_cat-kleding-fr","11":"product_cat-heren-fr","12":"product_cat-vousten-sports-fr-2","14":"first","15":"outofstock","16":"taxable","17":"shipping-taxable","18":"purchasable","19":"product-type-variable"},"acf":[],"yoast_head":"<!-- This site is optimized with the Yoast SEO plugin v23.9 - https:\/\/yoast.com\/wordpress\/plugins\/seo\/ -->\n<title>STONE ISLAND - REPS CRINKLE TEINT EN V\u00caTEMENT R-NY GRIS TOURTERELLE (38672) - Vousten Sports<\/title>\n<meta name=\"robots\" content=\"index, follow, max-snippet:-1, max-image-preview:large, max-video-preview:-1\" \/>\n<link rel=\"canonical\" href=\"https:\/\/www.voustensports.com\/fr\/stone-island-reps-crinkle-teint-en-vetement-r-ny-gris-tourterelle-38672\/\" \/>\n<meta property=\"og:locale\" content=\"fr_FR\" \/>\n<meta property=\"og:type\" content=\"article\" \/>\n<meta property=\"og:title\" content=\"STONE ISLAND - REPS CRINKLE TEINT EN V\u00caTEMENT R-NY GRIS TOURTERELLE (38672) - Vousten Sports\" \/>\n<meta property=\"og:description\" content=\"D\u00c9TAILS DU PRODUIT GARMENT DYED CRINKLE REPS R-NY : Veste \u00e0 capuche confectionn\u00e9e dans un reps l\u00e9ger 100% nylon recycl\u00e9 avec une construction en tissage ultra serr\u00e9. Le rev\u00eatement en r\u00e9sine de sa face int\u00e9rieure le rend r\u00e9sistant au vent et l\u00e9g\u00e8rement imperm\u00e9able. En raison du traitement \u00e0 la r\u00e9sine du mat\u00e9riau, la couleur p\u00e9n\u00e8tre [...]\" \/>\n<meta property=\"og:url\" content=\"https:\/\/www.voustensports.com\/fr\/stone-island-reps-crinkle-teint-en-vetement-r-ny-gris-tourterelle-38672\/\" \/>\n<meta property=\"og:site_name\" content=\"Vousten Sports\" \/>\n<meta property=\"article:modified_time\" content=\"2026-02-05T11:10:02+00:00\" \/>\n<meta property=\"og:image\" content=\"https:\/\/www.voustensports.com\/wp-content\/uploads\/2023\/06\/GARMENT-DYED-CRINKLE-REPS-R-NY-DOVE-GRAY-38672-1.png\" \/>\n\t<meta property=\"og:image:width\" content=\"1365\" \/>\n\t<meta property=\"og:image:height\" content=\"2048\" \/>\n\t<meta property=\"og:image:type\" content=\"image\/png\" \/>\n<meta name=\"twitter:card\" content=\"summary_large_image\" \/>\n<meta name=\"twitter:label1\" content=\"Est. reading time\" \/>\n\t<meta name=\"twitter:data1\" content=\"1 minute\" \/>\n<script type=\"application\/ld+json\" class=\"yoast-schema-graph\">{\"@context\":\"https:\/\/schema.org\",\"@graph\":[{\"@type\":\"WebPage\",\"@id\":\"https:\/\/www.voustensports.com\/fr\/stone-island-reps-crinkle-teint-en-vetement-r-ny-gris-tourterelle-38672\/\",\"url\":\"https:\/\/www.voustensports.com\/fr\/stone-island-reps-crinkle-teint-en-vetement-r-ny-gris-tourterelle-38672\/\",\"name\":\"STONE ISLAND - REPS CRINKLE TEINT EN V\u00caTEMENT R-NY GRIS TOURTERELLE (38672) - Vousten Sports\",\"isPartOf\":{\"@id\":\"https:\/\/www.voustensports.com\/nl\/#website\"},\"primaryImageOfPage\":{\"@id\":\"https:\/\/www.voustensports.com\/fr\/stone-island-reps-crinkle-teint-en-vetement-r-ny-gris-tourterelle-38672\/#primaryimage\"},\"image\":{\"@id\":\"https:\/\/www.voustensports.com\/fr\/stone-island-reps-crinkle-teint-en-vetement-r-ny-gris-tourterelle-38672\/#primaryimage\"},\"thumbnailUrl\":\"https:\/\/www.voustensports.com\/wp-content\/uploads\/2023\/06\/GARMENT-DYED-CRINKLE-REPS-R-NY-DOVE-GRAY-38672-1.png\",\"datePublished\":\"2024-08-17T12:50:06+00:00\",\"dateModified\":\"2026-02-05T11:10:02+00:00\",\"breadcrumb\":{\"@id\":\"https:\/\/www.voustensports.com\/fr\/stone-island-reps-crinkle-teint-en-vetement-r-ny-gris-tourterelle-38672\/#breadcrumb\"},\"inLanguage\":\"fr-FR\",\"potentialAction\":[{\"@type\":\"ReadAction\",\"target\":[\"https:\/\/www.voustensports.com\/fr\/stone-island-reps-crinkle-teint-en-vetement-r-ny-gris-tourterelle-38672\/\"]}]},{\"@type\":\"ImageObject\",\"inLanguage\":\"fr-FR\",\"@id\":\"https:\/\/www.voustensports.com\/fr\/stone-island-reps-crinkle-teint-en-vetement-r-ny-gris-tourterelle-38672\/#primaryimage\",\"url\":\"https:\/\/www.voustensports.com\/wp-content\/uploads\/2023\/06\/GARMENT-DYED-CRINKLE-REPS-R-NY-DOVE-GRAY-38672-1.png\",\"contentUrl\":\"https:\/\/www.voustensports.com\/wp-content\/uploads\/2023\/06\/GARMENT-DYED-CRINKLE-REPS-R-NY-DOVE-GRAY-38672-1.png\",\"width\":1365,\"height\":2048},{\"@type\":\"BreadcrumbList\",\"@id\":\"https:\/\/www.voustensports.com\/fr\/stone-island-reps-crinkle-teint-en-vetement-r-ny-gris-tourterelle-38672\/#breadcrumb\",\"itemListElement\":[{\"@type\":\"ListItem\",\"position\":1,\"name\":\"Home\",\"item\":\"https:\/\/www.voustensports.com\/fr\/\"},{\"@type\":\"ListItem\",\"position\":2,\"name\":\"Boutique\",\"item\":\"https:\/\/www.voustensports.com\/fr\/shop\/\"},{\"@type\":\"ListItem\",\"position\":3,\"name\":\"STONE ISLAND &#8211; REPS CRINKLE TEINT EN V\u00caTEMENT R-NY GRIS TOURTERELLE (38672)\"}]},{\"@type\":\"WebSite\",\"@id\":\"https:\/\/www.voustensports.com\/nl\/#website\",\"url\":\"https:\/\/www.voustensports.com\/nl\/\",\"name\":\"Vousten Sports\",\"description\":\"\",\"potentialAction\":[{\"@type\":\"SearchAction\",\"target\":{\"@type\":\"EntryPoint\",\"urlTemplate\":\"https:\/\/www.voustensports.com\/nl\/?s={search_term_string}\"},\"query-input\":{\"@type\":\"PropertyValueSpecification\",\"valueRequired\":true,\"valueName\":\"search_term_string\"}}],\"inLanguage\":\"fr-FR\"}]}<\/script>\n<!-- \/ Yoast SEO plugin. -->","yoast_head_json":{"title":"STONE ISLAND - REPS CRINKLE TEINT EN V\u00caTEMENT R-NY GRIS TOURTERELLE (38672) - Vousten Sports","robots":{"index":"index","follow":"follow","max-snippet":"max-snippet:-1","max-image-preview":"max-image-preview:large","max-video-preview":"max-video-preview:-1"},"canonical":"https:\/\/www.voustensports.com\/fr\/stone-island-reps-crinkle-teint-en-vetement-r-ny-gris-tourterelle-38672\/","og_locale":"fr_FR","og_type":"article","og_title":"STONE ISLAND - REPS CRINKLE TEINT EN V\u00caTEMENT R-NY GRIS TOURTERELLE (38672) - Vousten Sports","og_description":"D\u00c9TAILS DU PRODUIT GARMENT DYED CRINKLE REPS R-NY : Veste \u00e0 capuche confectionn\u00e9e dans un reps l\u00e9ger 100% nylon recycl\u00e9 avec une construction en tissage ultra serr\u00e9. Le rev\u00eatement en r\u00e9sine de sa face int\u00e9rieure le rend r\u00e9sistant au vent et l\u00e9g\u00e8rement imperm\u00e9able. En raison du traitement \u00e0 la r\u00e9sine du mat\u00e9riau, la couleur p\u00e9n\u00e8tre [...]","og_url":"https:\/\/www.voustensports.com\/fr\/stone-island-reps-crinkle-teint-en-vetement-r-ny-gris-tourterelle-38672\/","og_site_name":"Vousten Sports","article_modified_time":"2026-02-05T11:10:02+00:00","og_image":[{"width":1365,"height":2048,"url":"https:\/\/www.voustensports.com\/wp-content\/uploads\/2023\/06\/GARMENT-DYED-CRINKLE-REPS-R-NY-DOVE-GRAY-38672-1.png","type":"image\/png"}],"twitter_card":"summary_large_image","twitter_misc":{"Est. reading time":"1 minute"},"schema":{"@context":"https:\/\/schema.org","@graph":[{"@type":"WebPage","@id":"https:\/\/www.voustensports.com\/fr\/stone-island-reps-crinkle-teint-en-vetement-r-ny-gris-tourterelle-38672\/","url":"https:\/\/www.voustensports.com\/fr\/stone-island-reps-crinkle-teint-en-vetement-r-ny-gris-tourterelle-38672\/","name":"STONE ISLAND - REPS CRINKLE TEINT EN V\u00caTEMENT R-NY GRIS TOURTERELLE (38672) - Vousten Sports","isPartOf":{"@id":"https:\/\/www.voustensports.com\/nl\/#website"},"primaryImageOfPage":{"@id":"https:\/\/www.voustensports.com\/fr\/stone-island-reps-crinkle-teint-en-vetement-r-ny-gris-tourterelle-38672\/#primaryimage"},"image":{"@id":"https:\/\/www.voustensports.com\/fr\/stone-island-reps-crinkle-teint-en-vetement-r-ny-gris-tourterelle-38672\/#primaryimage"},"thumbnailUrl":"https:\/\/www.voustensports.com\/wp-content\/uploads\/2023\/06\/GARMENT-DYED-CRINKLE-REPS-R-NY-DOVE-GRAY-38672-1.png","datePublished":"2024-08-17T12:50:06+00:00","dateModified":"2026-02-05T11:10:02+00:00","breadcrumb":{"@id":"https:\/\/www.voustensports.com\/fr\/stone-island-reps-crinkle-teint-en-vetement-r-ny-gris-tourterelle-38672\/#breadcrumb"},"inLanguage":"fr-FR","potentialAction":[{"@type":"ReadAction","target":["https:\/\/www.voustensports.com\/fr\/stone-island-reps-crinkle-teint-en-vetement-r-ny-gris-tourterelle-38672\/"]}]},{"@type":"ImageObject","inLanguage":"fr-FR","@id":"https:\/\/www.voustensports.com\/fr\/stone-island-reps-crinkle-teint-en-vetement-r-ny-gris-tourterelle-38672\/#primaryimage","url":"https:\/\/www.voustensports.com\/wp-content\/uploads\/2023\/06\/GARMENT-DYED-CRINKLE-REPS-R-NY-DOVE-GRAY-38672-1.png","contentUrl":"https:\/\/www.voustensports.com\/wp-content\/uploads\/2023\/06\/GARMENT-DYED-CRINKLE-REPS-R-NY-DOVE-GRAY-38672-1.png","width":1365,"height":2048},{"@type":"BreadcrumbList","@id":"https:\/\/www.voustensports.com\/fr\/stone-island-reps-crinkle-teint-en-vetement-r-ny-gris-tourterelle-38672\/#breadcrumb","itemListElement":[{"@type":"ListItem","position":1,"name":"Home","item":"https:\/\/www.voustensports.com\/fr\/"},{"@type":"ListItem","position":2,"name":"Boutique","item":"https:\/\/www.voustensports.com\/fr\/shop\/"},{"@type":"ListItem","position":3,"name":"STONE ISLAND &#8211; REPS CRINKLE TEINT EN V\u00caTEMENT R-NY GRIS TOURTERELLE (38672)"}]},{"@type":"WebSite","@id":"https:\/\/www.voustensports.com\/nl\/#website","url":"https:\/\/www.voustensports.com\/nl\/","name":"Vousten Sports","description":"","potentialAction":[{"@type":"SearchAction","target":{"@type":"EntryPoint","urlTemplate":"https:\/\/www.voustensports.com\/nl\/?s={search_term_string}"},"query-input":{"@type":"PropertyValueSpecification","valueRequired":true,"valueName":"search_term_string"}}],"inLanguage":"fr-FR"}]}},"_links":{"self":[{"href":"https:\/\/www.voustensports.com\/fr\/wp-json\/wp\/v2\/product\/182217","targetHints":{"allow":["GET"]}}],"collection":[{"href":"https:\/\/www.voustensports.com\/fr\/wp-json\/wp\/v2\/product"}],"about":[{"href":"https:\/\/www.voustensports.com\/fr\/wp-json\/wp\/v2\/types\/product"}],"replies":[{"embeddable":true,"href":"https:\/\/www.voustensports.com\/fr\/wp-json\/wp\/v2\/comments?post=182217"}],"wp:featuredmedia":[{"embeddable":true,"href":"https:\/\/www.voustensports.com\/fr\/wp-json\/wp\/v2\/media\/175081"}],"wp:attachment":[{"href":"https:\/\/www.voustensports.com\/fr\/wp-json\/wp\/v2\/media?parent=182217"}],"wp:term":[{"taxonomy":"product_cat","embeddable":true,"href":"https:\/\/www.voustensports.com\/fr\/wp-json\/wp\/v2\/product_cat?post=182217"},{"taxonomy":"product_tag","embeddable":true,"href":"https:\/\/www.voustensports.com\/fr\/wp-json\/wp\/v2\/product_tag?post=182217"}],"curies":[{"name":"wp","href":"https:\/\/api.w.org\/{rel}","templated":true}]}}