{"id":182073,"date":"2024-08-16T18:00:33","date_gmt":"2024-08-16T16:00:34","guid":{"rendered":"https:\/\/www.voustensports.com\/hogan-h601-sneaker-vert-39672\/"},"modified":"2026-02-05T12:21:31","modified_gmt":"2026-02-05T11:21:31","slug":"hogan-h601-sneaker-vert-39672","status":"publish","type":"product","link":"https:\/\/www.voustensports.com\/fr\/hogan-h601-sneaker-vert-39672\/","title":{"rendered":"HOGAN &#8211; H601 Sneaker vert (39672)"},"content":{"rendered":"<p>Un look audacieux, un style cool et une ambiance r\u00e9tro sont r\u00e9unis dans les baskets Hogan H601. Con\u00e7ue pour une adh\u00e9rence optimale, la semelle ext\u00e9rieure l\u00e9g\u00e8re est dot\u00e9e d&rsquo;une bande de roulement avec des pointes en forme de H. Ces baskets sont dot\u00e9es d&rsquo;une tige en daim et cuir nappa, avec un c\u00f4t\u00e9 H en cuir lisse. La semelle int\u00e9rieure en mousse \u00e0 m\u00e9moire de forme garantit un ajustement amorti.<\/p>\n<ul>\n<li>Baskets Hogan H601 pour hommes<\/li>\n<li>Fabriqu\u00e9 en Italie<\/li>\n<li>Tige en daim<\/li>\n<li>Empi\u00e8cements en cuir nappa<\/li>\n<li>C\u00f4t\u00e9 cuir lisse H<\/li>\n<li>Semelle int\u00e9rieure en mousse \u00e0 m\u00e9moire de forme 8 mm<\/li>\n<li>Semelle ext\u00e9rieure en caoutchouc<\/li>\n<li>Hauteur totale de la semelle 4,5 cm<\/li>\n<li>Cartes d&rsquo;entretien et de soins incluses<\/li>\n<li>Dustbag en tissu inclus<\/li>\n<li>Lacets suppl\u00e9mentaires inclus<\/li>\n<\/ul>\n","protected":false},"excerpt":{"rendered":"<p>Un look audacieux, un style cool et une ambiance r\u00e9tro sont r\u00e9unis dans les baskets Hogan H601. Con\u00e7ue pour une adh\u00e9rence optimale, la semelle ext\u00e9rieure l\u00e9g\u00e8re est dot\u00e9e d&rsquo;une bande de roulement avec des pointes en forme de H. Ces baskets sont dot\u00e9es d&rsquo;une tige en daim et cuir nappa, avec un c\u00f4t\u00e9 H en [&#8230;]\n","protected":false},"featured_media":193943,"comment_status":"open","ping_status":"closed","template":"","meta":{"rank_math_lock_modified_date":false},"product_cat":[522,526,530,916,450,462,518],"product_tag":[],"class_list":{"0":"post-182073","1":"product","2":"type-product","3":"status-publish","4":"has-post-thumbnail","6":"product_cat-schoenen-fr-2","7":"product_cat-sneakers-fr-2","8":"product_cat-herenschoenen-fr","9":"product_cat-veterschoenen-fr","10":"product_cat-heren-fr","11":"product_cat-vousten-sports-fr-2","12":"product_cat-hogan-fr","14":"first","15":"outofstock","16":"taxable","17":"shipping-taxable","18":"purchasable","19":"product-type-variable"},"acf":[],"yoast_head":"<!-- This site is optimized with the Yoast SEO plugin v23.9 - https:\/\/yoast.com\/wordpress\/plugins\/seo\/ -->\n<title>HOGAN - H601 Sneaker vert (39672) - Vousten Sports<\/title>\n<meta name=\"robots\" content=\"index, follow, max-snippet:-1, max-image-preview:large, max-video-preview:-1\" \/>\n<link rel=\"canonical\" href=\"https:\/\/www.voustensports.com\/fr\/hogan-h601-sneaker-vert-39672\/\" \/>\n<meta property=\"og:locale\" content=\"fr_FR\" \/>\n<meta property=\"og:type\" content=\"article\" \/>\n<meta property=\"og:title\" content=\"HOGAN - H601 Sneaker vert (39672) - Vousten Sports\" \/>\n<meta property=\"og:description\" content=\"Un look audacieux, un style cool et une ambiance r\u00e9tro sont r\u00e9unis dans les baskets Hogan H601. Con\u00e7ue pour une adh\u00e9rence optimale, la semelle ext\u00e9rieure l\u00e9g\u00e8re est dot\u00e9e d&rsquo;une bande de roulement avec des pointes en forme de H. Ces baskets sont dot\u00e9es d&rsquo;une tige en daim et cuir nappa, avec un c\u00f4t\u00e9 H en [...]\" \/>\n<meta property=\"og:url\" content=\"https:\/\/www.voustensports.com\/fr\/hogan-h601-sneaker-vert-39672\/\" \/>\n<meta property=\"og:site_name\" content=\"Vousten Sports\" \/>\n<meta property=\"article:modified_time\" content=\"2026-02-05T11:21:31+00:00\" \/>\n<meta property=\"og:image\" content=\"https:\/\/www.voustensports.com\/wp-content\/uploads\/2023\/06\/HOGAN-H601-Sneaker-groen-39672.png\" \/>\n\t<meta property=\"og:image:width\" content=\"1400\" \/>\n\t<meta property=\"og:image:height\" content=\"1400\" \/>\n\t<meta property=\"og:image:type\" content=\"image\/png\" \/>\n<meta name=\"twitter:card\" content=\"summary_large_image\" \/>\n<meta name=\"twitter:label1\" content=\"Est. reading time\" \/>\n\t<meta name=\"twitter:data1\" content=\"1 minute\" \/>\n<script type=\"application\/ld+json\" class=\"yoast-schema-graph\">{\"@context\":\"https:\/\/schema.org\",\"@graph\":[{\"@type\":\"WebPage\",\"@id\":\"https:\/\/www.voustensports.com\/fr\/hogan-h601-sneaker-vert-39672\/\",\"url\":\"https:\/\/www.voustensports.com\/fr\/hogan-h601-sneaker-vert-39672\/\",\"name\":\"HOGAN - H601 Sneaker vert (39672) - Vousten Sports\",\"isPartOf\":{\"@id\":\"https:\/\/www.voustensports.com\/nl\/#website\"},\"primaryImageOfPage\":{\"@id\":\"https:\/\/www.voustensports.com\/fr\/hogan-h601-sneaker-vert-39672\/#primaryimage\"},\"image\":{\"@id\":\"https:\/\/www.voustensports.com\/fr\/hogan-h601-sneaker-vert-39672\/#primaryimage\"},\"thumbnailUrl\":\"https:\/\/www.voustensports.com\/wp-content\/uploads\/2023\/06\/H601-Sneaker-groen-396721.png\",\"datePublished\":\"2024-08-16T16:00:34+00:00\",\"dateModified\":\"2026-02-05T11:21:31+00:00\",\"breadcrumb\":{\"@id\":\"https:\/\/www.voustensports.com\/fr\/hogan-h601-sneaker-vert-39672\/#breadcrumb\"},\"inLanguage\":\"fr-FR\",\"potentialAction\":[{\"@type\":\"ReadAction\",\"target\":[\"https:\/\/www.voustensports.com\/fr\/hogan-h601-sneaker-vert-39672\/\"]}]},{\"@type\":\"ImageObject\",\"inLanguage\":\"fr-FR\",\"@id\":\"https:\/\/www.voustensports.com\/fr\/hogan-h601-sneaker-vert-39672\/#primaryimage\",\"url\":\"https:\/\/www.voustensports.com\/wp-content\/uploads\/2023\/06\/H601-Sneaker-groen-396721.png\",\"contentUrl\":\"https:\/\/www.voustensports.com\/wp-content\/uploads\/2023\/06\/H601-Sneaker-groen-396721.png\",\"width\":2000,\"height\":2000},{\"@type\":\"BreadcrumbList\",\"@id\":\"https:\/\/www.voustensports.com\/fr\/hogan-h601-sneaker-vert-39672\/#breadcrumb\",\"itemListElement\":[{\"@type\":\"ListItem\",\"position\":1,\"name\":\"Home\",\"item\":\"https:\/\/www.voustensports.com\/fr\/\"},{\"@type\":\"ListItem\",\"position\":2,\"name\":\"Boutique\",\"item\":\"https:\/\/www.voustensports.com\/fr\/shop\/\"},{\"@type\":\"ListItem\",\"position\":3,\"name\":\"HOGAN &#8211; H601 Sneaker vert (39672)\"}]},{\"@type\":\"WebSite\",\"@id\":\"https:\/\/www.voustensports.com\/nl\/#website\",\"url\":\"https:\/\/www.voustensports.com\/nl\/\",\"name\":\"Vousten Sports\",\"description\":\"\",\"potentialAction\":[{\"@type\":\"SearchAction\",\"target\":{\"@type\":\"EntryPoint\",\"urlTemplate\":\"https:\/\/www.voustensports.com\/nl\/?s={search_term_string}\"},\"query-input\":{\"@type\":\"PropertyValueSpecification\",\"valueRequired\":true,\"valueName\":\"search_term_string\"}}],\"inLanguage\":\"fr-FR\"}]}<\/script>\n<!-- \/ Yoast SEO plugin. -->","yoast_head_json":{"title":"HOGAN - H601 Sneaker vert (39672) - Vousten Sports","robots":{"index":"index","follow":"follow","max-snippet":"max-snippet:-1","max-image-preview":"max-image-preview:large","max-video-preview":"max-video-preview:-1"},"canonical":"https:\/\/www.voustensports.com\/fr\/hogan-h601-sneaker-vert-39672\/","og_locale":"fr_FR","og_type":"article","og_title":"HOGAN - H601 Sneaker vert (39672) - Vousten Sports","og_description":"Un look audacieux, un style cool et une ambiance r\u00e9tro sont r\u00e9unis dans les baskets Hogan H601. Con\u00e7ue pour une adh\u00e9rence optimale, la semelle ext\u00e9rieure l\u00e9g\u00e8re est dot\u00e9e d&rsquo;une bande de roulement avec des pointes en forme de H. Ces baskets sont dot\u00e9es d&rsquo;une tige en daim et cuir nappa, avec un c\u00f4t\u00e9 H en [...]","og_url":"https:\/\/www.voustensports.com\/fr\/hogan-h601-sneaker-vert-39672\/","og_site_name":"Vousten Sports","article_modified_time":"2026-02-05T11:21:31+00:00","og_image":[{"width":1400,"height":1400,"url":"https:\/\/www.voustensports.com\/wp-content\/uploads\/2023\/06\/HOGAN-H601-Sneaker-groen-39672.png","type":"image\/png"}],"twitter_card":"summary_large_image","twitter_misc":{"Est. reading time":"1 minute"},"schema":{"@context":"https:\/\/schema.org","@graph":[{"@type":"WebPage","@id":"https:\/\/www.voustensports.com\/fr\/hogan-h601-sneaker-vert-39672\/","url":"https:\/\/www.voustensports.com\/fr\/hogan-h601-sneaker-vert-39672\/","name":"HOGAN - H601 Sneaker vert (39672) - Vousten Sports","isPartOf":{"@id":"https:\/\/www.voustensports.com\/nl\/#website"},"primaryImageOfPage":{"@id":"https:\/\/www.voustensports.com\/fr\/hogan-h601-sneaker-vert-39672\/#primaryimage"},"image":{"@id":"https:\/\/www.voustensports.com\/fr\/hogan-h601-sneaker-vert-39672\/#primaryimage"},"thumbnailUrl":"https:\/\/www.voustensports.com\/wp-content\/uploads\/2023\/06\/H601-Sneaker-groen-396721.png","datePublished":"2024-08-16T16:00:34+00:00","dateModified":"2026-02-05T11:21:31+00:00","breadcrumb":{"@id":"https:\/\/www.voustensports.com\/fr\/hogan-h601-sneaker-vert-39672\/#breadcrumb"},"inLanguage":"fr-FR","potentialAction":[{"@type":"ReadAction","target":["https:\/\/www.voustensports.com\/fr\/hogan-h601-sneaker-vert-39672\/"]}]},{"@type":"ImageObject","inLanguage":"fr-FR","@id":"https:\/\/www.voustensports.com\/fr\/hogan-h601-sneaker-vert-39672\/#primaryimage","url":"https:\/\/www.voustensports.com\/wp-content\/uploads\/2023\/06\/H601-Sneaker-groen-396721.png","contentUrl":"https:\/\/www.voustensports.com\/wp-content\/uploads\/2023\/06\/H601-Sneaker-groen-396721.png","width":2000,"height":2000},{"@type":"BreadcrumbList","@id":"https:\/\/www.voustensports.com\/fr\/hogan-h601-sneaker-vert-39672\/#breadcrumb","itemListElement":[{"@type":"ListItem","position":1,"name":"Home","item":"https:\/\/www.voustensports.com\/fr\/"},{"@type":"ListItem","position":2,"name":"Boutique","item":"https:\/\/www.voustensports.com\/fr\/shop\/"},{"@type":"ListItem","position":3,"name":"HOGAN &#8211; H601 Sneaker vert (39672)"}]},{"@type":"WebSite","@id":"https:\/\/www.voustensports.com\/nl\/#website","url":"https:\/\/www.voustensports.com\/nl\/","name":"Vousten Sports","description":"","potentialAction":[{"@type":"SearchAction","target":{"@type":"EntryPoint","urlTemplate":"https:\/\/www.voustensports.com\/nl\/?s={search_term_string}"},"query-input":{"@type":"PropertyValueSpecification","valueRequired":true,"valueName":"search_term_string"}}],"inLanguage":"fr-FR"}]}},"_links":{"self":[{"href":"https:\/\/www.voustensports.com\/fr\/wp-json\/wp\/v2\/product\/182073","targetHints":{"allow":["GET"]}}],"collection":[{"href":"https:\/\/www.voustensports.com\/fr\/wp-json\/wp\/v2\/product"}],"about":[{"href":"https:\/\/www.voustensports.com\/fr\/wp-json\/wp\/v2\/types\/product"}],"replies":[{"embeddable":true,"href":"https:\/\/www.voustensports.com\/fr\/wp-json\/wp\/v2\/comments?post=182073"}],"wp:featuredmedia":[{"embeddable":true,"href":"https:\/\/www.voustensports.com\/fr\/wp-json\/wp\/v2\/media\/193943"}],"wp:attachment":[{"href":"https:\/\/www.voustensports.com\/fr\/wp-json\/wp\/v2\/media?parent=182073"}],"wp:term":[{"taxonomy":"product_cat","embeddable":true,"href":"https:\/\/www.voustensports.com\/fr\/wp-json\/wp\/v2\/product_cat?post=182073"},{"taxonomy":"product_tag","embeddable":true,"href":"https:\/\/www.voustensports.com\/fr\/wp-json\/wp\/v2\/product_tag?post=182073"}],"curies":[{"name":"wp","href":"https:\/\/api.w.org\/{rel}","templated":true}]}}