{"id":181810,"date":"2024-08-16T11:46:08","date_gmt":"2024-08-16T09:46:08","guid":{"rendered":"https:\/\/www.voustensports.com\/stone-island-pull-stretch-laine-rws-vert-39469\/"},"modified":"2026-02-05T12:18:50","modified_gmt":"2026-02-05T11:18:50","slug":"stone-island-pull-stretch-laine-rws-vert-39469","status":"publish","type":"product","link":"https:\/\/www.voustensports.com\/fr\/stone-island-pull-stretch-laine-rws-vert-39469\/","title":{"rendered":"STONE ISLAND &#8211; PULL STRETCH LAINE RWS VERT (39469)"},"content":{"rendered":"<div>D\u00c9TAILS DU PRODUIT<\/div>\n<div>Tricot ras du cou en laine stretch certifi\u00e9e RWS. Jersey. Jauge 12. Le Responsible Wool Standard (RWS) d\u00e9crit et certifie les pratiques de bien-\u00eatre animal et de gestion des terres dans la production de laine et suit le mat\u00e9riau certifi\u00e9 de la ferme au produit final.<\/div>\n<div><\/div>\n<div>STYLE<\/div>\n<div>Col uni. Motif c\u00f4tel\u00e9 aux \u00e9paules, aux emmanchures et sur les c\u00f4t\u00e9s. \u00c9cusson Stone Island sur la manche gauche. Poignets et bande inf\u00e9rieure droits. Coupe r\u00e9guli\u00e8re.<\/div>\n<div><\/div>\n<div>COMPOSITION<\/div>\n<div>88% Laine Vierge 12% Polyester<\/div>\n<div><\/div>\n<div>Num\u00e9ro de Stone Island : 5526A1<\/div>\n<div>Num\u00e9ro de couleur: V0059<br \/>\nNum\u00e9ro d&rsquo;identification : 39469<\/div>\n","protected":false},"excerpt":{"rendered":"<p>D\u00c9TAILS DU PRODUIT Tricot ras du cou en laine stretch certifi\u00e9e RWS. Jersey. Jauge 12. Le Responsible Wool Standard (RWS) d\u00e9crit et certifie les pratiques de bien-\u00eatre animal et de gestion des terres dans la production de laine et suit le mat\u00e9riau certifi\u00e9 de la ferme au produit final. STYLE Col uni. Motif c\u00f4tel\u00e9 aux [&#8230;]\n","protected":false},"featured_media":181797,"comment_status":"open","ping_status":"closed","template":"","meta":{"rank_math_lock_modified_date":false},"product_cat":[482,534,538,694,446,450,462],"product_tag":[],"class_list":{"0":"post-181810","1":"product","2":"type-product","3":"status-publish","4":"has-post-thumbnail","6":"product_cat-stone-island-fr-2","7":"product_cat-truien-fr-2","8":"product_cat-knitwear-fr","9":"product_cat-truien-vesten-fr-2","10":"product_cat-kleding-fr","11":"product_cat-heren-fr","12":"product_cat-vousten-sports-fr-2","14":"first","15":"instock","16":"taxable","17":"shipping-taxable","18":"purchasable","19":"product-type-variable"},"acf":[],"yoast_head":"<!-- This site is optimized with the Yoast SEO plugin v23.9 - https:\/\/yoast.com\/wordpress\/plugins\/seo\/ -->\n<title>STONE ISLAND - PULL STRETCH LAINE RWS VERT (39469) - Vousten Sports<\/title>\n<meta name=\"robots\" content=\"index, follow, max-snippet:-1, max-image-preview:large, max-video-preview:-1\" \/>\n<link rel=\"canonical\" href=\"https:\/\/www.voustensports.com\/fr\/stone-island-pull-stretch-laine-rws-vert-39469\/\" \/>\n<meta property=\"og:locale\" content=\"fr_FR\" \/>\n<meta property=\"og:type\" content=\"article\" \/>\n<meta property=\"og:title\" content=\"STONE ISLAND - PULL STRETCH LAINE RWS VERT (39469) - Vousten Sports\" \/>\n<meta property=\"og:description\" content=\"D\u00c9TAILS DU PRODUIT Tricot ras du cou en laine stretch certifi\u00e9e RWS. Jersey. Jauge 12. Le Responsible Wool Standard (RWS) d\u00e9crit et certifie les pratiques de bien-\u00eatre animal et de gestion des terres dans la production de laine et suit le mat\u00e9riau certifi\u00e9 de la ferme au produit final. STYLE Col uni. Motif c\u00f4tel\u00e9 aux [...]\" \/>\n<meta property=\"og:url\" content=\"https:\/\/www.voustensports.com\/fr\/stone-island-pull-stretch-laine-rws-vert-39469\/\" \/>\n<meta property=\"og:site_name\" content=\"Vousten Sports\" \/>\n<meta property=\"article:modified_time\" content=\"2026-02-05T11:18:50+00:00\" \/>\n<meta property=\"og:image\" content=\"https:\/\/www.voustensports.com\/wp-content\/uploads\/2023\/06\/SWEATER-STRETCH-RWS-WOL-GROEN-39469-1.jpg\" \/>\n\t<meta property=\"og:image:width\" content=\"1365\" \/>\n\t<meta property=\"og:image:height\" content=\"2048\" \/>\n\t<meta property=\"og:image:type\" content=\"image\/jpeg\" \/>\n<meta name=\"twitter:card\" content=\"summary_large_image\" \/>\n<meta name=\"twitter:label1\" content=\"Est. reading time\" \/>\n\t<meta name=\"twitter:data1\" content=\"1 minute\" \/>\n<script type=\"application\/ld+json\" class=\"yoast-schema-graph\">{\"@context\":\"https:\/\/schema.org\",\"@graph\":[{\"@type\":\"WebPage\",\"@id\":\"https:\/\/www.voustensports.com\/fr\/stone-island-pull-stretch-laine-rws-vert-39469\/\",\"url\":\"https:\/\/www.voustensports.com\/fr\/stone-island-pull-stretch-laine-rws-vert-39469\/\",\"name\":\"STONE ISLAND - PULL STRETCH LAINE RWS VERT (39469) - Vousten Sports\",\"isPartOf\":{\"@id\":\"https:\/\/www.voustensports.com\/nl\/#website\"},\"primaryImageOfPage\":{\"@id\":\"https:\/\/www.voustensports.com\/fr\/stone-island-pull-stretch-laine-rws-vert-39469\/#primaryimage\"},\"image\":{\"@id\":\"https:\/\/www.voustensports.com\/fr\/stone-island-pull-stretch-laine-rws-vert-39469\/#primaryimage\"},\"thumbnailUrl\":\"https:\/\/www.voustensports.com\/wp-content\/uploads\/2023\/06\/SWEATER-STRETCH-RWS-WOL-GROEN-39469-1.jpg\",\"datePublished\":\"2024-08-16T09:46:08+00:00\",\"dateModified\":\"2026-02-05T11:18:50+00:00\",\"breadcrumb\":{\"@id\":\"https:\/\/www.voustensports.com\/fr\/stone-island-pull-stretch-laine-rws-vert-39469\/#breadcrumb\"},\"inLanguage\":\"fr-FR\",\"potentialAction\":[{\"@type\":\"ReadAction\",\"target\":[\"https:\/\/www.voustensports.com\/fr\/stone-island-pull-stretch-laine-rws-vert-39469\/\"]}]},{\"@type\":\"ImageObject\",\"inLanguage\":\"fr-FR\",\"@id\":\"https:\/\/www.voustensports.com\/fr\/stone-island-pull-stretch-laine-rws-vert-39469\/#primaryimage\",\"url\":\"https:\/\/www.voustensports.com\/wp-content\/uploads\/2023\/06\/SWEATER-STRETCH-RWS-WOL-GROEN-39469-1.jpg\",\"contentUrl\":\"https:\/\/www.voustensports.com\/wp-content\/uploads\/2023\/06\/SWEATER-STRETCH-RWS-WOL-GROEN-39469-1.jpg\",\"width\":1365,\"height\":2048},{\"@type\":\"BreadcrumbList\",\"@id\":\"https:\/\/www.voustensports.com\/fr\/stone-island-pull-stretch-laine-rws-vert-39469\/#breadcrumb\",\"itemListElement\":[{\"@type\":\"ListItem\",\"position\":1,\"name\":\"Home\",\"item\":\"https:\/\/www.voustensports.com\/fr\/\"},{\"@type\":\"ListItem\",\"position\":2,\"name\":\"Boutique\",\"item\":\"https:\/\/www.voustensports.com\/fr\/shop\/\"},{\"@type\":\"ListItem\",\"position\":3,\"name\":\"STONE ISLAND &#8211; PULL STRETCH LAINE RWS VERT (39469)\"}]},{\"@type\":\"WebSite\",\"@id\":\"https:\/\/www.voustensports.com\/nl\/#website\",\"url\":\"https:\/\/www.voustensports.com\/nl\/\",\"name\":\"Vousten Sports\",\"description\":\"\",\"potentialAction\":[{\"@type\":\"SearchAction\",\"target\":{\"@type\":\"EntryPoint\",\"urlTemplate\":\"https:\/\/www.voustensports.com\/nl\/?s={search_term_string}\"},\"query-input\":{\"@type\":\"PropertyValueSpecification\",\"valueRequired\":true,\"valueName\":\"search_term_string\"}}],\"inLanguage\":\"fr-FR\"}]}<\/script>\n<!-- \/ Yoast SEO plugin. -->","yoast_head_json":{"title":"STONE ISLAND - PULL STRETCH LAINE RWS VERT (39469) - Vousten Sports","robots":{"index":"index","follow":"follow","max-snippet":"max-snippet:-1","max-image-preview":"max-image-preview:large","max-video-preview":"max-video-preview:-1"},"canonical":"https:\/\/www.voustensports.com\/fr\/stone-island-pull-stretch-laine-rws-vert-39469\/","og_locale":"fr_FR","og_type":"article","og_title":"STONE ISLAND - PULL STRETCH LAINE RWS VERT (39469) - Vousten Sports","og_description":"D\u00c9TAILS DU PRODUIT Tricot ras du cou en laine stretch certifi\u00e9e RWS. Jersey. Jauge 12. Le Responsible Wool Standard (RWS) d\u00e9crit et certifie les pratiques de bien-\u00eatre animal et de gestion des terres dans la production de laine et suit le mat\u00e9riau certifi\u00e9 de la ferme au produit final. STYLE Col uni. Motif c\u00f4tel\u00e9 aux [...]","og_url":"https:\/\/www.voustensports.com\/fr\/stone-island-pull-stretch-laine-rws-vert-39469\/","og_site_name":"Vousten Sports","article_modified_time":"2026-02-05T11:18:50+00:00","og_image":[{"width":1365,"height":2048,"url":"https:\/\/www.voustensports.com\/wp-content\/uploads\/2023\/06\/SWEATER-STRETCH-RWS-WOL-GROEN-39469-1.jpg","type":"image\/jpeg"}],"twitter_card":"summary_large_image","twitter_misc":{"Est. reading time":"1 minute"},"schema":{"@context":"https:\/\/schema.org","@graph":[{"@type":"WebPage","@id":"https:\/\/www.voustensports.com\/fr\/stone-island-pull-stretch-laine-rws-vert-39469\/","url":"https:\/\/www.voustensports.com\/fr\/stone-island-pull-stretch-laine-rws-vert-39469\/","name":"STONE ISLAND - PULL STRETCH LAINE RWS VERT (39469) - Vousten Sports","isPartOf":{"@id":"https:\/\/www.voustensports.com\/nl\/#website"},"primaryImageOfPage":{"@id":"https:\/\/www.voustensports.com\/fr\/stone-island-pull-stretch-laine-rws-vert-39469\/#primaryimage"},"image":{"@id":"https:\/\/www.voustensports.com\/fr\/stone-island-pull-stretch-laine-rws-vert-39469\/#primaryimage"},"thumbnailUrl":"https:\/\/www.voustensports.com\/wp-content\/uploads\/2023\/06\/SWEATER-STRETCH-RWS-WOL-GROEN-39469-1.jpg","datePublished":"2024-08-16T09:46:08+00:00","dateModified":"2026-02-05T11:18:50+00:00","breadcrumb":{"@id":"https:\/\/www.voustensports.com\/fr\/stone-island-pull-stretch-laine-rws-vert-39469\/#breadcrumb"},"inLanguage":"fr-FR","potentialAction":[{"@type":"ReadAction","target":["https:\/\/www.voustensports.com\/fr\/stone-island-pull-stretch-laine-rws-vert-39469\/"]}]},{"@type":"ImageObject","inLanguage":"fr-FR","@id":"https:\/\/www.voustensports.com\/fr\/stone-island-pull-stretch-laine-rws-vert-39469\/#primaryimage","url":"https:\/\/www.voustensports.com\/wp-content\/uploads\/2023\/06\/SWEATER-STRETCH-RWS-WOL-GROEN-39469-1.jpg","contentUrl":"https:\/\/www.voustensports.com\/wp-content\/uploads\/2023\/06\/SWEATER-STRETCH-RWS-WOL-GROEN-39469-1.jpg","width":1365,"height":2048},{"@type":"BreadcrumbList","@id":"https:\/\/www.voustensports.com\/fr\/stone-island-pull-stretch-laine-rws-vert-39469\/#breadcrumb","itemListElement":[{"@type":"ListItem","position":1,"name":"Home","item":"https:\/\/www.voustensports.com\/fr\/"},{"@type":"ListItem","position":2,"name":"Boutique","item":"https:\/\/www.voustensports.com\/fr\/shop\/"},{"@type":"ListItem","position":3,"name":"STONE ISLAND &#8211; PULL STRETCH LAINE RWS VERT (39469)"}]},{"@type":"WebSite","@id":"https:\/\/www.voustensports.com\/nl\/#website","url":"https:\/\/www.voustensports.com\/nl\/","name":"Vousten Sports","description":"","potentialAction":[{"@type":"SearchAction","target":{"@type":"EntryPoint","urlTemplate":"https:\/\/www.voustensports.com\/nl\/?s={search_term_string}"},"query-input":{"@type":"PropertyValueSpecification","valueRequired":true,"valueName":"search_term_string"}}],"inLanguage":"fr-FR"}]}},"_links":{"self":[{"href":"https:\/\/www.voustensports.com\/fr\/wp-json\/wp\/v2\/product\/181810","targetHints":{"allow":["GET"]}}],"collection":[{"href":"https:\/\/www.voustensports.com\/fr\/wp-json\/wp\/v2\/product"}],"about":[{"href":"https:\/\/www.voustensports.com\/fr\/wp-json\/wp\/v2\/types\/product"}],"replies":[{"embeddable":true,"href":"https:\/\/www.voustensports.com\/fr\/wp-json\/wp\/v2\/comments?post=181810"}],"wp:featuredmedia":[{"embeddable":true,"href":"https:\/\/www.voustensports.com\/fr\/wp-json\/wp\/v2\/media\/181797"}],"wp:attachment":[{"href":"https:\/\/www.voustensports.com\/fr\/wp-json\/wp\/v2\/media?parent=181810"}],"wp:term":[{"taxonomy":"product_cat","embeddable":true,"href":"https:\/\/www.voustensports.com\/fr\/wp-json\/wp\/v2\/product_cat?post=181810"},{"taxonomy":"product_tag","embeddable":true,"href":"https:\/\/www.voustensports.com\/fr\/wp-json\/wp\/v2\/product_tag?post=181810"}],"curies":[{"name":"wp","href":"https:\/\/api.w.org\/{rel}","templated":true}]}}