{"id":181761,"date":"2024-08-15T18:16:12","date_gmt":"2024-08-15T16:16:12","guid":{"rendered":"https:\/\/www.voustensports.com\/hogan-hyperlight-sneaker-brun-39669\/"},"modified":"2026-02-16T10:21:06","modified_gmt":"2026-02-16T09:21:06","slug":"hogan-hyperlight-sneaker-brun-39669","status":"publish","type":"product","link":"https:\/\/www.voustensports.com\/fr\/hogan-hyperlight-sneaker-brun-39669\/","title":{"rendered":"HOGAN &#8211; Hyperlight Sneaker brun (39669)"},"content":{"rendered":"<p>Caract\u00e9ris\u00e9es par des formes douces et dynamiques, les baskets Hogan Hyperlight allient les lignes des chaussures de jogging et les caract\u00e9ristiques urbaines. La tige en daim et les empi\u00e8cements en tissu technique rappellent les d\u00e9tails embl\u00e9matiques de la marque et sont rehauss\u00e9s par le H lat\u00e9ral. Un style dynamique, avec une semelle int\u00e9rieure en mousse \u00e0 m\u00e9moire de forme et une semelle ext\u00e9rieure l\u00e9g\u00e8re \u00e0 crampons.<\/p>\n<ul>\n<li>Baskets Hogan Hyperlight pour hommes<\/li>\n<li>Fabriqu\u00e9 en Italie<\/li>\n<li>Tige en daim<\/li>\n<li>Inserts en tissu technique<\/li>\n<li>C\u00f4t\u00e9 H<\/li>\n<li>Semelle int\u00e9rieure en mousse \u00e0 m\u00e9moire de forme 8 mm<\/li>\n<li>Semelle ext\u00e9rieure en caoutchouc<\/li>\n<li>Hauteur totale de la semelle 4,5 cm<\/li>\n<li>Cartes d&rsquo;entretien et de soins incluses<\/li>\n<li>Dustbag en tissu inclus<\/li>\n<li>Lacets suppl\u00e9mentaires inclus<\/li>\n<\/ul>\n","protected":false},"excerpt":{"rendered":"<p>Caract\u00e9ris\u00e9es par des formes douces et dynamiques, les baskets Hogan Hyperlight allient les lignes des chaussures de jogging et les caract\u00e9ristiques urbaines. La tige en daim et les empi\u00e8cements en tissu technique rappellent les d\u00e9tails embl\u00e9matiques de la marque et sont rehauss\u00e9s par le H lat\u00e9ral. Un style dynamique, avec une semelle int\u00e9rieure en mousse [&#8230;]\n","protected":false},"featured_media":193775,"comment_status":"open","ping_status":"closed","template":"","meta":{"rank_math_lock_modified_date":false},"product_cat":[450,462,518,522,526,530,916],"product_tag":[],"class_list":{"0":"post-181761","1":"product","2":"type-product","3":"status-publish","4":"has-post-thumbnail","6":"product_cat-heren-fr","7":"product_cat-vousten-sports-fr-2","8":"product_cat-hogan-fr","9":"product_cat-schoenen-fr-2","10":"product_cat-sneakers-fr-2","11":"product_cat-herenschoenen-fr","12":"product_cat-veterschoenen-fr","14":"first","15":"outofstock","16":"taxable","17":"shipping-taxable","18":"purchasable","19":"product-type-variable"},"acf":[],"yoast_head":"<!-- This site is optimized with the Yoast SEO plugin v23.9 - https:\/\/yoast.com\/wordpress\/plugins\/seo\/ -->\n<title>HOGAN - Hyperlight Sneaker brun (39669) - Vousten Sports<\/title>\n<meta name=\"robots\" content=\"index, follow, max-snippet:-1, max-image-preview:large, max-video-preview:-1\" \/>\n<link rel=\"canonical\" href=\"https:\/\/www.voustensports.com\/fr\/hogan-hyperlight-sneaker-brun-39669\/\" \/>\n<meta property=\"og:locale\" content=\"fr_FR\" \/>\n<meta property=\"og:type\" content=\"article\" \/>\n<meta property=\"og:title\" content=\"HOGAN - Hyperlight Sneaker brun (39669) - Vousten Sports\" \/>\n<meta property=\"og:description\" content=\"Caract\u00e9ris\u00e9es par des formes douces et dynamiques, les baskets Hogan Hyperlight allient les lignes des chaussures de jogging et les caract\u00e9ristiques urbaines. La tige en daim et les empi\u00e8cements en tissu technique rappellent les d\u00e9tails embl\u00e9matiques de la marque et sont rehauss\u00e9s par le H lat\u00e9ral. Un style dynamique, avec une semelle int\u00e9rieure en mousse [...]\" \/>\n<meta property=\"og:url\" content=\"https:\/\/www.voustensports.com\/fr\/hogan-hyperlight-sneaker-brun-39669\/\" \/>\n<meta property=\"og:site_name\" content=\"Vousten Sports\" \/>\n<meta property=\"article:modified_time\" content=\"2026-02-16T09:21:06+00:00\" \/>\n<meta property=\"og:image\" content=\"https:\/\/www.voustensports.com\/wp-content\/uploads\/2023\/06\/HOGAN-Hyperlight-Sneaker-brown-39669.png\" \/>\n\t<meta property=\"og:image:width\" content=\"1526\" \/>\n\t<meta property=\"og:image:height\" content=\"1526\" \/>\n\t<meta property=\"og:image:type\" content=\"image\/png\" \/>\n<meta name=\"twitter:card\" content=\"summary_large_image\" \/>\n<meta name=\"twitter:label1\" content=\"Est. reading time\" \/>\n\t<meta name=\"twitter:data1\" content=\"1 minute\" \/>\n<script type=\"application\/ld+json\" class=\"yoast-schema-graph\">{\"@context\":\"https:\/\/schema.org\",\"@graph\":[{\"@type\":\"WebPage\",\"@id\":\"https:\/\/www.voustensports.com\/fr\/hogan-hyperlight-sneaker-brun-39669\/\",\"url\":\"https:\/\/www.voustensports.com\/fr\/hogan-hyperlight-sneaker-brun-39669\/\",\"name\":\"HOGAN - Hyperlight Sneaker brun (39669) - Vousten Sports\",\"isPartOf\":{\"@id\":\"https:\/\/www.voustensports.com\/nl\/#website\"},\"primaryImageOfPage\":{\"@id\":\"https:\/\/www.voustensports.com\/fr\/hogan-hyperlight-sneaker-brun-39669\/#primaryimage\"},\"image\":{\"@id\":\"https:\/\/www.voustensports.com\/fr\/hogan-hyperlight-sneaker-brun-39669\/#primaryimage\"},\"thumbnailUrl\":\"https:\/\/www.voustensports.com\/wp-content\/uploads\/2023\/06\/HOGAN-Hyperlight-Sneaker-bruin-39669.jpg\",\"datePublished\":\"2024-08-15T16:16:12+00:00\",\"dateModified\":\"2026-02-16T09:21:06+00:00\",\"breadcrumb\":{\"@id\":\"https:\/\/www.voustensports.com\/fr\/hogan-hyperlight-sneaker-brun-39669\/#breadcrumb\"},\"inLanguage\":\"fr-FR\",\"potentialAction\":[{\"@type\":\"ReadAction\",\"target\":[\"https:\/\/www.voustensports.com\/fr\/hogan-hyperlight-sneaker-brun-39669\/\"]}]},{\"@type\":\"ImageObject\",\"inLanguage\":\"fr-FR\",\"@id\":\"https:\/\/www.voustensports.com\/fr\/hogan-hyperlight-sneaker-brun-39669\/#primaryimage\",\"url\":\"https:\/\/www.voustensports.com\/wp-content\/uploads\/2023\/06\/HOGAN-Hyperlight-Sneaker-bruin-39669.jpg\",\"contentUrl\":\"https:\/\/www.voustensports.com\/wp-content\/uploads\/2023\/06\/HOGAN-Hyperlight-Sneaker-bruin-39669.jpg\",\"width\":2000,\"height\":2000},{\"@type\":\"BreadcrumbList\",\"@id\":\"https:\/\/www.voustensports.com\/fr\/hogan-hyperlight-sneaker-brun-39669\/#breadcrumb\",\"itemListElement\":[{\"@type\":\"ListItem\",\"position\":1,\"name\":\"Home\",\"item\":\"https:\/\/www.voustensports.com\/fr\/\"},{\"@type\":\"ListItem\",\"position\":2,\"name\":\"Boutique\",\"item\":\"https:\/\/www.voustensports.com\/fr\/shop\/\"},{\"@type\":\"ListItem\",\"position\":3,\"name\":\"HOGAN &#8211; Hyperlight Sneaker brun (39669)\"}]},{\"@type\":\"WebSite\",\"@id\":\"https:\/\/www.voustensports.com\/nl\/#website\",\"url\":\"https:\/\/www.voustensports.com\/nl\/\",\"name\":\"Vousten Sports\",\"description\":\"\",\"potentialAction\":[{\"@type\":\"SearchAction\",\"target\":{\"@type\":\"EntryPoint\",\"urlTemplate\":\"https:\/\/www.voustensports.com\/nl\/?s={search_term_string}\"},\"query-input\":{\"@type\":\"PropertyValueSpecification\",\"valueRequired\":true,\"valueName\":\"search_term_string\"}}],\"inLanguage\":\"fr-FR\"}]}<\/script>\n<!-- \/ Yoast SEO plugin. -->","yoast_head_json":{"title":"HOGAN - Hyperlight Sneaker brun (39669) - Vousten Sports","robots":{"index":"index","follow":"follow","max-snippet":"max-snippet:-1","max-image-preview":"max-image-preview:large","max-video-preview":"max-video-preview:-1"},"canonical":"https:\/\/www.voustensports.com\/fr\/hogan-hyperlight-sneaker-brun-39669\/","og_locale":"fr_FR","og_type":"article","og_title":"HOGAN - Hyperlight Sneaker brun (39669) - Vousten Sports","og_description":"Caract\u00e9ris\u00e9es par des formes douces et dynamiques, les baskets Hogan Hyperlight allient les lignes des chaussures de jogging et les caract\u00e9ristiques urbaines. La tige en daim et les empi\u00e8cements en tissu technique rappellent les d\u00e9tails embl\u00e9matiques de la marque et sont rehauss\u00e9s par le H lat\u00e9ral. Un style dynamique, avec une semelle int\u00e9rieure en mousse [...]","og_url":"https:\/\/www.voustensports.com\/fr\/hogan-hyperlight-sneaker-brun-39669\/","og_site_name":"Vousten Sports","article_modified_time":"2026-02-16T09:21:06+00:00","og_image":[{"width":1526,"height":1526,"url":"https:\/\/www.voustensports.com\/wp-content\/uploads\/2023\/06\/HOGAN-Hyperlight-Sneaker-brown-39669.png","type":"image\/png"}],"twitter_card":"summary_large_image","twitter_misc":{"Est. reading time":"1 minute"},"schema":{"@context":"https:\/\/schema.org","@graph":[{"@type":"WebPage","@id":"https:\/\/www.voustensports.com\/fr\/hogan-hyperlight-sneaker-brun-39669\/","url":"https:\/\/www.voustensports.com\/fr\/hogan-hyperlight-sneaker-brun-39669\/","name":"HOGAN - Hyperlight Sneaker brun (39669) - Vousten Sports","isPartOf":{"@id":"https:\/\/www.voustensports.com\/nl\/#website"},"primaryImageOfPage":{"@id":"https:\/\/www.voustensports.com\/fr\/hogan-hyperlight-sneaker-brun-39669\/#primaryimage"},"image":{"@id":"https:\/\/www.voustensports.com\/fr\/hogan-hyperlight-sneaker-brun-39669\/#primaryimage"},"thumbnailUrl":"https:\/\/www.voustensports.com\/wp-content\/uploads\/2023\/06\/HOGAN-Hyperlight-Sneaker-bruin-39669.jpg","datePublished":"2024-08-15T16:16:12+00:00","dateModified":"2026-02-16T09:21:06+00:00","breadcrumb":{"@id":"https:\/\/www.voustensports.com\/fr\/hogan-hyperlight-sneaker-brun-39669\/#breadcrumb"},"inLanguage":"fr-FR","potentialAction":[{"@type":"ReadAction","target":["https:\/\/www.voustensports.com\/fr\/hogan-hyperlight-sneaker-brun-39669\/"]}]},{"@type":"ImageObject","inLanguage":"fr-FR","@id":"https:\/\/www.voustensports.com\/fr\/hogan-hyperlight-sneaker-brun-39669\/#primaryimage","url":"https:\/\/www.voustensports.com\/wp-content\/uploads\/2023\/06\/HOGAN-Hyperlight-Sneaker-bruin-39669.jpg","contentUrl":"https:\/\/www.voustensports.com\/wp-content\/uploads\/2023\/06\/HOGAN-Hyperlight-Sneaker-bruin-39669.jpg","width":2000,"height":2000},{"@type":"BreadcrumbList","@id":"https:\/\/www.voustensports.com\/fr\/hogan-hyperlight-sneaker-brun-39669\/#breadcrumb","itemListElement":[{"@type":"ListItem","position":1,"name":"Home","item":"https:\/\/www.voustensports.com\/fr\/"},{"@type":"ListItem","position":2,"name":"Boutique","item":"https:\/\/www.voustensports.com\/fr\/shop\/"},{"@type":"ListItem","position":3,"name":"HOGAN &#8211; Hyperlight Sneaker brun (39669)"}]},{"@type":"WebSite","@id":"https:\/\/www.voustensports.com\/nl\/#website","url":"https:\/\/www.voustensports.com\/nl\/","name":"Vousten Sports","description":"","potentialAction":[{"@type":"SearchAction","target":{"@type":"EntryPoint","urlTemplate":"https:\/\/www.voustensports.com\/nl\/?s={search_term_string}"},"query-input":{"@type":"PropertyValueSpecification","valueRequired":true,"valueName":"search_term_string"}}],"inLanguage":"fr-FR"}]}},"_links":{"self":[{"href":"https:\/\/www.voustensports.com\/fr\/wp-json\/wp\/v2\/product\/181761","targetHints":{"allow":["GET"]}}],"collection":[{"href":"https:\/\/www.voustensports.com\/fr\/wp-json\/wp\/v2\/product"}],"about":[{"href":"https:\/\/www.voustensports.com\/fr\/wp-json\/wp\/v2\/types\/product"}],"replies":[{"embeddable":true,"href":"https:\/\/www.voustensports.com\/fr\/wp-json\/wp\/v2\/comments?post=181761"}],"wp:featuredmedia":[{"embeddable":true,"href":"https:\/\/www.voustensports.com\/fr\/wp-json\/wp\/v2\/media\/193775"}],"wp:attachment":[{"href":"https:\/\/www.voustensports.com\/fr\/wp-json\/wp\/v2\/media?parent=181761"}],"wp:term":[{"taxonomy":"product_cat","embeddable":true,"href":"https:\/\/www.voustensports.com\/fr\/wp-json\/wp\/v2\/product_cat?post=181761"},{"taxonomy":"product_tag","embeddable":true,"href":"https:\/\/www.voustensports.com\/fr\/wp-json\/wp\/v2\/product_tag?post=181761"}],"curies":[{"name":"wp","href":"https:\/\/api.w.org\/{rel}","templated":true}]}}