{"id":181709,"date":"2024-08-14T19:32:05","date_gmt":"2024-08-14T17:32:05","guid":{"rendered":"https:\/\/www.voustensports.com\/stone-island-sweat-a-capuche-vert-38755\/"},"modified":"2026-02-05T12:11:58","modified_gmt":"2026-02-05T11:11:58","slug":"stone-island-sweat-a-capuche-vert-38755-2","status":"publish","type":"product","link":"https:\/\/www.voustensports.com\/fr\/stone-island-sweat-a-capuche-vert-38755-2\/","title":{"rendered":"STONE ISLAND &#8211; Sweat \u00e0 capuche vert (38755)"},"content":{"rendered":"<p>D\u00c9TAILS DU PRODUIT<br \/>\nSweat \u00e0 capuche en molleton de coton. Teint en pi\u00e8ce.<\/p>\n<p>STYLE<br \/>\nCoupe r\u00e9guli\u00e8re.<br \/>\nCordon de serrage sur la capuche.<br \/>\nPoche kangourou avec entr\u00e9es en biais doubl\u00e9e de ruban de coton.<br \/>\nCoutures surpiqu\u00e9es.<br \/>\n\u00c9cusson Stone Island sur la manche gauche.<br \/>\nLunette avec doublure int\u00e9rieure au dos, sous le d\u00e9collet\u00e9.<br \/>\nPoignets et bande inf\u00e9rieure c\u00f4tel\u00e9s<\/p>\n<p>COMPOSITION<br \/>\n100% Coton<\/p>\n<p>Num\u00e9ro de Stone Island\u00a0: 64151<br \/>\nNum\u00e9ro de couleur: V0052<br \/>\nNum\u00e9ro d&rsquo;identification : 38755<\/p>\n","protected":false},"excerpt":{"rendered":"<p>D\u00c9TAILS DU PRODUIT Sweat \u00e0 capuche en molleton de coton. Teint en pi\u00e8ce. STYLE Coupe r\u00e9guli\u00e8re. Cordon de serrage sur la capuche. Poche kangourou avec entr\u00e9es en biais doubl\u00e9e de ruban de coton. Coutures surpiqu\u00e9es. \u00c9cusson Stone Island sur la manche gauche. Lunette avec doublure int\u00e9rieure au dos, sous le d\u00e9collet\u00e9. Poignets et bande inf\u00e9rieure [&#8230;]\n","protected":false},"featured_media":174777,"comment_status":"open","ping_status":"closed","template":"","meta":{"rank_math_lock_modified_date":false},"product_cat":[697,759,442,446,450,462,482,534,694],"product_tag":[],"class_list":{"0":"post-181709","1":"product","2":"type-product","3":"status-publish","4":"has-post-thumbnail","6":"product_cat-sweaters-fr-2","7":"product_cat-hoodies-fr","8":"product_cat-fleece-fr","9":"product_cat-kleding-fr","10":"product_cat-heren-fr","11":"product_cat-vousten-sports-fr-2","12":"product_cat-stone-island-fr-2","13":"product_cat-truien-fr-2","14":"product_cat-truien-vesten-fr-2","16":"first","17":"outofstock","18":"taxable","19":"shipping-taxable","20":"purchasable","21":"product-type-variable"},"acf":[],"yoast_head":"<!-- This site is optimized with the Yoast SEO plugin v23.9 - https:\/\/yoast.com\/wordpress\/plugins\/seo\/ -->\n<title>STONE ISLAND - Sweat \u00e0 capuche vert (38755) - Vousten Sports<\/title>\n<meta name=\"robots\" content=\"index, follow, max-snippet:-1, max-image-preview:large, max-video-preview:-1\" \/>\n<link rel=\"canonical\" href=\"https:\/\/www.voustensports.com\/fr\/stone-island-sweat-a-capuche-vert-38755-2\/\" \/>\n<meta property=\"og:locale\" content=\"fr_FR\" \/>\n<meta property=\"og:type\" content=\"article\" \/>\n<meta property=\"og:title\" content=\"STONE ISLAND - Sweat \u00e0 capuche vert (38755) - Vousten Sports\" \/>\n<meta property=\"og:description\" content=\"D\u00c9TAILS DU PRODUIT Sweat \u00e0 capuche en molleton de coton. Teint en pi\u00e8ce. STYLE Coupe r\u00e9guli\u00e8re. Cordon de serrage sur la capuche. Poche kangourou avec entr\u00e9es en biais doubl\u00e9e de ruban de coton. Coutures surpiqu\u00e9es. \u00c9cusson Stone Island sur la manche gauche. Lunette avec doublure int\u00e9rieure au dos, sous le d\u00e9collet\u00e9. Poignets et bande inf\u00e9rieure [...]\" \/>\n<meta property=\"og:url\" content=\"https:\/\/www.voustensports.com\/fr\/stone-island-sweat-a-capuche-vert-38755-2\/\" \/>\n<meta property=\"og:site_name\" content=\"Vousten Sports\" \/>\n<meta property=\"article:modified_time\" content=\"2026-02-05T11:11:58+00:00\" \/>\n<meta property=\"og:image\" content=\"https:\/\/www.voustensports.com\/wp-content\/uploads\/2023\/06\/Hoodie-groen-38755-1.png\" \/>\n\t<meta property=\"og:image:width\" content=\"1365\" \/>\n\t<meta property=\"og:image:height\" content=\"2048\" \/>\n\t<meta property=\"og:image:type\" content=\"image\/png\" \/>\n<meta name=\"twitter:card\" content=\"summary_large_image\" \/>\n<script type=\"application\/ld+json\" class=\"yoast-schema-graph\">{\"@context\":\"https:\/\/schema.org\",\"@graph\":[{\"@type\":\"WebPage\",\"@id\":\"https:\/\/www.voustensports.com\/fr\/stone-island-sweat-a-capuche-vert-38755-2\/\",\"url\":\"https:\/\/www.voustensports.com\/fr\/stone-island-sweat-a-capuche-vert-38755-2\/\",\"name\":\"STONE ISLAND - Sweat \u00e0 capuche vert (38755) - Vousten Sports\",\"isPartOf\":{\"@id\":\"https:\/\/www.voustensports.com\/nl\/#website\"},\"primaryImageOfPage\":{\"@id\":\"https:\/\/www.voustensports.com\/fr\/stone-island-sweat-a-capuche-vert-38755-2\/#primaryimage\"},\"image\":{\"@id\":\"https:\/\/www.voustensports.com\/fr\/stone-island-sweat-a-capuche-vert-38755-2\/#primaryimage\"},\"thumbnailUrl\":\"https:\/\/www.voustensports.com\/wp-content\/uploads\/2023\/06\/Hoodie-groen-38755-1.png\",\"datePublished\":\"2024-08-14T17:32:05+00:00\",\"dateModified\":\"2026-02-05T11:11:58+00:00\",\"breadcrumb\":{\"@id\":\"https:\/\/www.voustensports.com\/fr\/stone-island-sweat-a-capuche-vert-38755-2\/#breadcrumb\"},\"inLanguage\":\"fr-FR\",\"potentialAction\":[{\"@type\":\"ReadAction\",\"target\":[\"https:\/\/www.voustensports.com\/fr\/stone-island-sweat-a-capuche-vert-38755-2\/\"]}]},{\"@type\":\"ImageObject\",\"inLanguage\":\"fr-FR\",\"@id\":\"https:\/\/www.voustensports.com\/fr\/stone-island-sweat-a-capuche-vert-38755-2\/#primaryimage\",\"url\":\"https:\/\/www.voustensports.com\/wp-content\/uploads\/2023\/06\/Hoodie-groen-38755-1.png\",\"contentUrl\":\"https:\/\/www.voustensports.com\/wp-content\/uploads\/2023\/06\/Hoodie-groen-38755-1.png\",\"width\":1365,\"height\":2048},{\"@type\":\"BreadcrumbList\",\"@id\":\"https:\/\/www.voustensports.com\/fr\/stone-island-sweat-a-capuche-vert-38755-2\/#breadcrumb\",\"itemListElement\":[{\"@type\":\"ListItem\",\"position\":1,\"name\":\"Home\",\"item\":\"https:\/\/www.voustensports.com\/fr\/\"},{\"@type\":\"ListItem\",\"position\":2,\"name\":\"Boutique\",\"item\":\"https:\/\/www.voustensports.com\/fr\/shop\/\"},{\"@type\":\"ListItem\",\"position\":3,\"name\":\"STONE ISLAND &#8211; Sweat \u00e0 capuche vert (38755)\"}]},{\"@type\":\"WebSite\",\"@id\":\"https:\/\/www.voustensports.com\/nl\/#website\",\"url\":\"https:\/\/www.voustensports.com\/nl\/\",\"name\":\"Vousten Sports\",\"description\":\"\",\"potentialAction\":[{\"@type\":\"SearchAction\",\"target\":{\"@type\":\"EntryPoint\",\"urlTemplate\":\"https:\/\/www.voustensports.com\/nl\/?s={search_term_string}\"},\"query-input\":{\"@type\":\"PropertyValueSpecification\",\"valueRequired\":true,\"valueName\":\"search_term_string\"}}],\"inLanguage\":\"fr-FR\"}]}<\/script>\n<!-- \/ Yoast SEO plugin. -->","yoast_head_json":{"title":"STONE ISLAND - Sweat \u00e0 capuche vert (38755) - Vousten Sports","robots":{"index":"index","follow":"follow","max-snippet":"max-snippet:-1","max-image-preview":"max-image-preview:large","max-video-preview":"max-video-preview:-1"},"canonical":"https:\/\/www.voustensports.com\/fr\/stone-island-sweat-a-capuche-vert-38755-2\/","og_locale":"fr_FR","og_type":"article","og_title":"STONE ISLAND - Sweat \u00e0 capuche vert (38755) - Vousten Sports","og_description":"D\u00c9TAILS DU PRODUIT Sweat \u00e0 capuche en molleton de coton. Teint en pi\u00e8ce. STYLE Coupe r\u00e9guli\u00e8re. Cordon de serrage sur la capuche. Poche kangourou avec entr\u00e9es en biais doubl\u00e9e de ruban de coton. Coutures surpiqu\u00e9es. \u00c9cusson Stone Island sur la manche gauche. Lunette avec doublure int\u00e9rieure au dos, sous le d\u00e9collet\u00e9. Poignets et bande inf\u00e9rieure [...]","og_url":"https:\/\/www.voustensports.com\/fr\/stone-island-sweat-a-capuche-vert-38755-2\/","og_site_name":"Vousten Sports","article_modified_time":"2026-02-05T11:11:58+00:00","og_image":[{"width":1365,"height":2048,"url":"https:\/\/www.voustensports.com\/wp-content\/uploads\/2023\/06\/Hoodie-groen-38755-1.png","type":"image\/png"}],"twitter_card":"summary_large_image","schema":{"@context":"https:\/\/schema.org","@graph":[{"@type":"WebPage","@id":"https:\/\/www.voustensports.com\/fr\/stone-island-sweat-a-capuche-vert-38755-2\/","url":"https:\/\/www.voustensports.com\/fr\/stone-island-sweat-a-capuche-vert-38755-2\/","name":"STONE ISLAND - Sweat \u00e0 capuche vert (38755) - Vousten Sports","isPartOf":{"@id":"https:\/\/www.voustensports.com\/nl\/#website"},"primaryImageOfPage":{"@id":"https:\/\/www.voustensports.com\/fr\/stone-island-sweat-a-capuche-vert-38755-2\/#primaryimage"},"image":{"@id":"https:\/\/www.voustensports.com\/fr\/stone-island-sweat-a-capuche-vert-38755-2\/#primaryimage"},"thumbnailUrl":"https:\/\/www.voustensports.com\/wp-content\/uploads\/2023\/06\/Hoodie-groen-38755-1.png","datePublished":"2024-08-14T17:32:05+00:00","dateModified":"2026-02-05T11:11:58+00:00","breadcrumb":{"@id":"https:\/\/www.voustensports.com\/fr\/stone-island-sweat-a-capuche-vert-38755-2\/#breadcrumb"},"inLanguage":"fr-FR","potentialAction":[{"@type":"ReadAction","target":["https:\/\/www.voustensports.com\/fr\/stone-island-sweat-a-capuche-vert-38755-2\/"]}]},{"@type":"ImageObject","inLanguage":"fr-FR","@id":"https:\/\/www.voustensports.com\/fr\/stone-island-sweat-a-capuche-vert-38755-2\/#primaryimage","url":"https:\/\/www.voustensports.com\/wp-content\/uploads\/2023\/06\/Hoodie-groen-38755-1.png","contentUrl":"https:\/\/www.voustensports.com\/wp-content\/uploads\/2023\/06\/Hoodie-groen-38755-1.png","width":1365,"height":2048},{"@type":"BreadcrumbList","@id":"https:\/\/www.voustensports.com\/fr\/stone-island-sweat-a-capuche-vert-38755-2\/#breadcrumb","itemListElement":[{"@type":"ListItem","position":1,"name":"Home","item":"https:\/\/www.voustensports.com\/fr\/"},{"@type":"ListItem","position":2,"name":"Boutique","item":"https:\/\/www.voustensports.com\/fr\/shop\/"},{"@type":"ListItem","position":3,"name":"STONE ISLAND &#8211; Sweat \u00e0 capuche vert (38755)"}]},{"@type":"WebSite","@id":"https:\/\/www.voustensports.com\/nl\/#website","url":"https:\/\/www.voustensports.com\/nl\/","name":"Vousten Sports","description":"","potentialAction":[{"@type":"SearchAction","target":{"@type":"EntryPoint","urlTemplate":"https:\/\/www.voustensports.com\/nl\/?s={search_term_string}"},"query-input":{"@type":"PropertyValueSpecification","valueRequired":true,"valueName":"search_term_string"}}],"inLanguage":"fr-FR"}]}},"_links":{"self":[{"href":"https:\/\/www.voustensports.com\/fr\/wp-json\/wp\/v2\/product\/181709","targetHints":{"allow":["GET"]}}],"collection":[{"href":"https:\/\/www.voustensports.com\/fr\/wp-json\/wp\/v2\/product"}],"about":[{"href":"https:\/\/www.voustensports.com\/fr\/wp-json\/wp\/v2\/types\/product"}],"replies":[{"embeddable":true,"href":"https:\/\/www.voustensports.com\/fr\/wp-json\/wp\/v2\/comments?post=181709"}],"wp:featuredmedia":[{"embeddable":true,"href":"https:\/\/www.voustensports.com\/fr\/wp-json\/wp\/v2\/media\/174777"}],"wp:attachment":[{"href":"https:\/\/www.voustensports.com\/fr\/wp-json\/wp\/v2\/media?parent=181709"}],"wp:term":[{"taxonomy":"product_cat","embeddable":true,"href":"https:\/\/www.voustensports.com\/fr\/wp-json\/wp\/v2\/product_cat?post=181709"},{"taxonomy":"product_tag","embeddable":true,"href":"https:\/\/www.voustensports.com\/fr\/wp-json\/wp\/v2\/product_tag?post=181709"}],"curies":[{"name":"wp","href":"https:\/\/api.w.org\/{rel}","templated":true}]}}