{"id":181671,"date":"2024-08-14T13:54:08","date_gmt":"2024-08-14T11:54:08","guid":{"rendered":"https:\/\/www.voustensports.com\/flaneur-flower-t-shirt-violet-39357\/"},"modified":"2026-02-05T12:16:31","modified_gmt":"2026-02-05T11:16:31","slug":"flaneur-flower-t-shirt-violet-39357","status":"publish","type":"product","link":"https:\/\/www.voustensports.com\/fr\/flaneur-flower-t-shirt-violet-39357\/","title":{"rendered":"FL\u00c2NEUR &#8211; Flower T-Shirt violet (39357)"},"content":{"rendered":"<div>Le T-shirt \u00e0 fleurs en violet pr\u00e9sente un motif de doodle de fleurs dessin\u00e9 \u00e0 la main sur le dos et compl\u00e9t\u00e9 par un lettrage graphique Fl\u00e2neur comparable sur la poitrine. Silhouette coupe r\u00e9guli\u00e8re, confectionn\u00e9e \u00e0 partir de jersey de coton doux de la plus haute qualit\u00e9.<\/div>\n<ul>\n<li>Taille : Le mannequin mesure 188 cm et porte une taille L<\/li>\n<li>Composition : 100% Coton<\/li>\n<li>Fabriqu\u00e9 en Turquie<\/li>\n<\/ul>\n","protected":false},"excerpt":{"rendered":"<p>Le T-shirt \u00e0 fleurs en violet pr\u00e9sente un motif de doodle de fleurs dessin\u00e9 \u00e0 la main sur le dos et compl\u00e9t\u00e9 par un lettrage graphique Fl\u00e2neur comparable sur la poitrine. Silhouette coupe r\u00e9guli\u00e8re, confectionn\u00e9e \u00e0 partir de jersey de coton doux de la plus haute qualit\u00e9. Taille : Le mannequin mesure 188 cm et [&#8230;]\n","protected":false},"featured_media":181651,"comment_status":"open","ping_status":"closed","template":"","meta":{"rank_math_lock_modified_date":false},"product_cat":[446,450,462,486,490,912],"product_tag":[],"class_list":{"0":"post-181671","1":"product","2":"type-product","3":"status-publish","4":"has-post-thumbnail","6":"product_cat-kleding-fr","7":"product_cat-heren-fr","8":"product_cat-vousten-sports-fr-2","9":"product_cat-shirt-fr-2","10":"product_cat-t-shirts-fr-2","11":"product_cat-flaneur-fr","13":"first","14":"outofstock","15":"taxable","16":"shipping-taxable","17":"purchasable","18":"product-type-variable"},"acf":[],"yoast_head":"<!-- This site is optimized with the Yoast SEO plugin v23.9 - https:\/\/yoast.com\/wordpress\/plugins\/seo\/ -->\n<title>FL\u00c2NEUR - Flower T-Shirt violet (39357) - Vousten Sports<\/title>\n<meta name=\"robots\" content=\"index, follow, max-snippet:-1, max-image-preview:large, max-video-preview:-1\" \/>\n<link rel=\"canonical\" href=\"https:\/\/www.voustensports.com\/fr\/flaneur-flower-t-shirt-violet-39357\/\" \/>\n<meta property=\"og:locale\" content=\"fr_FR\" \/>\n<meta property=\"og:type\" content=\"article\" \/>\n<meta property=\"og:title\" content=\"FL\u00c2NEUR - Flower T-Shirt violet (39357) - Vousten Sports\" \/>\n<meta property=\"og:description\" content=\"Le T-shirt \u00e0 fleurs en violet pr\u00e9sente un motif de doodle de fleurs dessin\u00e9 \u00e0 la main sur le dos et compl\u00e9t\u00e9 par un lettrage graphique Fl\u00e2neur comparable sur la poitrine. Silhouette coupe r\u00e9guli\u00e8re, confectionn\u00e9e \u00e0 partir de jersey de coton doux de la plus haute qualit\u00e9. Taille : Le mannequin mesure 188 cm et [...]\" \/>\n<meta property=\"og:url\" content=\"https:\/\/www.voustensports.com\/fr\/flaneur-flower-t-shirt-violet-39357\/\" \/>\n<meta property=\"og:site_name\" content=\"Vousten Sports\" \/>\n<meta property=\"article:modified_time\" content=\"2026-02-05T11:16:31+00:00\" \/>\n<meta property=\"og:image\" content=\"https:\/\/www.voustensports.com\/wp-content\/uploads\/2023\/06\/FLANEUR-Flower-T-Shirt-paars-39357.png\" \/>\n\t<meta property=\"og:image:width\" content=\"561\" \/>\n\t<meta property=\"og:image:height\" content=\"524\" \/>\n\t<meta property=\"og:image:type\" content=\"image\/png\" \/>\n<meta name=\"twitter:card\" content=\"summary_large_image\" \/>\n<script type=\"application\/ld+json\" class=\"yoast-schema-graph\">{\"@context\":\"https:\/\/schema.org\",\"@graph\":[{\"@type\":\"WebPage\",\"@id\":\"https:\/\/www.voustensports.com\/fr\/flaneur-flower-t-shirt-violet-39357\/\",\"url\":\"https:\/\/www.voustensports.com\/fr\/flaneur-flower-t-shirt-violet-39357\/\",\"name\":\"FL\u00c2NEUR - Flower T-Shirt violet (39357) - Vousten Sports\",\"isPartOf\":{\"@id\":\"https:\/\/www.voustensports.com\/nl\/#website\"},\"primaryImageOfPage\":{\"@id\":\"https:\/\/www.voustensports.com\/fr\/flaneur-flower-t-shirt-violet-39357\/#primaryimage\"},\"image\":{\"@id\":\"https:\/\/www.voustensports.com\/fr\/flaneur-flower-t-shirt-violet-39357\/#primaryimage\"},\"thumbnailUrl\":\"https:\/\/www.voustensports.com\/wp-content\/uploads\/2023\/06\/FLANEUR-Flower-T-Shirt-paars-39357.png\",\"datePublished\":\"2024-08-14T11:54:08+00:00\",\"dateModified\":\"2026-02-05T11:16:31+00:00\",\"breadcrumb\":{\"@id\":\"https:\/\/www.voustensports.com\/fr\/flaneur-flower-t-shirt-violet-39357\/#breadcrumb\"},\"inLanguage\":\"fr-FR\",\"potentialAction\":[{\"@type\":\"ReadAction\",\"target\":[\"https:\/\/www.voustensports.com\/fr\/flaneur-flower-t-shirt-violet-39357\/\"]}]},{\"@type\":\"ImageObject\",\"inLanguage\":\"fr-FR\",\"@id\":\"https:\/\/www.voustensports.com\/fr\/flaneur-flower-t-shirt-violet-39357\/#primaryimage\",\"url\":\"https:\/\/www.voustensports.com\/wp-content\/uploads\/2023\/06\/FLANEUR-Flower-T-Shirt-paars-39357.png\",\"contentUrl\":\"https:\/\/www.voustensports.com\/wp-content\/uploads\/2023\/06\/FLANEUR-Flower-T-Shirt-paars-39357.png\",\"width\":561,\"height\":524},{\"@type\":\"BreadcrumbList\",\"@id\":\"https:\/\/www.voustensports.com\/fr\/flaneur-flower-t-shirt-violet-39357\/#breadcrumb\",\"itemListElement\":[{\"@type\":\"ListItem\",\"position\":1,\"name\":\"Home\",\"item\":\"https:\/\/www.voustensports.com\/fr\/\"},{\"@type\":\"ListItem\",\"position\":2,\"name\":\"Boutique\",\"item\":\"https:\/\/www.voustensports.com\/fr\/shop\/\"},{\"@type\":\"ListItem\",\"position\":3,\"name\":\"FL\u00c2NEUR &#8211; Flower T-Shirt violet (39357)\"}]},{\"@type\":\"WebSite\",\"@id\":\"https:\/\/www.voustensports.com\/nl\/#website\",\"url\":\"https:\/\/www.voustensports.com\/nl\/\",\"name\":\"Vousten Sports\",\"description\":\"\",\"potentialAction\":[{\"@type\":\"SearchAction\",\"target\":{\"@type\":\"EntryPoint\",\"urlTemplate\":\"https:\/\/www.voustensports.com\/nl\/?s={search_term_string}\"},\"query-input\":{\"@type\":\"PropertyValueSpecification\",\"valueRequired\":true,\"valueName\":\"search_term_string\"}}],\"inLanguage\":\"fr-FR\"}]}<\/script>\n<!-- \/ Yoast SEO plugin. -->","yoast_head_json":{"title":"FL\u00c2NEUR - Flower T-Shirt violet (39357) - Vousten Sports","robots":{"index":"index","follow":"follow","max-snippet":"max-snippet:-1","max-image-preview":"max-image-preview:large","max-video-preview":"max-video-preview:-1"},"canonical":"https:\/\/www.voustensports.com\/fr\/flaneur-flower-t-shirt-violet-39357\/","og_locale":"fr_FR","og_type":"article","og_title":"FL\u00c2NEUR - Flower T-Shirt violet (39357) - Vousten Sports","og_description":"Le T-shirt \u00e0 fleurs en violet pr\u00e9sente un motif de doodle de fleurs dessin\u00e9 \u00e0 la main sur le dos et compl\u00e9t\u00e9 par un lettrage graphique Fl\u00e2neur comparable sur la poitrine. Silhouette coupe r\u00e9guli\u00e8re, confectionn\u00e9e \u00e0 partir de jersey de coton doux de la plus haute qualit\u00e9. Taille : Le mannequin mesure 188 cm et [...]","og_url":"https:\/\/www.voustensports.com\/fr\/flaneur-flower-t-shirt-violet-39357\/","og_site_name":"Vousten Sports","article_modified_time":"2026-02-05T11:16:31+00:00","og_image":[{"width":561,"height":524,"url":"https:\/\/www.voustensports.com\/wp-content\/uploads\/2023\/06\/FLANEUR-Flower-T-Shirt-paars-39357.png","type":"image\/png"}],"twitter_card":"summary_large_image","schema":{"@context":"https:\/\/schema.org","@graph":[{"@type":"WebPage","@id":"https:\/\/www.voustensports.com\/fr\/flaneur-flower-t-shirt-violet-39357\/","url":"https:\/\/www.voustensports.com\/fr\/flaneur-flower-t-shirt-violet-39357\/","name":"FL\u00c2NEUR - Flower T-Shirt violet (39357) - Vousten Sports","isPartOf":{"@id":"https:\/\/www.voustensports.com\/nl\/#website"},"primaryImageOfPage":{"@id":"https:\/\/www.voustensports.com\/fr\/flaneur-flower-t-shirt-violet-39357\/#primaryimage"},"image":{"@id":"https:\/\/www.voustensports.com\/fr\/flaneur-flower-t-shirt-violet-39357\/#primaryimage"},"thumbnailUrl":"https:\/\/www.voustensports.com\/wp-content\/uploads\/2023\/06\/FLANEUR-Flower-T-Shirt-paars-39357.png","datePublished":"2024-08-14T11:54:08+00:00","dateModified":"2026-02-05T11:16:31+00:00","breadcrumb":{"@id":"https:\/\/www.voustensports.com\/fr\/flaneur-flower-t-shirt-violet-39357\/#breadcrumb"},"inLanguage":"fr-FR","potentialAction":[{"@type":"ReadAction","target":["https:\/\/www.voustensports.com\/fr\/flaneur-flower-t-shirt-violet-39357\/"]}]},{"@type":"ImageObject","inLanguage":"fr-FR","@id":"https:\/\/www.voustensports.com\/fr\/flaneur-flower-t-shirt-violet-39357\/#primaryimage","url":"https:\/\/www.voustensports.com\/wp-content\/uploads\/2023\/06\/FLANEUR-Flower-T-Shirt-paars-39357.png","contentUrl":"https:\/\/www.voustensports.com\/wp-content\/uploads\/2023\/06\/FLANEUR-Flower-T-Shirt-paars-39357.png","width":561,"height":524},{"@type":"BreadcrumbList","@id":"https:\/\/www.voustensports.com\/fr\/flaneur-flower-t-shirt-violet-39357\/#breadcrumb","itemListElement":[{"@type":"ListItem","position":1,"name":"Home","item":"https:\/\/www.voustensports.com\/fr\/"},{"@type":"ListItem","position":2,"name":"Boutique","item":"https:\/\/www.voustensports.com\/fr\/shop\/"},{"@type":"ListItem","position":3,"name":"FL\u00c2NEUR &#8211; Flower T-Shirt violet (39357)"}]},{"@type":"WebSite","@id":"https:\/\/www.voustensports.com\/nl\/#website","url":"https:\/\/www.voustensports.com\/nl\/","name":"Vousten Sports","description":"","potentialAction":[{"@type":"SearchAction","target":{"@type":"EntryPoint","urlTemplate":"https:\/\/www.voustensports.com\/nl\/?s={search_term_string}"},"query-input":{"@type":"PropertyValueSpecification","valueRequired":true,"valueName":"search_term_string"}}],"inLanguage":"fr-FR"}]}},"_links":{"self":[{"href":"https:\/\/www.voustensports.com\/fr\/wp-json\/wp\/v2\/product\/181671","targetHints":{"allow":["GET"]}}],"collection":[{"href":"https:\/\/www.voustensports.com\/fr\/wp-json\/wp\/v2\/product"}],"about":[{"href":"https:\/\/www.voustensports.com\/fr\/wp-json\/wp\/v2\/types\/product"}],"replies":[{"embeddable":true,"href":"https:\/\/www.voustensports.com\/fr\/wp-json\/wp\/v2\/comments?post=181671"}],"wp:featuredmedia":[{"embeddable":true,"href":"https:\/\/www.voustensports.com\/fr\/wp-json\/wp\/v2\/media\/181651"}],"wp:attachment":[{"href":"https:\/\/www.voustensports.com\/fr\/wp-json\/wp\/v2\/media?parent=181671"}],"wp:term":[{"taxonomy":"product_cat","embeddable":true,"href":"https:\/\/www.voustensports.com\/fr\/wp-json\/wp\/v2\/product_cat?post=181671"},{"taxonomy":"product_tag","embeddable":true,"href":"https:\/\/www.voustensports.com\/fr\/wp-json\/wp\/v2\/product_tag?post=181671"}],"curies":[{"name":"wp","href":"https:\/\/api.w.org\/{rel}","templated":true}]}}