{"id":181499,"date":"2024-08-14T11:56:06","date_gmt":"2024-08-14T09:56:06","guid":{"rendered":"https:\/\/www.voustensports.com\/flaneur-signature-hoodie-beige-39372-2\/"},"modified":"2026-02-05T12:16:50","modified_gmt":"2026-02-05T11:16:50","slug":"flaneur-signature-hoodie-beige-39372-2","status":"publish","type":"product","link":"https:\/\/www.voustensports.com\/fr\/flaneur-signature-hoodie-beige-39372-2\/","title":{"rendered":"FL\u00c2NEUR &#8211; Signature Hoodie beige (39372)"},"content":{"rendered":"<div>Le sweat \u00e0 capuche Signature en beige, orn\u00e9 du logo Fl\u00e2neur-Signature brod\u00e9 sur la poitrine. Il comprend des poignets \u00e9lastiqu\u00e9s, une capuche \u00e0 cordon et une poche kangourou.<\/div>\n<div>La collection signature propose une s\u00e9lection de v\u00eatements unisexes luxueux comme des t-shirts, des sweats \u00e0 capuche et des surv\u00eatements, fabriqu\u00e9s \u00e0 partir des meilleurs mat\u00e9riaux et disponibles dans des couleurs classiques et saisonni\u00e8res.<\/div>\n<ul>\n<li>Taille : Le mannequin mesure 188 cm et porte une taille L<\/li>\n<li>Composition : 100% Coton<\/li>\n<li>Fabriqu\u00e9 en Turquie<\/li>\n<\/ul>\n","protected":false},"excerpt":{"rendered":"<p>Le sweat \u00e0 capuche Signature en beige, orn\u00e9 du logo Fl\u00e2neur-Signature brod\u00e9 sur la poitrine. Il comprend des poignets \u00e9lastiqu\u00e9s, une capuche \u00e0 cordon et une poche kangourou. La collection signature propose une s\u00e9lection de v\u00eatements unisexes luxueux comme des t-shirts, des sweats \u00e0 capuche et des surv\u00eatements, fabriqu\u00e9s \u00e0 partir des meilleurs mat\u00e9riaux et [&#8230;]\n","protected":false},"featured_media":181487,"comment_status":"open","ping_status":"closed","template":"","meta":{"rank_math_lock_modified_date":false},"product_cat":[912,446,450,462,534,694,697,759],"product_tag":[],"class_list":{"0":"post-181499","1":"product","2":"type-product","3":"status-publish","4":"has-post-thumbnail","6":"product_cat-flaneur-fr","7":"product_cat-kleding-fr","8":"product_cat-heren-fr","9":"product_cat-vousten-sports-fr-2","10":"product_cat-truien-fr-2","11":"product_cat-truien-vesten-fr-2","12":"product_cat-sweaters-fr-2","13":"product_cat-hoodies-fr","15":"first","16":"outofstock","17":"taxable","18":"shipping-taxable","19":"purchasable","20":"product-type-variable"},"acf":[],"yoast_head":"<!-- This site is optimized with the Yoast SEO plugin v23.9 - https:\/\/yoast.com\/wordpress\/plugins\/seo\/ -->\n<title>FL\u00c2NEUR - Signature Hoodie beige (39372) - Vousten Sports<\/title>\n<meta name=\"robots\" content=\"index, follow, max-snippet:-1, max-image-preview:large, max-video-preview:-1\" \/>\n<link rel=\"canonical\" href=\"https:\/\/www.voustensports.com\/fr\/flaneur-signature-hoodie-beige-39372-2\/\" \/>\n<meta property=\"og:locale\" content=\"fr_FR\" \/>\n<meta property=\"og:type\" content=\"article\" \/>\n<meta property=\"og:title\" content=\"FL\u00c2NEUR - Signature Hoodie beige (39372) - Vousten Sports\" \/>\n<meta property=\"og:description\" content=\"Le sweat \u00e0 capuche Signature en beige, orn\u00e9 du logo Fl\u00e2neur-Signature brod\u00e9 sur la poitrine. Il comprend des poignets \u00e9lastiqu\u00e9s, une capuche \u00e0 cordon et une poche kangourou. La collection signature propose une s\u00e9lection de v\u00eatements unisexes luxueux comme des t-shirts, des sweats \u00e0 capuche et des surv\u00eatements, fabriqu\u00e9s \u00e0 partir des meilleurs mat\u00e9riaux et [...]\" \/>\n<meta property=\"og:url\" content=\"https:\/\/www.voustensports.com\/fr\/flaneur-signature-hoodie-beige-39372-2\/\" \/>\n<meta property=\"og:site_name\" content=\"Vousten Sports\" \/>\n<meta property=\"article:modified_time\" content=\"2026-02-05T11:16:50+00:00\" \/>\n<meta property=\"og:image\" content=\"https:\/\/www.voustensports.com\/wp-content\/uploads\/2023\/06\/FLANEUR-Signature-Hoodie-beige-39372.png\" \/>\n\t<meta property=\"og:image:width\" content=\"482\" \/>\n\t<meta property=\"og:image:height\" content=\"514\" \/>\n\t<meta property=\"og:image:type\" content=\"image\/png\" \/>\n<meta name=\"twitter:card\" content=\"summary_large_image\" \/>\n<script type=\"application\/ld+json\" class=\"yoast-schema-graph\">{\"@context\":\"https:\/\/schema.org\",\"@graph\":[{\"@type\":\"WebPage\",\"@id\":\"https:\/\/www.voustensports.com\/fr\/flaneur-signature-hoodie-beige-39372-2\/\",\"url\":\"https:\/\/www.voustensports.com\/fr\/flaneur-signature-hoodie-beige-39372-2\/\",\"name\":\"FL\u00c2NEUR - Signature Hoodie beige (39372) - Vousten Sports\",\"isPartOf\":{\"@id\":\"https:\/\/www.voustensports.com\/nl\/#website\"},\"primaryImageOfPage\":{\"@id\":\"https:\/\/www.voustensports.com\/fr\/flaneur-signature-hoodie-beige-39372-2\/#primaryimage\"},\"image\":{\"@id\":\"https:\/\/www.voustensports.com\/fr\/flaneur-signature-hoodie-beige-39372-2\/#primaryimage\"},\"thumbnailUrl\":\"https:\/\/www.voustensports.com\/wp-content\/uploads\/2023\/06\/FLANEUR-Signature-Hoodie-beige-39372.png\",\"datePublished\":\"2024-08-14T09:56:06+00:00\",\"dateModified\":\"2026-02-05T11:16:50+00:00\",\"breadcrumb\":{\"@id\":\"https:\/\/www.voustensports.com\/fr\/flaneur-signature-hoodie-beige-39372-2\/#breadcrumb\"},\"inLanguage\":\"fr-FR\",\"potentialAction\":[{\"@type\":\"ReadAction\",\"target\":[\"https:\/\/www.voustensports.com\/fr\/flaneur-signature-hoodie-beige-39372-2\/\"]}]},{\"@type\":\"ImageObject\",\"inLanguage\":\"fr-FR\",\"@id\":\"https:\/\/www.voustensports.com\/fr\/flaneur-signature-hoodie-beige-39372-2\/#primaryimage\",\"url\":\"https:\/\/www.voustensports.com\/wp-content\/uploads\/2023\/06\/FLANEUR-Signature-Hoodie-beige-39372.png\",\"contentUrl\":\"https:\/\/www.voustensports.com\/wp-content\/uploads\/2023\/06\/FLANEUR-Signature-Hoodie-beige-39372.png\",\"width\":482,\"height\":514},{\"@type\":\"BreadcrumbList\",\"@id\":\"https:\/\/www.voustensports.com\/fr\/flaneur-signature-hoodie-beige-39372-2\/#breadcrumb\",\"itemListElement\":[{\"@type\":\"ListItem\",\"position\":1,\"name\":\"Home\",\"item\":\"https:\/\/www.voustensports.com\/fr\/\"},{\"@type\":\"ListItem\",\"position\":2,\"name\":\"Boutique\",\"item\":\"https:\/\/www.voustensports.com\/fr\/shop\/\"},{\"@type\":\"ListItem\",\"position\":3,\"name\":\"FL\u00c2NEUR &#8211; Signature Hoodie beige (39372)\"}]},{\"@type\":\"WebSite\",\"@id\":\"https:\/\/www.voustensports.com\/nl\/#website\",\"url\":\"https:\/\/www.voustensports.com\/nl\/\",\"name\":\"Vousten Sports\",\"description\":\"\",\"potentialAction\":[{\"@type\":\"SearchAction\",\"target\":{\"@type\":\"EntryPoint\",\"urlTemplate\":\"https:\/\/www.voustensports.com\/nl\/?s={search_term_string}\"},\"query-input\":{\"@type\":\"PropertyValueSpecification\",\"valueRequired\":true,\"valueName\":\"search_term_string\"}}],\"inLanguage\":\"fr-FR\"}]}<\/script>\n<!-- \/ Yoast SEO plugin. -->","yoast_head_json":{"title":"FL\u00c2NEUR - Signature Hoodie beige (39372) - Vousten Sports","robots":{"index":"index","follow":"follow","max-snippet":"max-snippet:-1","max-image-preview":"max-image-preview:large","max-video-preview":"max-video-preview:-1"},"canonical":"https:\/\/www.voustensports.com\/fr\/flaneur-signature-hoodie-beige-39372-2\/","og_locale":"fr_FR","og_type":"article","og_title":"FL\u00c2NEUR - Signature Hoodie beige (39372) - Vousten Sports","og_description":"Le sweat \u00e0 capuche Signature en beige, orn\u00e9 du logo Fl\u00e2neur-Signature brod\u00e9 sur la poitrine. Il comprend des poignets \u00e9lastiqu\u00e9s, une capuche \u00e0 cordon et une poche kangourou. La collection signature propose une s\u00e9lection de v\u00eatements unisexes luxueux comme des t-shirts, des sweats \u00e0 capuche et des surv\u00eatements, fabriqu\u00e9s \u00e0 partir des meilleurs mat\u00e9riaux et [...]","og_url":"https:\/\/www.voustensports.com\/fr\/flaneur-signature-hoodie-beige-39372-2\/","og_site_name":"Vousten Sports","article_modified_time":"2026-02-05T11:16:50+00:00","og_image":[{"width":482,"height":514,"url":"https:\/\/www.voustensports.com\/wp-content\/uploads\/2023\/06\/FLANEUR-Signature-Hoodie-beige-39372.png","type":"image\/png"}],"twitter_card":"summary_large_image","schema":{"@context":"https:\/\/schema.org","@graph":[{"@type":"WebPage","@id":"https:\/\/www.voustensports.com\/fr\/flaneur-signature-hoodie-beige-39372-2\/","url":"https:\/\/www.voustensports.com\/fr\/flaneur-signature-hoodie-beige-39372-2\/","name":"FL\u00c2NEUR - Signature Hoodie beige (39372) - Vousten Sports","isPartOf":{"@id":"https:\/\/www.voustensports.com\/nl\/#website"},"primaryImageOfPage":{"@id":"https:\/\/www.voustensports.com\/fr\/flaneur-signature-hoodie-beige-39372-2\/#primaryimage"},"image":{"@id":"https:\/\/www.voustensports.com\/fr\/flaneur-signature-hoodie-beige-39372-2\/#primaryimage"},"thumbnailUrl":"https:\/\/www.voustensports.com\/wp-content\/uploads\/2023\/06\/FLANEUR-Signature-Hoodie-beige-39372.png","datePublished":"2024-08-14T09:56:06+00:00","dateModified":"2026-02-05T11:16:50+00:00","breadcrumb":{"@id":"https:\/\/www.voustensports.com\/fr\/flaneur-signature-hoodie-beige-39372-2\/#breadcrumb"},"inLanguage":"fr-FR","potentialAction":[{"@type":"ReadAction","target":["https:\/\/www.voustensports.com\/fr\/flaneur-signature-hoodie-beige-39372-2\/"]}]},{"@type":"ImageObject","inLanguage":"fr-FR","@id":"https:\/\/www.voustensports.com\/fr\/flaneur-signature-hoodie-beige-39372-2\/#primaryimage","url":"https:\/\/www.voustensports.com\/wp-content\/uploads\/2023\/06\/FLANEUR-Signature-Hoodie-beige-39372.png","contentUrl":"https:\/\/www.voustensports.com\/wp-content\/uploads\/2023\/06\/FLANEUR-Signature-Hoodie-beige-39372.png","width":482,"height":514},{"@type":"BreadcrumbList","@id":"https:\/\/www.voustensports.com\/fr\/flaneur-signature-hoodie-beige-39372-2\/#breadcrumb","itemListElement":[{"@type":"ListItem","position":1,"name":"Home","item":"https:\/\/www.voustensports.com\/fr\/"},{"@type":"ListItem","position":2,"name":"Boutique","item":"https:\/\/www.voustensports.com\/fr\/shop\/"},{"@type":"ListItem","position":3,"name":"FL\u00c2NEUR &#8211; Signature Hoodie beige (39372)"}]},{"@type":"WebSite","@id":"https:\/\/www.voustensports.com\/nl\/#website","url":"https:\/\/www.voustensports.com\/nl\/","name":"Vousten Sports","description":"","potentialAction":[{"@type":"SearchAction","target":{"@type":"EntryPoint","urlTemplate":"https:\/\/www.voustensports.com\/nl\/?s={search_term_string}"},"query-input":{"@type":"PropertyValueSpecification","valueRequired":true,"valueName":"search_term_string"}}],"inLanguage":"fr-FR"}]}},"_links":{"self":[{"href":"https:\/\/www.voustensports.com\/fr\/wp-json\/wp\/v2\/product\/181499","targetHints":{"allow":["GET"]}}],"collection":[{"href":"https:\/\/www.voustensports.com\/fr\/wp-json\/wp\/v2\/product"}],"about":[{"href":"https:\/\/www.voustensports.com\/fr\/wp-json\/wp\/v2\/types\/product"}],"replies":[{"embeddable":true,"href":"https:\/\/www.voustensports.com\/fr\/wp-json\/wp\/v2\/comments?post=181499"}],"wp:featuredmedia":[{"embeddable":true,"href":"https:\/\/www.voustensports.com\/fr\/wp-json\/wp\/v2\/media\/181487"}],"wp:attachment":[{"href":"https:\/\/www.voustensports.com\/fr\/wp-json\/wp\/v2\/media?parent=181499"}],"wp:term":[{"taxonomy":"product_cat","embeddable":true,"href":"https:\/\/www.voustensports.com\/fr\/wp-json\/wp\/v2\/product_cat?post=181499"},{"taxonomy":"product_tag","embeddable":true,"href":"https:\/\/www.voustensports.com\/fr\/wp-json\/wp\/v2\/product_tag?post=181499"}],"curies":[{"name":"wp","href":"https:\/\/api.w.org\/{rel}","templated":true}]}}