{"id":181289,"date":"2024-08-13T12:32:08","date_gmt":"2024-08-13T10:32:08","guid":{"rendered":"https:\/\/www.voustensports.com\/flaneur-avenue-sneaker-blanc-39377\/"},"modified":"2026-02-05T12:16:53","modified_gmt":"2026-02-05T11:16:53","slug":"flaneur-avenue-sneaker-blanc-39377","status":"publish","type":"product","link":"https:\/\/www.voustensports.com\/fr\/flaneur-avenue-sneaker-blanc-39377\/","title":{"rendered":"FL\u00c2NEUR &#8211; Avenue Sneaker blanc (39377)"},"content":{"rendered":"<div>La sneaker Avenue en blanc combine un look robuste et raffin\u00e9. Fabriqu\u00e9 de main de ma\u00eetre en Italie, il pr\u00e9sente un design ton sur ton avec de la maille technique, du cuir de veau et du daim. Id\u00e9ale pour se promener dans les rues de la ville, cette sneaker est dot\u00e9e d&rsquo;un bord rembourr\u00e9 et de lacets \u00e9pais, disponibles dans diff\u00e9rents coloris.<\/div>\n<ul>\n<li>Taille : Fid\u00e8le \u00e0 la taille<\/li>\n<li>Composition : Cuir de Veau, Lacets en Daim et Mesh, Semelle ext\u00e9rieure en Caoutchouc sur mesure, Semelle int\u00e9rieure en Cuir de Veau, Doublure et lacets en Coton<\/li>\n<li>Renfort de talon interne pour une meilleure stabilit\u00e9<\/li>\n<li>Mat\u00e9riaux issus de sources durables<\/li>\n<li>Bo\u00eete \u00e0 chaussures en papier cartonn\u00e9 recycl\u00e9 et recyclable<\/li>\n<li>Fabriqu\u00e9 en Italie<\/li>\n<\/ul>\n","protected":false},"excerpt":{"rendered":"<p>La sneaker Avenue en blanc combine un look robuste et raffin\u00e9. Fabriqu\u00e9 de main de ma\u00eetre en Italie, il pr\u00e9sente un design ton sur ton avec de la maille technique, du cuir de veau et du daim. Id\u00e9ale pour se promener dans les rues de la ville, cette sneaker est dot\u00e9e d&rsquo;un bord rembourr\u00e9 et [&#8230;]\n","protected":false},"featured_media":181273,"comment_status":"open","ping_status":"closed","template":"","meta":{"rank_math_lock_modified_date":false},"product_cat":[450,462,522,526,530,912,916],"product_tag":[],"class_list":{"0":"post-181289","1":"product","2":"type-product","3":"status-publish","4":"has-post-thumbnail","6":"product_cat-heren-fr","7":"product_cat-vousten-sports-fr-2","8":"product_cat-schoenen-fr-2","9":"product_cat-sneakers-fr-2","10":"product_cat-herenschoenen-fr","11":"product_cat-flaneur-fr","12":"product_cat-veterschoenen-fr","14":"first","15":"instock","16":"taxable","17":"shipping-taxable","18":"purchasable","19":"product-type-variable"},"acf":[],"yoast_head":"<!-- This site is optimized with the Yoast SEO plugin v23.9 - https:\/\/yoast.com\/wordpress\/plugins\/seo\/ -->\n<title>FL\u00c2NEUR - Avenue Sneaker blanc (39377) - Vousten Sports<\/title>\n<meta name=\"robots\" content=\"index, follow, max-snippet:-1, max-image-preview:large, max-video-preview:-1\" \/>\n<link rel=\"canonical\" href=\"https:\/\/www.voustensports.com\/fr\/flaneur-avenue-sneaker-blanc-39377\/\" \/>\n<meta property=\"og:locale\" content=\"fr_FR\" \/>\n<meta property=\"og:type\" content=\"article\" \/>\n<meta property=\"og:title\" content=\"FL\u00c2NEUR - Avenue Sneaker blanc (39377) - Vousten Sports\" \/>\n<meta property=\"og:description\" content=\"La sneaker Avenue en blanc combine un look robuste et raffin\u00e9. Fabriqu\u00e9 de main de ma\u00eetre en Italie, il pr\u00e9sente un design ton sur ton avec de la maille technique, du cuir de veau et du daim. Id\u00e9ale pour se promener dans les rues de la ville, cette sneaker est dot\u00e9e d&rsquo;un bord rembourr\u00e9 et [...]\" \/>\n<meta property=\"og:url\" content=\"https:\/\/www.voustensports.com\/fr\/flaneur-avenue-sneaker-blanc-39377\/\" \/>\n<meta property=\"og:site_name\" content=\"Vousten Sports\" \/>\n<meta property=\"article:modified_time\" content=\"2026-02-05T11:16:53+00:00\" \/>\n<meta property=\"og:image\" content=\"https:\/\/www.voustensports.com\/wp-content\/uploads\/2023\/06\/FLANEUR-Avenue-Sneaker-wit-39377.png\" \/>\n\t<meta property=\"og:image:width\" content=\"713\" \/>\n\t<meta property=\"og:image:height\" content=\"713\" \/>\n\t<meta property=\"og:image:type\" content=\"image\/png\" \/>\n<meta name=\"twitter:card\" content=\"summary_large_image\" \/>\n<meta name=\"twitter:label1\" content=\"Est. reading time\" \/>\n\t<meta name=\"twitter:data1\" content=\"1 minute\" \/>\n<script type=\"application\/ld+json\" class=\"yoast-schema-graph\">{\"@context\":\"https:\/\/schema.org\",\"@graph\":[{\"@type\":\"WebPage\",\"@id\":\"https:\/\/www.voustensports.com\/fr\/flaneur-avenue-sneaker-blanc-39377\/\",\"url\":\"https:\/\/www.voustensports.com\/fr\/flaneur-avenue-sneaker-blanc-39377\/\",\"name\":\"FL\u00c2NEUR - Avenue Sneaker blanc (39377) - Vousten Sports\",\"isPartOf\":{\"@id\":\"https:\/\/www.voustensports.com\/nl\/#website\"},\"primaryImageOfPage\":{\"@id\":\"https:\/\/www.voustensports.com\/fr\/flaneur-avenue-sneaker-blanc-39377\/#primaryimage\"},\"image\":{\"@id\":\"https:\/\/www.voustensports.com\/fr\/flaneur-avenue-sneaker-blanc-39377\/#primaryimage\"},\"thumbnailUrl\":\"https:\/\/www.voustensports.com\/wp-content\/uploads\/2023\/06\/FLANEUR-Avenue-Sneaker-wit-39377.png\",\"datePublished\":\"2024-08-13T10:32:08+00:00\",\"dateModified\":\"2026-02-05T11:16:53+00:00\",\"breadcrumb\":{\"@id\":\"https:\/\/www.voustensports.com\/fr\/flaneur-avenue-sneaker-blanc-39377\/#breadcrumb\"},\"inLanguage\":\"fr-FR\",\"potentialAction\":[{\"@type\":\"ReadAction\",\"target\":[\"https:\/\/www.voustensports.com\/fr\/flaneur-avenue-sneaker-blanc-39377\/\"]}]},{\"@type\":\"ImageObject\",\"inLanguage\":\"fr-FR\",\"@id\":\"https:\/\/www.voustensports.com\/fr\/flaneur-avenue-sneaker-blanc-39377\/#primaryimage\",\"url\":\"https:\/\/www.voustensports.com\/wp-content\/uploads\/2023\/06\/FLANEUR-Avenue-Sneaker-wit-39377.png\",\"contentUrl\":\"https:\/\/www.voustensports.com\/wp-content\/uploads\/2023\/06\/FLANEUR-Avenue-Sneaker-wit-39377.png\",\"width\":713,\"height\":713},{\"@type\":\"BreadcrumbList\",\"@id\":\"https:\/\/www.voustensports.com\/fr\/flaneur-avenue-sneaker-blanc-39377\/#breadcrumb\",\"itemListElement\":[{\"@type\":\"ListItem\",\"position\":1,\"name\":\"Home\",\"item\":\"https:\/\/www.voustensports.com\/fr\/\"},{\"@type\":\"ListItem\",\"position\":2,\"name\":\"Boutique\",\"item\":\"https:\/\/www.voustensports.com\/fr\/shop\/\"},{\"@type\":\"ListItem\",\"position\":3,\"name\":\"FL\u00c2NEUR &#8211; Avenue Sneaker blanc (39377)\"}]},{\"@type\":\"WebSite\",\"@id\":\"https:\/\/www.voustensports.com\/nl\/#website\",\"url\":\"https:\/\/www.voustensports.com\/nl\/\",\"name\":\"Vousten Sports\",\"description\":\"\",\"potentialAction\":[{\"@type\":\"SearchAction\",\"target\":{\"@type\":\"EntryPoint\",\"urlTemplate\":\"https:\/\/www.voustensports.com\/nl\/?s={search_term_string}\"},\"query-input\":{\"@type\":\"PropertyValueSpecification\",\"valueRequired\":true,\"valueName\":\"search_term_string\"}}],\"inLanguage\":\"fr-FR\"}]}<\/script>\n<!-- \/ Yoast SEO plugin. -->","yoast_head_json":{"title":"FL\u00c2NEUR - Avenue Sneaker blanc (39377) - Vousten Sports","robots":{"index":"index","follow":"follow","max-snippet":"max-snippet:-1","max-image-preview":"max-image-preview:large","max-video-preview":"max-video-preview:-1"},"canonical":"https:\/\/www.voustensports.com\/fr\/flaneur-avenue-sneaker-blanc-39377\/","og_locale":"fr_FR","og_type":"article","og_title":"FL\u00c2NEUR - Avenue Sneaker blanc (39377) - Vousten Sports","og_description":"La sneaker Avenue en blanc combine un look robuste et raffin\u00e9. Fabriqu\u00e9 de main de ma\u00eetre en Italie, il pr\u00e9sente un design ton sur ton avec de la maille technique, du cuir de veau et du daim. Id\u00e9ale pour se promener dans les rues de la ville, cette sneaker est dot\u00e9e d&rsquo;un bord rembourr\u00e9 et [...]","og_url":"https:\/\/www.voustensports.com\/fr\/flaneur-avenue-sneaker-blanc-39377\/","og_site_name":"Vousten Sports","article_modified_time":"2026-02-05T11:16:53+00:00","og_image":[{"width":713,"height":713,"url":"https:\/\/www.voustensports.com\/wp-content\/uploads\/2023\/06\/FLANEUR-Avenue-Sneaker-wit-39377.png","type":"image\/png"}],"twitter_card":"summary_large_image","twitter_misc":{"Est. reading time":"1 minute"},"schema":{"@context":"https:\/\/schema.org","@graph":[{"@type":"WebPage","@id":"https:\/\/www.voustensports.com\/fr\/flaneur-avenue-sneaker-blanc-39377\/","url":"https:\/\/www.voustensports.com\/fr\/flaneur-avenue-sneaker-blanc-39377\/","name":"FL\u00c2NEUR - Avenue Sneaker blanc (39377) - Vousten Sports","isPartOf":{"@id":"https:\/\/www.voustensports.com\/nl\/#website"},"primaryImageOfPage":{"@id":"https:\/\/www.voustensports.com\/fr\/flaneur-avenue-sneaker-blanc-39377\/#primaryimage"},"image":{"@id":"https:\/\/www.voustensports.com\/fr\/flaneur-avenue-sneaker-blanc-39377\/#primaryimage"},"thumbnailUrl":"https:\/\/www.voustensports.com\/wp-content\/uploads\/2023\/06\/FLANEUR-Avenue-Sneaker-wit-39377.png","datePublished":"2024-08-13T10:32:08+00:00","dateModified":"2026-02-05T11:16:53+00:00","breadcrumb":{"@id":"https:\/\/www.voustensports.com\/fr\/flaneur-avenue-sneaker-blanc-39377\/#breadcrumb"},"inLanguage":"fr-FR","potentialAction":[{"@type":"ReadAction","target":["https:\/\/www.voustensports.com\/fr\/flaneur-avenue-sneaker-blanc-39377\/"]}]},{"@type":"ImageObject","inLanguage":"fr-FR","@id":"https:\/\/www.voustensports.com\/fr\/flaneur-avenue-sneaker-blanc-39377\/#primaryimage","url":"https:\/\/www.voustensports.com\/wp-content\/uploads\/2023\/06\/FLANEUR-Avenue-Sneaker-wit-39377.png","contentUrl":"https:\/\/www.voustensports.com\/wp-content\/uploads\/2023\/06\/FLANEUR-Avenue-Sneaker-wit-39377.png","width":713,"height":713},{"@type":"BreadcrumbList","@id":"https:\/\/www.voustensports.com\/fr\/flaneur-avenue-sneaker-blanc-39377\/#breadcrumb","itemListElement":[{"@type":"ListItem","position":1,"name":"Home","item":"https:\/\/www.voustensports.com\/fr\/"},{"@type":"ListItem","position":2,"name":"Boutique","item":"https:\/\/www.voustensports.com\/fr\/shop\/"},{"@type":"ListItem","position":3,"name":"FL\u00c2NEUR &#8211; Avenue Sneaker blanc (39377)"}]},{"@type":"WebSite","@id":"https:\/\/www.voustensports.com\/nl\/#website","url":"https:\/\/www.voustensports.com\/nl\/","name":"Vousten Sports","description":"","potentialAction":[{"@type":"SearchAction","target":{"@type":"EntryPoint","urlTemplate":"https:\/\/www.voustensports.com\/nl\/?s={search_term_string}"},"query-input":{"@type":"PropertyValueSpecification","valueRequired":true,"valueName":"search_term_string"}}],"inLanguage":"fr-FR"}]}},"_links":{"self":[{"href":"https:\/\/www.voustensports.com\/fr\/wp-json\/wp\/v2\/product\/181289","targetHints":{"allow":["GET"]}}],"collection":[{"href":"https:\/\/www.voustensports.com\/fr\/wp-json\/wp\/v2\/product"}],"about":[{"href":"https:\/\/www.voustensports.com\/fr\/wp-json\/wp\/v2\/types\/product"}],"replies":[{"embeddable":true,"href":"https:\/\/www.voustensports.com\/fr\/wp-json\/wp\/v2\/comments?post=181289"}],"wp:featuredmedia":[{"embeddable":true,"href":"https:\/\/www.voustensports.com\/fr\/wp-json\/wp\/v2\/media\/181273"}],"wp:attachment":[{"href":"https:\/\/www.voustensports.com\/fr\/wp-json\/wp\/v2\/media?parent=181289"}],"wp:term":[{"taxonomy":"product_cat","embeddable":true,"href":"https:\/\/www.voustensports.com\/fr\/wp-json\/wp\/v2\/product_cat?post=181289"},{"taxonomy":"product_tag","embeddable":true,"href":"https:\/\/www.voustensports.com\/fr\/wp-json\/wp\/v2\/product_tag?post=181289"}],"curies":[{"name":"wp","href":"https:\/\/api.w.org\/{rel}","templated":true}]}}