{"id":181154,"date":"2024-08-08T15:02:04","date_gmt":"2024-08-08T13:02:04","guid":{"rendered":"https:\/\/www.voustensports.com\/flaneur-signature-t-shirt-bleu-clair-39362\/"},"modified":"2026-02-05T12:16:36","modified_gmt":"2026-02-05T11:16:36","slug":"flaneur-signature-t-shirt-bleu-clair-39362","status":"publish","type":"product","link":"https:\/\/www.voustensports.com\/fr\/flaneur-signature-t-shirt-bleu-clair-39362\/","title":{"rendered":"FL\u00c2NEUR &#8211; Signature T-Shirt bleu clair (39362)"},"content":{"rendered":"<p>Le T-shirt Signature en bleu clair, orn\u00e9 du logo Fl\u00e2neur-Signature brod\u00e9 sur la poitrine.<\/p>\n<ul>\n<li>Composition : 100% coton<\/li>\n<li>Fabriqu\u00e9 en Turquie<\/li>\n<\/ul>\n<p>Le respect de la certification GOTS garantit une production responsable sur le plan environnemental et social, des mati\u00e8res premi\u00e8res \u00e0 l&rsquo;\u00e9tiquetage, et d\u00e9montre l&rsquo;engagement continu en faveur de la durabilit\u00e9 et de la qualit\u00e9.<\/p>\n","protected":false},"excerpt":{"rendered":"<p>Le T-shirt Signature en bleu clair, orn\u00e9 du logo Fl\u00e2neur-Signature brod\u00e9 sur la poitrine. Composition : 100% coton Fabriqu\u00e9 en Turquie Le respect de la certification GOTS garantit une production responsable sur le plan environnemental et social, des mati\u00e8res premi\u00e8res \u00e0 l&rsquo;\u00e9tiquetage, et d\u00e9montre l&rsquo;engagement continu en faveur de la durabilit\u00e9 et de la qualit\u00e9.<\/p>\n","protected":false},"featured_media":181226,"comment_status":"open","ping_status":"closed","template":"","meta":{"rank_math_lock_modified_date":false},"product_cat":[450,462,486,490,912],"product_tag":[],"class_list":{"0":"post-181154","1":"product","2":"type-product","3":"status-publish","4":"has-post-thumbnail","6":"product_cat-heren-fr","7":"product_cat-vousten-sports-fr-2","8":"product_cat-shirt-fr-2","9":"product_cat-t-shirts-fr-2","10":"product_cat-flaneur-fr","12":"first","13":"outofstock","14":"taxable","15":"shipping-taxable","16":"purchasable","17":"product-type-variable"},"acf":[],"yoast_head":"<!-- This site is optimized with the Yoast SEO plugin v23.9 - https:\/\/yoast.com\/wordpress\/plugins\/seo\/ -->\n<title>FL\u00c2NEUR - Signature T-Shirt bleu clair (39362) - Vousten Sports<\/title>\n<meta name=\"robots\" content=\"index, follow, max-snippet:-1, max-image-preview:large, max-video-preview:-1\" \/>\n<link rel=\"canonical\" href=\"https:\/\/www.voustensports.com\/fr\/flaneur-signature-t-shirt-bleu-clair-39362\/\" \/>\n<meta property=\"og:locale\" content=\"fr_FR\" \/>\n<meta property=\"og:type\" content=\"article\" \/>\n<meta property=\"og:title\" content=\"FL\u00c2NEUR - Signature T-Shirt bleu clair (39362) - Vousten Sports\" \/>\n<meta property=\"og:description\" content=\"Le T-shirt Signature en bleu clair, orn\u00e9 du logo Fl\u00e2neur-Signature brod\u00e9 sur la poitrine. Composition : 100% coton Fabriqu\u00e9 en Turquie Le respect de la certification GOTS garantit une production responsable sur le plan environnemental et social, des mati\u00e8res premi\u00e8res \u00e0 l&rsquo;\u00e9tiquetage, et d\u00e9montre l&rsquo;engagement continu en faveur de la durabilit\u00e9 et de la qualit\u00e9.\" \/>\n<meta property=\"og:url\" content=\"https:\/\/www.voustensports.com\/fr\/flaneur-signature-t-shirt-bleu-clair-39362\/\" \/>\n<meta property=\"og:site_name\" content=\"Vousten Sports\" \/>\n<meta property=\"article:modified_time\" content=\"2026-02-05T11:16:36+00:00\" \/>\n<meta property=\"og:image\" content=\"https:\/\/www.voustensports.com\/wp-content\/uploads\/2023\/06\/FLANEUR-Signature-T-Shirt-lichtblauw-39362.jpg\" \/>\n\t<meta property=\"og:image:width\" content=\"536\" \/>\n\t<meta property=\"og:image:height\" content=\"522\" \/>\n\t<meta property=\"og:image:type\" content=\"image\/jpeg\" \/>\n<meta name=\"twitter:card\" content=\"summary_large_image\" \/>\n<script type=\"application\/ld+json\" class=\"yoast-schema-graph\">{\"@context\":\"https:\/\/schema.org\",\"@graph\":[{\"@type\":\"WebPage\",\"@id\":\"https:\/\/www.voustensports.com\/fr\/flaneur-signature-t-shirt-bleu-clair-39362\/\",\"url\":\"https:\/\/www.voustensports.com\/fr\/flaneur-signature-t-shirt-bleu-clair-39362\/\",\"name\":\"FL\u00c2NEUR - Signature T-Shirt bleu clair (39362) - Vousten Sports\",\"isPartOf\":{\"@id\":\"https:\/\/www.voustensports.com\/nl\/#website\"},\"primaryImageOfPage\":{\"@id\":\"https:\/\/www.voustensports.com\/fr\/flaneur-signature-t-shirt-bleu-clair-39362\/#primaryimage\"},\"image\":{\"@id\":\"https:\/\/www.voustensports.com\/fr\/flaneur-signature-t-shirt-bleu-clair-39362\/#primaryimage\"},\"thumbnailUrl\":\"https:\/\/www.voustensports.com\/wp-content\/uploads\/2023\/06\/FLANEUR-Signature-T-Shirt-lichtblauw-39362.png\",\"datePublished\":\"2024-08-08T13:02:04+00:00\",\"dateModified\":\"2026-02-05T11:16:36+00:00\",\"breadcrumb\":{\"@id\":\"https:\/\/www.voustensports.com\/fr\/flaneur-signature-t-shirt-bleu-clair-39362\/#breadcrumb\"},\"inLanguage\":\"fr-FR\",\"potentialAction\":[{\"@type\":\"ReadAction\",\"target\":[\"https:\/\/www.voustensports.com\/fr\/flaneur-signature-t-shirt-bleu-clair-39362\/\"]}]},{\"@type\":\"ImageObject\",\"inLanguage\":\"fr-FR\",\"@id\":\"https:\/\/www.voustensports.com\/fr\/flaneur-signature-t-shirt-bleu-clair-39362\/#primaryimage\",\"url\":\"https:\/\/www.voustensports.com\/wp-content\/uploads\/2023\/06\/FLANEUR-Signature-T-Shirt-lichtblauw-39362.png\",\"contentUrl\":\"https:\/\/www.voustensports.com\/wp-content\/uploads\/2023\/06\/FLANEUR-Signature-T-Shirt-lichtblauw-39362.png\",\"width\":536,\"height\":522},{\"@type\":\"BreadcrumbList\",\"@id\":\"https:\/\/www.voustensports.com\/fr\/flaneur-signature-t-shirt-bleu-clair-39362\/#breadcrumb\",\"itemListElement\":[{\"@type\":\"ListItem\",\"position\":1,\"name\":\"Home\",\"item\":\"https:\/\/www.voustensports.com\/fr\/\"},{\"@type\":\"ListItem\",\"position\":2,\"name\":\"Boutique\",\"item\":\"https:\/\/www.voustensports.com\/fr\/shop\/\"},{\"@type\":\"ListItem\",\"position\":3,\"name\":\"FL\u00c2NEUR &#8211; Signature T-Shirt bleu clair (39362)\"}]},{\"@type\":\"WebSite\",\"@id\":\"https:\/\/www.voustensports.com\/nl\/#website\",\"url\":\"https:\/\/www.voustensports.com\/nl\/\",\"name\":\"Vousten Sports\",\"description\":\"\",\"potentialAction\":[{\"@type\":\"SearchAction\",\"target\":{\"@type\":\"EntryPoint\",\"urlTemplate\":\"https:\/\/www.voustensports.com\/nl\/?s={search_term_string}\"},\"query-input\":{\"@type\":\"PropertyValueSpecification\",\"valueRequired\":true,\"valueName\":\"search_term_string\"}}],\"inLanguage\":\"fr-FR\"}]}<\/script>\n<!-- \/ Yoast SEO plugin. -->","yoast_head_json":{"title":"FL\u00c2NEUR - Signature T-Shirt bleu clair (39362) - Vousten Sports","robots":{"index":"index","follow":"follow","max-snippet":"max-snippet:-1","max-image-preview":"max-image-preview:large","max-video-preview":"max-video-preview:-1"},"canonical":"https:\/\/www.voustensports.com\/fr\/flaneur-signature-t-shirt-bleu-clair-39362\/","og_locale":"fr_FR","og_type":"article","og_title":"FL\u00c2NEUR - Signature T-Shirt bleu clair (39362) - Vousten Sports","og_description":"Le T-shirt Signature en bleu clair, orn\u00e9 du logo Fl\u00e2neur-Signature brod\u00e9 sur la poitrine. Composition : 100% coton Fabriqu\u00e9 en Turquie Le respect de la certification GOTS garantit une production responsable sur le plan environnemental et social, des mati\u00e8res premi\u00e8res \u00e0 l&rsquo;\u00e9tiquetage, et d\u00e9montre l&rsquo;engagement continu en faveur de la durabilit\u00e9 et de la qualit\u00e9.","og_url":"https:\/\/www.voustensports.com\/fr\/flaneur-signature-t-shirt-bleu-clair-39362\/","og_site_name":"Vousten Sports","article_modified_time":"2026-02-05T11:16:36+00:00","og_image":[{"width":536,"height":522,"url":"https:\/\/www.voustensports.com\/wp-content\/uploads\/2023\/06\/FLANEUR-Signature-T-Shirt-lichtblauw-39362.jpg","type":"image\/jpeg"}],"twitter_card":"summary_large_image","schema":{"@context":"https:\/\/schema.org","@graph":[{"@type":"WebPage","@id":"https:\/\/www.voustensports.com\/fr\/flaneur-signature-t-shirt-bleu-clair-39362\/","url":"https:\/\/www.voustensports.com\/fr\/flaneur-signature-t-shirt-bleu-clair-39362\/","name":"FL\u00c2NEUR - Signature T-Shirt bleu clair (39362) - Vousten Sports","isPartOf":{"@id":"https:\/\/www.voustensports.com\/nl\/#website"},"primaryImageOfPage":{"@id":"https:\/\/www.voustensports.com\/fr\/flaneur-signature-t-shirt-bleu-clair-39362\/#primaryimage"},"image":{"@id":"https:\/\/www.voustensports.com\/fr\/flaneur-signature-t-shirt-bleu-clair-39362\/#primaryimage"},"thumbnailUrl":"https:\/\/www.voustensports.com\/wp-content\/uploads\/2023\/06\/FLANEUR-Signature-T-Shirt-lichtblauw-39362.png","datePublished":"2024-08-08T13:02:04+00:00","dateModified":"2026-02-05T11:16:36+00:00","breadcrumb":{"@id":"https:\/\/www.voustensports.com\/fr\/flaneur-signature-t-shirt-bleu-clair-39362\/#breadcrumb"},"inLanguage":"fr-FR","potentialAction":[{"@type":"ReadAction","target":["https:\/\/www.voustensports.com\/fr\/flaneur-signature-t-shirt-bleu-clair-39362\/"]}]},{"@type":"ImageObject","inLanguage":"fr-FR","@id":"https:\/\/www.voustensports.com\/fr\/flaneur-signature-t-shirt-bleu-clair-39362\/#primaryimage","url":"https:\/\/www.voustensports.com\/wp-content\/uploads\/2023\/06\/FLANEUR-Signature-T-Shirt-lichtblauw-39362.png","contentUrl":"https:\/\/www.voustensports.com\/wp-content\/uploads\/2023\/06\/FLANEUR-Signature-T-Shirt-lichtblauw-39362.png","width":536,"height":522},{"@type":"BreadcrumbList","@id":"https:\/\/www.voustensports.com\/fr\/flaneur-signature-t-shirt-bleu-clair-39362\/#breadcrumb","itemListElement":[{"@type":"ListItem","position":1,"name":"Home","item":"https:\/\/www.voustensports.com\/fr\/"},{"@type":"ListItem","position":2,"name":"Boutique","item":"https:\/\/www.voustensports.com\/fr\/shop\/"},{"@type":"ListItem","position":3,"name":"FL\u00c2NEUR &#8211; Signature T-Shirt bleu clair (39362)"}]},{"@type":"WebSite","@id":"https:\/\/www.voustensports.com\/nl\/#website","url":"https:\/\/www.voustensports.com\/nl\/","name":"Vousten Sports","description":"","potentialAction":[{"@type":"SearchAction","target":{"@type":"EntryPoint","urlTemplate":"https:\/\/www.voustensports.com\/nl\/?s={search_term_string}"},"query-input":{"@type":"PropertyValueSpecification","valueRequired":true,"valueName":"search_term_string"}}],"inLanguage":"fr-FR"}]}},"_links":{"self":[{"href":"https:\/\/www.voustensports.com\/fr\/wp-json\/wp\/v2\/product\/181154","targetHints":{"allow":["GET"]}}],"collection":[{"href":"https:\/\/www.voustensports.com\/fr\/wp-json\/wp\/v2\/product"}],"about":[{"href":"https:\/\/www.voustensports.com\/fr\/wp-json\/wp\/v2\/types\/product"}],"replies":[{"embeddable":true,"href":"https:\/\/www.voustensports.com\/fr\/wp-json\/wp\/v2\/comments?post=181154"}],"wp:featuredmedia":[{"embeddable":true,"href":"https:\/\/www.voustensports.com\/fr\/wp-json\/wp\/v2\/media\/181226"}],"wp:attachment":[{"href":"https:\/\/www.voustensports.com\/fr\/wp-json\/wp\/v2\/media?parent=181154"}],"wp:term":[{"taxonomy":"product_cat","embeddable":true,"href":"https:\/\/www.voustensports.com\/fr\/wp-json\/wp\/v2\/product_cat?post=181154"},{"taxonomy":"product_tag","embeddable":true,"href":"https:\/\/www.voustensports.com\/fr\/wp-json\/wp\/v2\/product_tag?post=181154"}],"curies":[{"name":"wp","href":"https:\/\/api.w.org\/{rel}","templated":true}]}}