{"id":181130,"date":"2024-08-08T14:30:25","date_gmt":"2024-08-08T12:30:25","guid":{"rendered":"https:\/\/www.voustensports.com\/flaneur-signature-shorts-bleu-clair-39383\/"},"modified":"2026-03-14T02:27:04","modified_gmt":"2026-03-14T01:27:04","slug":"flaneur-signature-shorts-bleu-clair-39383","status":"publish","type":"product","link":"https:\/\/www.voustensports.com\/fr\/flaneur-signature-shorts-bleu-clair-39383\/","title":{"rendered":"FL\u00c2NEUR &#8211; Signature Shorts bleu clair (39383)"},"content":{"rendered":"<div class=\"page\" title=\"Page 47\">\n<div class=\"section\">\n<div class=\"layoutArea\">\n<div class=\"column\">\n<div class=\"page\" title=\"Page 47\">\n<div class=\"section\">\n<div class=\"layoutArea\">\n<div class=\"column\">\n<p>Le short Signature en bleu clair, orn\u00e9 du logo Fl\u00e2neur-Signature brod\u00e9. Comprend une taille \u00e9lastique avec cordon de serrage, \u00e9quip\u00e9e d&rsquo;un cordon \u00e9pais les rendant enti\u00e8rement r\u00e9glables.<br \/>\nCoupe spacieuse.<\/p>\n<ul>\n<li>Composition : 100% coton<\/li>\n<li>Fabriqu\u00e9 en Turquie<\/li>\n<\/ul>\n<p>Le respect de la certification GOTS garantit une production responsable sur le plan environnemental et social, des mati\u00e8res premi\u00e8res \u00e0 l&rsquo;\u00e9tiquetage, et d\u00e9montre l&rsquo;engagement continu en faveur de la durabilit\u00e9 et de la qualit\u00e9.<\/p>\n<\/div>\n<\/div>\n<\/div>\n<\/div>\n<\/div>\n<\/div>\n<\/div>\n<\/div>\n","protected":false},"excerpt":{"rendered":"<p>Le short Signature en bleu clair, orn\u00e9 du logo Fl\u00e2neur-Signature brod\u00e9. Comprend une taille \u00e9lastique avec cordon de serrage, \u00e9quip\u00e9e d&rsquo;un cordon \u00e9pais les rendant enti\u00e8rement r\u00e9glables. Coupe spacieuse. Composition : 100% coton Fabriqu\u00e9 en Turquie Le respect de la certification GOTS garantit une production responsable sur le plan environnemental et social, des mati\u00e8res premi\u00e8res [&#8230;]\n","protected":false},"featured_media":181118,"comment_status":"open","ping_status":"closed","template":"","meta":{"rank_math_lock_modified_date":false},"product_cat":[450,458,462,466,786,895,912],"product_tag":[],"class_list":{"0":"post-181130","1":"product","2":"type-product","3":"status-publish","4":"has-post-thumbnail","6":"product_cat-heren-fr","7":"product_cat-shorts-fr-2","8":"product_cat-vousten-sports-fr-2","9":"product_cat-broeken-fr","10":"product_cat-broek-fr","11":"product_cat-sweat-pants-fr","12":"product_cat-flaneur-fr","14":"first","15":"instock","16":"taxable","17":"shipping-taxable","18":"purchasable","19":"product-type-variable"},"acf":[],"yoast_head":"<!-- This site is optimized with the Yoast SEO plugin v23.9 - https:\/\/yoast.com\/wordpress\/plugins\/seo\/ -->\n<title>FL\u00c2NEUR - Signature Shorts bleu clair (39383) - Vousten Sports<\/title>\n<meta name=\"robots\" content=\"index, follow, max-snippet:-1, max-image-preview:large, max-video-preview:-1\" \/>\n<link rel=\"canonical\" href=\"https:\/\/www.voustensports.com\/fr\/flaneur-signature-shorts-bleu-clair-39383\/\" \/>\n<meta property=\"og:locale\" content=\"fr_FR\" \/>\n<meta property=\"og:type\" content=\"article\" \/>\n<meta property=\"og:title\" content=\"FL\u00c2NEUR - Signature Shorts bleu clair (39383) - Vousten Sports\" \/>\n<meta property=\"og:description\" content=\"Le short Signature en bleu clair, orn\u00e9 du logo Fl\u00e2neur-Signature brod\u00e9. Comprend une taille \u00e9lastique avec cordon de serrage, \u00e9quip\u00e9e d&rsquo;un cordon \u00e9pais les rendant enti\u00e8rement r\u00e9glables. Coupe spacieuse. Composition : 100% coton Fabriqu\u00e9 en Turquie Le respect de la certification GOTS garantit une production responsable sur le plan environnemental et social, des mati\u00e8res premi\u00e8res [...]\" \/>\n<meta property=\"og:url\" content=\"https:\/\/www.voustensports.com\/fr\/flaneur-signature-shorts-bleu-clair-39383\/\" \/>\n<meta property=\"og:site_name\" content=\"Vousten Sports\" \/>\n<meta property=\"article:modified_time\" content=\"2026-03-14T01:27:04+00:00\" \/>\n<meta property=\"og:image\" content=\"https:\/\/www.voustensports.com\/wp-content\/uploads\/2023\/06\/FLANEUR-Signature-Shorts-lichtblauw-39383-1.png\" \/>\n\t<meta property=\"og:image:width\" content=\"463\" \/>\n\t<meta property=\"og:image:height\" content=\"381\" \/>\n\t<meta property=\"og:image:type\" content=\"image\/png\" \/>\n<meta name=\"twitter:card\" content=\"summary_large_image\" \/>\n<script type=\"application\/ld+json\" class=\"yoast-schema-graph\">{\"@context\":\"https:\/\/schema.org\",\"@graph\":[{\"@type\":\"WebPage\",\"@id\":\"https:\/\/www.voustensports.com\/fr\/flaneur-signature-shorts-bleu-clair-39383\/\",\"url\":\"https:\/\/www.voustensports.com\/fr\/flaneur-signature-shorts-bleu-clair-39383\/\",\"name\":\"FL\u00c2NEUR - Signature Shorts bleu clair (39383) - Vousten Sports\",\"isPartOf\":{\"@id\":\"https:\/\/www.voustensports.com\/nl\/#website\"},\"primaryImageOfPage\":{\"@id\":\"https:\/\/www.voustensports.com\/fr\/flaneur-signature-shorts-bleu-clair-39383\/#primaryimage\"},\"image\":{\"@id\":\"https:\/\/www.voustensports.com\/fr\/flaneur-signature-shorts-bleu-clair-39383\/#primaryimage\"},\"thumbnailUrl\":\"https:\/\/www.voustensports.com\/wp-content\/uploads\/2023\/06\/FLANEUR-Signature-Shorts-lichtblauw-39383-1.png\",\"datePublished\":\"2024-08-08T12:30:25+00:00\",\"dateModified\":\"2026-03-14T01:27:04+00:00\",\"breadcrumb\":{\"@id\":\"https:\/\/www.voustensports.com\/fr\/flaneur-signature-shorts-bleu-clair-39383\/#breadcrumb\"},\"inLanguage\":\"fr-FR\",\"potentialAction\":[{\"@type\":\"ReadAction\",\"target\":[\"https:\/\/www.voustensports.com\/fr\/flaneur-signature-shorts-bleu-clair-39383\/\"]}]},{\"@type\":\"ImageObject\",\"inLanguage\":\"fr-FR\",\"@id\":\"https:\/\/www.voustensports.com\/fr\/flaneur-signature-shorts-bleu-clair-39383\/#primaryimage\",\"url\":\"https:\/\/www.voustensports.com\/wp-content\/uploads\/2023\/06\/FLANEUR-Signature-Shorts-lichtblauw-39383-1.png\",\"contentUrl\":\"https:\/\/www.voustensports.com\/wp-content\/uploads\/2023\/06\/FLANEUR-Signature-Shorts-lichtblauw-39383-1.png\",\"width\":463,\"height\":381},{\"@type\":\"BreadcrumbList\",\"@id\":\"https:\/\/www.voustensports.com\/fr\/flaneur-signature-shorts-bleu-clair-39383\/#breadcrumb\",\"itemListElement\":[{\"@type\":\"ListItem\",\"position\":1,\"name\":\"Home\",\"item\":\"https:\/\/www.voustensports.com\/fr\/\"},{\"@type\":\"ListItem\",\"position\":2,\"name\":\"Boutique\",\"item\":\"https:\/\/www.voustensports.com\/fr\/shop\/\"},{\"@type\":\"ListItem\",\"position\":3,\"name\":\"FL\u00c2NEUR &#8211; Signature Shorts bleu clair (39383)\"}]},{\"@type\":\"WebSite\",\"@id\":\"https:\/\/www.voustensports.com\/nl\/#website\",\"url\":\"https:\/\/www.voustensports.com\/nl\/\",\"name\":\"Vousten Sports\",\"description\":\"\",\"potentialAction\":[{\"@type\":\"SearchAction\",\"target\":{\"@type\":\"EntryPoint\",\"urlTemplate\":\"https:\/\/www.voustensports.com\/nl\/?s={search_term_string}\"},\"query-input\":{\"@type\":\"PropertyValueSpecification\",\"valueRequired\":true,\"valueName\":\"search_term_string\"}}],\"inLanguage\":\"fr-FR\"}]}<\/script>\n<!-- \/ Yoast SEO plugin. -->","yoast_head_json":{"title":"FL\u00c2NEUR - Signature Shorts bleu clair (39383) - Vousten Sports","robots":{"index":"index","follow":"follow","max-snippet":"max-snippet:-1","max-image-preview":"max-image-preview:large","max-video-preview":"max-video-preview:-1"},"canonical":"https:\/\/www.voustensports.com\/fr\/flaneur-signature-shorts-bleu-clair-39383\/","og_locale":"fr_FR","og_type":"article","og_title":"FL\u00c2NEUR - Signature Shorts bleu clair (39383) - Vousten Sports","og_description":"Le short Signature en bleu clair, orn\u00e9 du logo Fl\u00e2neur-Signature brod\u00e9. Comprend une taille \u00e9lastique avec cordon de serrage, \u00e9quip\u00e9e d&rsquo;un cordon \u00e9pais les rendant enti\u00e8rement r\u00e9glables. Coupe spacieuse. Composition : 100% coton Fabriqu\u00e9 en Turquie Le respect de la certification GOTS garantit une production responsable sur le plan environnemental et social, des mati\u00e8res premi\u00e8res [...]","og_url":"https:\/\/www.voustensports.com\/fr\/flaneur-signature-shorts-bleu-clair-39383\/","og_site_name":"Vousten Sports","article_modified_time":"2026-03-14T01:27:04+00:00","og_image":[{"width":463,"height":381,"url":"https:\/\/www.voustensports.com\/wp-content\/uploads\/2023\/06\/FLANEUR-Signature-Shorts-lichtblauw-39383-1.png","type":"image\/png"}],"twitter_card":"summary_large_image","schema":{"@context":"https:\/\/schema.org","@graph":[{"@type":"WebPage","@id":"https:\/\/www.voustensports.com\/fr\/flaneur-signature-shorts-bleu-clair-39383\/","url":"https:\/\/www.voustensports.com\/fr\/flaneur-signature-shorts-bleu-clair-39383\/","name":"FL\u00c2NEUR - Signature Shorts bleu clair (39383) - Vousten Sports","isPartOf":{"@id":"https:\/\/www.voustensports.com\/nl\/#website"},"primaryImageOfPage":{"@id":"https:\/\/www.voustensports.com\/fr\/flaneur-signature-shorts-bleu-clair-39383\/#primaryimage"},"image":{"@id":"https:\/\/www.voustensports.com\/fr\/flaneur-signature-shorts-bleu-clair-39383\/#primaryimage"},"thumbnailUrl":"https:\/\/www.voustensports.com\/wp-content\/uploads\/2023\/06\/FLANEUR-Signature-Shorts-lichtblauw-39383-1.png","datePublished":"2024-08-08T12:30:25+00:00","dateModified":"2026-03-14T01:27:04+00:00","breadcrumb":{"@id":"https:\/\/www.voustensports.com\/fr\/flaneur-signature-shorts-bleu-clair-39383\/#breadcrumb"},"inLanguage":"fr-FR","potentialAction":[{"@type":"ReadAction","target":["https:\/\/www.voustensports.com\/fr\/flaneur-signature-shorts-bleu-clair-39383\/"]}]},{"@type":"ImageObject","inLanguage":"fr-FR","@id":"https:\/\/www.voustensports.com\/fr\/flaneur-signature-shorts-bleu-clair-39383\/#primaryimage","url":"https:\/\/www.voustensports.com\/wp-content\/uploads\/2023\/06\/FLANEUR-Signature-Shorts-lichtblauw-39383-1.png","contentUrl":"https:\/\/www.voustensports.com\/wp-content\/uploads\/2023\/06\/FLANEUR-Signature-Shorts-lichtblauw-39383-1.png","width":463,"height":381},{"@type":"BreadcrumbList","@id":"https:\/\/www.voustensports.com\/fr\/flaneur-signature-shorts-bleu-clair-39383\/#breadcrumb","itemListElement":[{"@type":"ListItem","position":1,"name":"Home","item":"https:\/\/www.voustensports.com\/fr\/"},{"@type":"ListItem","position":2,"name":"Boutique","item":"https:\/\/www.voustensports.com\/fr\/shop\/"},{"@type":"ListItem","position":3,"name":"FL\u00c2NEUR &#8211; Signature Shorts bleu clair (39383)"}]},{"@type":"WebSite","@id":"https:\/\/www.voustensports.com\/nl\/#website","url":"https:\/\/www.voustensports.com\/nl\/","name":"Vousten Sports","description":"","potentialAction":[{"@type":"SearchAction","target":{"@type":"EntryPoint","urlTemplate":"https:\/\/www.voustensports.com\/nl\/?s={search_term_string}"},"query-input":{"@type":"PropertyValueSpecification","valueRequired":true,"valueName":"search_term_string"}}],"inLanguage":"fr-FR"}]}},"_links":{"self":[{"href":"https:\/\/www.voustensports.com\/fr\/wp-json\/wp\/v2\/product\/181130","targetHints":{"allow":["GET"]}}],"collection":[{"href":"https:\/\/www.voustensports.com\/fr\/wp-json\/wp\/v2\/product"}],"about":[{"href":"https:\/\/www.voustensports.com\/fr\/wp-json\/wp\/v2\/types\/product"}],"replies":[{"embeddable":true,"href":"https:\/\/www.voustensports.com\/fr\/wp-json\/wp\/v2\/comments?post=181130"}],"wp:featuredmedia":[{"embeddable":true,"href":"https:\/\/www.voustensports.com\/fr\/wp-json\/wp\/v2\/media\/181118"}],"wp:attachment":[{"href":"https:\/\/www.voustensports.com\/fr\/wp-json\/wp\/v2\/media?parent=181130"}],"wp:term":[{"taxonomy":"product_cat","embeddable":true,"href":"https:\/\/www.voustensports.com\/fr\/wp-json\/wp\/v2\/product_cat?post=181130"},{"taxonomy":"product_tag","embeddable":true,"href":"https:\/\/www.voustensports.com\/fr\/wp-json\/wp\/v2\/product_tag?post=181130"}],"curies":[{"name":"wp","href":"https:\/\/api.w.org\/{rel}","templated":true}]}}