{"id":180927,"date":"2024-07-30T11:32:29","date_gmt":"2024-07-30T09:32:29","guid":{"rendered":"https:\/\/www.voustensports.com\/valenza-poloshirt-zip-long-sleeve-ebony-brown-39560-2\/"},"modified":"2026-02-05T12:19:55","modified_gmt":"2026-02-05T11:19:55","slug":"valenza-poloshirt-zip-long-sleeve-ebony-brown-39560-2","status":"publish","type":"product","link":"https:\/\/www.voustensports.com\/fr\/valenza-poloshirt-zip-long-sleeve-ebony-brown-39560-2\/","title":{"rendered":"VALENZA &#8211; Poloshirt Zip Long Sleeve ebony brown (39560)"},"content":{"rendered":"<p class=\"p1\"><strong>Informations sur le produit<\/strong><\/p>\n<ul>\n<li>Polo coupe ajust\u00e9e<\/li>\n<li>Manches\u00a0lounges<\/li>\n<li>Fermeture zipp\u00e9e<\/li>\n<\/ul>\n<p class=\"p1\"><strong>Informations sur les mati\u00e8res<\/strong><\/p>\n<p class=\"p2\">Tissu:<\/p>\n<ul>\n<li>Coton Interlock Supima<\/li>\n<li>Made in Italy<\/li>\n<li>Composition: 100\u00a0% coton<\/li>\n<li>Poids: 190\u00a0g\/m\u00a0\u00b2<\/li>\n<\/ul>\n<p class=\"p1\">Boutons:<\/p>\n<ul>\n<li>Nacre trocas<\/li>\n<li>Made in Italy<\/li>\n<li>Composition: 100\u00a0% nacre trocas<\/li>\n<li>\u00c9paisseur: 3\u00a0mm<\/li>\n<li>Ligne: 18<\/li>\n<\/ul>\n<p class=\"p1\">\u00c9tiquettes et \u00e9tiquettes volantes:<\/p>\n<ul>\n<li>\u00c9tiquettes en coton recycl\u00e9<\/li>\n<li>\u00c9tiquettes en papier recycl\u00e9<\/li>\n<li>Made in Italy<\/li>\n<\/ul>\n<p class=\"p1\"><strong>Lieu de production<\/strong><\/p>\n<p class=\"p1\">Produit dans les Marches, Italie. Certifi\u00e9 100\u00a0% Made in Italy. Toutes les \u00e9tapes li\u00e9es \u00e0 la production de cet article ont eu lieu dans les Marches, en Italie, selon des proc\u00e9dures artisanales.<\/p>\n<p class=\"p1\">&#8211; Laver en machine \u00e0 40\u00a0degr\u00e9s<\/p>\n<p class=\"p1\">&#8211; Ne pas utiliser d\u2019eau de Javel<\/p>\n<p class=\"p1\">&#8211; S\u00e9cher \u00e0 plat<\/p>\n<p class=\"p1\">&#8211; Repasser \u00e0 basse temp\u00e9rature<\/p>\n<p class=\"p1\">&#8211; Nettoyer \u00e0 sec avec n\u2019importe quel solvant sauf le trichloro\u00e9thyl\u00e8ne<\/p>\n<p class=\"p1\">&#8211; Ne pas s\u00e9cher au s\u00e8che-linge<\/p>\n","protected":false},"excerpt":{"rendered":"<p>Informations sur le produit Polo coupe ajust\u00e9e Manches\u00a0lounges Fermeture zipp\u00e9e Informations sur les mati\u00e8res Tissu: Coton Interlock Supima Made in Italy Composition: 100\u00a0% coton Poids: 190\u00a0g\/m\u00a0\u00b2 Boutons: Nacre trocas Made in Italy Composition: 100\u00a0% nacre trocas \u00c9paisseur: 3\u00a0mm Ligne: 18 \u00c9tiquettes et \u00e9tiquettes volantes: \u00c9tiquettes en coton recycl\u00e9 \u00c9tiquettes en papier recycl\u00e9 Made in Italy [&#8230;]\n","protected":false},"featured_media":192030,"comment_status":"open","ping_status":"closed","template":"","meta":{"rank_math_lock_modified_date":false},"product_cat":[446,450,462,478,778],"product_tag":[],"class_list":{"0":"post-180927","1":"product","2":"type-product","3":"status-publish","4":"has-post-thumbnail","6":"product_cat-kleding-fr","7":"product_cat-heren-fr","8":"product_cat-vousten-sports-fr-2","9":"product_cat-polos-fr-2","10":"product_cat-valenza-fr","12":"first","13":"outofstock","14":"taxable","15":"shipping-taxable","16":"purchasable","17":"product-type-variable"},"acf":[],"yoast_head":"<!-- This site is optimized with the Yoast SEO plugin v23.9 - https:\/\/yoast.com\/wordpress\/plugins\/seo\/ -->\n<title>VALENZA - Poloshirt Zip Long Sleeve ebony brown (39560) - Vousten Sports<\/title>\n<meta name=\"robots\" content=\"index, follow, max-snippet:-1, max-image-preview:large, max-video-preview:-1\" \/>\n<link rel=\"canonical\" href=\"https:\/\/www.voustensports.com\/fr\/valenza-poloshirt-zip-long-sleeve-ebony-brown-39560-2\/\" \/>\n<meta property=\"og:locale\" content=\"fr_FR\" \/>\n<meta property=\"og:type\" content=\"article\" \/>\n<meta property=\"og:title\" content=\"VALENZA - Poloshirt Zip Long Sleeve ebony brown (39560) - Vousten Sports\" \/>\n<meta property=\"og:description\" content=\"Informations sur le produit Polo coupe ajust\u00e9e Manches\u00a0lounges Fermeture zipp\u00e9e Informations sur les mati\u00e8res Tissu: Coton Interlock Supima Made in Italy Composition: 100\u00a0% coton Poids: 190\u00a0g\/m\u00a0\u00b2 Boutons: Nacre trocas Made in Italy Composition: 100\u00a0% nacre trocas \u00c9paisseur: 3\u00a0mm Ligne: 18 \u00c9tiquettes et \u00e9tiquettes volantes: \u00c9tiquettes en coton recycl\u00e9 \u00c9tiquettes en papier recycl\u00e9 Made in Italy [...]\" \/>\n<meta property=\"og:url\" content=\"https:\/\/www.voustensports.com\/fr\/valenza-poloshirt-zip-long-sleeve-ebony-brown-39560-2\/\" \/>\n<meta property=\"og:site_name\" content=\"Vousten Sports\" \/>\n<meta property=\"article:modified_time\" content=\"2026-02-05T11:19:55+00:00\" \/>\n<meta property=\"og:image\" content=\"https:\/\/www.voustensports.com\/wp-content\/uploads\/2023\/06\/VALENZA-Poloshirt-Zip-Long-Sleeve-ebony-brown-39560.png\" \/>\n\t<meta property=\"og:image:width\" content=\"2560\" \/>\n\t<meta property=\"og:image:height\" content=\"3413\" \/>\n\t<meta property=\"og:image:type\" content=\"image\/png\" \/>\n<meta name=\"twitter:card\" content=\"summary_large_image\" \/>\n<meta name=\"twitter:label1\" content=\"Est. reading time\" \/>\n\t<meta name=\"twitter:data1\" content=\"1 minute\" \/>\n<script type=\"application\/ld+json\" class=\"yoast-schema-graph\">{\"@context\":\"https:\/\/schema.org\",\"@graph\":[{\"@type\":\"WebPage\",\"@id\":\"https:\/\/www.voustensports.com\/fr\/valenza-poloshirt-zip-long-sleeve-ebony-brown-39560-2\/\",\"url\":\"https:\/\/www.voustensports.com\/fr\/valenza-poloshirt-zip-long-sleeve-ebony-brown-39560-2\/\",\"name\":\"VALENZA - Poloshirt Zip Long Sleeve ebony brown (39560) - Vousten Sports\",\"isPartOf\":{\"@id\":\"https:\/\/www.voustensports.com\/nl\/#website\"},\"primaryImageOfPage\":{\"@id\":\"https:\/\/www.voustensports.com\/fr\/valenza-poloshirt-zip-long-sleeve-ebony-brown-39560-2\/#primaryimage\"},\"image\":{\"@id\":\"https:\/\/www.voustensports.com\/fr\/valenza-poloshirt-zip-long-sleeve-ebony-brown-39560-2\/#primaryimage\"},\"thumbnailUrl\":\"https:\/\/www.voustensports.com\/wp-content\/uploads\/2023\/06\/VALENZA-Poloshirt-Zip-Long-Sleeve-ebony-brown-39560-1-1.png\",\"datePublished\":\"2024-07-30T09:32:29+00:00\",\"dateModified\":\"2026-02-05T11:19:55+00:00\",\"breadcrumb\":{\"@id\":\"https:\/\/www.voustensports.com\/fr\/valenza-poloshirt-zip-long-sleeve-ebony-brown-39560-2\/#breadcrumb\"},\"inLanguage\":\"fr-FR\",\"potentialAction\":[{\"@type\":\"ReadAction\",\"target\":[\"https:\/\/www.voustensports.com\/fr\/valenza-poloshirt-zip-long-sleeve-ebony-brown-39560-2\/\"]}]},{\"@type\":\"ImageObject\",\"inLanguage\":\"fr-FR\",\"@id\":\"https:\/\/www.voustensports.com\/fr\/valenza-poloshirt-zip-long-sleeve-ebony-brown-39560-2\/#primaryimage\",\"url\":\"https:\/\/www.voustensports.com\/wp-content\/uploads\/2023\/06\/VALENZA-Poloshirt-Zip-Long-Sleeve-ebony-brown-39560-1-1.png\",\"contentUrl\":\"https:\/\/www.voustensports.com\/wp-content\/uploads\/2023\/06\/VALENZA-Poloshirt-Zip-Long-Sleeve-ebony-brown-39560-1-1.png\",\"width\":713,\"height\":713},{\"@type\":\"BreadcrumbList\",\"@id\":\"https:\/\/www.voustensports.com\/fr\/valenza-poloshirt-zip-long-sleeve-ebony-brown-39560-2\/#breadcrumb\",\"itemListElement\":[{\"@type\":\"ListItem\",\"position\":1,\"name\":\"Home\",\"item\":\"https:\/\/www.voustensports.com\/fr\/\"},{\"@type\":\"ListItem\",\"position\":2,\"name\":\"Boutique\",\"item\":\"https:\/\/www.voustensports.com\/fr\/shop\/\"},{\"@type\":\"ListItem\",\"position\":3,\"name\":\"VALENZA &#8211; Poloshirt Zip Long Sleeve ebony brown (39560)\"}]},{\"@type\":\"WebSite\",\"@id\":\"https:\/\/www.voustensports.com\/nl\/#website\",\"url\":\"https:\/\/www.voustensports.com\/nl\/\",\"name\":\"Vousten Sports\",\"description\":\"\",\"potentialAction\":[{\"@type\":\"SearchAction\",\"target\":{\"@type\":\"EntryPoint\",\"urlTemplate\":\"https:\/\/www.voustensports.com\/nl\/?s={search_term_string}\"},\"query-input\":{\"@type\":\"PropertyValueSpecification\",\"valueRequired\":true,\"valueName\":\"search_term_string\"}}],\"inLanguage\":\"fr-FR\"}]}<\/script>\n<!-- \/ Yoast SEO plugin. -->","yoast_head_json":{"title":"VALENZA - Poloshirt Zip Long Sleeve ebony brown (39560) - Vousten Sports","robots":{"index":"index","follow":"follow","max-snippet":"max-snippet:-1","max-image-preview":"max-image-preview:large","max-video-preview":"max-video-preview:-1"},"canonical":"https:\/\/www.voustensports.com\/fr\/valenza-poloshirt-zip-long-sleeve-ebony-brown-39560-2\/","og_locale":"fr_FR","og_type":"article","og_title":"VALENZA - Poloshirt Zip Long Sleeve ebony brown (39560) - Vousten Sports","og_description":"Informations sur le produit Polo coupe ajust\u00e9e Manches\u00a0lounges Fermeture zipp\u00e9e Informations sur les mati\u00e8res Tissu: Coton Interlock Supima Made in Italy Composition: 100\u00a0% coton Poids: 190\u00a0g\/m\u00a0\u00b2 Boutons: Nacre trocas Made in Italy Composition: 100\u00a0% nacre trocas \u00c9paisseur: 3\u00a0mm Ligne: 18 \u00c9tiquettes et \u00e9tiquettes volantes: \u00c9tiquettes en coton recycl\u00e9 \u00c9tiquettes en papier recycl\u00e9 Made in Italy [...]","og_url":"https:\/\/www.voustensports.com\/fr\/valenza-poloshirt-zip-long-sleeve-ebony-brown-39560-2\/","og_site_name":"Vousten Sports","article_modified_time":"2026-02-05T11:19:55+00:00","og_image":[{"width":2560,"height":3413,"url":"https:\/\/www.voustensports.com\/wp-content\/uploads\/2023\/06\/VALENZA-Poloshirt-Zip-Long-Sleeve-ebony-brown-39560.png","type":"image\/png"}],"twitter_card":"summary_large_image","twitter_misc":{"Est. reading time":"1 minute"},"schema":{"@context":"https:\/\/schema.org","@graph":[{"@type":"WebPage","@id":"https:\/\/www.voustensports.com\/fr\/valenza-poloshirt-zip-long-sleeve-ebony-brown-39560-2\/","url":"https:\/\/www.voustensports.com\/fr\/valenza-poloshirt-zip-long-sleeve-ebony-brown-39560-2\/","name":"VALENZA - Poloshirt Zip Long Sleeve ebony brown (39560) - Vousten Sports","isPartOf":{"@id":"https:\/\/www.voustensports.com\/nl\/#website"},"primaryImageOfPage":{"@id":"https:\/\/www.voustensports.com\/fr\/valenza-poloshirt-zip-long-sleeve-ebony-brown-39560-2\/#primaryimage"},"image":{"@id":"https:\/\/www.voustensports.com\/fr\/valenza-poloshirt-zip-long-sleeve-ebony-brown-39560-2\/#primaryimage"},"thumbnailUrl":"https:\/\/www.voustensports.com\/wp-content\/uploads\/2023\/06\/VALENZA-Poloshirt-Zip-Long-Sleeve-ebony-brown-39560-1-1.png","datePublished":"2024-07-30T09:32:29+00:00","dateModified":"2026-02-05T11:19:55+00:00","breadcrumb":{"@id":"https:\/\/www.voustensports.com\/fr\/valenza-poloshirt-zip-long-sleeve-ebony-brown-39560-2\/#breadcrumb"},"inLanguage":"fr-FR","potentialAction":[{"@type":"ReadAction","target":["https:\/\/www.voustensports.com\/fr\/valenza-poloshirt-zip-long-sleeve-ebony-brown-39560-2\/"]}]},{"@type":"ImageObject","inLanguage":"fr-FR","@id":"https:\/\/www.voustensports.com\/fr\/valenza-poloshirt-zip-long-sleeve-ebony-brown-39560-2\/#primaryimage","url":"https:\/\/www.voustensports.com\/wp-content\/uploads\/2023\/06\/VALENZA-Poloshirt-Zip-Long-Sleeve-ebony-brown-39560-1-1.png","contentUrl":"https:\/\/www.voustensports.com\/wp-content\/uploads\/2023\/06\/VALENZA-Poloshirt-Zip-Long-Sleeve-ebony-brown-39560-1-1.png","width":713,"height":713},{"@type":"BreadcrumbList","@id":"https:\/\/www.voustensports.com\/fr\/valenza-poloshirt-zip-long-sleeve-ebony-brown-39560-2\/#breadcrumb","itemListElement":[{"@type":"ListItem","position":1,"name":"Home","item":"https:\/\/www.voustensports.com\/fr\/"},{"@type":"ListItem","position":2,"name":"Boutique","item":"https:\/\/www.voustensports.com\/fr\/shop\/"},{"@type":"ListItem","position":3,"name":"VALENZA &#8211; Poloshirt Zip Long Sleeve ebony brown (39560)"}]},{"@type":"WebSite","@id":"https:\/\/www.voustensports.com\/nl\/#website","url":"https:\/\/www.voustensports.com\/nl\/","name":"Vousten Sports","description":"","potentialAction":[{"@type":"SearchAction","target":{"@type":"EntryPoint","urlTemplate":"https:\/\/www.voustensports.com\/nl\/?s={search_term_string}"},"query-input":{"@type":"PropertyValueSpecification","valueRequired":true,"valueName":"search_term_string"}}],"inLanguage":"fr-FR"}]}},"_links":{"self":[{"href":"https:\/\/www.voustensports.com\/fr\/wp-json\/wp\/v2\/product\/180927","targetHints":{"allow":["GET"]}}],"collection":[{"href":"https:\/\/www.voustensports.com\/fr\/wp-json\/wp\/v2\/product"}],"about":[{"href":"https:\/\/www.voustensports.com\/fr\/wp-json\/wp\/v2\/types\/product"}],"replies":[{"embeddable":true,"href":"https:\/\/www.voustensports.com\/fr\/wp-json\/wp\/v2\/comments?post=180927"}],"wp:featuredmedia":[{"embeddable":true,"href":"https:\/\/www.voustensports.com\/fr\/wp-json\/wp\/v2\/media\/192030"}],"wp:attachment":[{"href":"https:\/\/www.voustensports.com\/fr\/wp-json\/wp\/v2\/media?parent=180927"}],"wp:term":[{"taxonomy":"product_cat","embeddable":true,"href":"https:\/\/www.voustensports.com\/fr\/wp-json\/wp\/v2\/product_cat?post=180927"},{"taxonomy":"product_tag","embeddable":true,"href":"https:\/\/www.voustensports.com\/fr\/wp-json\/wp\/v2\/product_tag?post=180927"}],"curies":[{"name":"wp","href":"https:\/\/api.w.org\/{rel}","templated":true}]}}