{"id":180324,"date":"2024-07-19T17:02:07","date_gmt":"2024-07-19T15:02:07","guid":{"rendered":"https:\/\/www.voustensports.com\/stone-island-surchemise-beige-39502\/"},"modified":"2026-02-05T12:19:38","modified_gmt":"2026-02-05T11:19:38","slug":"stone-island-surchemise-beige-39502","status":"publish","type":"product","link":"https:\/\/www.voustensports.com\/fr\/stone-island-surchemise-beige-39502\/","title":{"rendered":"STONE ISLAND &#8211; SURCHEMISE \u00c0 FERMETURE ZIPP\u00c9E BEIGE (39502)"},"content":{"rendered":"<p>D\u00c9TAILS DU PRODUIT<br \/>\nSurchemise en toile de coton biologique gratt\u00e9e. V\u00eatement teint avec le traitement &lsquo;OLD&rsquo;, un traitement de teinture exclusif suivi d&rsquo;une d\u00e9coloration sur le v\u00eatement fini pour un aspect l\u00e9g\u00e8rement us\u00e9 et tridimensionnel.<\/p>\n<p>STYLE<br \/>\nUne poche plaqu\u00e9e \u00e0 soufflet et un rabat fixe en haut qui cache la fermeture \u00e9clair.<br \/>\n\u00c9cusson Stone Island sur la manche gauche.<br \/>\nSerrage des poignets.<br \/>\nEmpi\u00e8cement au dos.<br \/>\nFermeture \u00e9clair bidirectionnelle.<br \/>\nCoupe r\u00e9guli\u00e8re.<\/p>\n<p>COMPOSITION<br \/>\n100% Coton<br \/>\nNum\u00e9ro Stone-Island\u00a0: 8115103WN<br \/>\nNum\u00e9ro de couleur: V0194<br \/>\nNum\u00e9ro d&rsquo;identification : 39502<\/p>\n","protected":false},"excerpt":{"rendered":"<p>D\u00c9TAILS DU PRODUIT Surchemise en toile de coton biologique gratt\u00e9e. V\u00eatement teint avec le traitement &lsquo;OLD&rsquo;, un traitement de teinture exclusif suivi d&rsquo;une d\u00e9coloration sur le v\u00eatement fini pour un aspect l\u00e9g\u00e8rement us\u00e9 et tridimensionnel. STYLE Une poche plaqu\u00e9e \u00e0 soufflet et un rabat fixe en haut qui cache la fermeture \u00e9clair. \u00c9cusson Stone Island [&#8230;]\n","protected":false},"featured_media":180312,"comment_status":"open","ping_status":"closed","template":"","meta":{"rank_math_lock_modified_date":false},"product_cat":[482,739,446,450,462],"product_tag":[],"class_list":{"0":"post-180324","1":"product","2":"type-product","3":"status-publish","4":"has-post-thumbnail","6":"product_cat-stone-island-fr-2","7":"product_cat-overshirt-fr-2","8":"product_cat-kleding-fr","9":"product_cat-heren-fr","10":"product_cat-vousten-sports-fr-2","12":"first","13":"outofstock","14":"taxable","15":"shipping-taxable","16":"purchasable","17":"product-type-variable"},"acf":[],"yoast_head":"<!-- This site is optimized with the Yoast SEO plugin v23.9 - https:\/\/yoast.com\/wordpress\/plugins\/seo\/ -->\n<title>STONE ISLAND - SURCHEMISE \u00c0 FERMETURE ZIPP\u00c9E BEIGE (39502) - Vousten Sports<\/title>\n<meta name=\"robots\" content=\"index, follow, max-snippet:-1, max-image-preview:large, max-video-preview:-1\" \/>\n<link rel=\"canonical\" href=\"https:\/\/www.voustensports.com\/fr\/stone-island-surchemise-beige-39502\/\" \/>\n<meta property=\"og:locale\" content=\"fr_FR\" \/>\n<meta property=\"og:type\" content=\"article\" \/>\n<meta property=\"og:title\" content=\"STONE ISLAND - SURCHEMISE \u00c0 FERMETURE ZIPP\u00c9E BEIGE (39502) - Vousten Sports\" \/>\n<meta property=\"og:description\" content=\"D\u00c9TAILS DU PRODUIT Surchemise en toile de coton biologique gratt\u00e9e. V\u00eatement teint avec le traitement &lsquo;OLD&rsquo;, un traitement de teinture exclusif suivi d&rsquo;une d\u00e9coloration sur le v\u00eatement fini pour un aspect l\u00e9g\u00e8rement us\u00e9 et tridimensionnel. STYLE Une poche plaqu\u00e9e \u00e0 soufflet et un rabat fixe en haut qui cache la fermeture \u00e9clair. \u00c9cusson Stone Island [...]\" \/>\n<meta property=\"og:url\" content=\"https:\/\/www.voustensports.com\/fr\/stone-island-surchemise-beige-39502\/\" \/>\n<meta property=\"og:site_name\" content=\"Vousten Sports\" \/>\n<meta property=\"article:modified_time\" content=\"2026-02-05T11:19:38+00:00\" \/>\n<meta property=\"og:image\" content=\"https:\/\/www.voustensports.com\/wp-content\/uploads\/2023\/06\/Overshirt-beige-39502-1.jpg\" \/>\n\t<meta property=\"og:image:width\" content=\"1365\" \/>\n\t<meta property=\"og:image:height\" content=\"2048\" \/>\n\t<meta property=\"og:image:type\" content=\"image\/jpeg\" \/>\n<meta name=\"twitter:card\" content=\"summary_large_image\" \/>\n<script type=\"application\/ld+json\" class=\"yoast-schema-graph\">{\"@context\":\"https:\/\/schema.org\",\"@graph\":[{\"@type\":\"WebPage\",\"@id\":\"https:\/\/www.voustensports.com\/fr\/stone-island-surchemise-beige-39502\/\",\"url\":\"https:\/\/www.voustensports.com\/fr\/stone-island-surchemise-beige-39502\/\",\"name\":\"STONE ISLAND - SURCHEMISE \u00c0 FERMETURE ZIPP\u00c9E BEIGE (39502) - Vousten Sports\",\"isPartOf\":{\"@id\":\"https:\/\/www.voustensports.com\/nl\/#website\"},\"primaryImageOfPage\":{\"@id\":\"https:\/\/www.voustensports.com\/fr\/stone-island-surchemise-beige-39502\/#primaryimage\"},\"image\":{\"@id\":\"https:\/\/www.voustensports.com\/fr\/stone-island-surchemise-beige-39502\/#primaryimage\"},\"thumbnailUrl\":\"https:\/\/www.voustensports.com\/wp-content\/uploads\/2023\/06\/Overshirt-beige-39502-1.jpg\",\"datePublished\":\"2024-07-19T15:02:07+00:00\",\"dateModified\":\"2026-02-05T11:19:38+00:00\",\"breadcrumb\":{\"@id\":\"https:\/\/www.voustensports.com\/fr\/stone-island-surchemise-beige-39502\/#breadcrumb\"},\"inLanguage\":\"fr-FR\",\"potentialAction\":[{\"@type\":\"ReadAction\",\"target\":[\"https:\/\/www.voustensports.com\/fr\/stone-island-surchemise-beige-39502\/\"]}]},{\"@type\":\"ImageObject\",\"inLanguage\":\"fr-FR\",\"@id\":\"https:\/\/www.voustensports.com\/fr\/stone-island-surchemise-beige-39502\/#primaryimage\",\"url\":\"https:\/\/www.voustensports.com\/wp-content\/uploads\/2023\/06\/Overshirt-beige-39502-1.jpg\",\"contentUrl\":\"https:\/\/www.voustensports.com\/wp-content\/uploads\/2023\/06\/Overshirt-beige-39502-1.jpg\",\"width\":1365,\"height\":2048},{\"@type\":\"BreadcrumbList\",\"@id\":\"https:\/\/www.voustensports.com\/fr\/stone-island-surchemise-beige-39502\/#breadcrumb\",\"itemListElement\":[{\"@type\":\"ListItem\",\"position\":1,\"name\":\"Home\",\"item\":\"https:\/\/www.voustensports.com\/fr\/\"},{\"@type\":\"ListItem\",\"position\":2,\"name\":\"Boutique\",\"item\":\"https:\/\/www.voustensports.com\/fr\/shop\/\"},{\"@type\":\"ListItem\",\"position\":3,\"name\":\"STONE ISLAND &#8211; SURCHEMISE \u00c0 FERMETURE ZIPP\u00c9E BEIGE (39502)\"}]},{\"@type\":\"WebSite\",\"@id\":\"https:\/\/www.voustensports.com\/nl\/#website\",\"url\":\"https:\/\/www.voustensports.com\/nl\/\",\"name\":\"Vousten Sports\",\"description\":\"\",\"potentialAction\":[{\"@type\":\"SearchAction\",\"target\":{\"@type\":\"EntryPoint\",\"urlTemplate\":\"https:\/\/www.voustensports.com\/nl\/?s={search_term_string}\"},\"query-input\":{\"@type\":\"PropertyValueSpecification\",\"valueRequired\":true,\"valueName\":\"search_term_string\"}}],\"inLanguage\":\"fr-FR\"}]}<\/script>\n<!-- \/ Yoast SEO plugin. -->","yoast_head_json":{"title":"STONE ISLAND - SURCHEMISE \u00c0 FERMETURE ZIPP\u00c9E BEIGE (39502) - Vousten Sports","robots":{"index":"index","follow":"follow","max-snippet":"max-snippet:-1","max-image-preview":"max-image-preview:large","max-video-preview":"max-video-preview:-1"},"canonical":"https:\/\/www.voustensports.com\/fr\/stone-island-surchemise-beige-39502\/","og_locale":"fr_FR","og_type":"article","og_title":"STONE ISLAND - SURCHEMISE \u00c0 FERMETURE ZIPP\u00c9E BEIGE (39502) - Vousten Sports","og_description":"D\u00c9TAILS DU PRODUIT Surchemise en toile de coton biologique gratt\u00e9e. V\u00eatement teint avec le traitement &lsquo;OLD&rsquo;, un traitement de teinture exclusif suivi d&rsquo;une d\u00e9coloration sur le v\u00eatement fini pour un aspect l\u00e9g\u00e8rement us\u00e9 et tridimensionnel. STYLE Une poche plaqu\u00e9e \u00e0 soufflet et un rabat fixe en haut qui cache la fermeture \u00e9clair. \u00c9cusson Stone Island [...]","og_url":"https:\/\/www.voustensports.com\/fr\/stone-island-surchemise-beige-39502\/","og_site_name":"Vousten Sports","article_modified_time":"2026-02-05T11:19:38+00:00","og_image":[{"width":1365,"height":2048,"url":"https:\/\/www.voustensports.com\/wp-content\/uploads\/2023\/06\/Overshirt-beige-39502-1.jpg","type":"image\/jpeg"}],"twitter_card":"summary_large_image","schema":{"@context":"https:\/\/schema.org","@graph":[{"@type":"WebPage","@id":"https:\/\/www.voustensports.com\/fr\/stone-island-surchemise-beige-39502\/","url":"https:\/\/www.voustensports.com\/fr\/stone-island-surchemise-beige-39502\/","name":"STONE ISLAND - SURCHEMISE \u00c0 FERMETURE ZIPP\u00c9E BEIGE (39502) - Vousten Sports","isPartOf":{"@id":"https:\/\/www.voustensports.com\/nl\/#website"},"primaryImageOfPage":{"@id":"https:\/\/www.voustensports.com\/fr\/stone-island-surchemise-beige-39502\/#primaryimage"},"image":{"@id":"https:\/\/www.voustensports.com\/fr\/stone-island-surchemise-beige-39502\/#primaryimage"},"thumbnailUrl":"https:\/\/www.voustensports.com\/wp-content\/uploads\/2023\/06\/Overshirt-beige-39502-1.jpg","datePublished":"2024-07-19T15:02:07+00:00","dateModified":"2026-02-05T11:19:38+00:00","breadcrumb":{"@id":"https:\/\/www.voustensports.com\/fr\/stone-island-surchemise-beige-39502\/#breadcrumb"},"inLanguage":"fr-FR","potentialAction":[{"@type":"ReadAction","target":["https:\/\/www.voustensports.com\/fr\/stone-island-surchemise-beige-39502\/"]}]},{"@type":"ImageObject","inLanguage":"fr-FR","@id":"https:\/\/www.voustensports.com\/fr\/stone-island-surchemise-beige-39502\/#primaryimage","url":"https:\/\/www.voustensports.com\/wp-content\/uploads\/2023\/06\/Overshirt-beige-39502-1.jpg","contentUrl":"https:\/\/www.voustensports.com\/wp-content\/uploads\/2023\/06\/Overshirt-beige-39502-1.jpg","width":1365,"height":2048},{"@type":"BreadcrumbList","@id":"https:\/\/www.voustensports.com\/fr\/stone-island-surchemise-beige-39502\/#breadcrumb","itemListElement":[{"@type":"ListItem","position":1,"name":"Home","item":"https:\/\/www.voustensports.com\/fr\/"},{"@type":"ListItem","position":2,"name":"Boutique","item":"https:\/\/www.voustensports.com\/fr\/shop\/"},{"@type":"ListItem","position":3,"name":"STONE ISLAND &#8211; SURCHEMISE \u00c0 FERMETURE ZIPP\u00c9E BEIGE (39502)"}]},{"@type":"WebSite","@id":"https:\/\/www.voustensports.com\/nl\/#website","url":"https:\/\/www.voustensports.com\/nl\/","name":"Vousten Sports","description":"","potentialAction":[{"@type":"SearchAction","target":{"@type":"EntryPoint","urlTemplate":"https:\/\/www.voustensports.com\/nl\/?s={search_term_string}"},"query-input":{"@type":"PropertyValueSpecification","valueRequired":true,"valueName":"search_term_string"}}],"inLanguage":"fr-FR"}]}},"_links":{"self":[{"href":"https:\/\/www.voustensports.com\/fr\/wp-json\/wp\/v2\/product\/180324","targetHints":{"allow":["GET"]}}],"collection":[{"href":"https:\/\/www.voustensports.com\/fr\/wp-json\/wp\/v2\/product"}],"about":[{"href":"https:\/\/www.voustensports.com\/fr\/wp-json\/wp\/v2\/types\/product"}],"replies":[{"embeddable":true,"href":"https:\/\/www.voustensports.com\/fr\/wp-json\/wp\/v2\/comments?post=180324"}],"wp:featuredmedia":[{"embeddable":true,"href":"https:\/\/www.voustensports.com\/fr\/wp-json\/wp\/v2\/media\/180312"}],"wp:attachment":[{"href":"https:\/\/www.voustensports.com\/fr\/wp-json\/wp\/v2\/media?parent=180324"}],"wp:term":[{"taxonomy":"product_cat","embeddable":true,"href":"https:\/\/www.voustensports.com\/fr\/wp-json\/wp\/v2\/product_cat?post=180324"},{"taxonomy":"product_tag","embeddable":true,"href":"https:\/\/www.voustensports.com\/fr\/wp-json\/wp\/v2\/product_tag?post=180324"}],"curies":[{"name":"wp","href":"https:\/\/api.w.org\/{rel}","templated":true}]}}