{"id":180256,"date":"2024-07-19T15:52:10","date_gmt":"2024-07-19T13:52:10","guid":{"rendered":"https:\/\/www.voustensports.com\/stone-island-gilet-en-laine-bleu-fonce-39455\/"},"modified":"2026-03-03T01:57:05","modified_gmt":"2026-03-03T00:57:05","slug":"stone-island-gilet-en-laine-bleu-fonce-39455","status":"publish","type":"product","link":"https:\/\/www.voustensports.com\/fr\/stone-island-gilet-en-laine-bleu-fonce-39455\/","title":{"rendered":"STONE ISLAND &#8211; LAINE D&#8217;AGNEAU CARDIGAN ZIPP\u00c9 BLEU FONC\u00c9 (39455)"},"content":{"rendered":"<div>D\u00c9TAILS DU PRODUIT<\/div>\n<div>Cardigan \u00e0 capuche tricot\u00e9 en laine d&rsquo;agneau. Point panier<\/div>\n<div><\/div>\n<div>STYLE<\/div>\n<div>Capuche et fermeture zipp\u00e9e bord\u00e9es de c\u00f4tes et d\u00e9tail de surpiq\u00fbres recouvertes.<\/div>\n<div>\u00c9cusson Stone Island sur la manche gauche.<\/div>\n<div>Poignets plats c\u00f4tel\u00e9s.<\/div>\n<div>Bande inf\u00e9rieure c\u00f4tel\u00e9e.<\/div>\n<div>Fermeture zipp\u00e9e \u00e0 double curseur.<\/div>\n<div>Coupe r\u00e9guli\u00e8re<\/div>\n<div><\/div>\n<div>COMPOSITION<\/div>\n<div>Mat\u00e9riau : 80 % laine, 20 % polyamide\/nylon<\/div>\n<div>Num\u00e9ro de Stone Island : 567A3<\/div>\n<div>Num\u00e9ro de couleur: V0020<\/div>\n<div>N\u00b0 d&rsquo;identification : 39455<\/div>\n","protected":false},"excerpt":{"rendered":"<p>D\u00c9TAILS DU PRODUIT Cardigan \u00e0 capuche tricot\u00e9 en laine d&rsquo;agneau. Point panier STYLE Capuche et fermeture zipp\u00e9e bord\u00e9es de c\u00f4tes et d\u00e9tail de surpiq\u00fbres recouvertes. \u00c9cusson Stone Island sur la manche gauche. Poignets plats c\u00f4tel\u00e9s. Bande inf\u00e9rieure c\u00f4tel\u00e9e. Fermeture zipp\u00e9e \u00e0 double curseur. Coupe r\u00e9guli\u00e8re COMPOSITION Mat\u00e9riau : 80 % laine, 20 % polyamide\/nylon Num\u00e9ro [&#8230;]\n","protected":false},"featured_media":180244,"comment_status":"open","ping_status":"closed","template":"","meta":{"rank_math_lock_modified_date":false},"product_cat":[482,538,677,694,446,450,462],"product_tag":[],"class_list":{"0":"post-180256","1":"product","2":"type-product","3":"status-publish","4":"has-post-thumbnail","6":"product_cat-stone-island-fr-2","7":"product_cat-knitwear-fr","8":"product_cat-gilets-fr","9":"product_cat-truien-vesten-fr-2","10":"product_cat-kleding-fr","11":"product_cat-heren-fr","12":"product_cat-vousten-sports-fr-2","14":"first","15":"outofstock","16":"taxable","17":"shipping-taxable","18":"purchasable","19":"product-type-variable"},"acf":[],"yoast_head":"<!-- This site is optimized with the Yoast SEO plugin v23.9 - https:\/\/yoast.com\/wordpress\/plugins\/seo\/ -->\n<title>STONE ISLAND - LAINE D&#8217;AGNEAU CARDIGAN ZIPP\u00c9 BLEU FONC\u00c9 (39455) - Vousten Sports<\/title>\n<meta name=\"robots\" content=\"index, follow, max-snippet:-1, max-image-preview:large, max-video-preview:-1\" \/>\n<link rel=\"canonical\" href=\"https:\/\/www.voustensports.com\/fr\/stone-island-gilet-en-laine-bleu-fonce-39455\/\" \/>\n<meta property=\"og:locale\" content=\"fr_FR\" \/>\n<meta property=\"og:type\" content=\"article\" \/>\n<meta property=\"og:title\" content=\"STONE ISLAND - LAINE D&#8217;AGNEAU CARDIGAN ZIPP\u00c9 BLEU FONC\u00c9 (39455) - Vousten Sports\" \/>\n<meta property=\"og:description\" content=\"D\u00c9TAILS DU PRODUIT Cardigan \u00e0 capuche tricot\u00e9 en laine d&rsquo;agneau. Point panier STYLE Capuche et fermeture zipp\u00e9e bord\u00e9es de c\u00f4tes et d\u00e9tail de surpiq\u00fbres recouvertes. \u00c9cusson Stone Island sur la manche gauche. Poignets plats c\u00f4tel\u00e9s. Bande inf\u00e9rieure c\u00f4tel\u00e9e. Fermeture zipp\u00e9e \u00e0 double curseur. Coupe r\u00e9guli\u00e8re COMPOSITION Mat\u00e9riau : 80 % laine, 20 % polyamide\/nylon Num\u00e9ro [...]\" \/>\n<meta property=\"og:url\" content=\"https:\/\/www.voustensports.com\/fr\/stone-island-gilet-en-laine-bleu-fonce-39455\/\" \/>\n<meta property=\"og:site_name\" content=\"Vousten Sports\" \/>\n<meta property=\"article:modified_time\" content=\"2026-03-03T00:57:05+00:00\" \/>\n<meta property=\"og:image\" content=\"https:\/\/www.voustensports.com\/wp-content\/uploads\/2023\/06\/Wool-cardigan-donkerblauw-39455-1.jpg\" \/>\n\t<meta property=\"og:image:width\" content=\"1365\" \/>\n\t<meta property=\"og:image:height\" content=\"2048\" \/>\n\t<meta property=\"og:image:type\" content=\"image\/jpeg\" \/>\n<meta name=\"twitter:card\" content=\"summary_large_image\" \/>\n<script type=\"application\/ld+json\" class=\"yoast-schema-graph\">{\"@context\":\"https:\/\/schema.org\",\"@graph\":[{\"@type\":\"WebPage\",\"@id\":\"https:\/\/www.voustensports.com\/fr\/stone-island-gilet-en-laine-bleu-fonce-39455\/\",\"url\":\"https:\/\/www.voustensports.com\/fr\/stone-island-gilet-en-laine-bleu-fonce-39455\/\",\"name\":\"STONE ISLAND - LAINE D&#8217;AGNEAU CARDIGAN ZIPP\u00c9 BLEU FONC\u00c9 (39455) - Vousten Sports\",\"isPartOf\":{\"@id\":\"https:\/\/www.voustensports.com\/nl\/#website\"},\"primaryImageOfPage\":{\"@id\":\"https:\/\/www.voustensports.com\/fr\/stone-island-gilet-en-laine-bleu-fonce-39455\/#primaryimage\"},\"image\":{\"@id\":\"https:\/\/www.voustensports.com\/fr\/stone-island-gilet-en-laine-bleu-fonce-39455\/#primaryimage\"},\"thumbnailUrl\":\"https:\/\/www.voustensports.com\/wp-content\/uploads\/2023\/06\/Wool-cardigan-donkerblauw-39455-1.jpg\",\"datePublished\":\"2024-07-19T13:52:10+00:00\",\"dateModified\":\"2026-03-03T00:57:05+00:00\",\"breadcrumb\":{\"@id\":\"https:\/\/www.voustensports.com\/fr\/stone-island-gilet-en-laine-bleu-fonce-39455\/#breadcrumb\"},\"inLanguage\":\"fr-FR\",\"potentialAction\":[{\"@type\":\"ReadAction\",\"target\":[\"https:\/\/www.voustensports.com\/fr\/stone-island-gilet-en-laine-bleu-fonce-39455\/\"]}]},{\"@type\":\"ImageObject\",\"inLanguage\":\"fr-FR\",\"@id\":\"https:\/\/www.voustensports.com\/fr\/stone-island-gilet-en-laine-bleu-fonce-39455\/#primaryimage\",\"url\":\"https:\/\/www.voustensports.com\/wp-content\/uploads\/2023\/06\/Wool-cardigan-donkerblauw-39455-1.jpg\",\"contentUrl\":\"https:\/\/www.voustensports.com\/wp-content\/uploads\/2023\/06\/Wool-cardigan-donkerblauw-39455-1.jpg\",\"width\":1365,\"height\":2048},{\"@type\":\"BreadcrumbList\",\"@id\":\"https:\/\/www.voustensports.com\/fr\/stone-island-gilet-en-laine-bleu-fonce-39455\/#breadcrumb\",\"itemListElement\":[{\"@type\":\"ListItem\",\"position\":1,\"name\":\"Home\",\"item\":\"https:\/\/www.voustensports.com\/fr\/\"},{\"@type\":\"ListItem\",\"position\":2,\"name\":\"Boutique\",\"item\":\"https:\/\/www.voustensports.com\/fr\/shop\/\"},{\"@type\":\"ListItem\",\"position\":3,\"name\":\"STONE ISLAND &#8211; LAINE D&#8217;AGNEAU CARDIGAN ZIPP\u00c9 BLEU FONC\u00c9 (39455)\"}]},{\"@type\":\"WebSite\",\"@id\":\"https:\/\/www.voustensports.com\/nl\/#website\",\"url\":\"https:\/\/www.voustensports.com\/nl\/\",\"name\":\"Vousten Sports\",\"description\":\"\",\"potentialAction\":[{\"@type\":\"SearchAction\",\"target\":{\"@type\":\"EntryPoint\",\"urlTemplate\":\"https:\/\/www.voustensports.com\/nl\/?s={search_term_string}\"},\"query-input\":{\"@type\":\"PropertyValueSpecification\",\"valueRequired\":true,\"valueName\":\"search_term_string\"}}],\"inLanguage\":\"fr-FR\"}]}<\/script>\n<!-- \/ Yoast SEO plugin. -->","yoast_head_json":{"title":"STONE ISLAND - LAINE D&#8217;AGNEAU CARDIGAN ZIPP\u00c9 BLEU FONC\u00c9 (39455) - Vousten Sports","robots":{"index":"index","follow":"follow","max-snippet":"max-snippet:-1","max-image-preview":"max-image-preview:large","max-video-preview":"max-video-preview:-1"},"canonical":"https:\/\/www.voustensports.com\/fr\/stone-island-gilet-en-laine-bleu-fonce-39455\/","og_locale":"fr_FR","og_type":"article","og_title":"STONE ISLAND - LAINE D&#8217;AGNEAU CARDIGAN ZIPP\u00c9 BLEU FONC\u00c9 (39455) - Vousten Sports","og_description":"D\u00c9TAILS DU PRODUIT Cardigan \u00e0 capuche tricot\u00e9 en laine d&rsquo;agneau. Point panier STYLE Capuche et fermeture zipp\u00e9e bord\u00e9es de c\u00f4tes et d\u00e9tail de surpiq\u00fbres recouvertes. \u00c9cusson Stone Island sur la manche gauche. Poignets plats c\u00f4tel\u00e9s. Bande inf\u00e9rieure c\u00f4tel\u00e9e. Fermeture zipp\u00e9e \u00e0 double curseur. Coupe r\u00e9guli\u00e8re COMPOSITION Mat\u00e9riau : 80 % laine, 20 % polyamide\/nylon Num\u00e9ro [...]","og_url":"https:\/\/www.voustensports.com\/fr\/stone-island-gilet-en-laine-bleu-fonce-39455\/","og_site_name":"Vousten Sports","article_modified_time":"2026-03-03T00:57:05+00:00","og_image":[{"width":1365,"height":2048,"url":"https:\/\/www.voustensports.com\/wp-content\/uploads\/2023\/06\/Wool-cardigan-donkerblauw-39455-1.jpg","type":"image\/jpeg"}],"twitter_card":"summary_large_image","schema":{"@context":"https:\/\/schema.org","@graph":[{"@type":"WebPage","@id":"https:\/\/www.voustensports.com\/fr\/stone-island-gilet-en-laine-bleu-fonce-39455\/","url":"https:\/\/www.voustensports.com\/fr\/stone-island-gilet-en-laine-bleu-fonce-39455\/","name":"STONE ISLAND - LAINE D&#8217;AGNEAU CARDIGAN ZIPP\u00c9 BLEU FONC\u00c9 (39455) - Vousten Sports","isPartOf":{"@id":"https:\/\/www.voustensports.com\/nl\/#website"},"primaryImageOfPage":{"@id":"https:\/\/www.voustensports.com\/fr\/stone-island-gilet-en-laine-bleu-fonce-39455\/#primaryimage"},"image":{"@id":"https:\/\/www.voustensports.com\/fr\/stone-island-gilet-en-laine-bleu-fonce-39455\/#primaryimage"},"thumbnailUrl":"https:\/\/www.voustensports.com\/wp-content\/uploads\/2023\/06\/Wool-cardigan-donkerblauw-39455-1.jpg","datePublished":"2024-07-19T13:52:10+00:00","dateModified":"2026-03-03T00:57:05+00:00","breadcrumb":{"@id":"https:\/\/www.voustensports.com\/fr\/stone-island-gilet-en-laine-bleu-fonce-39455\/#breadcrumb"},"inLanguage":"fr-FR","potentialAction":[{"@type":"ReadAction","target":["https:\/\/www.voustensports.com\/fr\/stone-island-gilet-en-laine-bleu-fonce-39455\/"]}]},{"@type":"ImageObject","inLanguage":"fr-FR","@id":"https:\/\/www.voustensports.com\/fr\/stone-island-gilet-en-laine-bleu-fonce-39455\/#primaryimage","url":"https:\/\/www.voustensports.com\/wp-content\/uploads\/2023\/06\/Wool-cardigan-donkerblauw-39455-1.jpg","contentUrl":"https:\/\/www.voustensports.com\/wp-content\/uploads\/2023\/06\/Wool-cardigan-donkerblauw-39455-1.jpg","width":1365,"height":2048},{"@type":"BreadcrumbList","@id":"https:\/\/www.voustensports.com\/fr\/stone-island-gilet-en-laine-bleu-fonce-39455\/#breadcrumb","itemListElement":[{"@type":"ListItem","position":1,"name":"Home","item":"https:\/\/www.voustensports.com\/fr\/"},{"@type":"ListItem","position":2,"name":"Boutique","item":"https:\/\/www.voustensports.com\/fr\/shop\/"},{"@type":"ListItem","position":3,"name":"STONE ISLAND &#8211; LAINE D&#8217;AGNEAU CARDIGAN ZIPP\u00c9 BLEU FONC\u00c9 (39455)"}]},{"@type":"WebSite","@id":"https:\/\/www.voustensports.com\/nl\/#website","url":"https:\/\/www.voustensports.com\/nl\/","name":"Vousten Sports","description":"","potentialAction":[{"@type":"SearchAction","target":{"@type":"EntryPoint","urlTemplate":"https:\/\/www.voustensports.com\/nl\/?s={search_term_string}"},"query-input":{"@type":"PropertyValueSpecification","valueRequired":true,"valueName":"search_term_string"}}],"inLanguage":"fr-FR"}]}},"_links":{"self":[{"href":"https:\/\/www.voustensports.com\/fr\/wp-json\/wp\/v2\/product\/180256","targetHints":{"allow":["GET"]}}],"collection":[{"href":"https:\/\/www.voustensports.com\/fr\/wp-json\/wp\/v2\/product"}],"about":[{"href":"https:\/\/www.voustensports.com\/fr\/wp-json\/wp\/v2\/types\/product"}],"replies":[{"embeddable":true,"href":"https:\/\/www.voustensports.com\/fr\/wp-json\/wp\/v2\/comments?post=180256"}],"wp:featuredmedia":[{"embeddable":true,"href":"https:\/\/www.voustensports.com\/fr\/wp-json\/wp\/v2\/media\/180244"}],"wp:attachment":[{"href":"https:\/\/www.voustensports.com\/fr\/wp-json\/wp\/v2\/media?parent=180256"}],"wp:term":[{"taxonomy":"product_cat","embeddable":true,"href":"https:\/\/www.voustensports.com\/fr\/wp-json\/wp\/v2\/product_cat?post=180256"},{"taxonomy":"product_tag","embeddable":true,"href":"https:\/\/www.voustensports.com\/fr\/wp-json\/wp\/v2\/product_tag?post=180256"}],"curies":[{"name":"wp","href":"https:\/\/api.w.org\/{rel}","templated":true}]}}