{"id":179980,"date":"2024-07-09T10:36:15","date_gmt":"2024-07-09T08:36:15","guid":{"rendered":"https:\/\/www.voustensports.com\/flaneur-straight-jeans-mojave-39378-2\/"},"modified":"2026-03-31T03:36:05","modified_gmt":"2026-03-31T01:36:05","slug":"flaneur-straight-jeans-mojave-39378-2","status":"publish","type":"product","link":"https:\/\/www.voustensports.com\/fr\/flaneur-straight-jeans-mojave-39378-2\/","title":{"rendered":"FL\u00c2NEUR &#8211; Straight Jeans Mojave (39378)"},"content":{"rendered":"<div>Le Straight Jeans Mojave, fabriqu\u00e9 \u00e0 partir d&rsquo;un denim bleu d\u00e9lav\u00e9 de haute qualit\u00e9, pr\u00e9sente une boucle de ceinture inspir\u00e9e des ponts europ\u00e9ens, une broderie sign\u00e9e sur les deux poches arri\u00e8re et un patch en cuir sur la ceinture pour une touche de raffinement. Disponible en bleu et en Mojave.<\/div>\n<ul>\n<li>Taille : Le mod\u00e8le mesure 188cm et porte la taille 32<\/li>\n<li>Composition : 100% coton : 100% coton<\/li>\n<li>Fabriqu\u00e9 en Turquie<\/li>\n<\/ul>\n<div>L&rsquo;adh\u00e9sion de Fl\u00e2neur \u00e0 la certification GOTS garantit une production \u00e9cologiquement et socialement responsable, des mati\u00e8res premi\u00e8res \u00e0 l&rsquo;\u00e9tiquetage, mettant en \u00e9vidence l&rsquo;engagement in\u00e9branlable en faveur de la durabilit\u00e9 et de la qualit\u00e9.<\/div>\n","protected":false},"excerpt":{"rendered":"<p>Le Straight Jeans Mojave, fabriqu\u00e9 \u00e0 partir d&rsquo;un denim bleu d\u00e9lav\u00e9 de haute qualit\u00e9, pr\u00e9sente une boucle de ceinture inspir\u00e9e des ponts europ\u00e9ens, une broderie sign\u00e9e sur les deux poches arri\u00e8re et un patch en cuir sur la ceinture pour une touche de raffinement. Disponible en bleu et en Mojave. Taille : Le mod\u00e8le mesure [&#8230;]\n","protected":false},"featured_media":179964,"comment_status":"open","ping_status":"closed","template":"","meta":{"rank_math_lock_modified_date":false},"product_cat":[912,446,450,462,466,583,589,786],"product_tag":[],"class_list":{"0":"post-179980","1":"product","2":"type-product","3":"status-publish","4":"has-post-thumbnail","6":"product_cat-flaneur-fr","7":"product_cat-kleding-fr","8":"product_cat-heren-fr","9":"product_cat-vousten-sports-fr-2","10":"product_cat-broeken-fr","11":"product_cat-heren-jeans-fr","12":"product_cat-jeans-fr","13":"product_cat-broek-fr","15":"first","16":"outofstock","17":"taxable","18":"shipping-taxable","19":"purchasable","20":"product-type-variable"},"acf":[],"yoast_head":"<!-- This site is optimized with the Yoast SEO plugin v23.9 - https:\/\/yoast.com\/wordpress\/plugins\/seo\/ -->\n<title>FL\u00c2NEUR - Straight Jeans Mojave (39378) - Vousten Sports<\/title>\n<meta name=\"robots\" content=\"index, follow, max-snippet:-1, max-image-preview:large, max-video-preview:-1\" \/>\n<link rel=\"canonical\" href=\"https:\/\/www.voustensports.com\/fr\/flaneur-straight-jeans-mojave-39378-2\/\" \/>\n<meta property=\"og:locale\" content=\"fr_FR\" \/>\n<meta property=\"og:type\" content=\"article\" \/>\n<meta property=\"og:title\" content=\"FL\u00c2NEUR - Straight Jeans Mojave (39378) - Vousten Sports\" \/>\n<meta property=\"og:description\" content=\"Le Straight Jeans Mojave, fabriqu\u00e9 \u00e0 partir d&rsquo;un denim bleu d\u00e9lav\u00e9 de haute qualit\u00e9, pr\u00e9sente une boucle de ceinture inspir\u00e9e des ponts europ\u00e9ens, une broderie sign\u00e9e sur les deux poches arri\u00e8re et un patch en cuir sur la ceinture pour une touche de raffinement. Disponible en bleu et en Mojave. Taille : Le mod\u00e8le mesure [...]\" \/>\n<meta property=\"og:url\" content=\"https:\/\/www.voustensports.com\/fr\/flaneur-straight-jeans-mojave-39378-2\/\" \/>\n<meta property=\"og:site_name\" content=\"Vousten Sports\" \/>\n<meta property=\"article:modified_time\" content=\"2026-03-31T01:36:05+00:00\" \/>\n<meta property=\"og:image\" content=\"https:\/\/www.voustensports.com\/wp-content\/uploads\/2023\/06\/FLANEUR-Straight-Jeans-Mojave-39378.png\" \/>\n\t<meta property=\"og:image:width\" content=\"1670\" \/>\n\t<meta property=\"og:image:height\" content=\"2480\" \/>\n\t<meta property=\"og:image:type\" content=\"image\/png\" \/>\n<meta name=\"twitter:card\" content=\"summary_large_image\" \/>\n<meta name=\"twitter:label1\" content=\"Est. reading time\" \/>\n\t<meta name=\"twitter:data1\" content=\"1 minute\" \/>\n<script type=\"application\/ld+json\" class=\"yoast-schema-graph\">{\"@context\":\"https:\/\/schema.org\",\"@graph\":[{\"@type\":\"WebPage\",\"@id\":\"https:\/\/www.voustensports.com\/fr\/flaneur-straight-jeans-mojave-39378-2\/\",\"url\":\"https:\/\/www.voustensports.com\/fr\/flaneur-straight-jeans-mojave-39378-2\/\",\"name\":\"FL\u00c2NEUR - Straight Jeans Mojave (39378) - Vousten Sports\",\"isPartOf\":{\"@id\":\"https:\/\/www.voustensports.com\/nl\/#website\"},\"primaryImageOfPage\":{\"@id\":\"https:\/\/www.voustensports.com\/fr\/flaneur-straight-jeans-mojave-39378-2\/#primaryimage\"},\"image\":{\"@id\":\"https:\/\/www.voustensports.com\/fr\/flaneur-straight-jeans-mojave-39378-2\/#primaryimage\"},\"thumbnailUrl\":\"https:\/\/www.voustensports.com\/wp-content\/uploads\/2023\/06\/FLANEUR-Straight-Jeans-Mojave-39378.png\",\"datePublished\":\"2024-07-09T08:36:15+00:00\",\"dateModified\":\"2026-03-31T01:36:05+00:00\",\"breadcrumb\":{\"@id\":\"https:\/\/www.voustensports.com\/fr\/flaneur-straight-jeans-mojave-39378-2\/#breadcrumb\"},\"inLanguage\":\"fr-FR\",\"potentialAction\":[{\"@type\":\"ReadAction\",\"target\":[\"https:\/\/www.voustensports.com\/fr\/flaneur-straight-jeans-mojave-39378-2\/\"]}]},{\"@type\":\"ImageObject\",\"inLanguage\":\"fr-FR\",\"@id\":\"https:\/\/www.voustensports.com\/fr\/flaneur-straight-jeans-mojave-39378-2\/#primaryimage\",\"url\":\"https:\/\/www.voustensports.com\/wp-content\/uploads\/2023\/06\/FLANEUR-Straight-Jeans-Mojave-39378.png\",\"contentUrl\":\"https:\/\/www.voustensports.com\/wp-content\/uploads\/2023\/06\/FLANEUR-Straight-Jeans-Mojave-39378.png\",\"width\":1670,\"height\":2480},{\"@type\":\"BreadcrumbList\",\"@id\":\"https:\/\/www.voustensports.com\/fr\/flaneur-straight-jeans-mojave-39378-2\/#breadcrumb\",\"itemListElement\":[{\"@type\":\"ListItem\",\"position\":1,\"name\":\"Home\",\"item\":\"https:\/\/www.voustensports.com\/fr\/\"},{\"@type\":\"ListItem\",\"position\":2,\"name\":\"Boutique\",\"item\":\"https:\/\/www.voustensports.com\/fr\/shop\/\"},{\"@type\":\"ListItem\",\"position\":3,\"name\":\"FL\u00c2NEUR &#8211; Straight Jeans Mojave (39378)\"}]},{\"@type\":\"WebSite\",\"@id\":\"https:\/\/www.voustensports.com\/nl\/#website\",\"url\":\"https:\/\/www.voustensports.com\/nl\/\",\"name\":\"Vousten Sports\",\"description\":\"\",\"potentialAction\":[{\"@type\":\"SearchAction\",\"target\":{\"@type\":\"EntryPoint\",\"urlTemplate\":\"https:\/\/www.voustensports.com\/nl\/?s={search_term_string}\"},\"query-input\":{\"@type\":\"PropertyValueSpecification\",\"valueRequired\":true,\"valueName\":\"search_term_string\"}}],\"inLanguage\":\"fr-FR\"}]}<\/script>\n<!-- \/ Yoast SEO plugin. -->","yoast_head_json":{"title":"FL\u00c2NEUR - Straight Jeans Mojave (39378) - Vousten Sports","robots":{"index":"index","follow":"follow","max-snippet":"max-snippet:-1","max-image-preview":"max-image-preview:large","max-video-preview":"max-video-preview:-1"},"canonical":"https:\/\/www.voustensports.com\/fr\/flaneur-straight-jeans-mojave-39378-2\/","og_locale":"fr_FR","og_type":"article","og_title":"FL\u00c2NEUR - Straight Jeans Mojave (39378) - Vousten Sports","og_description":"Le Straight Jeans Mojave, fabriqu\u00e9 \u00e0 partir d&rsquo;un denim bleu d\u00e9lav\u00e9 de haute qualit\u00e9, pr\u00e9sente une boucle de ceinture inspir\u00e9e des ponts europ\u00e9ens, une broderie sign\u00e9e sur les deux poches arri\u00e8re et un patch en cuir sur la ceinture pour une touche de raffinement. Disponible en bleu et en Mojave. Taille : Le mod\u00e8le mesure [...]","og_url":"https:\/\/www.voustensports.com\/fr\/flaneur-straight-jeans-mojave-39378-2\/","og_site_name":"Vousten Sports","article_modified_time":"2026-03-31T01:36:05+00:00","og_image":[{"width":1670,"height":2480,"url":"https:\/\/www.voustensports.com\/wp-content\/uploads\/2023\/06\/FLANEUR-Straight-Jeans-Mojave-39378.png","type":"image\/png"}],"twitter_card":"summary_large_image","twitter_misc":{"Est. reading time":"1 minute"},"schema":{"@context":"https:\/\/schema.org","@graph":[{"@type":"WebPage","@id":"https:\/\/www.voustensports.com\/fr\/flaneur-straight-jeans-mojave-39378-2\/","url":"https:\/\/www.voustensports.com\/fr\/flaneur-straight-jeans-mojave-39378-2\/","name":"FL\u00c2NEUR - Straight Jeans Mojave (39378) - Vousten Sports","isPartOf":{"@id":"https:\/\/www.voustensports.com\/nl\/#website"},"primaryImageOfPage":{"@id":"https:\/\/www.voustensports.com\/fr\/flaneur-straight-jeans-mojave-39378-2\/#primaryimage"},"image":{"@id":"https:\/\/www.voustensports.com\/fr\/flaneur-straight-jeans-mojave-39378-2\/#primaryimage"},"thumbnailUrl":"https:\/\/www.voustensports.com\/wp-content\/uploads\/2023\/06\/FLANEUR-Straight-Jeans-Mojave-39378.png","datePublished":"2024-07-09T08:36:15+00:00","dateModified":"2026-03-31T01:36:05+00:00","breadcrumb":{"@id":"https:\/\/www.voustensports.com\/fr\/flaneur-straight-jeans-mojave-39378-2\/#breadcrumb"},"inLanguage":"fr-FR","potentialAction":[{"@type":"ReadAction","target":["https:\/\/www.voustensports.com\/fr\/flaneur-straight-jeans-mojave-39378-2\/"]}]},{"@type":"ImageObject","inLanguage":"fr-FR","@id":"https:\/\/www.voustensports.com\/fr\/flaneur-straight-jeans-mojave-39378-2\/#primaryimage","url":"https:\/\/www.voustensports.com\/wp-content\/uploads\/2023\/06\/FLANEUR-Straight-Jeans-Mojave-39378.png","contentUrl":"https:\/\/www.voustensports.com\/wp-content\/uploads\/2023\/06\/FLANEUR-Straight-Jeans-Mojave-39378.png","width":1670,"height":2480},{"@type":"BreadcrumbList","@id":"https:\/\/www.voustensports.com\/fr\/flaneur-straight-jeans-mojave-39378-2\/#breadcrumb","itemListElement":[{"@type":"ListItem","position":1,"name":"Home","item":"https:\/\/www.voustensports.com\/fr\/"},{"@type":"ListItem","position":2,"name":"Boutique","item":"https:\/\/www.voustensports.com\/fr\/shop\/"},{"@type":"ListItem","position":3,"name":"FL\u00c2NEUR &#8211; Straight Jeans Mojave (39378)"}]},{"@type":"WebSite","@id":"https:\/\/www.voustensports.com\/nl\/#website","url":"https:\/\/www.voustensports.com\/nl\/","name":"Vousten Sports","description":"","potentialAction":[{"@type":"SearchAction","target":{"@type":"EntryPoint","urlTemplate":"https:\/\/www.voustensports.com\/nl\/?s={search_term_string}"},"query-input":{"@type":"PropertyValueSpecification","valueRequired":true,"valueName":"search_term_string"}}],"inLanguage":"fr-FR"}]}},"_links":{"self":[{"href":"https:\/\/www.voustensports.com\/fr\/wp-json\/wp\/v2\/product\/179980","targetHints":{"allow":["GET"]}}],"collection":[{"href":"https:\/\/www.voustensports.com\/fr\/wp-json\/wp\/v2\/product"}],"about":[{"href":"https:\/\/www.voustensports.com\/fr\/wp-json\/wp\/v2\/types\/product"}],"replies":[{"embeddable":true,"href":"https:\/\/www.voustensports.com\/fr\/wp-json\/wp\/v2\/comments?post=179980"}],"wp:featuredmedia":[{"embeddable":true,"href":"https:\/\/www.voustensports.com\/fr\/wp-json\/wp\/v2\/media\/179964"}],"wp:attachment":[{"href":"https:\/\/www.voustensports.com\/fr\/wp-json\/wp\/v2\/media?parent=179980"}],"wp:term":[{"taxonomy":"product_cat","embeddable":true,"href":"https:\/\/www.voustensports.com\/fr\/wp-json\/wp\/v2\/product_cat?post=179980"},{"taxonomy":"product_tag","embeddable":true,"href":"https:\/\/www.voustensports.com\/fr\/wp-json\/wp\/v2\/product_tag?post=179980"}],"curies":[{"name":"wp","href":"https:\/\/api.w.org\/{rel}","templated":true}]}}