{"id":179686,"date":"2024-07-05T16:41:07","date_gmt":"2024-07-05T14:41:07","guid":{"rendered":"https:\/\/www.voustensports.com\/flaneur-spectator-t-shirt-blanc-39354\/"},"modified":"2026-02-05T12:16:28","modified_gmt":"2026-02-05T11:16:28","slug":"flaneur-spectator-t-shirt-blanc-39354","status":"publish","type":"product","link":"https:\/\/www.voustensports.com\/fr\/flaneur-spectator-t-shirt-blanc-39354\/","title":{"rendered":"FL\u00c2NEUR &#8211; Spectator T-Shirt blanc (39354)"},"content":{"rendered":"<div>Le t-shirt Spectator en blanc pr\u00e9sente une illustration du spectateur, observant le lettrage Fl\u00e2neur arrang\u00e9 qui prolonge le point de vue du spectateur. Fabriqu\u00e9 \u00e0 partir de mat\u00e9riaux de premi\u00e8re qualit\u00e9, ce t-shirt offre confort et durabilit\u00e9.<\/div>\n<ul>\n<li>Taille : Le mod\u00e8le mesure 188cm et porte la taille L<\/li>\n<li>Composition : 100% coton : 100% coton<\/li>\n<\/ul>\n<div>L&rsquo;adh\u00e9sion de Fl\u00e2neur \u00e0 la certification GOTS garantit une production \u00e9cologiquement et socialement responsable, des mati\u00e8res premi\u00e8res \u00e0 l&rsquo;\u00e9tiquetage, mettant en \u00e9vidence l&rsquo;engagement in\u00e9branlable en faveur de la durabilit\u00e9 et de la qualit\u00e9.<\/div>\n","protected":false},"excerpt":{"rendered":"<p>Le t-shirt Spectator en blanc pr\u00e9sente une illustration du spectateur, observant le lettrage Fl\u00e2neur arrang\u00e9 qui prolonge le point de vue du spectateur. Fabriqu\u00e9 \u00e0 partir de mat\u00e9riaux de premi\u00e8re qualit\u00e9, ce t-shirt offre confort et durabilit\u00e9. Taille : Le mod\u00e8le mesure 188cm et porte la taille L Composition : 100% coton : 100% coton [&#8230;]\n","protected":false},"featured_media":179670,"comment_status":"open","ping_status":"closed","template":"","meta":{"rank_math_lock_modified_date":false},"product_cat":[446,450,462,486,490,912],"product_tag":[],"class_list":{"0":"post-179686","1":"product","2":"type-product","3":"status-publish","4":"has-post-thumbnail","6":"product_cat-kleding-fr","7":"product_cat-heren-fr","8":"product_cat-vousten-sports-fr-2","9":"product_cat-shirt-fr-2","10":"product_cat-t-shirts-fr-2","11":"product_cat-flaneur-fr","13":"first","14":"outofstock","15":"taxable","16":"shipping-taxable","17":"purchasable","18":"product-type-variable"},"acf":[],"yoast_head":"<!-- This site is optimized with the Yoast SEO plugin v23.9 - https:\/\/yoast.com\/wordpress\/plugins\/seo\/ -->\n<title>FL\u00c2NEUR - Spectator T-Shirt blanc (39354) - Vousten Sports<\/title>\n<meta name=\"robots\" content=\"index, follow, max-snippet:-1, max-image-preview:large, max-video-preview:-1\" \/>\n<link rel=\"canonical\" href=\"https:\/\/www.voustensports.com\/fr\/flaneur-spectator-t-shirt-blanc-39354\/\" \/>\n<meta property=\"og:locale\" content=\"fr_FR\" \/>\n<meta property=\"og:type\" content=\"article\" \/>\n<meta property=\"og:title\" content=\"FL\u00c2NEUR - Spectator T-Shirt blanc (39354) - Vousten Sports\" \/>\n<meta property=\"og:description\" content=\"Le t-shirt Spectator en blanc pr\u00e9sente une illustration du spectateur, observant le lettrage Fl\u00e2neur arrang\u00e9 qui prolonge le point de vue du spectateur. Fabriqu\u00e9 \u00e0 partir de mat\u00e9riaux de premi\u00e8re qualit\u00e9, ce t-shirt offre confort et durabilit\u00e9. Taille : Le mod\u00e8le mesure 188cm et porte la taille L Composition : 100% coton : 100% coton [...]\" \/>\n<meta property=\"og:url\" content=\"https:\/\/www.voustensports.com\/fr\/flaneur-spectator-t-shirt-blanc-39354\/\" \/>\n<meta property=\"og:site_name\" content=\"Vousten Sports\" \/>\n<meta property=\"article:modified_time\" content=\"2026-02-05T11:16:28+00:00\" \/>\n<meta property=\"og:image\" content=\"https:\/\/www.voustensports.com\/wp-content\/uploads\/2023\/06\/FLANEUR-Spectator-T-Shirt-wit-39354-1.png\" \/>\n\t<meta property=\"og:image:width\" content=\"2560\" \/>\n\t<meta property=\"og:image:height\" content=\"2386\" \/>\n\t<meta property=\"og:image:type\" content=\"image\/png\" \/>\n<meta name=\"twitter:card\" content=\"summary_large_image\" \/>\n<script type=\"application\/ld+json\" class=\"yoast-schema-graph\">{\"@context\":\"https:\/\/schema.org\",\"@graph\":[{\"@type\":\"WebPage\",\"@id\":\"https:\/\/www.voustensports.com\/fr\/flaneur-spectator-t-shirt-blanc-39354\/\",\"url\":\"https:\/\/www.voustensports.com\/fr\/flaneur-spectator-t-shirt-blanc-39354\/\",\"name\":\"FL\u00c2NEUR - Spectator T-Shirt blanc (39354) - Vousten Sports\",\"isPartOf\":{\"@id\":\"https:\/\/www.voustensports.com\/nl\/#website\"},\"primaryImageOfPage\":{\"@id\":\"https:\/\/www.voustensports.com\/fr\/flaneur-spectator-t-shirt-blanc-39354\/#primaryimage\"},\"image\":{\"@id\":\"https:\/\/www.voustensports.com\/fr\/flaneur-spectator-t-shirt-blanc-39354\/#primaryimage\"},\"thumbnailUrl\":\"https:\/\/www.voustensports.com\/wp-content\/uploads\/2023\/06\/FLANEUR-Spectator-T-Shirt-wit-39354-1.png\",\"datePublished\":\"2024-07-05T14:41:07+00:00\",\"dateModified\":\"2026-02-05T11:16:28+00:00\",\"breadcrumb\":{\"@id\":\"https:\/\/www.voustensports.com\/fr\/flaneur-spectator-t-shirt-blanc-39354\/#breadcrumb\"},\"inLanguage\":\"fr-FR\",\"potentialAction\":[{\"@type\":\"ReadAction\",\"target\":[\"https:\/\/www.voustensports.com\/fr\/flaneur-spectator-t-shirt-blanc-39354\/\"]}]},{\"@type\":\"ImageObject\",\"inLanguage\":\"fr-FR\",\"@id\":\"https:\/\/www.voustensports.com\/fr\/flaneur-spectator-t-shirt-blanc-39354\/#primaryimage\",\"url\":\"https:\/\/www.voustensports.com\/wp-content\/uploads\/2023\/06\/FLANEUR-Spectator-T-Shirt-wit-39354-1.png\",\"contentUrl\":\"https:\/\/www.voustensports.com\/wp-content\/uploads\/2023\/06\/FLANEUR-Spectator-T-Shirt-wit-39354-1.png\",\"width\":2560,\"height\":2386},{\"@type\":\"BreadcrumbList\",\"@id\":\"https:\/\/www.voustensports.com\/fr\/flaneur-spectator-t-shirt-blanc-39354\/#breadcrumb\",\"itemListElement\":[{\"@type\":\"ListItem\",\"position\":1,\"name\":\"Home\",\"item\":\"https:\/\/www.voustensports.com\/fr\/\"},{\"@type\":\"ListItem\",\"position\":2,\"name\":\"Boutique\",\"item\":\"https:\/\/www.voustensports.com\/fr\/shop\/\"},{\"@type\":\"ListItem\",\"position\":3,\"name\":\"FL\u00c2NEUR &#8211; Spectator T-Shirt blanc (39354)\"}]},{\"@type\":\"WebSite\",\"@id\":\"https:\/\/www.voustensports.com\/nl\/#website\",\"url\":\"https:\/\/www.voustensports.com\/nl\/\",\"name\":\"Vousten Sports\",\"description\":\"\",\"potentialAction\":[{\"@type\":\"SearchAction\",\"target\":{\"@type\":\"EntryPoint\",\"urlTemplate\":\"https:\/\/www.voustensports.com\/nl\/?s={search_term_string}\"},\"query-input\":{\"@type\":\"PropertyValueSpecification\",\"valueRequired\":true,\"valueName\":\"search_term_string\"}}],\"inLanguage\":\"fr-FR\"}]}<\/script>\n<!-- \/ Yoast SEO plugin. -->","yoast_head_json":{"title":"FL\u00c2NEUR - Spectator T-Shirt blanc (39354) - Vousten Sports","robots":{"index":"index","follow":"follow","max-snippet":"max-snippet:-1","max-image-preview":"max-image-preview:large","max-video-preview":"max-video-preview:-1"},"canonical":"https:\/\/www.voustensports.com\/fr\/flaneur-spectator-t-shirt-blanc-39354\/","og_locale":"fr_FR","og_type":"article","og_title":"FL\u00c2NEUR - Spectator T-Shirt blanc (39354) - Vousten Sports","og_description":"Le t-shirt Spectator en blanc pr\u00e9sente une illustration du spectateur, observant le lettrage Fl\u00e2neur arrang\u00e9 qui prolonge le point de vue du spectateur. Fabriqu\u00e9 \u00e0 partir de mat\u00e9riaux de premi\u00e8re qualit\u00e9, ce t-shirt offre confort et durabilit\u00e9. Taille : Le mod\u00e8le mesure 188cm et porte la taille L Composition : 100% coton : 100% coton [...]","og_url":"https:\/\/www.voustensports.com\/fr\/flaneur-spectator-t-shirt-blanc-39354\/","og_site_name":"Vousten Sports","article_modified_time":"2026-02-05T11:16:28+00:00","og_image":[{"width":2560,"height":2386,"url":"https:\/\/www.voustensports.com\/wp-content\/uploads\/2023\/06\/FLANEUR-Spectator-T-Shirt-wit-39354-1.png","type":"image\/png"}],"twitter_card":"summary_large_image","schema":{"@context":"https:\/\/schema.org","@graph":[{"@type":"WebPage","@id":"https:\/\/www.voustensports.com\/fr\/flaneur-spectator-t-shirt-blanc-39354\/","url":"https:\/\/www.voustensports.com\/fr\/flaneur-spectator-t-shirt-blanc-39354\/","name":"FL\u00c2NEUR - Spectator T-Shirt blanc (39354) - Vousten Sports","isPartOf":{"@id":"https:\/\/www.voustensports.com\/nl\/#website"},"primaryImageOfPage":{"@id":"https:\/\/www.voustensports.com\/fr\/flaneur-spectator-t-shirt-blanc-39354\/#primaryimage"},"image":{"@id":"https:\/\/www.voustensports.com\/fr\/flaneur-spectator-t-shirt-blanc-39354\/#primaryimage"},"thumbnailUrl":"https:\/\/www.voustensports.com\/wp-content\/uploads\/2023\/06\/FLANEUR-Spectator-T-Shirt-wit-39354-1.png","datePublished":"2024-07-05T14:41:07+00:00","dateModified":"2026-02-05T11:16:28+00:00","breadcrumb":{"@id":"https:\/\/www.voustensports.com\/fr\/flaneur-spectator-t-shirt-blanc-39354\/#breadcrumb"},"inLanguage":"fr-FR","potentialAction":[{"@type":"ReadAction","target":["https:\/\/www.voustensports.com\/fr\/flaneur-spectator-t-shirt-blanc-39354\/"]}]},{"@type":"ImageObject","inLanguage":"fr-FR","@id":"https:\/\/www.voustensports.com\/fr\/flaneur-spectator-t-shirt-blanc-39354\/#primaryimage","url":"https:\/\/www.voustensports.com\/wp-content\/uploads\/2023\/06\/FLANEUR-Spectator-T-Shirt-wit-39354-1.png","contentUrl":"https:\/\/www.voustensports.com\/wp-content\/uploads\/2023\/06\/FLANEUR-Spectator-T-Shirt-wit-39354-1.png","width":2560,"height":2386},{"@type":"BreadcrumbList","@id":"https:\/\/www.voustensports.com\/fr\/flaneur-spectator-t-shirt-blanc-39354\/#breadcrumb","itemListElement":[{"@type":"ListItem","position":1,"name":"Home","item":"https:\/\/www.voustensports.com\/fr\/"},{"@type":"ListItem","position":2,"name":"Boutique","item":"https:\/\/www.voustensports.com\/fr\/shop\/"},{"@type":"ListItem","position":3,"name":"FL\u00c2NEUR &#8211; Spectator T-Shirt blanc (39354)"}]},{"@type":"WebSite","@id":"https:\/\/www.voustensports.com\/nl\/#website","url":"https:\/\/www.voustensports.com\/nl\/","name":"Vousten Sports","description":"","potentialAction":[{"@type":"SearchAction","target":{"@type":"EntryPoint","urlTemplate":"https:\/\/www.voustensports.com\/nl\/?s={search_term_string}"},"query-input":{"@type":"PropertyValueSpecification","valueRequired":true,"valueName":"search_term_string"}}],"inLanguage":"fr-FR"}]}},"_links":{"self":[{"href":"https:\/\/www.voustensports.com\/fr\/wp-json\/wp\/v2\/product\/179686","targetHints":{"allow":["GET"]}}],"collection":[{"href":"https:\/\/www.voustensports.com\/fr\/wp-json\/wp\/v2\/product"}],"about":[{"href":"https:\/\/www.voustensports.com\/fr\/wp-json\/wp\/v2\/types\/product"}],"replies":[{"embeddable":true,"href":"https:\/\/www.voustensports.com\/fr\/wp-json\/wp\/v2\/comments?post=179686"}],"wp:featuredmedia":[{"embeddable":true,"href":"https:\/\/www.voustensports.com\/fr\/wp-json\/wp\/v2\/media\/179670"}],"wp:attachment":[{"href":"https:\/\/www.voustensports.com\/fr\/wp-json\/wp\/v2\/media?parent=179686"}],"wp:term":[{"taxonomy":"product_cat","embeddable":true,"href":"https:\/\/www.voustensports.com\/fr\/wp-json\/wp\/v2\/product_cat?post=179686"},{"taxonomy":"product_tag","embeddable":true,"href":"https:\/\/www.voustensports.com\/fr\/wp-json\/wp\/v2\/product_tag?post=179686"}],"curies":[{"name":"wp","href":"https:\/\/api.w.org\/{rel}","templated":true}]}}