{"id":179137,"date":"2024-06-29T10:46:07","date_gmt":"2024-06-29T08:46:07","guid":{"rendered":"https:\/\/www.voustensports.com\/stone-island-surchemise-bleu-fonce-39500\/"},"modified":"2026-02-05T12:19:36","modified_gmt":"2026-02-05T11:19:36","slug":"stone-island-surchemise-bleu-fonce-39500","status":"publish","type":"product","link":"https:\/\/www.voustensports.com\/fr\/stone-island-surchemise-bleu-fonce-39500\/","title":{"rendered":"STONE ISLAND &#8211; SATIN DE COTON BIOLOGIQUE STRETCH SURCHEMISE BLEU FONC\u00c9 (39500)"},"content":{"rendered":"<p>D\u00c9TAILS DU PRODUIT<br \/>\nSurchemise en satin de coton biologique stretch. Teint en pi\u00e8ce.<\/p>\n<p>STYLE<br \/>\nUne poche plaqu\u00e9e \u00e0 soufflet et un rabat fixe en haut qui cache la fermeture \u00e9clair.<br \/>\n\u00c9cusson Stone Island sur la manche gauche.<br \/>\nSerrage des poignets.<br \/>\nEmpi\u00e8cement au dos.<br \/>\nFermeture \u00e9clair bidirectionnelle.<br \/>\nCoupe r\u00e9guli\u00e8re.<\/p>\n<p>COMPOSITION<br \/>\nV\u00eatement : 98% Coton 2% \u00c9lasthanne \/ Spandex. Doublure : 100 % coton<br \/>\nNum\u00e9ro Stone-Island\u00a0: 811512808<br \/>\nNum\u00e9ro de couleur: V0020<br \/>\nNum\u00e9ro d&rsquo;identification : 39500<\/p>\n","protected":false},"excerpt":{"rendered":"<p>D\u00c9TAILS DU PRODUIT Surchemise en satin de coton biologique stretch. Teint en pi\u00e8ce. STYLE Une poche plaqu\u00e9e \u00e0 soufflet et un rabat fixe en haut qui cache la fermeture \u00e9clair. \u00c9cusson Stone Island sur la manche gauche. Serrage des poignets. Empi\u00e8cement au dos. Fermeture \u00e9clair bidirectionnelle. Coupe r\u00e9guli\u00e8re. COMPOSITION V\u00eatement : 98% Coton 2% \u00c9lasthanne [&#8230;]\n","protected":false},"featured_media":181184,"comment_status":"open","ping_status":"closed","template":"","meta":{"rank_math_lock_modified_date":false},"product_cat":[446,450,462,482,739],"product_tag":[],"class_list":{"0":"post-179137","1":"product","2":"type-product","3":"status-publish","4":"has-post-thumbnail","6":"product_cat-kleding-fr","7":"product_cat-heren-fr","8":"product_cat-vousten-sports-fr-2","9":"product_cat-stone-island-fr-2","10":"product_cat-overshirt-fr-2","12":"first","13":"outofstock","14":"taxable","15":"shipping-taxable","16":"purchasable","17":"product-type-variable"},"acf":[],"yoast_head":"<!-- This site is optimized with the Yoast SEO plugin v23.9 - https:\/\/yoast.com\/wordpress\/plugins\/seo\/ -->\n<title>STONE ISLAND - SATIN DE COTON BIOLOGIQUE STRETCH SURCHEMISE BLEU FONC\u00c9 (39500) - Vousten Sports<\/title>\n<meta name=\"robots\" content=\"index, follow, max-snippet:-1, max-image-preview:large, max-video-preview:-1\" \/>\n<link rel=\"canonical\" href=\"https:\/\/www.voustensports.com\/fr\/stone-island-surchemise-bleu-fonce-39500\/\" \/>\n<meta property=\"og:locale\" content=\"fr_FR\" \/>\n<meta property=\"og:type\" content=\"article\" \/>\n<meta property=\"og:title\" content=\"STONE ISLAND - SATIN DE COTON BIOLOGIQUE STRETCH SURCHEMISE BLEU FONC\u00c9 (39500) - Vousten Sports\" \/>\n<meta property=\"og:description\" content=\"D\u00c9TAILS DU PRODUIT Surchemise en satin de coton biologique stretch. Teint en pi\u00e8ce. STYLE Une poche plaqu\u00e9e \u00e0 soufflet et un rabat fixe en haut qui cache la fermeture \u00e9clair. \u00c9cusson Stone Island sur la manche gauche. Serrage des poignets. Empi\u00e8cement au dos. Fermeture \u00e9clair bidirectionnelle. Coupe r\u00e9guli\u00e8re. COMPOSITION V\u00eatement : 98% Coton 2% \u00c9lasthanne [...]\" \/>\n<meta property=\"og:url\" content=\"https:\/\/www.voustensports.com\/fr\/stone-island-surchemise-bleu-fonce-39500\/\" \/>\n<meta property=\"og:site_name\" content=\"Vousten Sports\" \/>\n<meta property=\"article:modified_time\" content=\"2026-02-05T11:19:36+00:00\" \/>\n<meta property=\"og:image\" content=\"https:\/\/www.voustensports.com\/wp-content\/uploads\/2023\/06\/Overshirt-donkerblauw-39500-1-765x1148-removebg__1_-removebg.png\" \/>\n\t<meta property=\"og:image:width\" content=\"765\" \/>\n\t<meta property=\"og:image:height\" content=\"1148\" \/>\n\t<meta property=\"og:image:type\" content=\"image\/png\" \/>\n<meta name=\"twitter:card\" content=\"summary_large_image\" \/>\n<script type=\"application\/ld+json\" class=\"yoast-schema-graph\">{\"@context\":\"https:\/\/schema.org\",\"@graph\":[{\"@type\":\"WebPage\",\"@id\":\"https:\/\/www.voustensports.com\/fr\/stone-island-surchemise-bleu-fonce-39500\/\",\"url\":\"https:\/\/www.voustensports.com\/fr\/stone-island-surchemise-bleu-fonce-39500\/\",\"name\":\"STONE ISLAND - SATIN DE COTON BIOLOGIQUE STRETCH SURCHEMISE BLEU FONC\u00c9 (39500) - Vousten Sports\",\"isPartOf\":{\"@id\":\"https:\/\/www.voustensports.com\/nl\/#website\"},\"primaryImageOfPage\":{\"@id\":\"https:\/\/www.voustensports.com\/fr\/stone-island-surchemise-bleu-fonce-39500\/#primaryimage\"},\"image\":{\"@id\":\"https:\/\/www.voustensports.com\/fr\/stone-island-surchemise-bleu-fonce-39500\/#primaryimage\"},\"thumbnailUrl\":\"https:\/\/www.voustensports.com\/wp-content\/uploads\/2023\/06\/Overshirt-donkerblauw-39500-1-765x1148-removebg__1_-removebg.png\",\"datePublished\":\"2024-06-29T08:46:07+00:00\",\"dateModified\":\"2026-02-05T11:19:36+00:00\",\"breadcrumb\":{\"@id\":\"https:\/\/www.voustensports.com\/fr\/stone-island-surchemise-bleu-fonce-39500\/#breadcrumb\"},\"inLanguage\":\"fr-FR\",\"potentialAction\":[{\"@type\":\"ReadAction\",\"target\":[\"https:\/\/www.voustensports.com\/fr\/stone-island-surchemise-bleu-fonce-39500\/\"]}]},{\"@type\":\"ImageObject\",\"inLanguage\":\"fr-FR\",\"@id\":\"https:\/\/www.voustensports.com\/fr\/stone-island-surchemise-bleu-fonce-39500\/#primaryimage\",\"url\":\"https:\/\/www.voustensports.com\/wp-content\/uploads\/2023\/06\/Overshirt-donkerblauw-39500-1-765x1148-removebg__1_-removebg.png\",\"contentUrl\":\"https:\/\/www.voustensports.com\/wp-content\/uploads\/2023\/06\/Overshirt-donkerblauw-39500-1-765x1148-removebg__1_-removebg.png\",\"width\":765,\"height\":1148},{\"@type\":\"BreadcrumbList\",\"@id\":\"https:\/\/www.voustensports.com\/fr\/stone-island-surchemise-bleu-fonce-39500\/#breadcrumb\",\"itemListElement\":[{\"@type\":\"ListItem\",\"position\":1,\"name\":\"Home\",\"item\":\"https:\/\/www.voustensports.com\/fr\/\"},{\"@type\":\"ListItem\",\"position\":2,\"name\":\"Boutique\",\"item\":\"https:\/\/www.voustensports.com\/fr\/shop\/\"},{\"@type\":\"ListItem\",\"position\":3,\"name\":\"STONE ISLAND &#8211; SATIN DE COTON BIOLOGIQUE STRETCH SURCHEMISE BLEU FONC\u00c9 (39500)\"}]},{\"@type\":\"WebSite\",\"@id\":\"https:\/\/www.voustensports.com\/nl\/#website\",\"url\":\"https:\/\/www.voustensports.com\/nl\/\",\"name\":\"Vousten Sports\",\"description\":\"\",\"potentialAction\":[{\"@type\":\"SearchAction\",\"target\":{\"@type\":\"EntryPoint\",\"urlTemplate\":\"https:\/\/www.voustensports.com\/nl\/?s={search_term_string}\"},\"query-input\":{\"@type\":\"PropertyValueSpecification\",\"valueRequired\":true,\"valueName\":\"search_term_string\"}}],\"inLanguage\":\"fr-FR\"}]}<\/script>\n<!-- \/ Yoast SEO plugin. -->","yoast_head_json":{"title":"STONE ISLAND - SATIN DE COTON BIOLOGIQUE STRETCH SURCHEMISE BLEU FONC\u00c9 (39500) - Vousten Sports","robots":{"index":"index","follow":"follow","max-snippet":"max-snippet:-1","max-image-preview":"max-image-preview:large","max-video-preview":"max-video-preview:-1"},"canonical":"https:\/\/www.voustensports.com\/fr\/stone-island-surchemise-bleu-fonce-39500\/","og_locale":"fr_FR","og_type":"article","og_title":"STONE ISLAND - SATIN DE COTON BIOLOGIQUE STRETCH SURCHEMISE BLEU FONC\u00c9 (39500) - Vousten Sports","og_description":"D\u00c9TAILS DU PRODUIT Surchemise en satin de coton biologique stretch. Teint en pi\u00e8ce. STYLE Une poche plaqu\u00e9e \u00e0 soufflet et un rabat fixe en haut qui cache la fermeture \u00e9clair. \u00c9cusson Stone Island sur la manche gauche. Serrage des poignets. Empi\u00e8cement au dos. Fermeture \u00e9clair bidirectionnelle. Coupe r\u00e9guli\u00e8re. COMPOSITION V\u00eatement : 98% Coton 2% \u00c9lasthanne [...]","og_url":"https:\/\/www.voustensports.com\/fr\/stone-island-surchemise-bleu-fonce-39500\/","og_site_name":"Vousten Sports","article_modified_time":"2026-02-05T11:19:36+00:00","og_image":[{"width":765,"height":1148,"url":"https:\/\/www.voustensports.com\/wp-content\/uploads\/2023\/06\/Overshirt-donkerblauw-39500-1-765x1148-removebg__1_-removebg.png","type":"image\/png"}],"twitter_card":"summary_large_image","schema":{"@context":"https:\/\/schema.org","@graph":[{"@type":"WebPage","@id":"https:\/\/www.voustensports.com\/fr\/stone-island-surchemise-bleu-fonce-39500\/","url":"https:\/\/www.voustensports.com\/fr\/stone-island-surchemise-bleu-fonce-39500\/","name":"STONE ISLAND - SATIN DE COTON BIOLOGIQUE STRETCH SURCHEMISE BLEU FONC\u00c9 (39500) - Vousten Sports","isPartOf":{"@id":"https:\/\/www.voustensports.com\/nl\/#website"},"primaryImageOfPage":{"@id":"https:\/\/www.voustensports.com\/fr\/stone-island-surchemise-bleu-fonce-39500\/#primaryimage"},"image":{"@id":"https:\/\/www.voustensports.com\/fr\/stone-island-surchemise-bleu-fonce-39500\/#primaryimage"},"thumbnailUrl":"https:\/\/www.voustensports.com\/wp-content\/uploads\/2023\/06\/Overshirt-donkerblauw-39500-1-765x1148-removebg__1_-removebg.png","datePublished":"2024-06-29T08:46:07+00:00","dateModified":"2026-02-05T11:19:36+00:00","breadcrumb":{"@id":"https:\/\/www.voustensports.com\/fr\/stone-island-surchemise-bleu-fonce-39500\/#breadcrumb"},"inLanguage":"fr-FR","potentialAction":[{"@type":"ReadAction","target":["https:\/\/www.voustensports.com\/fr\/stone-island-surchemise-bleu-fonce-39500\/"]}]},{"@type":"ImageObject","inLanguage":"fr-FR","@id":"https:\/\/www.voustensports.com\/fr\/stone-island-surchemise-bleu-fonce-39500\/#primaryimage","url":"https:\/\/www.voustensports.com\/wp-content\/uploads\/2023\/06\/Overshirt-donkerblauw-39500-1-765x1148-removebg__1_-removebg.png","contentUrl":"https:\/\/www.voustensports.com\/wp-content\/uploads\/2023\/06\/Overshirt-donkerblauw-39500-1-765x1148-removebg__1_-removebg.png","width":765,"height":1148},{"@type":"BreadcrumbList","@id":"https:\/\/www.voustensports.com\/fr\/stone-island-surchemise-bleu-fonce-39500\/#breadcrumb","itemListElement":[{"@type":"ListItem","position":1,"name":"Home","item":"https:\/\/www.voustensports.com\/fr\/"},{"@type":"ListItem","position":2,"name":"Boutique","item":"https:\/\/www.voustensports.com\/fr\/shop\/"},{"@type":"ListItem","position":3,"name":"STONE ISLAND &#8211; SATIN DE COTON BIOLOGIQUE STRETCH SURCHEMISE BLEU FONC\u00c9 (39500)"}]},{"@type":"WebSite","@id":"https:\/\/www.voustensports.com\/nl\/#website","url":"https:\/\/www.voustensports.com\/nl\/","name":"Vousten Sports","description":"","potentialAction":[{"@type":"SearchAction","target":{"@type":"EntryPoint","urlTemplate":"https:\/\/www.voustensports.com\/nl\/?s={search_term_string}"},"query-input":{"@type":"PropertyValueSpecification","valueRequired":true,"valueName":"search_term_string"}}],"inLanguage":"fr-FR"}]}},"_links":{"self":[{"href":"https:\/\/www.voustensports.com\/fr\/wp-json\/wp\/v2\/product\/179137","targetHints":{"allow":["GET"]}}],"collection":[{"href":"https:\/\/www.voustensports.com\/fr\/wp-json\/wp\/v2\/product"}],"about":[{"href":"https:\/\/www.voustensports.com\/fr\/wp-json\/wp\/v2\/types\/product"}],"replies":[{"embeddable":true,"href":"https:\/\/www.voustensports.com\/fr\/wp-json\/wp\/v2\/comments?post=179137"}],"wp:featuredmedia":[{"embeddable":true,"href":"https:\/\/www.voustensports.com\/fr\/wp-json\/wp\/v2\/media\/181184"}],"wp:attachment":[{"href":"https:\/\/www.voustensports.com\/fr\/wp-json\/wp\/v2\/media?parent=179137"}],"wp:term":[{"taxonomy":"product_cat","embeddable":true,"href":"https:\/\/www.voustensports.com\/fr\/wp-json\/wp\/v2\/product_cat?post=179137"},{"taxonomy":"product_tag","embeddable":true,"href":"https:\/\/www.voustensports.com\/fr\/wp-json\/wp\/v2\/product_tag?post=179137"}],"curies":[{"name":"wp","href":"https:\/\/api.w.org\/{rel}","templated":true}]}}