{"id":178805,"date":"2024-06-26T17:04:10","date_gmt":"2024-06-26T15:04:10","guid":{"rendered":"https:\/\/www.voustensports.com\/stone-island-pantalon-cargo-bleu-fonce-39484\/"},"modified":"2026-02-05T12:19:16","modified_gmt":"2026-02-05T11:19:16","slug":"stone-island-pantalon-cargo-bleu-fonce-39484","status":"publish","type":"product","link":"https:\/\/www.voustensports.com\/fr\/stone-island-pantalon-cargo-bleu-fonce-39484\/","title":{"rendered":"STONE ISLAND &#8211; COTON BIOLOGIQUE STRETCH EFFET &#8216;VIEUX&#8217; BLEU FONC\u00c9 (39484)"},"content":{"rendered":"<div>D\u00c9TAILS DU PRODUIT<\/div>\n<div>Pantalon cargo confectionn\u00e9 en toile de coton l\u00e9g\u00e8rement stretch. Teint en pi\u00e8ce.<\/div>\n<div><\/div>\n<div>STYLE<\/div>\n<div>Coupe fusel\u00e9e r\u00e9guli\u00e8re.<\/div>\n<div>Poches pour les mains dans la couture avec fermeture \u00e9clair cach\u00e9e.<\/div>\n<div>Une poche arri\u00e8re avec fermeture \u00e0 bouton-pression cach\u00e9.<\/div>\n<div>Poche pliss\u00e9e sur les jambes avec rabat et fermeture \u00e0 bouton-pression cach\u00e9 ; la poche gauche porte l&#8217;embl\u00e8me de Stone Island.<\/div>\n<div>Genoux techniques.<\/div>\n<div>Bande \u00e9lastique en bas des jambes.<\/div>\n<div>Taille \u00e9lastique avec cordon de serrage \u00e0 l&rsquo;int\u00e9rieur.<\/div>\n<div>Fermeture \u00e9clair.<\/div>\n<div><\/div>\n<div>D\u00c9TAILS<\/div>\n<div>Largeur \u00e0 l&rsquo;extr\u00e9mit\u00e9 14,0 cm<\/div>\n<div><\/div>\n<div>COMPOS\u00c9<\/div>\n<div>97 % coton 3 % \u00e9lasthanne\/spandex<\/div>\n<div><\/div>\n<div>Num\u00e9ro de Stone Island : 513L1<\/div>\n<div>Num\u00e9ro de couleur: V0020<\/div>\n<div>Num\u00e9ro d&rsquo;identification : 39484<\/div>\n","protected":false},"excerpt":{"rendered":"<p>D\u00c9TAILS DU PRODUIT Pantalon cargo confectionn\u00e9 en toile de coton l\u00e9g\u00e8rement stretch. Teint en pi\u00e8ce. STYLE Coupe fusel\u00e9e r\u00e9guli\u00e8re. Poches pour les mains dans la couture avec fermeture \u00e9clair cach\u00e9e. Une poche arri\u00e8re avec fermeture \u00e0 bouton-pression cach\u00e9. Poche pliss\u00e9e sur les jambes avec rabat et fermeture \u00e0 bouton-pression cach\u00e9 ; la poche gauche porte [&#8230;]\n","protected":false},"featured_media":178789,"comment_status":"open","ping_status":"closed","template":"","meta":{"rank_math_lock_modified_date":false},"product_cat":[446,450,462,466,482,786,901],"product_tag":[],"class_list":{"0":"post-178805","1":"product","2":"type-product","3":"status-publish","4":"has-post-thumbnail","6":"product_cat-kleding-fr","7":"product_cat-heren-fr","8":"product_cat-vousten-sports-fr-2","9":"product_cat-broeken-fr","10":"product_cat-stone-island-fr-2","11":"product_cat-broek-fr","12":"product_cat-cargo-fr","14":"first","15":"instock","16":"taxable","17":"shipping-taxable","18":"purchasable","19":"product-type-variable"},"acf":[],"yoast_head":"<!-- This site is optimized with the Yoast SEO plugin v23.9 - https:\/\/yoast.com\/wordpress\/plugins\/seo\/ -->\n<title>STONE ISLAND - COTON BIOLOGIQUE STRETCH EFFET &#8216;VIEUX&#8217; BLEU FONC\u00c9 (39484) - Vousten Sports<\/title>\n<meta name=\"robots\" content=\"index, follow, max-snippet:-1, max-image-preview:large, max-video-preview:-1\" \/>\n<link rel=\"canonical\" href=\"https:\/\/www.voustensports.com\/fr\/stone-island-pantalon-cargo-bleu-fonce-39484\/\" \/>\n<meta property=\"og:locale\" content=\"fr_FR\" \/>\n<meta property=\"og:type\" content=\"article\" \/>\n<meta property=\"og:title\" content=\"STONE ISLAND - COTON BIOLOGIQUE STRETCH EFFET &#8216;VIEUX&#8217; BLEU FONC\u00c9 (39484) - Vousten Sports\" \/>\n<meta property=\"og:description\" content=\"D\u00c9TAILS DU PRODUIT Pantalon cargo confectionn\u00e9 en toile de coton l\u00e9g\u00e8rement stretch. Teint en pi\u00e8ce. STYLE Coupe fusel\u00e9e r\u00e9guli\u00e8re. Poches pour les mains dans la couture avec fermeture \u00e9clair cach\u00e9e. Une poche arri\u00e8re avec fermeture \u00e0 bouton-pression cach\u00e9. Poche pliss\u00e9e sur les jambes avec rabat et fermeture \u00e0 bouton-pression cach\u00e9 ; la poche gauche porte [...]\" \/>\n<meta property=\"og:url\" content=\"https:\/\/www.voustensports.com\/fr\/stone-island-pantalon-cargo-bleu-fonce-39484\/\" \/>\n<meta property=\"og:site_name\" content=\"Vousten Sports\" \/>\n<meta property=\"article:modified_time\" content=\"2026-02-05T11:19:16+00:00\" \/>\n<meta property=\"og:image\" content=\"https:\/\/www.voustensports.com\/wp-content\/uploads\/2023\/06\/Cargo-pants-donkerblauw-39484-1.jpg\" \/>\n\t<meta property=\"og:image:width\" content=\"1365\" \/>\n\t<meta property=\"og:image:height\" content=\"2048\" \/>\n\t<meta property=\"og:image:type\" content=\"image\/jpeg\" \/>\n<meta name=\"twitter:card\" content=\"summary_large_image\" \/>\n<meta name=\"twitter:label1\" content=\"Est. reading time\" \/>\n\t<meta name=\"twitter:data1\" content=\"1 minute\" \/>\n<script type=\"application\/ld+json\" class=\"yoast-schema-graph\">{\"@context\":\"https:\/\/schema.org\",\"@graph\":[{\"@type\":\"WebPage\",\"@id\":\"https:\/\/www.voustensports.com\/fr\/stone-island-pantalon-cargo-bleu-fonce-39484\/\",\"url\":\"https:\/\/www.voustensports.com\/fr\/stone-island-pantalon-cargo-bleu-fonce-39484\/\",\"name\":\"STONE ISLAND - COTON BIOLOGIQUE STRETCH EFFET &#8216;VIEUX&#8217; BLEU FONC\u00c9 (39484) - Vousten Sports\",\"isPartOf\":{\"@id\":\"https:\/\/www.voustensports.com\/nl\/#website\"},\"primaryImageOfPage\":{\"@id\":\"https:\/\/www.voustensports.com\/fr\/stone-island-pantalon-cargo-bleu-fonce-39484\/#primaryimage\"},\"image\":{\"@id\":\"https:\/\/www.voustensports.com\/fr\/stone-island-pantalon-cargo-bleu-fonce-39484\/#primaryimage\"},\"thumbnailUrl\":\"https:\/\/www.voustensports.com\/wp-content\/uploads\/2023\/06\/Cargo-pants-donkerblauw-39484-1.jpg\",\"datePublished\":\"2024-06-26T15:04:10+00:00\",\"dateModified\":\"2026-02-05T11:19:16+00:00\",\"breadcrumb\":{\"@id\":\"https:\/\/www.voustensports.com\/fr\/stone-island-pantalon-cargo-bleu-fonce-39484\/#breadcrumb\"},\"inLanguage\":\"fr-FR\",\"potentialAction\":[{\"@type\":\"ReadAction\",\"target\":[\"https:\/\/www.voustensports.com\/fr\/stone-island-pantalon-cargo-bleu-fonce-39484\/\"]}]},{\"@type\":\"ImageObject\",\"inLanguage\":\"fr-FR\",\"@id\":\"https:\/\/www.voustensports.com\/fr\/stone-island-pantalon-cargo-bleu-fonce-39484\/#primaryimage\",\"url\":\"https:\/\/www.voustensports.com\/wp-content\/uploads\/2023\/06\/Cargo-pants-donkerblauw-39484-1.jpg\",\"contentUrl\":\"https:\/\/www.voustensports.com\/wp-content\/uploads\/2023\/06\/Cargo-pants-donkerblauw-39484-1.jpg\",\"width\":1365,\"height\":2048},{\"@type\":\"BreadcrumbList\",\"@id\":\"https:\/\/www.voustensports.com\/fr\/stone-island-pantalon-cargo-bleu-fonce-39484\/#breadcrumb\",\"itemListElement\":[{\"@type\":\"ListItem\",\"position\":1,\"name\":\"Home\",\"item\":\"https:\/\/www.voustensports.com\/fr\/\"},{\"@type\":\"ListItem\",\"position\":2,\"name\":\"Boutique\",\"item\":\"https:\/\/www.voustensports.com\/fr\/shop\/\"},{\"@type\":\"ListItem\",\"position\":3,\"name\":\"STONE ISLAND &#8211; COTON BIOLOGIQUE STRETCH EFFET &#8216;VIEUX&#8217; BLEU FONC\u00c9 (39484)\"}]},{\"@type\":\"WebSite\",\"@id\":\"https:\/\/www.voustensports.com\/nl\/#website\",\"url\":\"https:\/\/www.voustensports.com\/nl\/\",\"name\":\"Vousten Sports\",\"description\":\"\",\"potentialAction\":[{\"@type\":\"SearchAction\",\"target\":{\"@type\":\"EntryPoint\",\"urlTemplate\":\"https:\/\/www.voustensports.com\/nl\/?s={search_term_string}\"},\"query-input\":{\"@type\":\"PropertyValueSpecification\",\"valueRequired\":true,\"valueName\":\"search_term_string\"}}],\"inLanguage\":\"fr-FR\"}]}<\/script>\n<!-- \/ Yoast SEO plugin. -->","yoast_head_json":{"title":"STONE ISLAND - COTON BIOLOGIQUE STRETCH EFFET &#8216;VIEUX&#8217; BLEU FONC\u00c9 (39484) - Vousten Sports","robots":{"index":"index","follow":"follow","max-snippet":"max-snippet:-1","max-image-preview":"max-image-preview:large","max-video-preview":"max-video-preview:-1"},"canonical":"https:\/\/www.voustensports.com\/fr\/stone-island-pantalon-cargo-bleu-fonce-39484\/","og_locale":"fr_FR","og_type":"article","og_title":"STONE ISLAND - COTON BIOLOGIQUE STRETCH EFFET &#8216;VIEUX&#8217; BLEU FONC\u00c9 (39484) - Vousten Sports","og_description":"D\u00c9TAILS DU PRODUIT Pantalon cargo confectionn\u00e9 en toile de coton l\u00e9g\u00e8rement stretch. Teint en pi\u00e8ce. STYLE Coupe fusel\u00e9e r\u00e9guli\u00e8re. Poches pour les mains dans la couture avec fermeture \u00e9clair cach\u00e9e. Une poche arri\u00e8re avec fermeture \u00e0 bouton-pression cach\u00e9. Poche pliss\u00e9e sur les jambes avec rabat et fermeture \u00e0 bouton-pression cach\u00e9 ; la poche gauche porte [...]","og_url":"https:\/\/www.voustensports.com\/fr\/stone-island-pantalon-cargo-bleu-fonce-39484\/","og_site_name":"Vousten Sports","article_modified_time":"2026-02-05T11:19:16+00:00","og_image":[{"width":1365,"height":2048,"url":"https:\/\/www.voustensports.com\/wp-content\/uploads\/2023\/06\/Cargo-pants-donkerblauw-39484-1.jpg","type":"image\/jpeg"}],"twitter_card":"summary_large_image","twitter_misc":{"Est. reading time":"1 minute"},"schema":{"@context":"https:\/\/schema.org","@graph":[{"@type":"WebPage","@id":"https:\/\/www.voustensports.com\/fr\/stone-island-pantalon-cargo-bleu-fonce-39484\/","url":"https:\/\/www.voustensports.com\/fr\/stone-island-pantalon-cargo-bleu-fonce-39484\/","name":"STONE ISLAND - COTON BIOLOGIQUE STRETCH EFFET &#8216;VIEUX&#8217; BLEU FONC\u00c9 (39484) - Vousten Sports","isPartOf":{"@id":"https:\/\/www.voustensports.com\/nl\/#website"},"primaryImageOfPage":{"@id":"https:\/\/www.voustensports.com\/fr\/stone-island-pantalon-cargo-bleu-fonce-39484\/#primaryimage"},"image":{"@id":"https:\/\/www.voustensports.com\/fr\/stone-island-pantalon-cargo-bleu-fonce-39484\/#primaryimage"},"thumbnailUrl":"https:\/\/www.voustensports.com\/wp-content\/uploads\/2023\/06\/Cargo-pants-donkerblauw-39484-1.jpg","datePublished":"2024-06-26T15:04:10+00:00","dateModified":"2026-02-05T11:19:16+00:00","breadcrumb":{"@id":"https:\/\/www.voustensports.com\/fr\/stone-island-pantalon-cargo-bleu-fonce-39484\/#breadcrumb"},"inLanguage":"fr-FR","potentialAction":[{"@type":"ReadAction","target":["https:\/\/www.voustensports.com\/fr\/stone-island-pantalon-cargo-bleu-fonce-39484\/"]}]},{"@type":"ImageObject","inLanguage":"fr-FR","@id":"https:\/\/www.voustensports.com\/fr\/stone-island-pantalon-cargo-bleu-fonce-39484\/#primaryimage","url":"https:\/\/www.voustensports.com\/wp-content\/uploads\/2023\/06\/Cargo-pants-donkerblauw-39484-1.jpg","contentUrl":"https:\/\/www.voustensports.com\/wp-content\/uploads\/2023\/06\/Cargo-pants-donkerblauw-39484-1.jpg","width":1365,"height":2048},{"@type":"BreadcrumbList","@id":"https:\/\/www.voustensports.com\/fr\/stone-island-pantalon-cargo-bleu-fonce-39484\/#breadcrumb","itemListElement":[{"@type":"ListItem","position":1,"name":"Home","item":"https:\/\/www.voustensports.com\/fr\/"},{"@type":"ListItem","position":2,"name":"Boutique","item":"https:\/\/www.voustensports.com\/fr\/shop\/"},{"@type":"ListItem","position":3,"name":"STONE ISLAND &#8211; COTON BIOLOGIQUE STRETCH EFFET &#8216;VIEUX&#8217; BLEU FONC\u00c9 (39484)"}]},{"@type":"WebSite","@id":"https:\/\/www.voustensports.com\/nl\/#website","url":"https:\/\/www.voustensports.com\/nl\/","name":"Vousten Sports","description":"","potentialAction":[{"@type":"SearchAction","target":{"@type":"EntryPoint","urlTemplate":"https:\/\/www.voustensports.com\/nl\/?s={search_term_string}"},"query-input":{"@type":"PropertyValueSpecification","valueRequired":true,"valueName":"search_term_string"}}],"inLanguage":"fr-FR"}]}},"_links":{"self":[{"href":"https:\/\/www.voustensports.com\/fr\/wp-json\/wp\/v2\/product\/178805","targetHints":{"allow":["GET"]}}],"collection":[{"href":"https:\/\/www.voustensports.com\/fr\/wp-json\/wp\/v2\/product"}],"about":[{"href":"https:\/\/www.voustensports.com\/fr\/wp-json\/wp\/v2\/types\/product"}],"replies":[{"embeddable":true,"href":"https:\/\/www.voustensports.com\/fr\/wp-json\/wp\/v2\/comments?post=178805"}],"wp:featuredmedia":[{"embeddable":true,"href":"https:\/\/www.voustensports.com\/fr\/wp-json\/wp\/v2\/media\/178789"}],"wp:attachment":[{"href":"https:\/\/www.voustensports.com\/fr\/wp-json\/wp\/v2\/media?parent=178805"}],"wp:term":[{"taxonomy":"product_cat","embeddable":true,"href":"https:\/\/www.voustensports.com\/fr\/wp-json\/wp\/v2\/product_cat?post=178805"},{"taxonomy":"product_tag","embeddable":true,"href":"https:\/\/www.voustensports.com\/fr\/wp-json\/wp\/v2\/product_tag?post=178805"}],"curies":[{"name":"wp","href":"https:\/\/api.w.org\/{rel}","templated":true}]}}