{"id":178696,"date":"2024-06-26T16:02:07","date_gmt":"2024-06-26T14:02:07","guid":{"rendered":"https:\/\/www.voustensports.com\/stone-island-archivio-project_coque-metallique-pure-avio-bleu-39494\/"},"modified":"2026-02-05T12:19:30","modified_gmt":"2026-02-05T11:19:30","slug":"stone-island-archivio-project_coque-metallique-pure-avio-bleu-39494","status":"publish","type":"product","link":"https:\/\/www.voustensports.com\/fr\/stone-island-archivio-project_coque-metallique-pure-avio-bleu-39494\/","title":{"rendered":"STONE ISLAND &#8211; ARCHIVIO PROJECT_COQUE M\u00c9TALLIQUE PURE AVIO BLEU (39494)"},"content":{"rendered":"<div>D\u00c9TAILS DU PRODUIT<\/div>\n<div>ARCHIVIO\u2019 PRINT : T-shirt \u00e0 manches courtes en jersey de coton. Archivio est un projet qui illustre l\u2019exp\u00e9rimentation et l\u2019innovation textile de Stone Island. Cette m\u00e9thode de recherche est connue comme une r\u00e9f\u00e9rence dans le monde de la mode et du design depuis pr\u00e8s de quarante ans. Chaque saison, un T-Shirt raconte l&rsquo;histoire d&rsquo;un tissu devenu symbole de cette recherche passionn\u00e9e. Une fen\u00eatre sur l&rsquo;\u00e9tiquette attach\u00e9e au v\u00eatement contient un \u00e9chantillon du tissu.<\/div>\n<div><\/div>\n<div>STYLE<\/div>\n<div>Coupe ajust\u00e9e.<\/div>\n<div>Encolure c\u00f4tel\u00e9e, bande int\u00e9rieure \u00e0 rayures parall\u00e8les.<\/div>\n<div>Broderie ARCHIVIO sur la poitrine.<\/div>\n<div>Au dos, photo de la coque en m\u00e9tal pur de l&rsquo;AUTUMN WINTER_&rsquo;024 &lsquo;025<\/div>\n<div><\/div>\n<div>COMPOSITION<\/div>\n<div>100% Coton<\/div>\n<div><\/div>\n<div>Num\u00e9ro de Stone Island : 2NS91<\/div>\n<div>Num\u00e9ro de couleur: V0046<\/div>\n<div>Num\u00e9ro d&rsquo;identification: 39494<\/div>\n","protected":false},"excerpt":{"rendered":"<p>D\u00c9TAILS DU PRODUIT ARCHIVIO\u2019 PRINT : T-shirt \u00e0 manches courtes en jersey de coton. Archivio est un projet qui illustre l\u2019exp\u00e9rimentation et l\u2019innovation textile de Stone Island. Cette m\u00e9thode de recherche est connue comme une r\u00e9f\u00e9rence dans le monde de la mode et du design depuis pr\u00e8s de quarante ans. Chaque saison, un T-Shirt raconte [&#8230;]\n","protected":false},"featured_media":178688,"comment_status":"open","ping_status":"closed","template":"","meta":{"rank_math_lock_modified_date":false},"product_cat":[446,450,462,482,486,490],"product_tag":[],"class_list":{"0":"post-178696","1":"product","2":"type-product","3":"status-publish","4":"has-post-thumbnail","6":"product_cat-kleding-fr","7":"product_cat-heren-fr","8":"product_cat-vousten-sports-fr-2","9":"product_cat-stone-island-fr-2","10":"product_cat-shirt-fr-2","11":"product_cat-t-shirts-fr-2","13":"first","14":"outofstock","15":"taxable","16":"shipping-taxable","17":"purchasable","18":"product-type-variable"},"acf":[],"yoast_head":"<!-- This site is optimized with the Yoast SEO plugin v23.9 - https:\/\/yoast.com\/wordpress\/plugins\/seo\/ -->\n<title>STONE ISLAND - ARCHIVIO PROJECT_COQUE M\u00c9TALLIQUE PURE AVIO BLEU (39494) - Vousten Sports<\/title>\n<meta name=\"robots\" content=\"index, follow, max-snippet:-1, max-image-preview:large, max-video-preview:-1\" \/>\n<link rel=\"canonical\" href=\"https:\/\/www.voustensports.com\/fr\/stone-island-archivio-project_coque-metallique-pure-avio-bleu-39494\/\" \/>\n<meta property=\"og:locale\" content=\"fr_FR\" \/>\n<meta property=\"og:type\" content=\"article\" \/>\n<meta property=\"og:title\" content=\"STONE ISLAND - ARCHIVIO PROJECT_COQUE M\u00c9TALLIQUE PURE AVIO BLEU (39494) - Vousten Sports\" \/>\n<meta property=\"og:description\" content=\"D\u00c9TAILS DU PRODUIT ARCHIVIO\u2019 PRINT : T-shirt \u00e0 manches courtes en jersey de coton. Archivio est un projet qui illustre l\u2019exp\u00e9rimentation et l\u2019innovation textile de Stone Island. Cette m\u00e9thode de recherche est connue comme une r\u00e9f\u00e9rence dans le monde de la mode et du design depuis pr\u00e8s de quarante ans. Chaque saison, un T-Shirt raconte [...]\" \/>\n<meta property=\"og:url\" content=\"https:\/\/www.voustensports.com\/fr\/stone-island-archivio-project_coque-metallique-pure-avio-bleu-39494\/\" \/>\n<meta property=\"og:site_name\" content=\"Vousten Sports\" \/>\n<meta property=\"article:modified_time\" content=\"2026-02-05T11:19:30+00:00\" \/>\n<meta property=\"og:image\" content=\"https:\/\/www.voustensports.com\/wp-content\/uploads\/2023\/06\/ARCHIVIO-PROJECT_PURE-METAL-SHELL-AVIO-BLUE-39493-1.jpg\" \/>\n\t<meta property=\"og:image:width\" content=\"1365\" \/>\n\t<meta property=\"og:image:height\" content=\"2048\" \/>\n\t<meta property=\"og:image:type\" content=\"image\/jpeg\" \/>\n<meta name=\"twitter:card\" content=\"summary_large_image\" \/>\n<meta name=\"twitter:label1\" content=\"Est. reading time\" \/>\n\t<meta name=\"twitter:data1\" content=\"1 minute\" \/>\n<script type=\"application\/ld+json\" class=\"yoast-schema-graph\">{\"@context\":\"https:\/\/schema.org\",\"@graph\":[{\"@type\":\"WebPage\",\"@id\":\"https:\/\/www.voustensports.com\/fr\/stone-island-archivio-project_coque-metallique-pure-avio-bleu-39494\/\",\"url\":\"https:\/\/www.voustensports.com\/fr\/stone-island-archivio-project_coque-metallique-pure-avio-bleu-39494\/\",\"name\":\"STONE ISLAND - ARCHIVIO PROJECT_COQUE M\u00c9TALLIQUE PURE AVIO BLEU (39494) - Vousten Sports\",\"isPartOf\":{\"@id\":\"https:\/\/www.voustensports.com\/nl\/#website\"},\"primaryImageOfPage\":{\"@id\":\"https:\/\/www.voustensports.com\/fr\/stone-island-archivio-project_coque-metallique-pure-avio-bleu-39494\/#primaryimage\"},\"image\":{\"@id\":\"https:\/\/www.voustensports.com\/fr\/stone-island-archivio-project_coque-metallique-pure-avio-bleu-39494\/#primaryimage\"},\"thumbnailUrl\":\"https:\/\/www.voustensports.com\/wp-content\/uploads\/2023\/06\/ARCHIVIO-PROJECT_PURE-METAL-SHELL-AVIO-BLUE-39493-1.jpg\",\"datePublished\":\"2024-06-26T14:02:07+00:00\",\"dateModified\":\"2026-02-05T11:19:30+00:00\",\"breadcrumb\":{\"@id\":\"https:\/\/www.voustensports.com\/fr\/stone-island-archivio-project_coque-metallique-pure-avio-bleu-39494\/#breadcrumb\"},\"inLanguage\":\"fr-FR\",\"potentialAction\":[{\"@type\":\"ReadAction\",\"target\":[\"https:\/\/www.voustensports.com\/fr\/stone-island-archivio-project_coque-metallique-pure-avio-bleu-39494\/\"]}]},{\"@type\":\"ImageObject\",\"inLanguage\":\"fr-FR\",\"@id\":\"https:\/\/www.voustensports.com\/fr\/stone-island-archivio-project_coque-metallique-pure-avio-bleu-39494\/#primaryimage\",\"url\":\"https:\/\/www.voustensports.com\/wp-content\/uploads\/2023\/06\/ARCHIVIO-PROJECT_PURE-METAL-SHELL-AVIO-BLUE-39493-1.jpg\",\"contentUrl\":\"https:\/\/www.voustensports.com\/wp-content\/uploads\/2023\/06\/ARCHIVIO-PROJECT_PURE-METAL-SHELL-AVIO-BLUE-39493-1.jpg\",\"width\":1365,\"height\":2048},{\"@type\":\"BreadcrumbList\",\"@id\":\"https:\/\/www.voustensports.com\/fr\/stone-island-archivio-project_coque-metallique-pure-avio-bleu-39494\/#breadcrumb\",\"itemListElement\":[{\"@type\":\"ListItem\",\"position\":1,\"name\":\"Home\",\"item\":\"https:\/\/www.voustensports.com\/fr\/\"},{\"@type\":\"ListItem\",\"position\":2,\"name\":\"Boutique\",\"item\":\"https:\/\/www.voustensports.com\/fr\/shop\/\"},{\"@type\":\"ListItem\",\"position\":3,\"name\":\"STONE ISLAND &#8211; ARCHIVIO PROJECT_COQUE M\u00c9TALLIQUE PURE AVIO BLEU (39494)\"}]},{\"@type\":\"WebSite\",\"@id\":\"https:\/\/www.voustensports.com\/nl\/#website\",\"url\":\"https:\/\/www.voustensports.com\/nl\/\",\"name\":\"Vousten Sports\",\"description\":\"\",\"potentialAction\":[{\"@type\":\"SearchAction\",\"target\":{\"@type\":\"EntryPoint\",\"urlTemplate\":\"https:\/\/www.voustensports.com\/nl\/?s={search_term_string}\"},\"query-input\":{\"@type\":\"PropertyValueSpecification\",\"valueRequired\":true,\"valueName\":\"search_term_string\"}}],\"inLanguage\":\"fr-FR\"}]}<\/script>\n<!-- \/ Yoast SEO plugin. -->","yoast_head_json":{"title":"STONE ISLAND - ARCHIVIO PROJECT_COQUE M\u00c9TALLIQUE PURE AVIO BLEU (39494) - Vousten Sports","robots":{"index":"index","follow":"follow","max-snippet":"max-snippet:-1","max-image-preview":"max-image-preview:large","max-video-preview":"max-video-preview:-1"},"canonical":"https:\/\/www.voustensports.com\/fr\/stone-island-archivio-project_coque-metallique-pure-avio-bleu-39494\/","og_locale":"fr_FR","og_type":"article","og_title":"STONE ISLAND - ARCHIVIO PROJECT_COQUE M\u00c9TALLIQUE PURE AVIO BLEU (39494) - Vousten Sports","og_description":"D\u00c9TAILS DU PRODUIT ARCHIVIO\u2019 PRINT : T-shirt \u00e0 manches courtes en jersey de coton. Archivio est un projet qui illustre l\u2019exp\u00e9rimentation et l\u2019innovation textile de Stone Island. Cette m\u00e9thode de recherche est connue comme une r\u00e9f\u00e9rence dans le monde de la mode et du design depuis pr\u00e8s de quarante ans. Chaque saison, un T-Shirt raconte [...]","og_url":"https:\/\/www.voustensports.com\/fr\/stone-island-archivio-project_coque-metallique-pure-avio-bleu-39494\/","og_site_name":"Vousten Sports","article_modified_time":"2026-02-05T11:19:30+00:00","og_image":[{"width":1365,"height":2048,"url":"https:\/\/www.voustensports.com\/wp-content\/uploads\/2023\/06\/ARCHIVIO-PROJECT_PURE-METAL-SHELL-AVIO-BLUE-39493-1.jpg","type":"image\/jpeg"}],"twitter_card":"summary_large_image","twitter_misc":{"Est. reading time":"1 minute"},"schema":{"@context":"https:\/\/schema.org","@graph":[{"@type":"WebPage","@id":"https:\/\/www.voustensports.com\/fr\/stone-island-archivio-project_coque-metallique-pure-avio-bleu-39494\/","url":"https:\/\/www.voustensports.com\/fr\/stone-island-archivio-project_coque-metallique-pure-avio-bleu-39494\/","name":"STONE ISLAND - ARCHIVIO PROJECT_COQUE M\u00c9TALLIQUE PURE AVIO BLEU (39494) - Vousten Sports","isPartOf":{"@id":"https:\/\/www.voustensports.com\/nl\/#website"},"primaryImageOfPage":{"@id":"https:\/\/www.voustensports.com\/fr\/stone-island-archivio-project_coque-metallique-pure-avio-bleu-39494\/#primaryimage"},"image":{"@id":"https:\/\/www.voustensports.com\/fr\/stone-island-archivio-project_coque-metallique-pure-avio-bleu-39494\/#primaryimage"},"thumbnailUrl":"https:\/\/www.voustensports.com\/wp-content\/uploads\/2023\/06\/ARCHIVIO-PROJECT_PURE-METAL-SHELL-AVIO-BLUE-39493-1.jpg","datePublished":"2024-06-26T14:02:07+00:00","dateModified":"2026-02-05T11:19:30+00:00","breadcrumb":{"@id":"https:\/\/www.voustensports.com\/fr\/stone-island-archivio-project_coque-metallique-pure-avio-bleu-39494\/#breadcrumb"},"inLanguage":"fr-FR","potentialAction":[{"@type":"ReadAction","target":["https:\/\/www.voustensports.com\/fr\/stone-island-archivio-project_coque-metallique-pure-avio-bleu-39494\/"]}]},{"@type":"ImageObject","inLanguage":"fr-FR","@id":"https:\/\/www.voustensports.com\/fr\/stone-island-archivio-project_coque-metallique-pure-avio-bleu-39494\/#primaryimage","url":"https:\/\/www.voustensports.com\/wp-content\/uploads\/2023\/06\/ARCHIVIO-PROJECT_PURE-METAL-SHELL-AVIO-BLUE-39493-1.jpg","contentUrl":"https:\/\/www.voustensports.com\/wp-content\/uploads\/2023\/06\/ARCHIVIO-PROJECT_PURE-METAL-SHELL-AVIO-BLUE-39493-1.jpg","width":1365,"height":2048},{"@type":"BreadcrumbList","@id":"https:\/\/www.voustensports.com\/fr\/stone-island-archivio-project_coque-metallique-pure-avio-bleu-39494\/#breadcrumb","itemListElement":[{"@type":"ListItem","position":1,"name":"Home","item":"https:\/\/www.voustensports.com\/fr\/"},{"@type":"ListItem","position":2,"name":"Boutique","item":"https:\/\/www.voustensports.com\/fr\/shop\/"},{"@type":"ListItem","position":3,"name":"STONE ISLAND &#8211; ARCHIVIO PROJECT_COQUE M\u00c9TALLIQUE PURE AVIO BLEU (39494)"}]},{"@type":"WebSite","@id":"https:\/\/www.voustensports.com\/nl\/#website","url":"https:\/\/www.voustensports.com\/nl\/","name":"Vousten Sports","description":"","potentialAction":[{"@type":"SearchAction","target":{"@type":"EntryPoint","urlTemplate":"https:\/\/www.voustensports.com\/nl\/?s={search_term_string}"},"query-input":{"@type":"PropertyValueSpecification","valueRequired":true,"valueName":"search_term_string"}}],"inLanguage":"fr-FR"}]}},"_links":{"self":[{"href":"https:\/\/www.voustensports.com\/fr\/wp-json\/wp\/v2\/product\/178696","targetHints":{"allow":["GET"]}}],"collection":[{"href":"https:\/\/www.voustensports.com\/fr\/wp-json\/wp\/v2\/product"}],"about":[{"href":"https:\/\/www.voustensports.com\/fr\/wp-json\/wp\/v2\/types\/product"}],"replies":[{"embeddable":true,"href":"https:\/\/www.voustensports.com\/fr\/wp-json\/wp\/v2\/comments?post=178696"}],"wp:featuredmedia":[{"embeddable":true,"href":"https:\/\/www.voustensports.com\/fr\/wp-json\/wp\/v2\/media\/178688"}],"wp:attachment":[{"href":"https:\/\/www.voustensports.com\/fr\/wp-json\/wp\/v2\/media?parent=178696"}],"wp:term":[{"taxonomy":"product_cat","embeddable":true,"href":"https:\/\/www.voustensports.com\/fr\/wp-json\/wp\/v2\/product_cat?post=178696"},{"taxonomy":"product_tag","embeddable":true,"href":"https:\/\/www.voustensports.com\/fr\/wp-json\/wp\/v2\/product_tag?post=178696"}],"curies":[{"name":"wp","href":"https:\/\/api.w.org\/{rel}","templated":true}]}}