{"id":178458,"date":"2024-06-21T23:50:20","date_gmt":"2024-06-21T21:50:20","guid":{"rendered":"https:\/\/www.voustensports.com\/stone-island-polaire-de-coton-imprime-insitutional-two-noyer-teinte-en-vetement-39441\/"},"modified":"2026-02-05T12:18:11","modified_gmt":"2026-02-05T11:18:11","slug":"stone-island-polaire-de-coton-imprime-insitutional-two-noyer-teinte-en-vetement-39441","status":"publish","type":"product","link":"https:\/\/www.voustensports.com\/fr\/stone-island-polaire-de-coton-imprime-insitutional-two-noyer-teinte-en-vetement-39441\/","title":{"rendered":"STONE ISLAND &#8211; POLAIRE DE COTON, IMPRIM\u00c9 \u00ab INSITUTIONAL TWO \u00bb, NOYER TEINT\u00c9 EN V\u00caTEMENT (39441)"},"content":{"rendered":"<div>D\u00c9TAILS DU PRODUIT<\/div>\n<div>COTTON FLEECE, IMPRIM\u00c9 &lsquo;INSITUTIONAL TWO&rsquo;, GARMENT DYED : Sweat \u00e0 capuche en molleton de coton. Teint en pi\u00e8ce.<\/div>\n<div><\/div>\n<div>STYLE<\/div>\n<div>Coupe r\u00e9guli\u00e8re. Capuche avec cordon de serrage. Petit imprim\u00e9 du logo Stone Island sur la poitrine. Poche kangourou avec entr\u00e9es en biais. Grande d\u00e9coupe en relief du logo Stone Island Compass au dos. Poignets et bande inf\u00e9rieure c\u00f4tel\u00e9s.<\/div>\n<div><\/div>\n<div>COMPOSITION<\/div>\n<div>100% Coton<\/div>\n<div><\/div>\n<div>Num\u00e9ro de Stone Island : 66283<\/div>\n<div>Num\u00e9ro de couleur: V0075<\/div>\n<div>Num\u00e9ro d&rsquo;identification : 39441<\/div>\n","protected":false},"excerpt":{"rendered":"<p>D\u00c9TAILS DU PRODUIT COTTON FLEECE, IMPRIM\u00c9 &lsquo;INSITUTIONAL TWO&rsquo;, GARMENT DYED : Sweat \u00e0 capuche en molleton de coton. Teint en pi\u00e8ce. STYLE Coupe r\u00e9guli\u00e8re. Capuche avec cordon de serrage. Petit imprim\u00e9 du logo Stone Island sur la poitrine. Poche kangourou avec entr\u00e9es en biais. Grande d\u00e9coupe en relief du logo Stone Island Compass au dos. [&#8230;]\n","protected":false},"featured_media":178445,"comment_status":"open","ping_status":"closed","template":"","meta":{"rank_math_lock_modified_date":false},"product_cat":[759,446,450,462,482,534,694,697],"product_tag":[],"class_list":{"0":"post-178458","1":"product","2":"type-product","3":"status-publish","4":"has-post-thumbnail","6":"product_cat-hoodies-fr","7":"product_cat-kleding-fr","8":"product_cat-heren-fr","9":"product_cat-vousten-sports-fr-2","10":"product_cat-stone-island-fr-2","11":"product_cat-truien-fr-2","12":"product_cat-truien-vesten-fr-2","13":"product_cat-sweaters-fr-2","15":"first","16":"instock","17":"taxable","18":"shipping-taxable","19":"purchasable","20":"product-type-variable"},"acf":[],"yoast_head":"<!-- This site is optimized with the Yoast SEO plugin v23.9 - https:\/\/yoast.com\/wordpress\/plugins\/seo\/ -->\n<title>STONE ISLAND - POLAIRE DE COTON, IMPRIM\u00c9 \u00ab INSITUTIONAL TWO \u00bb, NOYER TEINT\u00c9 EN V\u00caTEMENT (39441) - Vousten Sports<\/title>\n<meta name=\"robots\" content=\"index, follow, max-snippet:-1, max-image-preview:large, max-video-preview:-1\" \/>\n<link rel=\"canonical\" href=\"https:\/\/www.voustensports.com\/fr\/stone-island-polaire-de-coton-imprime-insitutional-two-noyer-teinte-en-vetement-39441\/\" \/>\n<meta property=\"og:locale\" content=\"fr_FR\" \/>\n<meta property=\"og:type\" content=\"article\" \/>\n<meta property=\"og:title\" content=\"STONE ISLAND - POLAIRE DE COTON, IMPRIM\u00c9 \u00ab INSITUTIONAL TWO \u00bb, NOYER TEINT\u00c9 EN V\u00caTEMENT (39441) - Vousten Sports\" \/>\n<meta property=\"og:description\" content=\"D\u00c9TAILS DU PRODUIT COTTON FLEECE, IMPRIM\u00c9 &lsquo;INSITUTIONAL TWO&rsquo;, GARMENT DYED : Sweat \u00e0 capuche en molleton de coton. Teint en pi\u00e8ce. STYLE Coupe r\u00e9guli\u00e8re. Capuche avec cordon de serrage. Petit imprim\u00e9 du logo Stone Island sur la poitrine. Poche kangourou avec entr\u00e9es en biais. Grande d\u00e9coupe en relief du logo Stone Island Compass au dos. [...]\" \/>\n<meta property=\"og:url\" content=\"https:\/\/www.voustensports.com\/fr\/stone-island-polaire-de-coton-imprime-insitutional-two-noyer-teinte-en-vetement-39441\/\" \/>\n<meta property=\"og:site_name\" content=\"Vousten Sports\" \/>\n<meta property=\"article:modified_time\" content=\"2026-02-05T11:18:11+00:00\" \/>\n<meta property=\"og:image\" content=\"https:\/\/www.voustensports.com\/wp-content\/uploads\/2023\/06\/COTTON-FLEECE-INSITUTIONAL-TWO-PRINT-GARMENT-DYED-WALNUT-39441-1.png\" \/>\n\t<meta property=\"og:image:width\" content=\"1365\" \/>\n\t<meta property=\"og:image:height\" content=\"2048\" \/>\n\t<meta property=\"og:image:type\" content=\"image\/png\" \/>\n<meta name=\"twitter:card\" content=\"summary_large_image\" \/>\n<script type=\"application\/ld+json\" class=\"yoast-schema-graph\">{\"@context\":\"https:\/\/schema.org\",\"@graph\":[{\"@type\":\"WebPage\",\"@id\":\"https:\/\/www.voustensports.com\/fr\/stone-island-polaire-de-coton-imprime-insitutional-two-noyer-teinte-en-vetement-39441\/\",\"url\":\"https:\/\/www.voustensports.com\/fr\/stone-island-polaire-de-coton-imprime-insitutional-two-noyer-teinte-en-vetement-39441\/\",\"name\":\"STONE ISLAND - POLAIRE DE COTON, IMPRIM\u00c9 \u00ab INSITUTIONAL TWO \u00bb, NOYER TEINT\u00c9 EN V\u00caTEMENT (39441) - Vousten Sports\",\"isPartOf\":{\"@id\":\"https:\/\/www.voustensports.com\/nl\/#website\"},\"primaryImageOfPage\":{\"@id\":\"https:\/\/www.voustensports.com\/fr\/stone-island-polaire-de-coton-imprime-insitutional-two-noyer-teinte-en-vetement-39441\/#primaryimage\"},\"image\":{\"@id\":\"https:\/\/www.voustensports.com\/fr\/stone-island-polaire-de-coton-imprime-insitutional-two-noyer-teinte-en-vetement-39441\/#primaryimage\"},\"thumbnailUrl\":\"https:\/\/www.voustensports.com\/wp-content\/uploads\/2023\/06\/COTTON-FLEECE-INSITUTIONAL-TWO-PRINT-GARMENT-DYED-WALNUT-39441-1.png\",\"datePublished\":\"2024-06-21T21:50:20+00:00\",\"dateModified\":\"2026-02-05T11:18:11+00:00\",\"breadcrumb\":{\"@id\":\"https:\/\/www.voustensports.com\/fr\/stone-island-polaire-de-coton-imprime-insitutional-two-noyer-teinte-en-vetement-39441\/#breadcrumb\"},\"inLanguage\":\"fr-FR\",\"potentialAction\":[{\"@type\":\"ReadAction\",\"target\":[\"https:\/\/www.voustensports.com\/fr\/stone-island-polaire-de-coton-imprime-insitutional-two-noyer-teinte-en-vetement-39441\/\"]}]},{\"@type\":\"ImageObject\",\"inLanguage\":\"fr-FR\",\"@id\":\"https:\/\/www.voustensports.com\/fr\/stone-island-polaire-de-coton-imprime-insitutional-two-noyer-teinte-en-vetement-39441\/#primaryimage\",\"url\":\"https:\/\/www.voustensports.com\/wp-content\/uploads\/2023\/06\/COTTON-FLEECE-INSITUTIONAL-TWO-PRINT-GARMENT-DYED-WALNUT-39441-1.png\",\"contentUrl\":\"https:\/\/www.voustensports.com\/wp-content\/uploads\/2023\/06\/COTTON-FLEECE-INSITUTIONAL-TWO-PRINT-GARMENT-DYED-WALNUT-39441-1.png\",\"width\":1365,\"height\":2048},{\"@type\":\"BreadcrumbList\",\"@id\":\"https:\/\/www.voustensports.com\/fr\/stone-island-polaire-de-coton-imprime-insitutional-two-noyer-teinte-en-vetement-39441\/#breadcrumb\",\"itemListElement\":[{\"@type\":\"ListItem\",\"position\":1,\"name\":\"Home\",\"item\":\"https:\/\/www.voustensports.com\/fr\/\"},{\"@type\":\"ListItem\",\"position\":2,\"name\":\"Boutique\",\"item\":\"https:\/\/www.voustensports.com\/fr\/shop\/\"},{\"@type\":\"ListItem\",\"position\":3,\"name\":\"STONE ISLAND &#8211; POLAIRE DE COTON, IMPRIM\u00c9 \u00ab INSITUTIONAL TWO \u00bb, NOYER TEINT\u00c9 EN V\u00caTEMENT (39441)\"}]},{\"@type\":\"WebSite\",\"@id\":\"https:\/\/www.voustensports.com\/nl\/#website\",\"url\":\"https:\/\/www.voustensports.com\/nl\/\",\"name\":\"Vousten Sports\",\"description\":\"\",\"potentialAction\":[{\"@type\":\"SearchAction\",\"target\":{\"@type\":\"EntryPoint\",\"urlTemplate\":\"https:\/\/www.voustensports.com\/nl\/?s={search_term_string}\"},\"query-input\":{\"@type\":\"PropertyValueSpecification\",\"valueRequired\":true,\"valueName\":\"search_term_string\"}}],\"inLanguage\":\"fr-FR\"}]}<\/script>\n<!-- \/ Yoast SEO plugin. -->","yoast_head_json":{"title":"STONE ISLAND - POLAIRE DE COTON, IMPRIM\u00c9 \u00ab INSITUTIONAL TWO \u00bb, NOYER TEINT\u00c9 EN V\u00caTEMENT (39441) - Vousten Sports","robots":{"index":"index","follow":"follow","max-snippet":"max-snippet:-1","max-image-preview":"max-image-preview:large","max-video-preview":"max-video-preview:-1"},"canonical":"https:\/\/www.voustensports.com\/fr\/stone-island-polaire-de-coton-imprime-insitutional-two-noyer-teinte-en-vetement-39441\/","og_locale":"fr_FR","og_type":"article","og_title":"STONE ISLAND - POLAIRE DE COTON, IMPRIM\u00c9 \u00ab INSITUTIONAL TWO \u00bb, NOYER TEINT\u00c9 EN V\u00caTEMENT (39441) - Vousten Sports","og_description":"D\u00c9TAILS DU PRODUIT COTTON FLEECE, IMPRIM\u00c9 &lsquo;INSITUTIONAL TWO&rsquo;, GARMENT DYED : Sweat \u00e0 capuche en molleton de coton. Teint en pi\u00e8ce. STYLE Coupe r\u00e9guli\u00e8re. Capuche avec cordon de serrage. Petit imprim\u00e9 du logo Stone Island sur la poitrine. Poche kangourou avec entr\u00e9es en biais. Grande d\u00e9coupe en relief du logo Stone Island Compass au dos. [...]","og_url":"https:\/\/www.voustensports.com\/fr\/stone-island-polaire-de-coton-imprime-insitutional-two-noyer-teinte-en-vetement-39441\/","og_site_name":"Vousten Sports","article_modified_time":"2026-02-05T11:18:11+00:00","og_image":[{"width":1365,"height":2048,"url":"https:\/\/www.voustensports.com\/wp-content\/uploads\/2023\/06\/COTTON-FLEECE-INSITUTIONAL-TWO-PRINT-GARMENT-DYED-WALNUT-39441-1.png","type":"image\/png"}],"twitter_card":"summary_large_image","schema":{"@context":"https:\/\/schema.org","@graph":[{"@type":"WebPage","@id":"https:\/\/www.voustensports.com\/fr\/stone-island-polaire-de-coton-imprime-insitutional-two-noyer-teinte-en-vetement-39441\/","url":"https:\/\/www.voustensports.com\/fr\/stone-island-polaire-de-coton-imprime-insitutional-two-noyer-teinte-en-vetement-39441\/","name":"STONE ISLAND - POLAIRE DE COTON, IMPRIM\u00c9 \u00ab INSITUTIONAL TWO \u00bb, NOYER TEINT\u00c9 EN V\u00caTEMENT (39441) - Vousten Sports","isPartOf":{"@id":"https:\/\/www.voustensports.com\/nl\/#website"},"primaryImageOfPage":{"@id":"https:\/\/www.voustensports.com\/fr\/stone-island-polaire-de-coton-imprime-insitutional-two-noyer-teinte-en-vetement-39441\/#primaryimage"},"image":{"@id":"https:\/\/www.voustensports.com\/fr\/stone-island-polaire-de-coton-imprime-insitutional-two-noyer-teinte-en-vetement-39441\/#primaryimage"},"thumbnailUrl":"https:\/\/www.voustensports.com\/wp-content\/uploads\/2023\/06\/COTTON-FLEECE-INSITUTIONAL-TWO-PRINT-GARMENT-DYED-WALNUT-39441-1.png","datePublished":"2024-06-21T21:50:20+00:00","dateModified":"2026-02-05T11:18:11+00:00","breadcrumb":{"@id":"https:\/\/www.voustensports.com\/fr\/stone-island-polaire-de-coton-imprime-insitutional-two-noyer-teinte-en-vetement-39441\/#breadcrumb"},"inLanguage":"fr-FR","potentialAction":[{"@type":"ReadAction","target":["https:\/\/www.voustensports.com\/fr\/stone-island-polaire-de-coton-imprime-insitutional-two-noyer-teinte-en-vetement-39441\/"]}]},{"@type":"ImageObject","inLanguage":"fr-FR","@id":"https:\/\/www.voustensports.com\/fr\/stone-island-polaire-de-coton-imprime-insitutional-two-noyer-teinte-en-vetement-39441\/#primaryimage","url":"https:\/\/www.voustensports.com\/wp-content\/uploads\/2023\/06\/COTTON-FLEECE-INSITUTIONAL-TWO-PRINT-GARMENT-DYED-WALNUT-39441-1.png","contentUrl":"https:\/\/www.voustensports.com\/wp-content\/uploads\/2023\/06\/COTTON-FLEECE-INSITUTIONAL-TWO-PRINT-GARMENT-DYED-WALNUT-39441-1.png","width":1365,"height":2048},{"@type":"BreadcrumbList","@id":"https:\/\/www.voustensports.com\/fr\/stone-island-polaire-de-coton-imprime-insitutional-two-noyer-teinte-en-vetement-39441\/#breadcrumb","itemListElement":[{"@type":"ListItem","position":1,"name":"Home","item":"https:\/\/www.voustensports.com\/fr\/"},{"@type":"ListItem","position":2,"name":"Boutique","item":"https:\/\/www.voustensports.com\/fr\/shop\/"},{"@type":"ListItem","position":3,"name":"STONE ISLAND &#8211; POLAIRE DE COTON, IMPRIM\u00c9 \u00ab INSITUTIONAL TWO \u00bb, NOYER TEINT\u00c9 EN V\u00caTEMENT (39441)"}]},{"@type":"WebSite","@id":"https:\/\/www.voustensports.com\/nl\/#website","url":"https:\/\/www.voustensports.com\/nl\/","name":"Vousten Sports","description":"","potentialAction":[{"@type":"SearchAction","target":{"@type":"EntryPoint","urlTemplate":"https:\/\/www.voustensports.com\/nl\/?s={search_term_string}"},"query-input":{"@type":"PropertyValueSpecification","valueRequired":true,"valueName":"search_term_string"}}],"inLanguage":"fr-FR"}]}},"_links":{"self":[{"href":"https:\/\/www.voustensports.com\/fr\/wp-json\/wp\/v2\/product\/178458","targetHints":{"allow":["GET"]}}],"collection":[{"href":"https:\/\/www.voustensports.com\/fr\/wp-json\/wp\/v2\/product"}],"about":[{"href":"https:\/\/www.voustensports.com\/fr\/wp-json\/wp\/v2\/types\/product"}],"replies":[{"embeddable":true,"href":"https:\/\/www.voustensports.com\/fr\/wp-json\/wp\/v2\/comments?post=178458"}],"wp:featuredmedia":[{"embeddable":true,"href":"https:\/\/www.voustensports.com\/fr\/wp-json\/wp\/v2\/media\/178445"}],"wp:attachment":[{"href":"https:\/\/www.voustensports.com\/fr\/wp-json\/wp\/v2\/media?parent=178458"}],"wp:term":[{"taxonomy":"product_cat","embeddable":true,"href":"https:\/\/www.voustensports.com\/fr\/wp-json\/wp\/v2\/product_cat?post=178458"},{"taxonomy":"product_tag","embeddable":true,"href":"https:\/\/www.voustensports.com\/fr\/wp-json\/wp\/v2\/product_tag?post=178458"}],"curies":[{"name":"wp","href":"https:\/\/api.w.org\/{rel}","templated":true}]}}