{"id":177216,"date":"2024-06-17T15:52:09","date_gmt":"2024-06-17T13:52:09","guid":{"rendered":"https:\/\/www.voustensports.com\/stone-island-sweat-shirt-gris-plomb-39443\/"},"modified":"2026-02-05T12:18:14","modified_gmt":"2026-02-05T11:18:14","slug":"stone-island-sweat-shirt-gris-plomb-39443","status":"publish","type":"product","link":"https:\/\/www.voustensports.com\/fr\/stone-island-sweat-shirt-gris-plomb-39443\/","title":{"rendered":"STONE ISLAND &#8211; COL ROND EN POLAIRE DE COTON AVEC POCHES GRIS PLOMB (39443)"},"content":{"rendered":"<div>D\u00c9TAILS DU PRODUIT<\/div>\n<div>Sweat-shirt \u00e0 col rond en molleton de coton. V\u00eatement teint en gris plomb<\/div>\n<div><\/div>\n<div>STYLE<\/div>\n<div>Coupe r\u00e9guli\u00e8re.<\/div>\n<div>Encolure c\u00f4tel\u00e9e.<\/div>\n<div>\u00c9cusson Stone Island sur la manche gauche.<\/div>\n<div>Poche subtile sur la manche gauche.<\/div>\n<div>Poignets et bande inf\u00e9rieure c\u00f4tel\u00e9s.<\/div>\n<div><\/div>\n<div>COMPOS\u00c9<\/div>\n<div>100% Coton<\/div>\n<div><\/div>\n<div>Num\u00e9ro de Stone Island : 811563920<\/div>\n<div>Num\u00e9ro de couleur: V0062<\/div>\n","protected":false},"excerpt":{"rendered":"<p>D\u00c9TAILS DU PRODUIT Sweat-shirt \u00e0 col rond en molleton de coton. V\u00eatement teint en gris plomb STYLE Coupe r\u00e9guli\u00e8re. Encolure c\u00f4tel\u00e9e. \u00c9cusson Stone Island sur la manche gauche. Poche subtile sur la manche gauche. Poignets et bande inf\u00e9rieure c\u00f4tel\u00e9s. COMPOS\u00c9 100% Coton Num\u00e9ro de Stone Island : 811563920 Num\u00e9ro de couleur: V0062<\/p>\n","protected":false},"featured_media":177200,"comment_status":"open","ping_status":"closed","template":"","meta":{"rank_math_lock_modified_date":false},"product_cat":[446,450,462,482,534,694,697],"product_tag":[],"class_list":{"0":"post-177216","1":"product","2":"type-product","3":"status-publish","4":"has-post-thumbnail","6":"product_cat-kleding-fr","7":"product_cat-heren-fr","8":"product_cat-vousten-sports-fr-2","9":"product_cat-stone-island-fr-2","10":"product_cat-truien-fr-2","11":"product_cat-truien-vesten-fr-2","12":"product_cat-sweaters-fr-2","14":"first","15":"outofstock","16":"taxable","17":"shipping-taxable","18":"purchasable","19":"product-type-variable"},"acf":[],"yoast_head":"<!-- This site is optimized with the Yoast SEO plugin v23.9 - https:\/\/yoast.com\/wordpress\/plugins\/seo\/ -->\n<title>STONE ISLAND - COL ROND EN POLAIRE DE COTON AVEC POCHES GRIS PLOMB (39443) - Vousten Sports<\/title>\n<meta name=\"robots\" content=\"index, follow, max-snippet:-1, max-image-preview:large, max-video-preview:-1\" \/>\n<link rel=\"canonical\" href=\"https:\/\/www.voustensports.com\/fr\/stone-island-sweat-shirt-gris-plomb-39443\/\" \/>\n<meta property=\"og:locale\" content=\"fr_FR\" \/>\n<meta property=\"og:type\" content=\"article\" \/>\n<meta property=\"og:title\" content=\"STONE ISLAND - COL ROND EN POLAIRE DE COTON AVEC POCHES GRIS PLOMB (39443) - Vousten Sports\" \/>\n<meta property=\"og:description\" content=\"D\u00c9TAILS DU PRODUIT Sweat-shirt \u00e0 col rond en molleton de coton. V\u00eatement teint en gris plomb STYLE Coupe r\u00e9guli\u00e8re. Encolure c\u00f4tel\u00e9e. \u00c9cusson Stone Island sur la manche gauche. Poche subtile sur la manche gauche. Poignets et bande inf\u00e9rieure c\u00f4tel\u00e9s. COMPOS\u00c9 100% Coton Num\u00e9ro de Stone Island : 811563920 Num\u00e9ro de couleur: V0062\" \/>\n<meta property=\"og:url\" content=\"https:\/\/www.voustensports.com\/fr\/stone-island-sweat-shirt-gris-plomb-39443\/\" \/>\n<meta property=\"og:site_name\" content=\"Vousten Sports\" \/>\n<meta property=\"article:modified_time\" content=\"2026-02-05T11:18:14+00:00\" \/>\n<meta property=\"og:image\" content=\"https:\/\/www.voustensports.com\/wp-content\/uploads\/2023\/06\/STONE-ISLAND-Sweatshirt-loodgrijs-39443.jpg\" \/>\n\t<meta property=\"og:image:width\" content=\"1365\" \/>\n\t<meta property=\"og:image:height\" content=\"2048\" \/>\n\t<meta property=\"og:image:type\" content=\"image\/jpeg\" \/>\n<meta name=\"twitter:card\" content=\"summary_large_image\" \/>\n<script type=\"application\/ld+json\" class=\"yoast-schema-graph\">{\"@context\":\"https:\/\/schema.org\",\"@graph\":[{\"@type\":\"WebPage\",\"@id\":\"https:\/\/www.voustensports.com\/fr\/stone-island-sweat-shirt-gris-plomb-39443\/\",\"url\":\"https:\/\/www.voustensports.com\/fr\/stone-island-sweat-shirt-gris-plomb-39443\/\",\"name\":\"STONE ISLAND - COL ROND EN POLAIRE DE COTON AVEC POCHES GRIS PLOMB (39443) - Vousten Sports\",\"isPartOf\":{\"@id\":\"https:\/\/www.voustensports.com\/nl\/#website\"},\"primaryImageOfPage\":{\"@id\":\"https:\/\/www.voustensports.com\/fr\/stone-island-sweat-shirt-gris-plomb-39443\/#primaryimage\"},\"image\":{\"@id\":\"https:\/\/www.voustensports.com\/fr\/stone-island-sweat-shirt-gris-plomb-39443\/#primaryimage\"},\"thumbnailUrl\":\"https:\/\/www.voustensports.com\/wp-content\/uploads\/2023\/06\/STONE-ISLAND-Sweatshirt-loodgrijs-39443.jpg\",\"datePublished\":\"2024-06-17T13:52:09+00:00\",\"dateModified\":\"2026-02-05T11:18:14+00:00\",\"breadcrumb\":{\"@id\":\"https:\/\/www.voustensports.com\/fr\/stone-island-sweat-shirt-gris-plomb-39443\/#breadcrumb\"},\"inLanguage\":\"fr-FR\",\"potentialAction\":[{\"@type\":\"ReadAction\",\"target\":[\"https:\/\/www.voustensports.com\/fr\/stone-island-sweat-shirt-gris-plomb-39443\/\"]}]},{\"@type\":\"ImageObject\",\"inLanguage\":\"fr-FR\",\"@id\":\"https:\/\/www.voustensports.com\/fr\/stone-island-sweat-shirt-gris-plomb-39443\/#primaryimage\",\"url\":\"https:\/\/www.voustensports.com\/wp-content\/uploads\/2023\/06\/STONE-ISLAND-Sweatshirt-loodgrijs-39443.jpg\",\"contentUrl\":\"https:\/\/www.voustensports.com\/wp-content\/uploads\/2023\/06\/STONE-ISLAND-Sweatshirt-loodgrijs-39443.jpg\",\"width\":1365,\"height\":2048},{\"@type\":\"BreadcrumbList\",\"@id\":\"https:\/\/www.voustensports.com\/fr\/stone-island-sweat-shirt-gris-plomb-39443\/#breadcrumb\",\"itemListElement\":[{\"@type\":\"ListItem\",\"position\":1,\"name\":\"Home\",\"item\":\"https:\/\/www.voustensports.com\/fr\/\"},{\"@type\":\"ListItem\",\"position\":2,\"name\":\"Boutique\",\"item\":\"https:\/\/www.voustensports.com\/fr\/shop\/\"},{\"@type\":\"ListItem\",\"position\":3,\"name\":\"STONE ISLAND &#8211; COL ROND EN POLAIRE DE COTON AVEC POCHES GRIS PLOMB (39443)\"}]},{\"@type\":\"WebSite\",\"@id\":\"https:\/\/www.voustensports.com\/nl\/#website\",\"url\":\"https:\/\/www.voustensports.com\/nl\/\",\"name\":\"Vousten Sports\",\"description\":\"\",\"potentialAction\":[{\"@type\":\"SearchAction\",\"target\":{\"@type\":\"EntryPoint\",\"urlTemplate\":\"https:\/\/www.voustensports.com\/nl\/?s={search_term_string}\"},\"query-input\":{\"@type\":\"PropertyValueSpecification\",\"valueRequired\":true,\"valueName\":\"search_term_string\"}}],\"inLanguage\":\"fr-FR\"}]}<\/script>\n<!-- \/ Yoast SEO plugin. -->","yoast_head_json":{"title":"STONE ISLAND - COL ROND EN POLAIRE DE COTON AVEC POCHES GRIS PLOMB (39443) - Vousten Sports","robots":{"index":"index","follow":"follow","max-snippet":"max-snippet:-1","max-image-preview":"max-image-preview:large","max-video-preview":"max-video-preview:-1"},"canonical":"https:\/\/www.voustensports.com\/fr\/stone-island-sweat-shirt-gris-plomb-39443\/","og_locale":"fr_FR","og_type":"article","og_title":"STONE ISLAND - COL ROND EN POLAIRE DE COTON AVEC POCHES GRIS PLOMB (39443) - Vousten Sports","og_description":"D\u00c9TAILS DU PRODUIT Sweat-shirt \u00e0 col rond en molleton de coton. V\u00eatement teint en gris plomb STYLE Coupe r\u00e9guli\u00e8re. Encolure c\u00f4tel\u00e9e. \u00c9cusson Stone Island sur la manche gauche. Poche subtile sur la manche gauche. Poignets et bande inf\u00e9rieure c\u00f4tel\u00e9s. COMPOS\u00c9 100% Coton Num\u00e9ro de Stone Island : 811563920 Num\u00e9ro de couleur: V0062","og_url":"https:\/\/www.voustensports.com\/fr\/stone-island-sweat-shirt-gris-plomb-39443\/","og_site_name":"Vousten Sports","article_modified_time":"2026-02-05T11:18:14+00:00","og_image":[{"width":1365,"height":2048,"url":"https:\/\/www.voustensports.com\/wp-content\/uploads\/2023\/06\/STONE-ISLAND-Sweatshirt-loodgrijs-39443.jpg","type":"image\/jpeg"}],"twitter_card":"summary_large_image","schema":{"@context":"https:\/\/schema.org","@graph":[{"@type":"WebPage","@id":"https:\/\/www.voustensports.com\/fr\/stone-island-sweat-shirt-gris-plomb-39443\/","url":"https:\/\/www.voustensports.com\/fr\/stone-island-sweat-shirt-gris-plomb-39443\/","name":"STONE ISLAND - COL ROND EN POLAIRE DE COTON AVEC POCHES GRIS PLOMB (39443) - Vousten Sports","isPartOf":{"@id":"https:\/\/www.voustensports.com\/nl\/#website"},"primaryImageOfPage":{"@id":"https:\/\/www.voustensports.com\/fr\/stone-island-sweat-shirt-gris-plomb-39443\/#primaryimage"},"image":{"@id":"https:\/\/www.voustensports.com\/fr\/stone-island-sweat-shirt-gris-plomb-39443\/#primaryimage"},"thumbnailUrl":"https:\/\/www.voustensports.com\/wp-content\/uploads\/2023\/06\/STONE-ISLAND-Sweatshirt-loodgrijs-39443.jpg","datePublished":"2024-06-17T13:52:09+00:00","dateModified":"2026-02-05T11:18:14+00:00","breadcrumb":{"@id":"https:\/\/www.voustensports.com\/fr\/stone-island-sweat-shirt-gris-plomb-39443\/#breadcrumb"},"inLanguage":"fr-FR","potentialAction":[{"@type":"ReadAction","target":["https:\/\/www.voustensports.com\/fr\/stone-island-sweat-shirt-gris-plomb-39443\/"]}]},{"@type":"ImageObject","inLanguage":"fr-FR","@id":"https:\/\/www.voustensports.com\/fr\/stone-island-sweat-shirt-gris-plomb-39443\/#primaryimage","url":"https:\/\/www.voustensports.com\/wp-content\/uploads\/2023\/06\/STONE-ISLAND-Sweatshirt-loodgrijs-39443.jpg","contentUrl":"https:\/\/www.voustensports.com\/wp-content\/uploads\/2023\/06\/STONE-ISLAND-Sweatshirt-loodgrijs-39443.jpg","width":1365,"height":2048},{"@type":"BreadcrumbList","@id":"https:\/\/www.voustensports.com\/fr\/stone-island-sweat-shirt-gris-plomb-39443\/#breadcrumb","itemListElement":[{"@type":"ListItem","position":1,"name":"Home","item":"https:\/\/www.voustensports.com\/fr\/"},{"@type":"ListItem","position":2,"name":"Boutique","item":"https:\/\/www.voustensports.com\/fr\/shop\/"},{"@type":"ListItem","position":3,"name":"STONE ISLAND &#8211; COL ROND EN POLAIRE DE COTON AVEC POCHES GRIS PLOMB (39443)"}]},{"@type":"WebSite","@id":"https:\/\/www.voustensports.com\/nl\/#website","url":"https:\/\/www.voustensports.com\/nl\/","name":"Vousten Sports","description":"","potentialAction":[{"@type":"SearchAction","target":{"@type":"EntryPoint","urlTemplate":"https:\/\/www.voustensports.com\/nl\/?s={search_term_string}"},"query-input":{"@type":"PropertyValueSpecification","valueRequired":true,"valueName":"search_term_string"}}],"inLanguage":"fr-FR"}]}},"_links":{"self":[{"href":"https:\/\/www.voustensports.com\/fr\/wp-json\/wp\/v2\/product\/177216","targetHints":{"allow":["GET"]}}],"collection":[{"href":"https:\/\/www.voustensports.com\/fr\/wp-json\/wp\/v2\/product"}],"about":[{"href":"https:\/\/www.voustensports.com\/fr\/wp-json\/wp\/v2\/types\/product"}],"replies":[{"embeddable":true,"href":"https:\/\/www.voustensports.com\/fr\/wp-json\/wp\/v2\/comments?post=177216"}],"wp:featuredmedia":[{"embeddable":true,"href":"https:\/\/www.voustensports.com\/fr\/wp-json\/wp\/v2\/media\/177200"}],"wp:attachment":[{"href":"https:\/\/www.voustensports.com\/fr\/wp-json\/wp\/v2\/media?parent=177216"}],"wp:term":[{"taxonomy":"product_cat","embeddable":true,"href":"https:\/\/www.voustensports.com\/fr\/wp-json\/wp\/v2\/product_cat?post=177216"},{"taxonomy":"product_tag","embeddable":true,"href":"https:\/\/www.voustensports.com\/fr\/wp-json\/wp\/v2\/product_tag?post=177216"}],"curies":[{"name":"wp","href":"https:\/\/api.w.org\/{rel}","templated":true}]}}