{"id":177040,"date":"2024-06-15T15:10:10","date_gmt":"2024-06-15T13:10:10","guid":{"rendered":"https:\/\/www.voustensports.com\/stone-island-tee-shirt-noir-39487\/"},"modified":"2026-02-05T12:19:20","modified_gmt":"2026-02-05T11:19:20","slug":"stone-island-tee-shirt-noir-39487","status":"publish","type":"product","link":"https:\/\/www.voustensports.com\/fr\/stone-island-tee-shirt-noir-39487\/","title":{"rendered":"STONE ISLAND &#8211; JERSEY DE COTON NOIR (39487)"},"content":{"rendered":"<div><\/div>\n<div>D\u00c9TAILS DU PRODUIT<\/div>\n<div>T-shirt \u00e0 manches courtes en jersey de coton. Teint en pi\u00e8ce.<\/div>\n<div>STYLE<\/div>\n<div>Encolure c\u00f4tel\u00e9e.<\/div>\n<div>Au centre de la poitrine, impression caoutchout\u00e9e en relief du contour du logo Stone Island Compass.<\/div>\n<div>Au dos, motif imprim\u00e9 caoutchout\u00e9 en relief \u00ab Seasonal Quilting One \u00bb avec logo Stone Island soulign\u00e9.<\/div>\n<div>Coupe ajust\u00e9e.<\/div>\n<div>COMPOSITION<\/div>\n<div>100% Coton<\/div>\n<div>Num\u00e9ro Stone-Island : 81152NS9<\/div>\n<div>Num\u00e9ro de couleur: V0029<\/div>\n<div>Num\u00e9ro d&rsquo;identification : 39487<\/div>\n","protected":false},"excerpt":{"rendered":"<p>D\u00c9TAILS DU PRODUIT T-shirt \u00e0 manches courtes en jersey de coton. Teint en pi\u00e8ce. STYLE Encolure c\u00f4tel\u00e9e. Au centre de la poitrine, impression caoutchout\u00e9e en relief du contour du logo Stone Island Compass. Au dos, motif imprim\u00e9 caoutchout\u00e9 en relief \u00ab Seasonal Quilting One \u00bb avec logo Stone Island soulign\u00e9. Coupe ajust\u00e9e. COMPOSITION 100% Coton [&#8230;]\n","protected":false},"featured_media":177032,"comment_status":"open","ping_status":"closed","template":"","meta":{"rank_math_lock_modified_date":false},"product_cat":[446,450,462,482,486,490],"product_tag":[],"class_list":{"0":"post-177040","1":"product","2":"type-product","3":"status-publish","4":"has-post-thumbnail","6":"product_cat-kleding-fr","7":"product_cat-heren-fr","8":"product_cat-vousten-sports-fr-2","9":"product_cat-stone-island-fr-2","10":"product_cat-shirt-fr-2","11":"product_cat-t-shirts-fr-2","13":"first","14":"outofstock","15":"taxable","16":"shipping-taxable","17":"purchasable","18":"product-type-variable"},"acf":[],"yoast_head":"<!-- This site is optimized with the Yoast SEO plugin v23.9 - https:\/\/yoast.com\/wordpress\/plugins\/seo\/ -->\n<title>STONE ISLAND - JERSEY DE COTON NOIR (39487) - Vousten Sports<\/title>\n<meta name=\"robots\" content=\"index, follow, max-snippet:-1, max-image-preview:large, max-video-preview:-1\" \/>\n<link rel=\"canonical\" href=\"https:\/\/www.voustensports.com\/fr\/stone-island-tee-shirt-noir-39487\/\" \/>\n<meta property=\"og:locale\" content=\"fr_FR\" \/>\n<meta property=\"og:type\" content=\"article\" \/>\n<meta property=\"og:title\" content=\"STONE ISLAND - JERSEY DE COTON NOIR (39487) - Vousten Sports\" \/>\n<meta property=\"og:description\" content=\"D\u00c9TAILS DU PRODUIT T-shirt \u00e0 manches courtes en jersey de coton. Teint en pi\u00e8ce. STYLE Encolure c\u00f4tel\u00e9e. Au centre de la poitrine, impression caoutchout\u00e9e en relief du contour du logo Stone Island Compass. Au dos, motif imprim\u00e9 caoutchout\u00e9 en relief \u00ab Seasonal Quilting One \u00bb avec logo Stone Island soulign\u00e9. Coupe ajust\u00e9e. COMPOSITION 100% Coton [...]\" \/>\n<meta property=\"og:url\" content=\"https:\/\/www.voustensports.com\/fr\/stone-island-tee-shirt-noir-39487\/\" \/>\n<meta property=\"og:site_name\" content=\"Vousten Sports\" \/>\n<meta property=\"article:modified_time\" content=\"2026-02-05T11:19:20+00:00\" \/>\n<meta property=\"og:image\" content=\"https:\/\/www.voustensports.com\/wp-content\/uploads\/2023\/06\/T-shirt-zwart-39487-1.jpg\" \/>\n\t<meta property=\"og:image:width\" content=\"1365\" \/>\n\t<meta property=\"og:image:height\" content=\"2048\" \/>\n\t<meta property=\"og:image:type\" content=\"image\/jpeg\" \/>\n<meta name=\"twitter:card\" content=\"summary_large_image\" \/>\n<script type=\"application\/ld+json\" class=\"yoast-schema-graph\">{\"@context\":\"https:\/\/schema.org\",\"@graph\":[{\"@type\":\"WebPage\",\"@id\":\"https:\/\/www.voustensports.com\/fr\/stone-island-tee-shirt-noir-39487\/\",\"url\":\"https:\/\/www.voustensports.com\/fr\/stone-island-tee-shirt-noir-39487\/\",\"name\":\"STONE ISLAND - JERSEY DE COTON NOIR (39487) - Vousten Sports\",\"isPartOf\":{\"@id\":\"https:\/\/www.voustensports.com\/nl\/#website\"},\"primaryImageOfPage\":{\"@id\":\"https:\/\/www.voustensports.com\/fr\/stone-island-tee-shirt-noir-39487\/#primaryimage\"},\"image\":{\"@id\":\"https:\/\/www.voustensports.com\/fr\/stone-island-tee-shirt-noir-39487\/#primaryimage\"},\"thumbnailUrl\":\"https:\/\/www.voustensports.com\/wp-content\/uploads\/2023\/06\/T-shirt-zwart-39487-1.jpg\",\"datePublished\":\"2024-06-15T13:10:10+00:00\",\"dateModified\":\"2026-02-05T11:19:20+00:00\",\"breadcrumb\":{\"@id\":\"https:\/\/www.voustensports.com\/fr\/stone-island-tee-shirt-noir-39487\/#breadcrumb\"},\"inLanguage\":\"fr-FR\",\"potentialAction\":[{\"@type\":\"ReadAction\",\"target\":[\"https:\/\/www.voustensports.com\/fr\/stone-island-tee-shirt-noir-39487\/\"]}]},{\"@type\":\"ImageObject\",\"inLanguage\":\"fr-FR\",\"@id\":\"https:\/\/www.voustensports.com\/fr\/stone-island-tee-shirt-noir-39487\/#primaryimage\",\"url\":\"https:\/\/www.voustensports.com\/wp-content\/uploads\/2023\/06\/T-shirt-zwart-39487-1.jpg\",\"contentUrl\":\"https:\/\/www.voustensports.com\/wp-content\/uploads\/2023\/06\/T-shirt-zwart-39487-1.jpg\",\"width\":1365,\"height\":2048},{\"@type\":\"BreadcrumbList\",\"@id\":\"https:\/\/www.voustensports.com\/fr\/stone-island-tee-shirt-noir-39487\/#breadcrumb\",\"itemListElement\":[{\"@type\":\"ListItem\",\"position\":1,\"name\":\"Home\",\"item\":\"https:\/\/www.voustensports.com\/fr\/\"},{\"@type\":\"ListItem\",\"position\":2,\"name\":\"Boutique\",\"item\":\"https:\/\/www.voustensports.com\/fr\/shop\/\"},{\"@type\":\"ListItem\",\"position\":3,\"name\":\"STONE ISLAND &#8211; JERSEY DE COTON NOIR (39487)\"}]},{\"@type\":\"WebSite\",\"@id\":\"https:\/\/www.voustensports.com\/nl\/#website\",\"url\":\"https:\/\/www.voustensports.com\/nl\/\",\"name\":\"Vousten Sports\",\"description\":\"\",\"potentialAction\":[{\"@type\":\"SearchAction\",\"target\":{\"@type\":\"EntryPoint\",\"urlTemplate\":\"https:\/\/www.voustensports.com\/nl\/?s={search_term_string}\"},\"query-input\":{\"@type\":\"PropertyValueSpecification\",\"valueRequired\":true,\"valueName\":\"search_term_string\"}}],\"inLanguage\":\"fr-FR\"}]}<\/script>\n<!-- \/ Yoast SEO plugin. -->","yoast_head_json":{"title":"STONE ISLAND - JERSEY DE COTON NOIR (39487) - Vousten Sports","robots":{"index":"index","follow":"follow","max-snippet":"max-snippet:-1","max-image-preview":"max-image-preview:large","max-video-preview":"max-video-preview:-1"},"canonical":"https:\/\/www.voustensports.com\/fr\/stone-island-tee-shirt-noir-39487\/","og_locale":"fr_FR","og_type":"article","og_title":"STONE ISLAND - JERSEY DE COTON NOIR (39487) - Vousten Sports","og_description":"D\u00c9TAILS DU PRODUIT T-shirt \u00e0 manches courtes en jersey de coton. Teint en pi\u00e8ce. STYLE Encolure c\u00f4tel\u00e9e. Au centre de la poitrine, impression caoutchout\u00e9e en relief du contour du logo Stone Island Compass. Au dos, motif imprim\u00e9 caoutchout\u00e9 en relief \u00ab Seasonal Quilting One \u00bb avec logo Stone Island soulign\u00e9. Coupe ajust\u00e9e. COMPOSITION 100% Coton [...]","og_url":"https:\/\/www.voustensports.com\/fr\/stone-island-tee-shirt-noir-39487\/","og_site_name":"Vousten Sports","article_modified_time":"2026-02-05T11:19:20+00:00","og_image":[{"width":1365,"height":2048,"url":"https:\/\/www.voustensports.com\/wp-content\/uploads\/2023\/06\/T-shirt-zwart-39487-1.jpg","type":"image\/jpeg"}],"twitter_card":"summary_large_image","schema":{"@context":"https:\/\/schema.org","@graph":[{"@type":"WebPage","@id":"https:\/\/www.voustensports.com\/fr\/stone-island-tee-shirt-noir-39487\/","url":"https:\/\/www.voustensports.com\/fr\/stone-island-tee-shirt-noir-39487\/","name":"STONE ISLAND - JERSEY DE COTON NOIR (39487) - Vousten Sports","isPartOf":{"@id":"https:\/\/www.voustensports.com\/nl\/#website"},"primaryImageOfPage":{"@id":"https:\/\/www.voustensports.com\/fr\/stone-island-tee-shirt-noir-39487\/#primaryimage"},"image":{"@id":"https:\/\/www.voustensports.com\/fr\/stone-island-tee-shirt-noir-39487\/#primaryimage"},"thumbnailUrl":"https:\/\/www.voustensports.com\/wp-content\/uploads\/2023\/06\/T-shirt-zwart-39487-1.jpg","datePublished":"2024-06-15T13:10:10+00:00","dateModified":"2026-02-05T11:19:20+00:00","breadcrumb":{"@id":"https:\/\/www.voustensports.com\/fr\/stone-island-tee-shirt-noir-39487\/#breadcrumb"},"inLanguage":"fr-FR","potentialAction":[{"@type":"ReadAction","target":["https:\/\/www.voustensports.com\/fr\/stone-island-tee-shirt-noir-39487\/"]}]},{"@type":"ImageObject","inLanguage":"fr-FR","@id":"https:\/\/www.voustensports.com\/fr\/stone-island-tee-shirt-noir-39487\/#primaryimage","url":"https:\/\/www.voustensports.com\/wp-content\/uploads\/2023\/06\/T-shirt-zwart-39487-1.jpg","contentUrl":"https:\/\/www.voustensports.com\/wp-content\/uploads\/2023\/06\/T-shirt-zwart-39487-1.jpg","width":1365,"height":2048},{"@type":"BreadcrumbList","@id":"https:\/\/www.voustensports.com\/fr\/stone-island-tee-shirt-noir-39487\/#breadcrumb","itemListElement":[{"@type":"ListItem","position":1,"name":"Home","item":"https:\/\/www.voustensports.com\/fr\/"},{"@type":"ListItem","position":2,"name":"Boutique","item":"https:\/\/www.voustensports.com\/fr\/shop\/"},{"@type":"ListItem","position":3,"name":"STONE ISLAND &#8211; JERSEY DE COTON NOIR (39487)"}]},{"@type":"WebSite","@id":"https:\/\/www.voustensports.com\/nl\/#website","url":"https:\/\/www.voustensports.com\/nl\/","name":"Vousten Sports","description":"","potentialAction":[{"@type":"SearchAction","target":{"@type":"EntryPoint","urlTemplate":"https:\/\/www.voustensports.com\/nl\/?s={search_term_string}"},"query-input":{"@type":"PropertyValueSpecification","valueRequired":true,"valueName":"search_term_string"}}],"inLanguage":"fr-FR"}]}},"_links":{"self":[{"href":"https:\/\/www.voustensports.com\/fr\/wp-json\/wp\/v2\/product\/177040","targetHints":{"allow":["GET"]}}],"collection":[{"href":"https:\/\/www.voustensports.com\/fr\/wp-json\/wp\/v2\/product"}],"about":[{"href":"https:\/\/www.voustensports.com\/fr\/wp-json\/wp\/v2\/types\/product"}],"replies":[{"embeddable":true,"href":"https:\/\/www.voustensports.com\/fr\/wp-json\/wp\/v2\/comments?post=177040"}],"wp:featuredmedia":[{"embeddable":true,"href":"https:\/\/www.voustensports.com\/fr\/wp-json\/wp\/v2\/media\/177032"}],"wp:attachment":[{"href":"https:\/\/www.voustensports.com\/fr\/wp-json\/wp\/v2\/media?parent=177040"}],"wp:term":[{"taxonomy":"product_cat","embeddable":true,"href":"https:\/\/www.voustensports.com\/fr\/wp-json\/wp\/v2\/product_cat?post=177040"},{"taxonomy":"product_tag","embeddable":true,"href":"https:\/\/www.voustensports.com\/fr\/wp-json\/wp\/v2\/product_tag?post=177040"}],"curies":[{"name":"wp","href":"https:\/\/api.w.org\/{rel}","templated":true}]}}