{"id":176976,"date":"2024-06-15T13:46:11","date_gmt":"2024-06-15T11:46:11","guid":{"rendered":"https:\/\/www.voustensports.com\/stone-island-t-shirt-walnoot-39495-2\/"},"modified":"2026-02-05T12:19:31","modified_gmt":"2026-02-05T11:19:31","slug":"stone-island-t-shirt-walnoot-39495-2","status":"publish","type":"product","link":"https:\/\/www.voustensports.com\/fr\/stone-island-t-shirt-walnoot-39495-2\/","title":{"rendered":"STONE ISLAND &#8211; JERSEY DE COTON IMPRIM\u00c9 &#8216;INSTITUTIONAL FOUR&#8217;, NOYER TEINT\u00c9 EN V\u00caTEMENT (39495)"},"content":{"rendered":"<div>D\u00c9TAILS DU PRODUIT<\/div>\n<div>JERSEY DE COTON IMPRIM\u00c9 &lsquo;INSTITUTIONAL FOUR&rsquo;, TEINT EN GARMENT : T-shirt \u00e0 manches courtes en jersey de coton. Teint en pi\u00e8ce.<\/div>\n<div><\/div>\n<div>STYLE<\/div>\n<div>Coupe ajust\u00e9e. Encolure c\u00f4tel\u00e9e. Petit imprim\u00e9 du logo Stone Island au centre de la poitrine. Au dos, motif imprim\u00e9 \u00ab Institutional Four \u00bb, la grande application caoutchout\u00e9e en relief du logo Stone Island Compass, avec profil de couleur contrast\u00e9e.<\/div>\n<div><\/div>\n<div>COMPOSITION<\/div>\n<div>100% Coton<\/div>\n<div><\/div>\n<div>Num\u00e9ro de Stone Island : 2NS81<\/div>\n<div>Num\u00e9ro de couleur: V0075<\/div>\n<div>Num\u00e9ro d&rsquo;identification : 39495<\/div>\n","protected":false},"excerpt":{"rendered":"<p>D\u00c9TAILS DU PRODUIT JERSEY DE COTON IMPRIM\u00c9 &lsquo;INSTITUTIONAL FOUR&rsquo;, TEINT EN GARMENT : T-shirt \u00e0 manches courtes en jersey de coton. Teint en pi\u00e8ce. STYLE Coupe ajust\u00e9e. Encolure c\u00f4tel\u00e9e. Petit imprim\u00e9 du logo Stone Island au centre de la poitrine. Au dos, motif imprim\u00e9 \u00ab Institutional Four \u00bb, la grande application caoutchout\u00e9e en relief du [&#8230;]\n","protected":false},"featured_media":176996,"comment_status":"open","ping_status":"closed","template":"","meta":{"rank_math_lock_modified_date":false},"product_cat":[446,450,462,482,486,490],"product_tag":[],"class_list":{"0":"post-176976","1":"product","2":"type-product","3":"status-publish","4":"has-post-thumbnail","6":"product_cat-kleding-fr","7":"product_cat-heren-fr","8":"product_cat-vousten-sports-fr-2","9":"product_cat-stone-island-fr-2","10":"product_cat-shirt-fr-2","11":"product_cat-t-shirts-fr-2","13":"first","14":"outofstock","15":"taxable","16":"shipping-taxable","17":"purchasable","18":"product-type-variable"},"acf":[],"yoast_head":"<!-- This site is optimized with the Yoast SEO plugin v23.9 - https:\/\/yoast.com\/wordpress\/plugins\/seo\/ -->\n<title>STONE ISLAND - JERSEY DE COTON IMPRIM\u00c9 &#8216;INSTITUTIONAL FOUR&#8217;, NOYER TEINT\u00c9 EN V\u00caTEMENT (39495) - Vousten Sports<\/title>\n<meta name=\"robots\" content=\"index, follow, max-snippet:-1, max-image-preview:large, max-video-preview:-1\" \/>\n<link rel=\"canonical\" href=\"https:\/\/www.voustensports.com\/fr\/stone-island-t-shirt-walnoot-39495-2\/\" \/>\n<meta property=\"og:locale\" content=\"fr_FR\" \/>\n<meta property=\"og:type\" content=\"article\" \/>\n<meta property=\"og:title\" content=\"STONE ISLAND - JERSEY DE COTON IMPRIM\u00c9 &#8216;INSTITUTIONAL FOUR&#8217;, NOYER TEINT\u00c9 EN V\u00caTEMENT (39495) - Vousten Sports\" \/>\n<meta property=\"og:description\" content=\"D\u00c9TAILS DU PRODUIT JERSEY DE COTON IMPRIM\u00c9 &lsquo;INSTITUTIONAL FOUR&rsquo;, TEINT EN GARMENT : T-shirt \u00e0 manches courtes en jersey de coton. Teint en pi\u00e8ce. STYLE Coupe ajust\u00e9e. Encolure c\u00f4tel\u00e9e. Petit imprim\u00e9 du logo Stone Island au centre de la poitrine. Au dos, motif imprim\u00e9 \u00ab Institutional Four \u00bb, la grande application caoutchout\u00e9e en relief du [...]\" \/>\n<meta property=\"og:url\" content=\"https:\/\/www.voustensports.com\/fr\/stone-island-t-shirt-walnoot-39495-2\/\" \/>\n<meta property=\"og:site_name\" content=\"Vousten Sports\" \/>\n<meta property=\"article:modified_time\" content=\"2026-02-05T11:19:31+00:00\" \/>\n<meta property=\"og:image\" content=\"https:\/\/www.voustensports.com\/wp-content\/uploads\/2023\/06\/T-shirt-walnoot-39495-1.jpg\" \/>\n\t<meta property=\"og:image:width\" content=\"1365\" \/>\n\t<meta property=\"og:image:height\" content=\"2048\" \/>\n\t<meta property=\"og:image:type\" content=\"image\/jpeg\" \/>\n<meta name=\"twitter:card\" content=\"summary_large_image\" \/>\n<script type=\"application\/ld+json\" class=\"yoast-schema-graph\">{\"@context\":\"https:\/\/schema.org\",\"@graph\":[{\"@type\":\"WebPage\",\"@id\":\"https:\/\/www.voustensports.com\/fr\/stone-island-t-shirt-walnoot-39495-2\/\",\"url\":\"https:\/\/www.voustensports.com\/fr\/stone-island-t-shirt-walnoot-39495-2\/\",\"name\":\"STONE ISLAND - JERSEY DE COTON IMPRIM\u00c9 &#8216;INSTITUTIONAL FOUR&#8217;, NOYER TEINT\u00c9 EN V\u00caTEMENT (39495) - Vousten Sports\",\"isPartOf\":{\"@id\":\"https:\/\/www.voustensports.com\/nl\/#website\"},\"primaryImageOfPage\":{\"@id\":\"https:\/\/www.voustensports.com\/fr\/stone-island-t-shirt-walnoot-39495-2\/#primaryimage\"},\"image\":{\"@id\":\"https:\/\/www.voustensports.com\/fr\/stone-island-t-shirt-walnoot-39495-2\/#primaryimage\"},\"thumbnailUrl\":\"https:\/\/www.voustensports.com\/wp-content\/uploads\/2023\/06\/T-shirt-walnoot-39495-1.jpg\",\"datePublished\":\"2024-06-15T11:46:11+00:00\",\"dateModified\":\"2026-02-05T11:19:31+00:00\",\"breadcrumb\":{\"@id\":\"https:\/\/www.voustensports.com\/fr\/stone-island-t-shirt-walnoot-39495-2\/#breadcrumb\"},\"inLanguage\":\"fr-FR\",\"potentialAction\":[{\"@type\":\"ReadAction\",\"target\":[\"https:\/\/www.voustensports.com\/fr\/stone-island-t-shirt-walnoot-39495-2\/\"]}]},{\"@type\":\"ImageObject\",\"inLanguage\":\"fr-FR\",\"@id\":\"https:\/\/www.voustensports.com\/fr\/stone-island-t-shirt-walnoot-39495-2\/#primaryimage\",\"url\":\"https:\/\/www.voustensports.com\/wp-content\/uploads\/2023\/06\/T-shirt-walnoot-39495-1.jpg\",\"contentUrl\":\"https:\/\/www.voustensports.com\/wp-content\/uploads\/2023\/06\/T-shirt-walnoot-39495-1.jpg\",\"width\":1365,\"height\":2048},{\"@type\":\"BreadcrumbList\",\"@id\":\"https:\/\/www.voustensports.com\/fr\/stone-island-t-shirt-walnoot-39495-2\/#breadcrumb\",\"itemListElement\":[{\"@type\":\"ListItem\",\"position\":1,\"name\":\"Home\",\"item\":\"https:\/\/www.voustensports.com\/fr\/\"},{\"@type\":\"ListItem\",\"position\":2,\"name\":\"Boutique\",\"item\":\"https:\/\/www.voustensports.com\/fr\/shop\/\"},{\"@type\":\"ListItem\",\"position\":3,\"name\":\"STONE ISLAND &#8211; JERSEY DE COTON IMPRIM\u00c9 &#8216;INSTITUTIONAL FOUR&#8217;, NOYER TEINT\u00c9 EN V\u00caTEMENT (39495)\"}]},{\"@type\":\"WebSite\",\"@id\":\"https:\/\/www.voustensports.com\/nl\/#website\",\"url\":\"https:\/\/www.voustensports.com\/nl\/\",\"name\":\"Vousten Sports\",\"description\":\"\",\"potentialAction\":[{\"@type\":\"SearchAction\",\"target\":{\"@type\":\"EntryPoint\",\"urlTemplate\":\"https:\/\/www.voustensports.com\/nl\/?s={search_term_string}\"},\"query-input\":{\"@type\":\"PropertyValueSpecification\",\"valueRequired\":true,\"valueName\":\"search_term_string\"}}],\"inLanguage\":\"fr-FR\"}]}<\/script>\n<!-- \/ Yoast SEO plugin. -->","yoast_head_json":{"title":"STONE ISLAND - JERSEY DE COTON IMPRIM\u00c9 &#8216;INSTITUTIONAL FOUR&#8217;, NOYER TEINT\u00c9 EN V\u00caTEMENT (39495) - Vousten Sports","robots":{"index":"index","follow":"follow","max-snippet":"max-snippet:-1","max-image-preview":"max-image-preview:large","max-video-preview":"max-video-preview:-1"},"canonical":"https:\/\/www.voustensports.com\/fr\/stone-island-t-shirt-walnoot-39495-2\/","og_locale":"fr_FR","og_type":"article","og_title":"STONE ISLAND - JERSEY DE COTON IMPRIM\u00c9 &#8216;INSTITUTIONAL FOUR&#8217;, NOYER TEINT\u00c9 EN V\u00caTEMENT (39495) - Vousten Sports","og_description":"D\u00c9TAILS DU PRODUIT JERSEY DE COTON IMPRIM\u00c9 &lsquo;INSTITUTIONAL FOUR&rsquo;, TEINT EN GARMENT : T-shirt \u00e0 manches courtes en jersey de coton. Teint en pi\u00e8ce. STYLE Coupe ajust\u00e9e. Encolure c\u00f4tel\u00e9e. Petit imprim\u00e9 du logo Stone Island au centre de la poitrine. Au dos, motif imprim\u00e9 \u00ab Institutional Four \u00bb, la grande application caoutchout\u00e9e en relief du [...]","og_url":"https:\/\/www.voustensports.com\/fr\/stone-island-t-shirt-walnoot-39495-2\/","og_site_name":"Vousten Sports","article_modified_time":"2026-02-05T11:19:31+00:00","og_image":[{"width":1365,"height":2048,"url":"https:\/\/www.voustensports.com\/wp-content\/uploads\/2023\/06\/T-shirt-walnoot-39495-1.jpg","type":"image\/jpeg"}],"twitter_card":"summary_large_image","schema":{"@context":"https:\/\/schema.org","@graph":[{"@type":"WebPage","@id":"https:\/\/www.voustensports.com\/fr\/stone-island-t-shirt-walnoot-39495-2\/","url":"https:\/\/www.voustensports.com\/fr\/stone-island-t-shirt-walnoot-39495-2\/","name":"STONE ISLAND - JERSEY DE COTON IMPRIM\u00c9 &#8216;INSTITUTIONAL FOUR&#8217;, NOYER TEINT\u00c9 EN V\u00caTEMENT (39495) - Vousten Sports","isPartOf":{"@id":"https:\/\/www.voustensports.com\/nl\/#website"},"primaryImageOfPage":{"@id":"https:\/\/www.voustensports.com\/fr\/stone-island-t-shirt-walnoot-39495-2\/#primaryimage"},"image":{"@id":"https:\/\/www.voustensports.com\/fr\/stone-island-t-shirt-walnoot-39495-2\/#primaryimage"},"thumbnailUrl":"https:\/\/www.voustensports.com\/wp-content\/uploads\/2023\/06\/T-shirt-walnoot-39495-1.jpg","datePublished":"2024-06-15T11:46:11+00:00","dateModified":"2026-02-05T11:19:31+00:00","breadcrumb":{"@id":"https:\/\/www.voustensports.com\/fr\/stone-island-t-shirt-walnoot-39495-2\/#breadcrumb"},"inLanguage":"fr-FR","potentialAction":[{"@type":"ReadAction","target":["https:\/\/www.voustensports.com\/fr\/stone-island-t-shirt-walnoot-39495-2\/"]}]},{"@type":"ImageObject","inLanguage":"fr-FR","@id":"https:\/\/www.voustensports.com\/fr\/stone-island-t-shirt-walnoot-39495-2\/#primaryimage","url":"https:\/\/www.voustensports.com\/wp-content\/uploads\/2023\/06\/T-shirt-walnoot-39495-1.jpg","contentUrl":"https:\/\/www.voustensports.com\/wp-content\/uploads\/2023\/06\/T-shirt-walnoot-39495-1.jpg","width":1365,"height":2048},{"@type":"BreadcrumbList","@id":"https:\/\/www.voustensports.com\/fr\/stone-island-t-shirt-walnoot-39495-2\/#breadcrumb","itemListElement":[{"@type":"ListItem","position":1,"name":"Home","item":"https:\/\/www.voustensports.com\/fr\/"},{"@type":"ListItem","position":2,"name":"Boutique","item":"https:\/\/www.voustensports.com\/fr\/shop\/"},{"@type":"ListItem","position":3,"name":"STONE ISLAND &#8211; JERSEY DE COTON IMPRIM\u00c9 &#8216;INSTITUTIONAL FOUR&#8217;, NOYER TEINT\u00c9 EN V\u00caTEMENT (39495)"}]},{"@type":"WebSite","@id":"https:\/\/www.voustensports.com\/nl\/#website","url":"https:\/\/www.voustensports.com\/nl\/","name":"Vousten Sports","description":"","potentialAction":[{"@type":"SearchAction","target":{"@type":"EntryPoint","urlTemplate":"https:\/\/www.voustensports.com\/nl\/?s={search_term_string}"},"query-input":{"@type":"PropertyValueSpecification","valueRequired":true,"valueName":"search_term_string"}}],"inLanguage":"fr-FR"}]}},"_links":{"self":[{"href":"https:\/\/www.voustensports.com\/fr\/wp-json\/wp\/v2\/product\/176976","targetHints":{"allow":["GET"]}}],"collection":[{"href":"https:\/\/www.voustensports.com\/fr\/wp-json\/wp\/v2\/product"}],"about":[{"href":"https:\/\/www.voustensports.com\/fr\/wp-json\/wp\/v2\/types\/product"}],"replies":[{"embeddable":true,"href":"https:\/\/www.voustensports.com\/fr\/wp-json\/wp\/v2\/comments?post=176976"}],"wp:featuredmedia":[{"embeddable":true,"href":"https:\/\/www.voustensports.com\/fr\/wp-json\/wp\/v2\/media\/176996"}],"wp:attachment":[{"href":"https:\/\/www.voustensports.com\/fr\/wp-json\/wp\/v2\/media?parent=176976"}],"wp:term":[{"taxonomy":"product_cat","embeddable":true,"href":"https:\/\/www.voustensports.com\/fr\/wp-json\/wp\/v2\/product_cat?post=176976"},{"taxonomy":"product_tag","embeddable":true,"href":"https:\/\/www.voustensports.com\/fr\/wp-json\/wp\/v2\/product_tag?post=176976"}],"curies":[{"name":"wp","href":"https:\/\/api.w.org\/{rel}","templated":true}]}}