{"id":173552,"date":"2024-04-08T14:28:07","date_gmt":"2024-04-08T12:28:07","guid":{"rendered":"https:\/\/www.voustensports.com\/jacob-cohen-poloshirt-noir-38888\/"},"modified":"2026-03-10T03:12:02","modified_gmt":"2026-03-10T02:12:02","slug":"jacob-cohen-poloshirt-noir-38888","status":"publish","type":"product","link":"https:\/\/www.voustensports.com\/fr\/jacob-cohen-poloshirt-noir-38888\/","title":{"rendered":"Jacob Cohen &#8211; Poloshirt noir (38888)"},"content":{"rendered":"<p>Avec les polos de Jacob Coh\u00ebn, vous vous assurez un look styl\u00e9 et \u00e9l\u00e9gant en \u00e9t\u00e9. Ce polo noir pr\u00e9sente une fermeture classique \u00e0 trois boutons avec col et manches courtes. Les fentes dans l&rsquo;ourlet conf\u00e8rent \u00e0 cette chemise un caract\u00e8re ludique et assurent un confort optimal.<br \/>\nLa petite broderie sur la poitrine gauche et le contraste sur le col compl\u00e8tent ce polo et apportent un compl\u00e9ment subtil au style par ailleurs minimaliste.<\/p>\n<ul>\n<li>Coton 96%, \u00c9lasthanne 4%<\/li>\n<li>Manches courtes<\/li>\n<li>Col polo<\/li>\n<li>Logo brod\u00e9 sur la poitrine<\/li>\n<li>Coupe ajust\u00e9e<\/li>\n<li>Convient normalement<\/li>\n<\/ul>\n","protected":false},"excerpt":{"rendered":"<p>Avec les polos de Jacob Coh\u00ebn, vous vous assurez un look styl\u00e9 et \u00e9l\u00e9gant en \u00e9t\u00e9. Ce polo noir pr\u00e9sente une fermeture classique \u00e0 trois boutons avec col et manches courtes. Les fentes dans l&rsquo;ourlet conf\u00e8rent \u00e0 cette chemise un caract\u00e8re ludique et assurent un confort optimal. La petite broderie sur la poitrine gauche et [&#8230;]\n","protected":false},"featured_media":173544,"comment_status":"open","ping_status":"closed","template":"","meta":{"rank_math_lock_modified_date":false},"product_cat":[446,450,462,478,568],"product_tag":[],"class_list":{"0":"post-173552","1":"product","2":"type-product","3":"status-publish","4":"has-post-thumbnail","6":"product_cat-kleding-fr","7":"product_cat-heren-fr","8":"product_cat-vousten-sports-fr-2","9":"product_cat-polos-fr-2","10":"product_cat-jacob-cohen-jeans-fr","12":"first","13":"outofstock","14":"taxable","15":"shipping-taxable","16":"purchasable","17":"product-type-variable"},"acf":[],"yoast_head":"<!-- This site is optimized with the Yoast SEO plugin v23.9 - https:\/\/yoast.com\/wordpress\/plugins\/seo\/ -->\n<title>Jacob Cohen - Poloshirt noir (38888) - Vousten Sports<\/title>\n<meta name=\"robots\" content=\"index, follow, max-snippet:-1, max-image-preview:large, max-video-preview:-1\" \/>\n<link rel=\"canonical\" href=\"https:\/\/www.voustensports.com\/fr\/jacob-cohen-poloshirt-noir-38888\/\" \/>\n<meta property=\"og:locale\" content=\"fr_FR\" \/>\n<meta property=\"og:type\" content=\"article\" \/>\n<meta property=\"og:title\" content=\"Jacob Cohen - Poloshirt noir (38888) - Vousten Sports\" \/>\n<meta property=\"og:description\" content=\"Avec les polos de Jacob Coh\u00ebn, vous vous assurez un look styl\u00e9 et \u00e9l\u00e9gant en \u00e9t\u00e9. Ce polo noir pr\u00e9sente une fermeture classique \u00e0 trois boutons avec col et manches courtes. Les fentes dans l&rsquo;ourlet conf\u00e8rent \u00e0 cette chemise un caract\u00e8re ludique et assurent un confort optimal. La petite broderie sur la poitrine gauche et [...]\" \/>\n<meta property=\"og:url\" content=\"https:\/\/www.voustensports.com\/fr\/jacob-cohen-poloshirt-noir-38888\/\" \/>\n<meta property=\"og:site_name\" content=\"Vousten Sports\" \/>\n<meta property=\"article:modified_time\" content=\"2026-03-10T02:12:02+00:00\" \/>\n<meta property=\"og:image\" content=\"https:\/\/www.voustensports.com\/wp-content\/uploads\/2023\/06\/Jacob-Cohen-Polo-shirt-zwart-2464-C74-38888-1.jpg\" \/>\n\t<meta property=\"og:image:width\" content=\"1365\" \/>\n\t<meta property=\"og:image:height\" content=\"2048\" \/>\n\t<meta property=\"og:image:type\" content=\"image\/jpeg\" \/>\n<meta name=\"twitter:card\" content=\"summary_large_image\" \/>\n<script type=\"application\/ld+json\" class=\"yoast-schema-graph\">{\"@context\":\"https:\/\/schema.org\",\"@graph\":[{\"@type\":\"WebPage\",\"@id\":\"https:\/\/www.voustensports.com\/fr\/jacob-cohen-poloshirt-noir-38888\/\",\"url\":\"https:\/\/www.voustensports.com\/fr\/jacob-cohen-poloshirt-noir-38888\/\",\"name\":\"Jacob Cohen - Poloshirt noir (38888) - Vousten Sports\",\"isPartOf\":{\"@id\":\"https:\/\/www.voustensports.com\/nl\/#website\"},\"primaryImageOfPage\":{\"@id\":\"https:\/\/www.voustensports.com\/fr\/jacob-cohen-poloshirt-noir-38888\/#primaryimage\"},\"image\":{\"@id\":\"https:\/\/www.voustensports.com\/fr\/jacob-cohen-poloshirt-noir-38888\/#primaryimage\"},\"thumbnailUrl\":\"https:\/\/www.voustensports.com\/wp-content\/uploads\/2023\/06\/Jacob-Cohen-Polo-shirt-zwart-2464-C74-38888-1.jpg\",\"datePublished\":\"2024-04-08T12:28:07+00:00\",\"dateModified\":\"2026-03-10T02:12:02+00:00\",\"breadcrumb\":{\"@id\":\"https:\/\/www.voustensports.com\/fr\/jacob-cohen-poloshirt-noir-38888\/#breadcrumb\"},\"inLanguage\":\"fr-FR\",\"potentialAction\":[{\"@type\":\"ReadAction\",\"target\":[\"https:\/\/www.voustensports.com\/fr\/jacob-cohen-poloshirt-noir-38888\/\"]}]},{\"@type\":\"ImageObject\",\"inLanguage\":\"fr-FR\",\"@id\":\"https:\/\/www.voustensports.com\/fr\/jacob-cohen-poloshirt-noir-38888\/#primaryimage\",\"url\":\"https:\/\/www.voustensports.com\/wp-content\/uploads\/2023\/06\/Jacob-Cohen-Polo-shirt-zwart-2464-C74-38888-1.jpg\",\"contentUrl\":\"https:\/\/www.voustensports.com\/wp-content\/uploads\/2023\/06\/Jacob-Cohen-Polo-shirt-zwart-2464-C74-38888-1.jpg\",\"width\":1365,\"height\":2048},{\"@type\":\"BreadcrumbList\",\"@id\":\"https:\/\/www.voustensports.com\/fr\/jacob-cohen-poloshirt-noir-38888\/#breadcrumb\",\"itemListElement\":[{\"@type\":\"ListItem\",\"position\":1,\"name\":\"Home\",\"item\":\"https:\/\/www.voustensports.com\/fr\/\"},{\"@type\":\"ListItem\",\"position\":2,\"name\":\"Boutique\",\"item\":\"https:\/\/www.voustensports.com\/fr\/shop\/\"},{\"@type\":\"ListItem\",\"position\":3,\"name\":\"Jacob Cohen &#8211; Poloshirt noir (38888)\"}]},{\"@type\":\"WebSite\",\"@id\":\"https:\/\/www.voustensports.com\/nl\/#website\",\"url\":\"https:\/\/www.voustensports.com\/nl\/\",\"name\":\"Vousten Sports\",\"description\":\"\",\"potentialAction\":[{\"@type\":\"SearchAction\",\"target\":{\"@type\":\"EntryPoint\",\"urlTemplate\":\"https:\/\/www.voustensports.com\/nl\/?s={search_term_string}\"},\"query-input\":{\"@type\":\"PropertyValueSpecification\",\"valueRequired\":true,\"valueName\":\"search_term_string\"}}],\"inLanguage\":\"fr-FR\"}]}<\/script>\n<!-- \/ Yoast SEO plugin. -->","yoast_head_json":{"title":"Jacob Cohen - Poloshirt noir (38888) - Vousten Sports","robots":{"index":"index","follow":"follow","max-snippet":"max-snippet:-1","max-image-preview":"max-image-preview:large","max-video-preview":"max-video-preview:-1"},"canonical":"https:\/\/www.voustensports.com\/fr\/jacob-cohen-poloshirt-noir-38888\/","og_locale":"fr_FR","og_type":"article","og_title":"Jacob Cohen - Poloshirt noir (38888) - Vousten Sports","og_description":"Avec les polos de Jacob Coh\u00ebn, vous vous assurez un look styl\u00e9 et \u00e9l\u00e9gant en \u00e9t\u00e9. Ce polo noir pr\u00e9sente une fermeture classique \u00e0 trois boutons avec col et manches courtes. Les fentes dans l&rsquo;ourlet conf\u00e8rent \u00e0 cette chemise un caract\u00e8re ludique et assurent un confort optimal. La petite broderie sur la poitrine gauche et [...]","og_url":"https:\/\/www.voustensports.com\/fr\/jacob-cohen-poloshirt-noir-38888\/","og_site_name":"Vousten Sports","article_modified_time":"2026-03-10T02:12:02+00:00","og_image":[{"width":1365,"height":2048,"url":"https:\/\/www.voustensports.com\/wp-content\/uploads\/2023\/06\/Jacob-Cohen-Polo-shirt-zwart-2464-C74-38888-1.jpg","type":"image\/jpeg"}],"twitter_card":"summary_large_image","schema":{"@context":"https:\/\/schema.org","@graph":[{"@type":"WebPage","@id":"https:\/\/www.voustensports.com\/fr\/jacob-cohen-poloshirt-noir-38888\/","url":"https:\/\/www.voustensports.com\/fr\/jacob-cohen-poloshirt-noir-38888\/","name":"Jacob Cohen - Poloshirt noir (38888) - Vousten Sports","isPartOf":{"@id":"https:\/\/www.voustensports.com\/nl\/#website"},"primaryImageOfPage":{"@id":"https:\/\/www.voustensports.com\/fr\/jacob-cohen-poloshirt-noir-38888\/#primaryimage"},"image":{"@id":"https:\/\/www.voustensports.com\/fr\/jacob-cohen-poloshirt-noir-38888\/#primaryimage"},"thumbnailUrl":"https:\/\/www.voustensports.com\/wp-content\/uploads\/2023\/06\/Jacob-Cohen-Polo-shirt-zwart-2464-C74-38888-1.jpg","datePublished":"2024-04-08T12:28:07+00:00","dateModified":"2026-03-10T02:12:02+00:00","breadcrumb":{"@id":"https:\/\/www.voustensports.com\/fr\/jacob-cohen-poloshirt-noir-38888\/#breadcrumb"},"inLanguage":"fr-FR","potentialAction":[{"@type":"ReadAction","target":["https:\/\/www.voustensports.com\/fr\/jacob-cohen-poloshirt-noir-38888\/"]}]},{"@type":"ImageObject","inLanguage":"fr-FR","@id":"https:\/\/www.voustensports.com\/fr\/jacob-cohen-poloshirt-noir-38888\/#primaryimage","url":"https:\/\/www.voustensports.com\/wp-content\/uploads\/2023\/06\/Jacob-Cohen-Polo-shirt-zwart-2464-C74-38888-1.jpg","contentUrl":"https:\/\/www.voustensports.com\/wp-content\/uploads\/2023\/06\/Jacob-Cohen-Polo-shirt-zwart-2464-C74-38888-1.jpg","width":1365,"height":2048},{"@type":"BreadcrumbList","@id":"https:\/\/www.voustensports.com\/fr\/jacob-cohen-poloshirt-noir-38888\/#breadcrumb","itemListElement":[{"@type":"ListItem","position":1,"name":"Home","item":"https:\/\/www.voustensports.com\/fr\/"},{"@type":"ListItem","position":2,"name":"Boutique","item":"https:\/\/www.voustensports.com\/fr\/shop\/"},{"@type":"ListItem","position":3,"name":"Jacob Cohen &#8211; Poloshirt noir (38888)"}]},{"@type":"WebSite","@id":"https:\/\/www.voustensports.com\/nl\/#website","url":"https:\/\/www.voustensports.com\/nl\/","name":"Vousten Sports","description":"","potentialAction":[{"@type":"SearchAction","target":{"@type":"EntryPoint","urlTemplate":"https:\/\/www.voustensports.com\/nl\/?s={search_term_string}"},"query-input":{"@type":"PropertyValueSpecification","valueRequired":true,"valueName":"search_term_string"}}],"inLanguage":"fr-FR"}]}},"_links":{"self":[{"href":"https:\/\/www.voustensports.com\/fr\/wp-json\/wp\/v2\/product\/173552","targetHints":{"allow":["GET"]}}],"collection":[{"href":"https:\/\/www.voustensports.com\/fr\/wp-json\/wp\/v2\/product"}],"about":[{"href":"https:\/\/www.voustensports.com\/fr\/wp-json\/wp\/v2\/types\/product"}],"replies":[{"embeddable":true,"href":"https:\/\/www.voustensports.com\/fr\/wp-json\/wp\/v2\/comments?post=173552"}],"wp:featuredmedia":[{"embeddable":true,"href":"https:\/\/www.voustensports.com\/fr\/wp-json\/wp\/v2\/media\/173544"}],"wp:attachment":[{"href":"https:\/\/www.voustensports.com\/fr\/wp-json\/wp\/v2\/media?parent=173552"}],"wp:term":[{"taxonomy":"product_cat","embeddable":true,"href":"https:\/\/www.voustensports.com\/fr\/wp-json\/wp\/v2\/product_cat?post=173552"},{"taxonomy":"product_tag","embeddable":true,"href":"https:\/\/www.voustensports.com\/fr\/wp-json\/wp\/v2\/product_tag?post=173552"}],"curies":[{"name":"wp","href":"https:\/\/api.w.org\/{rel}","templated":true}]}}