{"id":172847,"date":"2024-04-05T14:30:31","date_gmt":"2024-04-05T12:30:31","guid":{"rendered":"https:\/\/www.voustensports.com\/genti-polo-en-coton-glace-bleu-38790\/"},"modified":"2026-02-05T12:12:33","modified_gmt":"2026-02-05T11:12:33","slug":"genti-polo-en-coton-glace-bleu-38790","status":"publish","type":"product","link":"https:\/\/www.voustensports.com\/fr\/genti-polo-en-coton-glace-bleu-38790\/","title":{"rendered":"GENTI &#8211; Polo en coton glac\u00e9 bleu (38790)"},"content":{"rendered":"<div>Polo bleu en coton glac\u00e9 de qualit\u00e9 luxueuse. Une qualit\u00e9 de coton fra\u00eeche et tr\u00e8s extensible, pour un confort optimal.<\/div>\n<div><\/div>\n<div>D\u00e9tails du style<\/div>\n<div>polo 3 boutons<\/div>\n<div>Coton glac\u00e9<\/div>\n<div>Cool-portant<\/div>\n<div>Super extensible<\/div>\n<div>Fabriqu\u00e9 au Portugal<\/div>\n<div><\/div>\n<div>Entretien et ajustement<\/div>\n<div>93% Coton 7% \u00c9lasthanne<\/div>\n<div>Lavage en machine : 30 degr\u00e9s, lavage d\u00e9licat<\/div>\n<div>Cet article a une coupe slim<\/div>\n<div>Le mannequin mesure 1,86 et porte une taille L<\/div>\n","protected":false},"excerpt":{"rendered":"<p>Polo bleu en coton glac\u00e9 de qualit\u00e9 luxueuse. Une qualit\u00e9 de coton fra\u00eeche et tr\u00e8s extensible, pour un confort optimal. D\u00e9tails du style polo 3 boutons Coton glac\u00e9 Cool-portant Super extensible Fabriqu\u00e9 au Portugal Entretien et ajustement 93% Coton 7% \u00c9lasthanne Lavage en machine : 30 degr\u00e9s, lavage d\u00e9licat Cet article a une coupe slim [&#8230;]\n","protected":false},"featured_media":172827,"comment_status":"open","ping_status":"closed","template":"","meta":{"rank_math_lock_modified_date":false},"product_cat":[478,486,710,446,450,462],"product_tag":[],"class_list":{"0":"post-172847","1":"product","2":"type-product","3":"status-publish","4":"has-post-thumbnail","6":"product_cat-polos-fr-2","7":"product_cat-shirt-fr-2","8":"product_cat-genti-fr","9":"product_cat-kleding-fr","10":"product_cat-heren-fr","11":"product_cat-vousten-sports-fr-2","13":"first","14":"outofstock","15":"taxable","16":"shipping-taxable","17":"purchasable","18":"product-type-variable"},"acf":[],"yoast_head":"<!-- This site is optimized with the Yoast SEO plugin v23.9 - https:\/\/yoast.com\/wordpress\/plugins\/seo\/ -->\n<title>GENTI - Polo en coton glac\u00e9 bleu (38790) - Vousten Sports<\/title>\n<meta name=\"robots\" content=\"index, follow, max-snippet:-1, max-image-preview:large, max-video-preview:-1\" \/>\n<link rel=\"canonical\" href=\"https:\/\/www.voustensports.com\/fr\/genti-polo-en-coton-glace-bleu-38790\/\" \/>\n<meta property=\"og:locale\" content=\"fr_FR\" \/>\n<meta property=\"og:type\" content=\"article\" \/>\n<meta property=\"og:title\" content=\"GENTI - Polo en coton glac\u00e9 bleu (38790) - Vousten Sports\" \/>\n<meta property=\"og:description\" content=\"Polo bleu en coton glac\u00e9 de qualit\u00e9 luxueuse. Une qualit\u00e9 de coton fra\u00eeche et tr\u00e8s extensible, pour un confort optimal. D\u00e9tails du style polo 3 boutons Coton glac\u00e9 Cool-portant Super extensible Fabriqu\u00e9 au Portugal Entretien et ajustement 93% Coton 7% \u00c9lasthanne Lavage en machine : 30 degr\u00e9s, lavage d\u00e9licat Cet article a une coupe slim [...]\" \/>\n<meta property=\"og:url\" content=\"https:\/\/www.voustensports.com\/fr\/genti-polo-en-coton-glace-bleu-38790\/\" \/>\n<meta property=\"og:site_name\" content=\"Vousten Sports\" \/>\n<meta property=\"article:modified_time\" content=\"2026-02-05T11:12:33+00:00\" \/>\n<meta property=\"og:image\" content=\"https:\/\/www.voustensports.com\/wp-content\/uploads\/2023\/06\/Ice-cotton-polo-blauw-38790-1.png\" \/>\n\t<meta property=\"og:image:width\" content=\"1500\" \/>\n\t<meta property=\"og:image:height\" content=\"2000\" \/>\n\t<meta property=\"og:image:type\" content=\"image\/png\" \/>\n<meta name=\"twitter:card\" content=\"summary_large_image\" \/>\n<script type=\"application\/ld+json\" class=\"yoast-schema-graph\">{\"@context\":\"https:\/\/schema.org\",\"@graph\":[{\"@type\":\"WebPage\",\"@id\":\"https:\/\/www.voustensports.com\/fr\/genti-polo-en-coton-glace-bleu-38790\/\",\"url\":\"https:\/\/www.voustensports.com\/fr\/genti-polo-en-coton-glace-bleu-38790\/\",\"name\":\"GENTI - Polo en coton glac\u00e9 bleu (38790) - Vousten Sports\",\"isPartOf\":{\"@id\":\"https:\/\/www.voustensports.com\/nl\/#website\"},\"primaryImageOfPage\":{\"@id\":\"https:\/\/www.voustensports.com\/fr\/genti-polo-en-coton-glace-bleu-38790\/#primaryimage\"},\"image\":{\"@id\":\"https:\/\/www.voustensports.com\/fr\/genti-polo-en-coton-glace-bleu-38790\/#primaryimage\"},\"thumbnailUrl\":\"https:\/\/www.voustensports.com\/wp-content\/uploads\/2023\/06\/Ice-cotton-polo-blauw-38790-1.png\",\"datePublished\":\"2024-04-05T12:30:31+00:00\",\"dateModified\":\"2026-02-05T11:12:33+00:00\",\"breadcrumb\":{\"@id\":\"https:\/\/www.voustensports.com\/fr\/genti-polo-en-coton-glace-bleu-38790\/#breadcrumb\"},\"inLanguage\":\"fr-FR\",\"potentialAction\":[{\"@type\":\"ReadAction\",\"target\":[\"https:\/\/www.voustensports.com\/fr\/genti-polo-en-coton-glace-bleu-38790\/\"]}]},{\"@type\":\"ImageObject\",\"inLanguage\":\"fr-FR\",\"@id\":\"https:\/\/www.voustensports.com\/fr\/genti-polo-en-coton-glace-bleu-38790\/#primaryimage\",\"url\":\"https:\/\/www.voustensports.com\/wp-content\/uploads\/2023\/06\/Ice-cotton-polo-blauw-38790-1.png\",\"contentUrl\":\"https:\/\/www.voustensports.com\/wp-content\/uploads\/2023\/06\/Ice-cotton-polo-blauw-38790-1.png\",\"width\":1500,\"height\":2000},{\"@type\":\"BreadcrumbList\",\"@id\":\"https:\/\/www.voustensports.com\/fr\/genti-polo-en-coton-glace-bleu-38790\/#breadcrumb\",\"itemListElement\":[{\"@type\":\"ListItem\",\"position\":1,\"name\":\"Home\",\"item\":\"https:\/\/www.voustensports.com\/fr\/\"},{\"@type\":\"ListItem\",\"position\":2,\"name\":\"Boutique\",\"item\":\"https:\/\/www.voustensports.com\/fr\/shop\/\"},{\"@type\":\"ListItem\",\"position\":3,\"name\":\"GENTI &#8211; Polo en coton glac\u00e9 bleu (38790)\"}]},{\"@type\":\"WebSite\",\"@id\":\"https:\/\/www.voustensports.com\/nl\/#website\",\"url\":\"https:\/\/www.voustensports.com\/nl\/\",\"name\":\"Vousten Sports\",\"description\":\"\",\"potentialAction\":[{\"@type\":\"SearchAction\",\"target\":{\"@type\":\"EntryPoint\",\"urlTemplate\":\"https:\/\/www.voustensports.com\/nl\/?s={search_term_string}\"},\"query-input\":{\"@type\":\"PropertyValueSpecification\",\"valueRequired\":true,\"valueName\":\"search_term_string\"}}],\"inLanguage\":\"fr-FR\"}]}<\/script>\n<!-- \/ Yoast SEO plugin. -->","yoast_head_json":{"title":"GENTI - Polo en coton glac\u00e9 bleu (38790) - Vousten Sports","robots":{"index":"index","follow":"follow","max-snippet":"max-snippet:-1","max-image-preview":"max-image-preview:large","max-video-preview":"max-video-preview:-1"},"canonical":"https:\/\/www.voustensports.com\/fr\/genti-polo-en-coton-glace-bleu-38790\/","og_locale":"fr_FR","og_type":"article","og_title":"GENTI - Polo en coton glac\u00e9 bleu (38790) - Vousten Sports","og_description":"Polo bleu en coton glac\u00e9 de qualit\u00e9 luxueuse. Une qualit\u00e9 de coton fra\u00eeche et tr\u00e8s extensible, pour un confort optimal. D\u00e9tails du style polo 3 boutons Coton glac\u00e9 Cool-portant Super extensible Fabriqu\u00e9 au Portugal Entretien et ajustement 93% Coton 7% \u00c9lasthanne Lavage en machine : 30 degr\u00e9s, lavage d\u00e9licat Cet article a une coupe slim [...]","og_url":"https:\/\/www.voustensports.com\/fr\/genti-polo-en-coton-glace-bleu-38790\/","og_site_name":"Vousten Sports","article_modified_time":"2026-02-05T11:12:33+00:00","og_image":[{"width":1500,"height":2000,"url":"https:\/\/www.voustensports.com\/wp-content\/uploads\/2023\/06\/Ice-cotton-polo-blauw-38790-1.png","type":"image\/png"}],"twitter_card":"summary_large_image","schema":{"@context":"https:\/\/schema.org","@graph":[{"@type":"WebPage","@id":"https:\/\/www.voustensports.com\/fr\/genti-polo-en-coton-glace-bleu-38790\/","url":"https:\/\/www.voustensports.com\/fr\/genti-polo-en-coton-glace-bleu-38790\/","name":"GENTI - Polo en coton glac\u00e9 bleu (38790) - Vousten Sports","isPartOf":{"@id":"https:\/\/www.voustensports.com\/nl\/#website"},"primaryImageOfPage":{"@id":"https:\/\/www.voustensports.com\/fr\/genti-polo-en-coton-glace-bleu-38790\/#primaryimage"},"image":{"@id":"https:\/\/www.voustensports.com\/fr\/genti-polo-en-coton-glace-bleu-38790\/#primaryimage"},"thumbnailUrl":"https:\/\/www.voustensports.com\/wp-content\/uploads\/2023\/06\/Ice-cotton-polo-blauw-38790-1.png","datePublished":"2024-04-05T12:30:31+00:00","dateModified":"2026-02-05T11:12:33+00:00","breadcrumb":{"@id":"https:\/\/www.voustensports.com\/fr\/genti-polo-en-coton-glace-bleu-38790\/#breadcrumb"},"inLanguage":"fr-FR","potentialAction":[{"@type":"ReadAction","target":["https:\/\/www.voustensports.com\/fr\/genti-polo-en-coton-glace-bleu-38790\/"]}]},{"@type":"ImageObject","inLanguage":"fr-FR","@id":"https:\/\/www.voustensports.com\/fr\/genti-polo-en-coton-glace-bleu-38790\/#primaryimage","url":"https:\/\/www.voustensports.com\/wp-content\/uploads\/2023\/06\/Ice-cotton-polo-blauw-38790-1.png","contentUrl":"https:\/\/www.voustensports.com\/wp-content\/uploads\/2023\/06\/Ice-cotton-polo-blauw-38790-1.png","width":1500,"height":2000},{"@type":"BreadcrumbList","@id":"https:\/\/www.voustensports.com\/fr\/genti-polo-en-coton-glace-bleu-38790\/#breadcrumb","itemListElement":[{"@type":"ListItem","position":1,"name":"Home","item":"https:\/\/www.voustensports.com\/fr\/"},{"@type":"ListItem","position":2,"name":"Boutique","item":"https:\/\/www.voustensports.com\/fr\/shop\/"},{"@type":"ListItem","position":3,"name":"GENTI &#8211; Polo en coton glac\u00e9 bleu (38790)"}]},{"@type":"WebSite","@id":"https:\/\/www.voustensports.com\/nl\/#website","url":"https:\/\/www.voustensports.com\/nl\/","name":"Vousten Sports","description":"","potentialAction":[{"@type":"SearchAction","target":{"@type":"EntryPoint","urlTemplate":"https:\/\/www.voustensports.com\/nl\/?s={search_term_string}"},"query-input":{"@type":"PropertyValueSpecification","valueRequired":true,"valueName":"search_term_string"}}],"inLanguage":"fr-FR"}]}},"_links":{"self":[{"href":"https:\/\/www.voustensports.com\/fr\/wp-json\/wp\/v2\/product\/172847","targetHints":{"allow":["GET"]}}],"collection":[{"href":"https:\/\/www.voustensports.com\/fr\/wp-json\/wp\/v2\/product"}],"about":[{"href":"https:\/\/www.voustensports.com\/fr\/wp-json\/wp\/v2\/types\/product"}],"replies":[{"embeddable":true,"href":"https:\/\/www.voustensports.com\/fr\/wp-json\/wp\/v2\/comments?post=172847"}],"wp:featuredmedia":[{"embeddable":true,"href":"https:\/\/www.voustensports.com\/fr\/wp-json\/wp\/v2\/media\/172827"}],"wp:attachment":[{"href":"https:\/\/www.voustensports.com\/fr\/wp-json\/wp\/v2\/media?parent=172847"}],"wp:term":[{"taxonomy":"product_cat","embeddable":true,"href":"https:\/\/www.voustensports.com\/fr\/wp-json\/wp\/v2\/product_cat?post=172847"},{"taxonomy":"product_tag","embeddable":true,"href":"https:\/\/www.voustensports.com\/fr\/wp-json\/wp\/v2\/product_tag?post=172847"}],"curies":[{"name":"wp","href":"https:\/\/api.w.org\/{rel}","templated":true}]}}