{"id":171092,"date":"2024-03-09T11:32:20","date_gmt":"2024-03-09T10:32:20","guid":{"rendered":"https:\/\/www.voustensports.com\/stone-island-short-de-bain-nylon-brosse-gris-poussiere-38709\/"},"modified":"2026-02-05T12:10:51","modified_gmt":"2026-02-05T11:10:51","slug":"stone-island-short-de-bain-nylon-brosse-gris-poussiere-38709","status":"publish","type":"product","link":"https:\/\/www.voustensports.com\/fr\/stone-island-short-de-bain-nylon-brosse-gris-poussiere-38709\/","title":{"rendered":"STONE ISLAND &#8211; Short de bain nylon bross\u00e9 gris poussi\u00e8re (38709)"},"content":{"rendered":"<p>D\u00c9TAILS DU PRODUIT<br \/>\nBRUSHED NYLON : Boxer de bain en nylon bross\u00e9. Teint en pi\u00e8ce.<\/p>\n<p>STYLE<br \/>\nCoupe r\u00e9guli\u00e8re.<br \/>\nPoches lat\u00e9rales en biais.<br \/>\nUne poche arri\u00e8re avec fermeture \u00e9clair dissimul\u00e9e.<br \/>\nLogo patch Stone Island Compass sur la jambe gauche.<br \/>\nMaille int\u00e9rieure.<br \/>\nTaille \u00e9lastiqu\u00e9e avec cordon de serrage int\u00e9rieur.<\/p>\n<p>COMPOSITION<br \/>\nTissu ext\u00e9rieur : 100% Polyamide \/ Nylon<br \/>\nDoublure : 100% Polyamide \/ Nylon<\/p>\n<p>Num\u00e9ro Stone Island\u00a0: B0946<br \/>\nNum\u00e9ro de couleur: V0064<br \/>\nNum\u00e9ro d&rsquo;identification : 38709<\/p>\n","protected":false},"excerpt":{"rendered":"<p>D\u00c9TAILS DU PRODUIT BRUSHED NYLON : Boxer de bain en nylon bross\u00e9. Teint en pi\u00e8ce. STYLE Coupe r\u00e9guli\u00e8re. Poches lat\u00e9rales en biais. Une poche arri\u00e8re avec fermeture \u00e9clair dissimul\u00e9e. Logo patch Stone Island Compass sur la jambe gauche. Maille int\u00e9rieure. Taille \u00e9lastiqu\u00e9e avec cordon de serrage int\u00e9rieur. COMPOSITION Tissu ext\u00e9rieur : 100% Polyamide \/ Nylon [&#8230;]\n","protected":false},"featured_media":171080,"comment_status":"open","ping_status":"closed","template":"","meta":{"rank_math_lock_modified_date":false},"product_cat":[482,755,446,450,462],"product_tag":[],"class_list":{"0":"post-171092","1":"product","2":"type-product","3":"status-publish","4":"has-post-thumbnail","6":"product_cat-stone-island-fr-2","7":"product_cat-zwembroeken-fr-2","8":"product_cat-kleding-fr","9":"product_cat-heren-fr","10":"product_cat-vousten-sports-fr-2","12":"first","13":"outofstock","14":"taxable","15":"shipping-taxable","16":"purchasable","17":"product-type-variable"},"acf":[],"yoast_head":"<!-- This site is optimized with the Yoast SEO plugin v23.9 - https:\/\/yoast.com\/wordpress\/plugins\/seo\/ -->\n<title>STONE ISLAND - Short de bain nylon bross\u00e9 gris poussi\u00e8re (38709) - Vousten Sports<\/title>\n<meta name=\"robots\" content=\"index, follow, max-snippet:-1, max-image-preview:large, max-video-preview:-1\" \/>\n<link rel=\"canonical\" href=\"https:\/\/www.voustensports.com\/fr\/stone-island-short-de-bain-nylon-brosse-gris-poussiere-38709\/\" \/>\n<meta property=\"og:locale\" content=\"fr_FR\" \/>\n<meta property=\"og:type\" content=\"article\" \/>\n<meta property=\"og:title\" content=\"STONE ISLAND - Short de bain nylon bross\u00e9 gris poussi\u00e8re (38709) - Vousten Sports\" \/>\n<meta property=\"og:description\" content=\"D\u00c9TAILS DU PRODUIT BRUSHED NYLON : Boxer de bain en nylon bross\u00e9. Teint en pi\u00e8ce. STYLE Coupe r\u00e9guli\u00e8re. Poches lat\u00e9rales en biais. Une poche arri\u00e8re avec fermeture \u00e9clair dissimul\u00e9e. Logo patch Stone Island Compass sur la jambe gauche. Maille int\u00e9rieure. Taille \u00e9lastiqu\u00e9e avec cordon de serrage int\u00e9rieur. COMPOSITION Tissu ext\u00e9rieur : 100% Polyamide \/ Nylon [...]\" \/>\n<meta property=\"og:url\" content=\"https:\/\/www.voustensports.com\/fr\/stone-island-short-de-bain-nylon-brosse-gris-poussiere-38709\/\" \/>\n<meta property=\"og:site_name\" content=\"Vousten Sports\" \/>\n<meta property=\"article:modified_time\" content=\"2026-02-05T11:10:51+00:00\" \/>\n<meta property=\"og:image\" content=\"https:\/\/www.voustensports.com\/wp-content\/uploads\/2023\/06\/Zwembroek-geborsteld-nylon-dust-gray-38709-1.png\" \/>\n\t<meta property=\"og:image:width\" content=\"1365\" \/>\n\t<meta property=\"og:image:height\" content=\"2048\" \/>\n\t<meta property=\"og:image:type\" content=\"image\/png\" \/>\n<meta name=\"twitter:card\" content=\"summary_large_image\" \/>\n<script type=\"application\/ld+json\" class=\"yoast-schema-graph\">{\"@context\":\"https:\/\/schema.org\",\"@graph\":[{\"@type\":\"WebPage\",\"@id\":\"https:\/\/www.voustensports.com\/fr\/stone-island-short-de-bain-nylon-brosse-gris-poussiere-38709\/\",\"url\":\"https:\/\/www.voustensports.com\/fr\/stone-island-short-de-bain-nylon-brosse-gris-poussiere-38709\/\",\"name\":\"STONE ISLAND - Short de bain nylon bross\u00e9 gris poussi\u00e8re (38709) - Vousten Sports\",\"isPartOf\":{\"@id\":\"https:\/\/www.voustensports.com\/nl\/#website\"},\"primaryImageOfPage\":{\"@id\":\"https:\/\/www.voustensports.com\/fr\/stone-island-short-de-bain-nylon-brosse-gris-poussiere-38709\/#primaryimage\"},\"image\":{\"@id\":\"https:\/\/www.voustensports.com\/fr\/stone-island-short-de-bain-nylon-brosse-gris-poussiere-38709\/#primaryimage\"},\"thumbnailUrl\":\"https:\/\/www.voustensports.com\/wp-content\/uploads\/2023\/06\/Zwembroek-geborsteld-nylon-dust-gray-38709-1.png\",\"datePublished\":\"2024-03-09T10:32:20+00:00\",\"dateModified\":\"2026-02-05T11:10:51+00:00\",\"breadcrumb\":{\"@id\":\"https:\/\/www.voustensports.com\/fr\/stone-island-short-de-bain-nylon-brosse-gris-poussiere-38709\/#breadcrumb\"},\"inLanguage\":\"fr-FR\",\"potentialAction\":[{\"@type\":\"ReadAction\",\"target\":[\"https:\/\/www.voustensports.com\/fr\/stone-island-short-de-bain-nylon-brosse-gris-poussiere-38709\/\"]}]},{\"@type\":\"ImageObject\",\"inLanguage\":\"fr-FR\",\"@id\":\"https:\/\/www.voustensports.com\/fr\/stone-island-short-de-bain-nylon-brosse-gris-poussiere-38709\/#primaryimage\",\"url\":\"https:\/\/www.voustensports.com\/wp-content\/uploads\/2023\/06\/Zwembroek-geborsteld-nylon-dust-gray-38709-1.png\",\"contentUrl\":\"https:\/\/www.voustensports.com\/wp-content\/uploads\/2023\/06\/Zwembroek-geborsteld-nylon-dust-gray-38709-1.png\",\"width\":1365,\"height\":2048},{\"@type\":\"BreadcrumbList\",\"@id\":\"https:\/\/www.voustensports.com\/fr\/stone-island-short-de-bain-nylon-brosse-gris-poussiere-38709\/#breadcrumb\",\"itemListElement\":[{\"@type\":\"ListItem\",\"position\":1,\"name\":\"Home\",\"item\":\"https:\/\/www.voustensports.com\/fr\/\"},{\"@type\":\"ListItem\",\"position\":2,\"name\":\"Boutique\",\"item\":\"https:\/\/www.voustensports.com\/fr\/shop\/\"},{\"@type\":\"ListItem\",\"position\":3,\"name\":\"STONE ISLAND &#8211; Short de bain nylon bross\u00e9 gris poussi\u00e8re (38709)\"}]},{\"@type\":\"WebSite\",\"@id\":\"https:\/\/www.voustensports.com\/nl\/#website\",\"url\":\"https:\/\/www.voustensports.com\/nl\/\",\"name\":\"Vousten Sports\",\"description\":\"\",\"potentialAction\":[{\"@type\":\"SearchAction\",\"target\":{\"@type\":\"EntryPoint\",\"urlTemplate\":\"https:\/\/www.voustensports.com\/nl\/?s={search_term_string}\"},\"query-input\":{\"@type\":\"PropertyValueSpecification\",\"valueRequired\":true,\"valueName\":\"search_term_string\"}}],\"inLanguage\":\"fr-FR\"}]}<\/script>\n<!-- \/ Yoast SEO plugin. -->","yoast_head_json":{"title":"STONE ISLAND - Short de bain nylon bross\u00e9 gris poussi\u00e8re (38709) - Vousten Sports","robots":{"index":"index","follow":"follow","max-snippet":"max-snippet:-1","max-image-preview":"max-image-preview:large","max-video-preview":"max-video-preview:-1"},"canonical":"https:\/\/www.voustensports.com\/fr\/stone-island-short-de-bain-nylon-brosse-gris-poussiere-38709\/","og_locale":"fr_FR","og_type":"article","og_title":"STONE ISLAND - Short de bain nylon bross\u00e9 gris poussi\u00e8re (38709) - Vousten Sports","og_description":"D\u00c9TAILS DU PRODUIT BRUSHED NYLON : Boxer de bain en nylon bross\u00e9. Teint en pi\u00e8ce. STYLE Coupe r\u00e9guli\u00e8re. Poches lat\u00e9rales en biais. Une poche arri\u00e8re avec fermeture \u00e9clair dissimul\u00e9e. Logo patch Stone Island Compass sur la jambe gauche. Maille int\u00e9rieure. Taille \u00e9lastiqu\u00e9e avec cordon de serrage int\u00e9rieur. COMPOSITION Tissu ext\u00e9rieur : 100% Polyamide \/ Nylon [...]","og_url":"https:\/\/www.voustensports.com\/fr\/stone-island-short-de-bain-nylon-brosse-gris-poussiere-38709\/","og_site_name":"Vousten Sports","article_modified_time":"2026-02-05T11:10:51+00:00","og_image":[{"width":1365,"height":2048,"url":"https:\/\/www.voustensports.com\/wp-content\/uploads\/2023\/06\/Zwembroek-geborsteld-nylon-dust-gray-38709-1.png","type":"image\/png"}],"twitter_card":"summary_large_image","schema":{"@context":"https:\/\/schema.org","@graph":[{"@type":"WebPage","@id":"https:\/\/www.voustensports.com\/fr\/stone-island-short-de-bain-nylon-brosse-gris-poussiere-38709\/","url":"https:\/\/www.voustensports.com\/fr\/stone-island-short-de-bain-nylon-brosse-gris-poussiere-38709\/","name":"STONE ISLAND - Short de bain nylon bross\u00e9 gris poussi\u00e8re (38709) - Vousten Sports","isPartOf":{"@id":"https:\/\/www.voustensports.com\/nl\/#website"},"primaryImageOfPage":{"@id":"https:\/\/www.voustensports.com\/fr\/stone-island-short-de-bain-nylon-brosse-gris-poussiere-38709\/#primaryimage"},"image":{"@id":"https:\/\/www.voustensports.com\/fr\/stone-island-short-de-bain-nylon-brosse-gris-poussiere-38709\/#primaryimage"},"thumbnailUrl":"https:\/\/www.voustensports.com\/wp-content\/uploads\/2023\/06\/Zwembroek-geborsteld-nylon-dust-gray-38709-1.png","datePublished":"2024-03-09T10:32:20+00:00","dateModified":"2026-02-05T11:10:51+00:00","breadcrumb":{"@id":"https:\/\/www.voustensports.com\/fr\/stone-island-short-de-bain-nylon-brosse-gris-poussiere-38709\/#breadcrumb"},"inLanguage":"fr-FR","potentialAction":[{"@type":"ReadAction","target":["https:\/\/www.voustensports.com\/fr\/stone-island-short-de-bain-nylon-brosse-gris-poussiere-38709\/"]}]},{"@type":"ImageObject","inLanguage":"fr-FR","@id":"https:\/\/www.voustensports.com\/fr\/stone-island-short-de-bain-nylon-brosse-gris-poussiere-38709\/#primaryimage","url":"https:\/\/www.voustensports.com\/wp-content\/uploads\/2023\/06\/Zwembroek-geborsteld-nylon-dust-gray-38709-1.png","contentUrl":"https:\/\/www.voustensports.com\/wp-content\/uploads\/2023\/06\/Zwembroek-geborsteld-nylon-dust-gray-38709-1.png","width":1365,"height":2048},{"@type":"BreadcrumbList","@id":"https:\/\/www.voustensports.com\/fr\/stone-island-short-de-bain-nylon-brosse-gris-poussiere-38709\/#breadcrumb","itemListElement":[{"@type":"ListItem","position":1,"name":"Home","item":"https:\/\/www.voustensports.com\/fr\/"},{"@type":"ListItem","position":2,"name":"Boutique","item":"https:\/\/www.voustensports.com\/fr\/shop\/"},{"@type":"ListItem","position":3,"name":"STONE ISLAND &#8211; Short de bain nylon bross\u00e9 gris poussi\u00e8re (38709)"}]},{"@type":"WebSite","@id":"https:\/\/www.voustensports.com\/nl\/#website","url":"https:\/\/www.voustensports.com\/nl\/","name":"Vousten Sports","description":"","potentialAction":[{"@type":"SearchAction","target":{"@type":"EntryPoint","urlTemplate":"https:\/\/www.voustensports.com\/nl\/?s={search_term_string}"},"query-input":{"@type":"PropertyValueSpecification","valueRequired":true,"valueName":"search_term_string"}}],"inLanguage":"fr-FR"}]}},"_links":{"self":[{"href":"https:\/\/www.voustensports.com\/fr\/wp-json\/wp\/v2\/product\/171092","targetHints":{"allow":["GET"]}}],"collection":[{"href":"https:\/\/www.voustensports.com\/fr\/wp-json\/wp\/v2\/product"}],"about":[{"href":"https:\/\/www.voustensports.com\/fr\/wp-json\/wp\/v2\/types\/product"}],"replies":[{"embeddable":true,"href":"https:\/\/www.voustensports.com\/fr\/wp-json\/wp\/v2\/comments?post=171092"}],"wp:featuredmedia":[{"embeddable":true,"href":"https:\/\/www.voustensports.com\/fr\/wp-json\/wp\/v2\/media\/171080"}],"wp:attachment":[{"href":"https:\/\/www.voustensports.com\/fr\/wp-json\/wp\/v2\/media?parent=171092"}],"wp:term":[{"taxonomy":"product_cat","embeddable":true,"href":"https:\/\/www.voustensports.com\/fr\/wp-json\/wp\/v2\/product_cat?post=171092"},{"taxonomy":"product_tag","embeddable":true,"href":"https:\/\/www.voustensports.com\/fr\/wp-json\/wp\/v2\/product_tag?post=171092"}],"curies":[{"name":"wp","href":"https:\/\/api.w.org\/{rel}","templated":true}]}}