{"id":171060,"date":"2024-03-09T10:32:12","date_gmt":"2024-03-09T09:32:12","guid":{"rendered":"https:\/\/www.voustensports.com\/stone-island-cargo-bermuda-fleece-short-dust-gray-38759-2\/"},"modified":"2026-02-05T12:12:05","modified_gmt":"2026-02-05T11:12:05","slug":"stone-island-cargo-bermuda-fleece-short-dust-gray-38759-2","status":"publish","type":"product","link":"https:\/\/www.voustensports.com\/fr\/stone-island-cargo-bermuda-fleece-short-dust-gray-38759-2\/","title":{"rendered":"STONE ISLAND &#8211; Bermuda polaire gris poussi\u00e8re (38759)"},"content":{"rendered":"<p>D\u00c9TAILS DU PRODUIT<br \/>\nBermuda cargo en molleton de coton. Teint en pi\u00e8ce.<\/p>\n<p>STYLE<br \/>\nCoupe r\u00e9guli\u00e8re.<br \/>\nPoches pour les mains dans les coutures.<br \/>\nUne poche arri\u00e8re avec bouton-pression cach\u00e9.<br \/>\nPoche plaqu\u00e9e sur la jambe gauche portant l&rsquo;insigne Stone Island avec fermeture \u00e9clair dissimul\u00e9e.<br \/>\nTaille \u00e9lastiqu\u00e9e avec cordon de serrage ext\u00e9rieur.<br \/>\nFermeture \u00e0 glissi\u00e8re.<\/p>\n<p>COMPOSITION<br \/>\nV\u00caTEMENT: 100% Coton<br \/>\nD\u00c9TAILS INT\u00c9RIEURS DU V\u00caTEMENT\u00a0: 100 % coton<\/p>\n<p>Num\u00e9ro de Stone Island\u00a0: 64651<br \/>\nNum\u00e9ro de couleur: V0064<br \/>\nNum\u00e9ro d&rsquo;identification : 38759<\/p>\n","protected":false},"excerpt":{"rendered":"<p>D\u00c9TAILS DU PRODUIT Bermuda cargo en molleton de coton. Teint en pi\u00e8ce. STYLE Coupe r\u00e9guli\u00e8re. Poches pour les mains dans les coutures. Une poche arri\u00e8re avec bouton-pression cach\u00e9. Poche plaqu\u00e9e sur la jambe gauche portant l&rsquo;insigne Stone Island avec fermeture \u00e9clair dissimul\u00e9e. Taille \u00e9lastiqu\u00e9e avec cordon de serrage ext\u00e9rieur. Fermeture \u00e0 glissi\u00e8re. COMPOSITION V\u00caTEMENT: 100% [&#8230;]\n","protected":false},"featured_media":171048,"comment_status":"open","ping_status":"closed","template":"","meta":{"rank_math_lock_modified_date":false},"product_cat":[442,446,450,458,462,466,482,786,850],"product_tag":[],"class_list":{"0":"post-171060","1":"product","2":"type-product","3":"status-publish","4":"has-post-thumbnail","6":"product_cat-fleece-fr","7":"product_cat-kleding-fr","8":"product_cat-heren-fr","9":"product_cat-shorts-fr-2","10":"product_cat-vousten-sports-fr-2","11":"product_cat-broeken-fr","12":"product_cat-stone-island-fr-2","13":"product_cat-broek-fr","14":"product_cat-fleece-broeken-fr","16":"first","17":"outofstock","18":"taxable","19":"shipping-taxable","20":"purchasable","21":"product-type-variable"},"acf":[],"yoast_head":"<!-- This site is optimized with the Yoast SEO plugin v23.9 - https:\/\/yoast.com\/wordpress\/plugins\/seo\/ -->\n<title>STONE ISLAND - Bermuda polaire gris poussi\u00e8re (38759) - Vousten Sports<\/title>\n<meta name=\"robots\" content=\"index, follow, max-snippet:-1, max-image-preview:large, max-video-preview:-1\" \/>\n<link rel=\"canonical\" href=\"https:\/\/www.voustensports.com\/fr\/stone-island-cargo-bermuda-fleece-short-dust-gray-38759-2\/\" \/>\n<meta property=\"og:locale\" content=\"fr_FR\" \/>\n<meta property=\"og:type\" content=\"article\" \/>\n<meta property=\"og:title\" content=\"STONE ISLAND - Bermuda polaire gris poussi\u00e8re (38759) - Vousten Sports\" \/>\n<meta property=\"og:description\" content=\"D\u00c9TAILS DU PRODUIT Bermuda cargo en molleton de coton. Teint en pi\u00e8ce. STYLE Coupe r\u00e9guli\u00e8re. Poches pour les mains dans les coutures. Une poche arri\u00e8re avec bouton-pression cach\u00e9. Poche plaqu\u00e9e sur la jambe gauche portant l&rsquo;insigne Stone Island avec fermeture \u00e9clair dissimul\u00e9e. Taille \u00e9lastiqu\u00e9e avec cordon de serrage ext\u00e9rieur. Fermeture \u00e0 glissi\u00e8re. COMPOSITION V\u00caTEMENT: 100% [...]\" \/>\n<meta property=\"og:url\" content=\"https:\/\/www.voustensports.com\/fr\/stone-island-cargo-bermuda-fleece-short-dust-gray-38759-2\/\" \/>\n<meta property=\"og:site_name\" content=\"Vousten Sports\" \/>\n<meta property=\"article:modified_time\" content=\"2026-02-05T11:12:05+00:00\" \/>\n<meta property=\"og:image\" content=\"https:\/\/www.voustensports.com\/wp-content\/uploads\/2023\/06\/Cargo-bermuda-fleece-short-dust-gray-38759-1.jpg\" \/>\n\t<meta property=\"og:image:width\" content=\"1365\" \/>\n\t<meta property=\"og:image:height\" content=\"2048\" \/>\n\t<meta property=\"og:image:type\" content=\"image\/jpeg\" \/>\n<meta name=\"twitter:card\" content=\"summary_large_image\" \/>\n<script type=\"application\/ld+json\" class=\"yoast-schema-graph\">{\"@context\":\"https:\/\/schema.org\",\"@graph\":[{\"@type\":\"WebPage\",\"@id\":\"https:\/\/www.voustensports.com\/fr\/stone-island-cargo-bermuda-fleece-short-dust-gray-38759-2\/\",\"url\":\"https:\/\/www.voustensports.com\/fr\/stone-island-cargo-bermuda-fleece-short-dust-gray-38759-2\/\",\"name\":\"STONE ISLAND - Bermuda polaire gris poussi\u00e8re (38759) - Vousten Sports\",\"isPartOf\":{\"@id\":\"https:\/\/www.voustensports.com\/nl\/#website\"},\"primaryImageOfPage\":{\"@id\":\"https:\/\/www.voustensports.com\/fr\/stone-island-cargo-bermuda-fleece-short-dust-gray-38759-2\/#primaryimage\"},\"image\":{\"@id\":\"https:\/\/www.voustensports.com\/fr\/stone-island-cargo-bermuda-fleece-short-dust-gray-38759-2\/#primaryimage\"},\"thumbnailUrl\":\"https:\/\/www.voustensports.com\/wp-content\/uploads\/2023\/06\/Cargo-bermuda-fleece-short-dust-gray-38759-1.jpg\",\"datePublished\":\"2024-03-09T09:32:12+00:00\",\"dateModified\":\"2026-02-05T11:12:05+00:00\",\"breadcrumb\":{\"@id\":\"https:\/\/www.voustensports.com\/fr\/stone-island-cargo-bermuda-fleece-short-dust-gray-38759-2\/#breadcrumb\"},\"inLanguage\":\"fr-FR\",\"potentialAction\":[{\"@type\":\"ReadAction\",\"target\":[\"https:\/\/www.voustensports.com\/fr\/stone-island-cargo-bermuda-fleece-short-dust-gray-38759-2\/\"]}]},{\"@type\":\"ImageObject\",\"inLanguage\":\"fr-FR\",\"@id\":\"https:\/\/www.voustensports.com\/fr\/stone-island-cargo-bermuda-fleece-short-dust-gray-38759-2\/#primaryimage\",\"url\":\"https:\/\/www.voustensports.com\/wp-content\/uploads\/2023\/06\/Cargo-bermuda-fleece-short-dust-gray-38759-1.jpg\",\"contentUrl\":\"https:\/\/www.voustensports.com\/wp-content\/uploads\/2023\/06\/Cargo-bermuda-fleece-short-dust-gray-38759-1.jpg\",\"width\":1365,\"height\":2048},{\"@type\":\"BreadcrumbList\",\"@id\":\"https:\/\/www.voustensports.com\/fr\/stone-island-cargo-bermuda-fleece-short-dust-gray-38759-2\/#breadcrumb\",\"itemListElement\":[{\"@type\":\"ListItem\",\"position\":1,\"name\":\"Home\",\"item\":\"https:\/\/www.voustensports.com\/fr\/\"},{\"@type\":\"ListItem\",\"position\":2,\"name\":\"Boutique\",\"item\":\"https:\/\/www.voustensports.com\/fr\/shop\/\"},{\"@type\":\"ListItem\",\"position\":3,\"name\":\"STONE ISLAND &#8211; Bermuda polaire gris poussi\u00e8re (38759)\"}]},{\"@type\":\"WebSite\",\"@id\":\"https:\/\/www.voustensports.com\/nl\/#website\",\"url\":\"https:\/\/www.voustensports.com\/nl\/\",\"name\":\"Vousten Sports\",\"description\":\"\",\"potentialAction\":[{\"@type\":\"SearchAction\",\"target\":{\"@type\":\"EntryPoint\",\"urlTemplate\":\"https:\/\/www.voustensports.com\/nl\/?s={search_term_string}\"},\"query-input\":{\"@type\":\"PropertyValueSpecification\",\"valueRequired\":true,\"valueName\":\"search_term_string\"}}],\"inLanguage\":\"fr-FR\"}]}<\/script>\n<!-- \/ Yoast SEO plugin. -->","yoast_head_json":{"title":"STONE ISLAND - Bermuda polaire gris poussi\u00e8re (38759) - Vousten Sports","robots":{"index":"index","follow":"follow","max-snippet":"max-snippet:-1","max-image-preview":"max-image-preview:large","max-video-preview":"max-video-preview:-1"},"canonical":"https:\/\/www.voustensports.com\/fr\/stone-island-cargo-bermuda-fleece-short-dust-gray-38759-2\/","og_locale":"fr_FR","og_type":"article","og_title":"STONE ISLAND - Bermuda polaire gris poussi\u00e8re (38759) - Vousten Sports","og_description":"D\u00c9TAILS DU PRODUIT Bermuda cargo en molleton de coton. Teint en pi\u00e8ce. STYLE Coupe r\u00e9guli\u00e8re. Poches pour les mains dans les coutures. Une poche arri\u00e8re avec bouton-pression cach\u00e9. Poche plaqu\u00e9e sur la jambe gauche portant l&rsquo;insigne Stone Island avec fermeture \u00e9clair dissimul\u00e9e. Taille \u00e9lastiqu\u00e9e avec cordon de serrage ext\u00e9rieur. Fermeture \u00e0 glissi\u00e8re. COMPOSITION V\u00caTEMENT: 100% [...]","og_url":"https:\/\/www.voustensports.com\/fr\/stone-island-cargo-bermuda-fleece-short-dust-gray-38759-2\/","og_site_name":"Vousten Sports","article_modified_time":"2026-02-05T11:12:05+00:00","og_image":[{"width":1365,"height":2048,"url":"https:\/\/www.voustensports.com\/wp-content\/uploads\/2023\/06\/Cargo-bermuda-fleece-short-dust-gray-38759-1.jpg","type":"image\/jpeg"}],"twitter_card":"summary_large_image","schema":{"@context":"https:\/\/schema.org","@graph":[{"@type":"WebPage","@id":"https:\/\/www.voustensports.com\/fr\/stone-island-cargo-bermuda-fleece-short-dust-gray-38759-2\/","url":"https:\/\/www.voustensports.com\/fr\/stone-island-cargo-bermuda-fleece-short-dust-gray-38759-2\/","name":"STONE ISLAND - Bermuda polaire gris poussi\u00e8re (38759) - Vousten Sports","isPartOf":{"@id":"https:\/\/www.voustensports.com\/nl\/#website"},"primaryImageOfPage":{"@id":"https:\/\/www.voustensports.com\/fr\/stone-island-cargo-bermuda-fleece-short-dust-gray-38759-2\/#primaryimage"},"image":{"@id":"https:\/\/www.voustensports.com\/fr\/stone-island-cargo-bermuda-fleece-short-dust-gray-38759-2\/#primaryimage"},"thumbnailUrl":"https:\/\/www.voustensports.com\/wp-content\/uploads\/2023\/06\/Cargo-bermuda-fleece-short-dust-gray-38759-1.jpg","datePublished":"2024-03-09T09:32:12+00:00","dateModified":"2026-02-05T11:12:05+00:00","breadcrumb":{"@id":"https:\/\/www.voustensports.com\/fr\/stone-island-cargo-bermuda-fleece-short-dust-gray-38759-2\/#breadcrumb"},"inLanguage":"fr-FR","potentialAction":[{"@type":"ReadAction","target":["https:\/\/www.voustensports.com\/fr\/stone-island-cargo-bermuda-fleece-short-dust-gray-38759-2\/"]}]},{"@type":"ImageObject","inLanguage":"fr-FR","@id":"https:\/\/www.voustensports.com\/fr\/stone-island-cargo-bermuda-fleece-short-dust-gray-38759-2\/#primaryimage","url":"https:\/\/www.voustensports.com\/wp-content\/uploads\/2023\/06\/Cargo-bermuda-fleece-short-dust-gray-38759-1.jpg","contentUrl":"https:\/\/www.voustensports.com\/wp-content\/uploads\/2023\/06\/Cargo-bermuda-fleece-short-dust-gray-38759-1.jpg","width":1365,"height":2048},{"@type":"BreadcrumbList","@id":"https:\/\/www.voustensports.com\/fr\/stone-island-cargo-bermuda-fleece-short-dust-gray-38759-2\/#breadcrumb","itemListElement":[{"@type":"ListItem","position":1,"name":"Home","item":"https:\/\/www.voustensports.com\/fr\/"},{"@type":"ListItem","position":2,"name":"Boutique","item":"https:\/\/www.voustensports.com\/fr\/shop\/"},{"@type":"ListItem","position":3,"name":"STONE ISLAND &#8211; Bermuda polaire gris poussi\u00e8re (38759)"}]},{"@type":"WebSite","@id":"https:\/\/www.voustensports.com\/nl\/#website","url":"https:\/\/www.voustensports.com\/nl\/","name":"Vousten Sports","description":"","potentialAction":[{"@type":"SearchAction","target":{"@type":"EntryPoint","urlTemplate":"https:\/\/www.voustensports.com\/nl\/?s={search_term_string}"},"query-input":{"@type":"PropertyValueSpecification","valueRequired":true,"valueName":"search_term_string"}}],"inLanguage":"fr-FR"}]}},"_links":{"self":[{"href":"https:\/\/www.voustensports.com\/fr\/wp-json\/wp\/v2\/product\/171060","targetHints":{"allow":["GET"]}}],"collection":[{"href":"https:\/\/www.voustensports.com\/fr\/wp-json\/wp\/v2\/product"}],"about":[{"href":"https:\/\/www.voustensports.com\/fr\/wp-json\/wp\/v2\/types\/product"}],"replies":[{"embeddable":true,"href":"https:\/\/www.voustensports.com\/fr\/wp-json\/wp\/v2\/comments?post=171060"}],"wp:featuredmedia":[{"embeddable":true,"href":"https:\/\/www.voustensports.com\/fr\/wp-json\/wp\/v2\/media\/171048"}],"wp:attachment":[{"href":"https:\/\/www.voustensports.com\/fr\/wp-json\/wp\/v2\/media?parent=171060"}],"wp:term":[{"taxonomy":"product_cat","embeddable":true,"href":"https:\/\/www.voustensports.com\/fr\/wp-json\/wp\/v2\/product_cat?post=171060"},{"taxonomy":"product_tag","embeddable":true,"href":"https:\/\/www.voustensports.com\/fr\/wp-json\/wp\/v2\/product_tag?post=171060"}],"curies":[{"name":"wp","href":"https:\/\/api.w.org\/{rel}","templated":true}]}}