{"id":171020,"date":"2024-03-08T18:08:16","date_gmt":"2024-03-08T17:08:16","guid":{"rendered":"https:\/\/www.voustensports.com\/stone-island-bermuda-cargo-blanc-38772\/"},"modified":"2026-02-05T12:12:20","modified_gmt":"2026-02-05T11:12:20","slug":"stone-island-bermuda-cargo-blanc-38772","status":"publish","type":"product","link":"https:\/\/www.voustensports.com\/fr\/stone-island-bermuda-cargo-blanc-38772\/","title":{"rendered":"STONE ISLAND &#8211; BERMUDA CARGO COURT BLANC (38772)"},"content":{"rendered":"<p>D\u00c9TAILS DU PRODUIT<br \/>\nTRAITEMENT &lsquo;ANCIEN&rsquo; : Bermuda cargo en toile de coton bross\u00e9e. V\u00eatement teint avec le traitement &lsquo;OLD&rsquo;, un traitement de teinture exclusif suivi d&rsquo;une d\u00e9coloration sur le v\u00eatement fini pour un aspect l\u00e9g\u00e8rement us\u00e9 et tridimensionnel.<\/p>\n<p>STYLE<br \/>\nCoupe ajust\u00e9e.<br \/>\nPoches repose-mains, avec rabat anti-vent et fermeture zipp\u00e9e dissimul\u00e9e.<br \/>\nUne poche arri\u00e8re avec fermeture \u00e0 bouton-pression dissimul\u00e9e.<br \/>\nUne poche plaqu\u00e9e \u00e0 soufflet sur chaque jambe, ferm\u00e9e par rabat et bouton-pression.<br \/>\nBraguette zipp\u00e9e et boutonn\u00e9e.<\/p>\n<p>COMPOSITION<br \/>\n100% Coton<\/p>\n<p>Num\u00e9ro Stone Island\u00a0:\u00a0L11WA<br \/>\nNum\u00e9ro de couleur: V0001<br \/>\nNum\u00e9ro d&rsquo;identification : 38772<\/p>\n","protected":false},"excerpt":{"rendered":"<p>D\u00c9TAILS DU PRODUIT TRAITEMENT &lsquo;ANCIEN&rsquo; : Bermuda cargo en toile de coton bross\u00e9e. V\u00eatement teint avec le traitement &lsquo;OLD&rsquo;, un traitement de teinture exclusif suivi d&rsquo;une d\u00e9coloration sur le v\u00eatement fini pour un aspect l\u00e9g\u00e8rement us\u00e9 et tridimensionnel. STYLE Coupe ajust\u00e9e. Poches repose-mains, avec rabat anti-vent et fermeture zipp\u00e9e dissimul\u00e9e. Une poche arri\u00e8re avec fermeture [&#8230;]\n","protected":false},"featured_media":171008,"comment_status":"open","ping_status":"closed","template":"","meta":{"rank_math_lock_modified_date":false},"product_cat":[446,450,458,462,466,482],"product_tag":[],"class_list":{"0":"post-171020","1":"product","2":"type-product","3":"status-publish","4":"has-post-thumbnail","6":"product_cat-kleding-fr","7":"product_cat-heren-fr","8":"product_cat-shorts-fr-2","9":"product_cat-vousten-sports-fr-2","10":"product_cat-broeken-fr","11":"product_cat-stone-island-fr-2","13":"first","14":"instock","15":"taxable","16":"shipping-taxable","17":"purchasable","18":"product-type-variable"},"acf":[],"yoast_head":"<!-- This site is optimized with the Yoast SEO plugin v23.9 - https:\/\/yoast.com\/wordpress\/plugins\/seo\/ -->\n<title>STONE ISLAND - BERMUDA CARGO COURT BLANC (38772) - Vousten Sports<\/title>\n<meta name=\"robots\" content=\"index, follow, max-snippet:-1, max-image-preview:large, max-video-preview:-1\" \/>\n<link rel=\"canonical\" href=\"https:\/\/www.voustensports.com\/fr\/stone-island-bermuda-cargo-blanc-38772\/\" \/>\n<meta property=\"og:locale\" content=\"fr_FR\" \/>\n<meta property=\"og:type\" content=\"article\" \/>\n<meta property=\"og:title\" content=\"STONE ISLAND - BERMUDA CARGO COURT BLANC (38772) - Vousten Sports\" \/>\n<meta property=\"og:description\" content=\"D\u00c9TAILS DU PRODUIT TRAITEMENT &lsquo;ANCIEN&rsquo; : Bermuda cargo en toile de coton bross\u00e9e. V\u00eatement teint avec le traitement &lsquo;OLD&rsquo;, un traitement de teinture exclusif suivi d&rsquo;une d\u00e9coloration sur le v\u00eatement fini pour un aspect l\u00e9g\u00e8rement us\u00e9 et tridimensionnel. STYLE Coupe ajust\u00e9e. Poches repose-mains, avec rabat anti-vent et fermeture zipp\u00e9e dissimul\u00e9e. Une poche arri\u00e8re avec fermeture [...]\" \/>\n<meta property=\"og:url\" content=\"https:\/\/www.voustensports.com\/fr\/stone-island-bermuda-cargo-blanc-38772\/\" \/>\n<meta property=\"og:site_name\" content=\"Vousten Sports\" \/>\n<meta property=\"article:modified_time\" content=\"2026-02-05T11:12:20+00:00\" \/>\n<meta property=\"og:image\" content=\"https:\/\/www.voustensports.com\/wp-content\/uploads\/2023\/06\/Cargo-bermuda-short-wit-38772-1.png\" \/>\n\t<meta property=\"og:image:width\" content=\"1365\" \/>\n\t<meta property=\"og:image:height\" content=\"2048\" \/>\n\t<meta property=\"og:image:type\" content=\"image\/png\" \/>\n<meta name=\"twitter:card\" content=\"summary_large_image\" \/>\n<meta name=\"twitter:label1\" content=\"Est. reading time\" \/>\n\t<meta name=\"twitter:data1\" content=\"1 minute\" \/>\n<script type=\"application\/ld+json\" class=\"yoast-schema-graph\">{\"@context\":\"https:\/\/schema.org\",\"@graph\":[{\"@type\":\"WebPage\",\"@id\":\"https:\/\/www.voustensports.com\/fr\/stone-island-bermuda-cargo-blanc-38772\/\",\"url\":\"https:\/\/www.voustensports.com\/fr\/stone-island-bermuda-cargo-blanc-38772\/\",\"name\":\"STONE ISLAND - BERMUDA CARGO COURT BLANC (38772) - Vousten Sports\",\"isPartOf\":{\"@id\":\"https:\/\/www.voustensports.com\/nl\/#website\"},\"primaryImageOfPage\":{\"@id\":\"https:\/\/www.voustensports.com\/fr\/stone-island-bermuda-cargo-blanc-38772\/#primaryimage\"},\"image\":{\"@id\":\"https:\/\/www.voustensports.com\/fr\/stone-island-bermuda-cargo-blanc-38772\/#primaryimage\"},\"thumbnailUrl\":\"https:\/\/www.voustensports.com\/wp-content\/uploads\/2023\/06\/Cargo-bermuda-short-wit-38772-1.png\",\"datePublished\":\"2024-03-08T17:08:16+00:00\",\"dateModified\":\"2026-02-05T11:12:20+00:00\",\"breadcrumb\":{\"@id\":\"https:\/\/www.voustensports.com\/fr\/stone-island-bermuda-cargo-blanc-38772\/#breadcrumb\"},\"inLanguage\":\"fr-FR\",\"potentialAction\":[{\"@type\":\"ReadAction\",\"target\":[\"https:\/\/www.voustensports.com\/fr\/stone-island-bermuda-cargo-blanc-38772\/\"]}]},{\"@type\":\"ImageObject\",\"inLanguage\":\"fr-FR\",\"@id\":\"https:\/\/www.voustensports.com\/fr\/stone-island-bermuda-cargo-blanc-38772\/#primaryimage\",\"url\":\"https:\/\/www.voustensports.com\/wp-content\/uploads\/2023\/06\/Cargo-bermuda-short-wit-38772-1.png\",\"contentUrl\":\"https:\/\/www.voustensports.com\/wp-content\/uploads\/2023\/06\/Cargo-bermuda-short-wit-38772-1.png\",\"width\":1365,\"height\":2048},{\"@type\":\"BreadcrumbList\",\"@id\":\"https:\/\/www.voustensports.com\/fr\/stone-island-bermuda-cargo-blanc-38772\/#breadcrumb\",\"itemListElement\":[{\"@type\":\"ListItem\",\"position\":1,\"name\":\"Home\",\"item\":\"https:\/\/www.voustensports.com\/fr\/\"},{\"@type\":\"ListItem\",\"position\":2,\"name\":\"Boutique\",\"item\":\"https:\/\/www.voustensports.com\/fr\/shop\/\"},{\"@type\":\"ListItem\",\"position\":3,\"name\":\"STONE ISLAND &#8211; BERMUDA CARGO COURT BLANC (38772)\"}]},{\"@type\":\"WebSite\",\"@id\":\"https:\/\/www.voustensports.com\/nl\/#website\",\"url\":\"https:\/\/www.voustensports.com\/nl\/\",\"name\":\"Vousten Sports\",\"description\":\"\",\"potentialAction\":[{\"@type\":\"SearchAction\",\"target\":{\"@type\":\"EntryPoint\",\"urlTemplate\":\"https:\/\/www.voustensports.com\/nl\/?s={search_term_string}\"},\"query-input\":{\"@type\":\"PropertyValueSpecification\",\"valueRequired\":true,\"valueName\":\"search_term_string\"}}],\"inLanguage\":\"fr-FR\"}]}<\/script>\n<!-- \/ Yoast SEO plugin. -->","yoast_head_json":{"title":"STONE ISLAND - BERMUDA CARGO COURT BLANC (38772) - Vousten Sports","robots":{"index":"index","follow":"follow","max-snippet":"max-snippet:-1","max-image-preview":"max-image-preview:large","max-video-preview":"max-video-preview:-1"},"canonical":"https:\/\/www.voustensports.com\/fr\/stone-island-bermuda-cargo-blanc-38772\/","og_locale":"fr_FR","og_type":"article","og_title":"STONE ISLAND - BERMUDA CARGO COURT BLANC (38772) - Vousten Sports","og_description":"D\u00c9TAILS DU PRODUIT TRAITEMENT &lsquo;ANCIEN&rsquo; : Bermuda cargo en toile de coton bross\u00e9e. V\u00eatement teint avec le traitement &lsquo;OLD&rsquo;, un traitement de teinture exclusif suivi d&rsquo;une d\u00e9coloration sur le v\u00eatement fini pour un aspect l\u00e9g\u00e8rement us\u00e9 et tridimensionnel. STYLE Coupe ajust\u00e9e. Poches repose-mains, avec rabat anti-vent et fermeture zipp\u00e9e dissimul\u00e9e. Une poche arri\u00e8re avec fermeture [...]","og_url":"https:\/\/www.voustensports.com\/fr\/stone-island-bermuda-cargo-blanc-38772\/","og_site_name":"Vousten Sports","article_modified_time":"2026-02-05T11:12:20+00:00","og_image":[{"width":1365,"height":2048,"url":"https:\/\/www.voustensports.com\/wp-content\/uploads\/2023\/06\/Cargo-bermuda-short-wit-38772-1.png","type":"image\/png"}],"twitter_card":"summary_large_image","twitter_misc":{"Est. reading time":"1 minute"},"schema":{"@context":"https:\/\/schema.org","@graph":[{"@type":"WebPage","@id":"https:\/\/www.voustensports.com\/fr\/stone-island-bermuda-cargo-blanc-38772\/","url":"https:\/\/www.voustensports.com\/fr\/stone-island-bermuda-cargo-blanc-38772\/","name":"STONE ISLAND - BERMUDA CARGO COURT BLANC (38772) - Vousten Sports","isPartOf":{"@id":"https:\/\/www.voustensports.com\/nl\/#website"},"primaryImageOfPage":{"@id":"https:\/\/www.voustensports.com\/fr\/stone-island-bermuda-cargo-blanc-38772\/#primaryimage"},"image":{"@id":"https:\/\/www.voustensports.com\/fr\/stone-island-bermuda-cargo-blanc-38772\/#primaryimage"},"thumbnailUrl":"https:\/\/www.voustensports.com\/wp-content\/uploads\/2023\/06\/Cargo-bermuda-short-wit-38772-1.png","datePublished":"2024-03-08T17:08:16+00:00","dateModified":"2026-02-05T11:12:20+00:00","breadcrumb":{"@id":"https:\/\/www.voustensports.com\/fr\/stone-island-bermuda-cargo-blanc-38772\/#breadcrumb"},"inLanguage":"fr-FR","potentialAction":[{"@type":"ReadAction","target":["https:\/\/www.voustensports.com\/fr\/stone-island-bermuda-cargo-blanc-38772\/"]}]},{"@type":"ImageObject","inLanguage":"fr-FR","@id":"https:\/\/www.voustensports.com\/fr\/stone-island-bermuda-cargo-blanc-38772\/#primaryimage","url":"https:\/\/www.voustensports.com\/wp-content\/uploads\/2023\/06\/Cargo-bermuda-short-wit-38772-1.png","contentUrl":"https:\/\/www.voustensports.com\/wp-content\/uploads\/2023\/06\/Cargo-bermuda-short-wit-38772-1.png","width":1365,"height":2048},{"@type":"BreadcrumbList","@id":"https:\/\/www.voustensports.com\/fr\/stone-island-bermuda-cargo-blanc-38772\/#breadcrumb","itemListElement":[{"@type":"ListItem","position":1,"name":"Home","item":"https:\/\/www.voustensports.com\/fr\/"},{"@type":"ListItem","position":2,"name":"Boutique","item":"https:\/\/www.voustensports.com\/fr\/shop\/"},{"@type":"ListItem","position":3,"name":"STONE ISLAND &#8211; BERMUDA CARGO COURT BLANC (38772)"}]},{"@type":"WebSite","@id":"https:\/\/www.voustensports.com\/nl\/#website","url":"https:\/\/www.voustensports.com\/nl\/","name":"Vousten Sports","description":"","potentialAction":[{"@type":"SearchAction","target":{"@type":"EntryPoint","urlTemplate":"https:\/\/www.voustensports.com\/nl\/?s={search_term_string}"},"query-input":{"@type":"PropertyValueSpecification","valueRequired":true,"valueName":"search_term_string"}}],"inLanguage":"fr-FR"}]}},"_links":{"self":[{"href":"https:\/\/www.voustensports.com\/fr\/wp-json\/wp\/v2\/product\/171020","targetHints":{"allow":["GET"]}}],"collection":[{"href":"https:\/\/www.voustensports.com\/fr\/wp-json\/wp\/v2\/product"}],"about":[{"href":"https:\/\/www.voustensports.com\/fr\/wp-json\/wp\/v2\/types\/product"}],"replies":[{"embeddable":true,"href":"https:\/\/www.voustensports.com\/fr\/wp-json\/wp\/v2\/comments?post=171020"}],"wp:featuredmedia":[{"embeddable":true,"href":"https:\/\/www.voustensports.com\/fr\/wp-json\/wp\/v2\/media\/171008"}],"wp:attachment":[{"href":"https:\/\/www.voustensports.com\/fr\/wp-json\/wp\/v2\/media?parent=171020"}],"wp:term":[{"taxonomy":"product_cat","embeddable":true,"href":"https:\/\/www.voustensports.com\/fr\/wp-json\/wp\/v2\/product_cat?post=171020"},{"taxonomy":"product_tag","embeddable":true,"href":"https:\/\/www.voustensports.com\/fr\/wp-json\/wp\/v2\/product_tag?post=171020"}],"curies":[{"name":"wp","href":"https:\/\/api.w.org\/{rel}","templated":true}]}}