{"id":170961,"date":"2024-03-08T17:42:10","date_gmt":"2024-03-08T16:42:10","guid":{"rendered":"https:\/\/www.voustensports.com\/stone-island-gris-poussiere-cargo-3869\/"},"modified":"2026-02-05T12:10:34","modified_gmt":"2026-02-05T11:10:34","slug":"stone-island-gris-poussiere-cargo-3869","status":"publish","type":"product","link":"https:\/\/www.voustensports.com\/fr\/stone-island-gris-poussiere-cargo-3869\/","title":{"rendered":"STONE ISLAND &#8211; Gris poussi\u00e8re cargo (3869)"},"content":{"rendered":"<p>D\u00c9TAILS DU PRODUIT<br \/>\nPantalon cargo en toile de coton l\u00e9g\u00e8rement stretch. Teint en pi\u00e8ce.<\/p>\n<p>STYLE<br \/>\nCoupe fusel\u00e9e r\u00e9guli\u00e8re.<br \/>\nPoches pour les mains dans les coutures avec fermeture \u00e0 glissi\u00e8re cach\u00e9e.<br \/>\nUne poche arri\u00e8re avec bouton-pression cach\u00e9.<br \/>\nPoche \u00e0 soufflet sur les jambes avec rabat et bouton-pression cach\u00e9 ; la poche gauche porte l&rsquo;insigne Stone Island.<br \/>\nGenoux techniques.<br \/>\nBande \u00e9lastiqu\u00e9e en bas de jambe.<br \/>\nTaille \u00e9lastiqu\u00e9e avec cordon de serrage int\u00e9rieur.<br \/>\nFermeture \u00e0 glissi\u00e8re.<\/p>\n<p>D\u00c9TAILS<br \/>\nLargeur \u00e0 l&rsquo;extr\u00e9mit\u00e9 14,0 cm<\/p>\n<p>COMPOSITION<br \/>\n97% Coton 3% \u00c9lasthanne \/ \u00c9lasthanne<\/p>\n<p>Num\u00e9ro de Stone Island\u00a0: 31303<br \/>\nNum\u00e9ro de couleur: V0064<br \/>\nNum\u00e9ro d&rsquo;identification : 38695<\/p>\n","protected":false},"excerpt":{"rendered":"<p>D\u00c9TAILS DU PRODUIT Pantalon cargo en toile de coton l\u00e9g\u00e8rement stretch. Teint en pi\u00e8ce. STYLE Coupe fusel\u00e9e r\u00e9guli\u00e8re. Poches pour les mains dans les coutures avec fermeture \u00e0 glissi\u00e8re cach\u00e9e. Une poche arri\u00e8re avec bouton-pression cach\u00e9. Poche \u00e0 soufflet sur les jambes avec rabat et bouton-pression cach\u00e9 ; la poche gauche porte l&rsquo;insigne Stone Island. [&#8230;]\n","protected":false},"featured_media":170949,"comment_status":"open","ping_status":"closed","template":"","meta":{"rank_math_lock_modified_date":false},"product_cat":[446,450,462,466,482,786],"product_tag":[],"class_list":{"0":"post-170961","1":"product","2":"type-product","3":"status-publish","4":"has-post-thumbnail","6":"product_cat-kleding-fr","7":"product_cat-heren-fr","8":"product_cat-vousten-sports-fr-2","9":"product_cat-broeken-fr","10":"product_cat-stone-island-fr-2","11":"product_cat-broek-fr","13":"first","14":"outofstock","15":"taxable","16":"shipping-taxable","17":"purchasable","18":"product-type-variable"},"acf":[],"yoast_head":"<!-- This site is optimized with the Yoast SEO plugin v23.9 - https:\/\/yoast.com\/wordpress\/plugins\/seo\/ -->\n<title>STONE ISLAND - Gris poussi\u00e8re cargo (3869) - Vousten Sports<\/title>\n<meta name=\"robots\" content=\"index, follow, max-snippet:-1, max-image-preview:large, max-video-preview:-1\" \/>\n<link rel=\"canonical\" href=\"https:\/\/www.voustensports.com\/fr\/stone-island-gris-poussiere-cargo-3869\/\" \/>\n<meta property=\"og:locale\" content=\"fr_FR\" \/>\n<meta property=\"og:type\" content=\"article\" \/>\n<meta property=\"og:title\" content=\"STONE ISLAND - Gris poussi\u00e8re cargo (3869) - Vousten Sports\" \/>\n<meta property=\"og:description\" content=\"D\u00c9TAILS DU PRODUIT Pantalon cargo en toile de coton l\u00e9g\u00e8rement stretch. Teint en pi\u00e8ce. STYLE Coupe fusel\u00e9e r\u00e9guli\u00e8re. Poches pour les mains dans les coutures avec fermeture \u00e0 glissi\u00e8re cach\u00e9e. Une poche arri\u00e8re avec bouton-pression cach\u00e9. Poche \u00e0 soufflet sur les jambes avec rabat et bouton-pression cach\u00e9 ; la poche gauche porte l&rsquo;insigne Stone Island. [...]\" \/>\n<meta property=\"og:url\" content=\"https:\/\/www.voustensports.com\/fr\/stone-island-gris-poussiere-cargo-3869\/\" \/>\n<meta property=\"og:site_name\" content=\"Vousten Sports\" \/>\n<meta property=\"article:modified_time\" content=\"2026-02-05T11:10:34+00:00\" \/>\n<meta property=\"og:image\" content=\"https:\/\/www.voustensports.com\/wp-content\/uploads\/2023\/06\/Cargo-dust-gray-38695-1.png\" \/>\n\t<meta property=\"og:image:width\" content=\"1365\" \/>\n\t<meta property=\"og:image:height\" content=\"2048\" \/>\n\t<meta property=\"og:image:type\" content=\"image\/png\" \/>\n<meta name=\"twitter:card\" content=\"summary_large_image\" \/>\n<meta name=\"twitter:label1\" content=\"Est. reading time\" \/>\n\t<meta name=\"twitter:data1\" content=\"1 minute\" \/>\n<script type=\"application\/ld+json\" class=\"yoast-schema-graph\">{\"@context\":\"https:\/\/schema.org\",\"@graph\":[{\"@type\":\"WebPage\",\"@id\":\"https:\/\/www.voustensports.com\/fr\/stone-island-gris-poussiere-cargo-3869\/\",\"url\":\"https:\/\/www.voustensports.com\/fr\/stone-island-gris-poussiere-cargo-3869\/\",\"name\":\"STONE ISLAND - Gris poussi\u00e8re cargo (3869) - Vousten Sports\",\"isPartOf\":{\"@id\":\"https:\/\/www.voustensports.com\/nl\/#website\"},\"primaryImageOfPage\":{\"@id\":\"https:\/\/www.voustensports.com\/fr\/stone-island-gris-poussiere-cargo-3869\/#primaryimage\"},\"image\":{\"@id\":\"https:\/\/www.voustensports.com\/fr\/stone-island-gris-poussiere-cargo-3869\/#primaryimage\"},\"thumbnailUrl\":\"https:\/\/www.voustensports.com\/wp-content\/uploads\/2023\/06\/Cargo-dust-gray-38695-1.png\",\"datePublished\":\"2024-03-08T16:42:10+00:00\",\"dateModified\":\"2026-02-05T11:10:34+00:00\",\"breadcrumb\":{\"@id\":\"https:\/\/www.voustensports.com\/fr\/stone-island-gris-poussiere-cargo-3869\/#breadcrumb\"},\"inLanguage\":\"fr-FR\",\"potentialAction\":[{\"@type\":\"ReadAction\",\"target\":[\"https:\/\/www.voustensports.com\/fr\/stone-island-gris-poussiere-cargo-3869\/\"]}]},{\"@type\":\"ImageObject\",\"inLanguage\":\"fr-FR\",\"@id\":\"https:\/\/www.voustensports.com\/fr\/stone-island-gris-poussiere-cargo-3869\/#primaryimage\",\"url\":\"https:\/\/www.voustensports.com\/wp-content\/uploads\/2023\/06\/Cargo-dust-gray-38695-1.png\",\"contentUrl\":\"https:\/\/www.voustensports.com\/wp-content\/uploads\/2023\/06\/Cargo-dust-gray-38695-1.png\",\"width\":1365,\"height\":2048},{\"@type\":\"BreadcrumbList\",\"@id\":\"https:\/\/www.voustensports.com\/fr\/stone-island-gris-poussiere-cargo-3869\/#breadcrumb\",\"itemListElement\":[{\"@type\":\"ListItem\",\"position\":1,\"name\":\"Home\",\"item\":\"https:\/\/www.voustensports.com\/fr\/\"},{\"@type\":\"ListItem\",\"position\":2,\"name\":\"Boutique\",\"item\":\"https:\/\/www.voustensports.com\/fr\/shop\/\"},{\"@type\":\"ListItem\",\"position\":3,\"name\":\"STONE ISLAND &#8211; Gris poussi\u00e8re cargo (3869)\"}]},{\"@type\":\"WebSite\",\"@id\":\"https:\/\/www.voustensports.com\/nl\/#website\",\"url\":\"https:\/\/www.voustensports.com\/nl\/\",\"name\":\"Vousten Sports\",\"description\":\"\",\"potentialAction\":[{\"@type\":\"SearchAction\",\"target\":{\"@type\":\"EntryPoint\",\"urlTemplate\":\"https:\/\/www.voustensports.com\/nl\/?s={search_term_string}\"},\"query-input\":{\"@type\":\"PropertyValueSpecification\",\"valueRequired\":true,\"valueName\":\"search_term_string\"}}],\"inLanguage\":\"fr-FR\"}]}<\/script>\n<!-- \/ Yoast SEO plugin. -->","yoast_head_json":{"title":"STONE ISLAND - Gris poussi\u00e8re cargo (3869) - Vousten Sports","robots":{"index":"index","follow":"follow","max-snippet":"max-snippet:-1","max-image-preview":"max-image-preview:large","max-video-preview":"max-video-preview:-1"},"canonical":"https:\/\/www.voustensports.com\/fr\/stone-island-gris-poussiere-cargo-3869\/","og_locale":"fr_FR","og_type":"article","og_title":"STONE ISLAND - Gris poussi\u00e8re cargo (3869) - Vousten Sports","og_description":"D\u00c9TAILS DU PRODUIT Pantalon cargo en toile de coton l\u00e9g\u00e8rement stretch. Teint en pi\u00e8ce. STYLE Coupe fusel\u00e9e r\u00e9guli\u00e8re. Poches pour les mains dans les coutures avec fermeture \u00e0 glissi\u00e8re cach\u00e9e. Une poche arri\u00e8re avec bouton-pression cach\u00e9. Poche \u00e0 soufflet sur les jambes avec rabat et bouton-pression cach\u00e9 ; la poche gauche porte l&rsquo;insigne Stone Island. [...]","og_url":"https:\/\/www.voustensports.com\/fr\/stone-island-gris-poussiere-cargo-3869\/","og_site_name":"Vousten Sports","article_modified_time":"2026-02-05T11:10:34+00:00","og_image":[{"width":1365,"height":2048,"url":"https:\/\/www.voustensports.com\/wp-content\/uploads\/2023\/06\/Cargo-dust-gray-38695-1.png","type":"image\/png"}],"twitter_card":"summary_large_image","twitter_misc":{"Est. reading time":"1 minute"},"schema":{"@context":"https:\/\/schema.org","@graph":[{"@type":"WebPage","@id":"https:\/\/www.voustensports.com\/fr\/stone-island-gris-poussiere-cargo-3869\/","url":"https:\/\/www.voustensports.com\/fr\/stone-island-gris-poussiere-cargo-3869\/","name":"STONE ISLAND - Gris poussi\u00e8re cargo (3869) - Vousten Sports","isPartOf":{"@id":"https:\/\/www.voustensports.com\/nl\/#website"},"primaryImageOfPage":{"@id":"https:\/\/www.voustensports.com\/fr\/stone-island-gris-poussiere-cargo-3869\/#primaryimage"},"image":{"@id":"https:\/\/www.voustensports.com\/fr\/stone-island-gris-poussiere-cargo-3869\/#primaryimage"},"thumbnailUrl":"https:\/\/www.voustensports.com\/wp-content\/uploads\/2023\/06\/Cargo-dust-gray-38695-1.png","datePublished":"2024-03-08T16:42:10+00:00","dateModified":"2026-02-05T11:10:34+00:00","breadcrumb":{"@id":"https:\/\/www.voustensports.com\/fr\/stone-island-gris-poussiere-cargo-3869\/#breadcrumb"},"inLanguage":"fr-FR","potentialAction":[{"@type":"ReadAction","target":["https:\/\/www.voustensports.com\/fr\/stone-island-gris-poussiere-cargo-3869\/"]}]},{"@type":"ImageObject","inLanguage":"fr-FR","@id":"https:\/\/www.voustensports.com\/fr\/stone-island-gris-poussiere-cargo-3869\/#primaryimage","url":"https:\/\/www.voustensports.com\/wp-content\/uploads\/2023\/06\/Cargo-dust-gray-38695-1.png","contentUrl":"https:\/\/www.voustensports.com\/wp-content\/uploads\/2023\/06\/Cargo-dust-gray-38695-1.png","width":1365,"height":2048},{"@type":"BreadcrumbList","@id":"https:\/\/www.voustensports.com\/fr\/stone-island-gris-poussiere-cargo-3869\/#breadcrumb","itemListElement":[{"@type":"ListItem","position":1,"name":"Home","item":"https:\/\/www.voustensports.com\/fr\/"},{"@type":"ListItem","position":2,"name":"Boutique","item":"https:\/\/www.voustensports.com\/fr\/shop\/"},{"@type":"ListItem","position":3,"name":"STONE ISLAND &#8211; Gris poussi\u00e8re cargo (3869)"}]},{"@type":"WebSite","@id":"https:\/\/www.voustensports.com\/nl\/#website","url":"https:\/\/www.voustensports.com\/nl\/","name":"Vousten Sports","description":"","potentialAction":[{"@type":"SearchAction","target":{"@type":"EntryPoint","urlTemplate":"https:\/\/www.voustensports.com\/nl\/?s={search_term_string}"},"query-input":{"@type":"PropertyValueSpecification","valueRequired":true,"valueName":"search_term_string"}}],"inLanguage":"fr-FR"}]}},"_links":{"self":[{"href":"https:\/\/www.voustensports.com\/fr\/wp-json\/wp\/v2\/product\/170961","targetHints":{"allow":["GET"]}}],"collection":[{"href":"https:\/\/www.voustensports.com\/fr\/wp-json\/wp\/v2\/product"}],"about":[{"href":"https:\/\/www.voustensports.com\/fr\/wp-json\/wp\/v2\/types\/product"}],"replies":[{"embeddable":true,"href":"https:\/\/www.voustensports.com\/fr\/wp-json\/wp\/v2\/comments?post=170961"}],"wp:featuredmedia":[{"embeddable":true,"href":"https:\/\/www.voustensports.com\/fr\/wp-json\/wp\/v2\/media\/170949"}],"wp:attachment":[{"href":"https:\/\/www.voustensports.com\/fr\/wp-json\/wp\/v2\/media?parent=170961"}],"wp:term":[{"taxonomy":"product_cat","embeddable":true,"href":"https:\/\/www.voustensports.com\/fr\/wp-json\/wp\/v2\/product_cat?post=170961"},{"taxonomy":"product_tag","embeddable":true,"href":"https:\/\/www.voustensports.com\/fr\/wp-json\/wp\/v2\/product_tag?post=170961"}],"curies":[{"name":"wp","href":"https:\/\/api.w.org\/{rel}","templated":true}]}}