{"id":170754,"date":"2024-03-07T12:00:23","date_gmt":"2024-03-07T11:00:23","guid":{"rendered":"https:\/\/www.voustensports.com\/jacob-cohen-j622-nick-slim-limited-3872-705d-38600-2\/"},"modified":"2026-02-05T12:09:15","modified_gmt":"2026-02-05T11:09:15","slug":"jacob-cohen-j622-nick-slim-limited-3872-705d-38600-2","status":"publish","type":"product","link":"https:\/\/www.voustensports.com\/fr\/jacob-cohen-j622-nick-slim-limited-3872-705d-38600-2\/","title":{"rendered":"Jacob Cohen &#8211; J622 (Nick Slim) LIMITED 3872 705D (38600)"},"content":{"rendered":"<p>C&rsquo;est un jean moderne et a une coupe slim.<\/p>\n<ul>\n<li>Est un jean exclusif<\/li>\n<li>Jean extensible<\/li>\n<li>Hauteur de taille normale<\/li>\n<li>Fermeture boutonn\u00e9e<\/li>\n<li>Equip\u00e9 d&rsquo;un patch jaune et rouge<\/li>\n<li>Mati\u00e8re : 93% coton, 5% polyester, 2% \u00e9lasthanne<\/li>\n<li>Largeur du pied : 17 cm<\/li>\n<li>Longueur de base : 35 pouces (peut varier l\u00e9g\u00e8rement selon le lavage)<\/li>\n<li>Ces jeans Jacob Cohen sont fabriqu\u00e9s \u00e0 la main en V\u00e9n\u00e9tie, dans le nord-est de l&rsquo;Italie.<\/li>\n<\/ul>\n<p>Fourni avec une \u00e9charpe assortie gratuite et du fil suppl\u00e9mentaire de la bonne couleur pour le raccourcissement.<\/p>\n","protected":false},"excerpt":{"rendered":"<p>C&rsquo;est un jean moderne et a une coupe slim. Est un jean exclusif Jean extensible Hauteur de taille normale Fermeture boutonn\u00e9e Equip\u00e9 d&rsquo;un patch jaune et rouge Mati\u00e8re : 93% coton, 5% polyester, 2% \u00e9lasthanne Largeur du pied : 17 cm Longueur de base : 35 pouces (peut varier l\u00e9g\u00e8rement selon le lavage) Ces jeans [&#8230;]\n","protected":false},"featured_media":175607,"comment_status":"open","ping_status":"closed","template":"","meta":{"rank_math_lock_modified_date":false},"product_cat":[568,583,589,595,604,786,450,462,466],"product_tag":[],"class_list":{"0":"post-170754","1":"product","2":"type-product","3":"status-publish","4":"has-post-thumbnail","6":"product_cat-jacob-cohen-jeans-fr","7":"product_cat-heren-jeans-fr","8":"product_cat-jeans-fr","9":"product_cat-limited-edition-fr","10":"product_cat-622-slim-fr","11":"product_cat-broek-fr","12":"product_cat-heren-fr","13":"product_cat-vousten-sports-fr-2","14":"product_cat-broeken-fr","16":"first","17":"instock","18":"taxable","19":"shipping-taxable","20":"purchasable","21":"product-type-variable"},"acf":[],"yoast_head":"<!-- This site is optimized with the Yoast SEO plugin v23.9 - https:\/\/yoast.com\/wordpress\/plugins\/seo\/ -->\n<title>Jacob Cohen - J622 (Nick Slim) LIMITED 3872 705D (38600) - Vousten Sports<\/title>\n<meta name=\"robots\" content=\"index, follow, max-snippet:-1, max-image-preview:large, max-video-preview:-1\" \/>\n<link rel=\"canonical\" href=\"https:\/\/www.voustensports.com\/fr\/jacob-cohen-j622-nick-slim-limited-3872-705d-38600-2\/\" \/>\n<meta property=\"og:locale\" content=\"fr_FR\" \/>\n<meta property=\"og:type\" content=\"article\" \/>\n<meta property=\"og:title\" content=\"Jacob Cohen - J622 (Nick Slim) LIMITED 3872 705D (38600) - Vousten Sports\" \/>\n<meta property=\"og:description\" content=\"C&rsquo;est un jean moderne et a une coupe slim. Est un jean exclusif Jean extensible Hauteur de taille normale Fermeture boutonn\u00e9e Equip\u00e9 d&rsquo;un patch jaune et rouge Mati\u00e8re : 93% coton, 5% polyester, 2% \u00e9lasthanne Largeur du pied : 17 cm Longueur de base : 35 pouces (peut varier l\u00e9g\u00e8rement selon le lavage) Ces jeans [...]\" \/>\n<meta property=\"og:url\" content=\"https:\/\/www.voustensports.com\/fr\/jacob-cohen-j622-nick-slim-limited-3872-705d-38600-2\/\" \/>\n<meta property=\"og:site_name\" content=\"Vousten Sports\" \/>\n<meta property=\"article:modified_time\" content=\"2026-02-05T11:09:15+00:00\" \/>\n<meta property=\"og:image\" content=\"https:\/\/www.voustensports.com\/wp-content\/uploads\/2023\/06\/Jacob-Cohen-J622-Nick-Slim-LIMITED-3872-705D-38600.jpg\" \/>\n\t<meta property=\"og:image:width\" content=\"800\" \/>\n\t<meta property=\"og:image:height\" content=\"2250\" \/>\n\t<meta property=\"og:image:type\" content=\"image\/jpeg\" \/>\n<meta name=\"twitter:card\" content=\"summary_large_image\" \/>\n<script type=\"application\/ld+json\" class=\"yoast-schema-graph\">{\"@context\":\"https:\/\/schema.org\",\"@graph\":[{\"@type\":\"WebPage\",\"@id\":\"https:\/\/www.voustensports.com\/fr\/jacob-cohen-j622-nick-slim-limited-3872-705d-38600-2\/\",\"url\":\"https:\/\/www.voustensports.com\/fr\/jacob-cohen-j622-nick-slim-limited-3872-705d-38600-2\/\",\"name\":\"Jacob Cohen - J622 (Nick Slim) LIMITED 3872 705D (38600) - Vousten Sports\",\"isPartOf\":{\"@id\":\"https:\/\/www.voustensports.com\/nl\/#website\"},\"primaryImageOfPage\":{\"@id\":\"https:\/\/www.voustensports.com\/fr\/jacob-cohen-j622-nick-slim-limited-3872-705d-38600-2\/#primaryimage\"},\"image\":{\"@id\":\"https:\/\/www.voustensports.com\/fr\/jacob-cohen-j622-nick-slim-limited-3872-705d-38600-2\/#primaryimage\"},\"thumbnailUrl\":\"https:\/\/www.voustensports.com\/wp-content\/uploads\/2023\/06\/Jacob-Cohen-J622-Nick-Slim-LIMITED-3872-705D-38600.jpg\",\"datePublished\":\"2024-03-07T11:00:23+00:00\",\"dateModified\":\"2026-02-05T11:09:15+00:00\",\"breadcrumb\":{\"@id\":\"https:\/\/www.voustensports.com\/fr\/jacob-cohen-j622-nick-slim-limited-3872-705d-38600-2\/#breadcrumb\"},\"inLanguage\":\"fr-FR\",\"potentialAction\":[{\"@type\":\"ReadAction\",\"target\":[\"https:\/\/www.voustensports.com\/fr\/jacob-cohen-j622-nick-slim-limited-3872-705d-38600-2\/\"]}]},{\"@type\":\"ImageObject\",\"inLanguage\":\"fr-FR\",\"@id\":\"https:\/\/www.voustensports.com\/fr\/jacob-cohen-j622-nick-slim-limited-3872-705d-38600-2\/#primaryimage\",\"url\":\"https:\/\/www.voustensports.com\/wp-content\/uploads\/2023\/06\/Jacob-Cohen-J622-Nick-Slim-LIMITED-3872-705D-38600.jpg\",\"contentUrl\":\"https:\/\/www.voustensports.com\/wp-content\/uploads\/2023\/06\/Jacob-Cohen-J622-Nick-Slim-LIMITED-3872-705D-38600.jpg\",\"width\":800,\"height\":2250},{\"@type\":\"BreadcrumbList\",\"@id\":\"https:\/\/www.voustensports.com\/fr\/jacob-cohen-j622-nick-slim-limited-3872-705d-38600-2\/#breadcrumb\",\"itemListElement\":[{\"@type\":\"ListItem\",\"position\":1,\"name\":\"Home\",\"item\":\"https:\/\/www.voustensports.com\/fr\/\"},{\"@type\":\"ListItem\",\"position\":2,\"name\":\"Boutique\",\"item\":\"https:\/\/www.voustensports.com\/fr\/shop\/\"},{\"@type\":\"ListItem\",\"position\":3,\"name\":\"Jacob Cohen &#8211; J622 (Nick Slim) LIMITED 3872 705D (38600)\"}]},{\"@type\":\"WebSite\",\"@id\":\"https:\/\/www.voustensports.com\/nl\/#website\",\"url\":\"https:\/\/www.voustensports.com\/nl\/\",\"name\":\"Vousten Sports\",\"description\":\"\",\"potentialAction\":[{\"@type\":\"SearchAction\",\"target\":{\"@type\":\"EntryPoint\",\"urlTemplate\":\"https:\/\/www.voustensports.com\/nl\/?s={search_term_string}\"},\"query-input\":{\"@type\":\"PropertyValueSpecification\",\"valueRequired\":true,\"valueName\":\"search_term_string\"}}],\"inLanguage\":\"fr-FR\"}]}<\/script>\n<!-- \/ Yoast SEO plugin. -->","yoast_head_json":{"title":"Jacob Cohen - J622 (Nick Slim) LIMITED 3872 705D (38600) - Vousten Sports","robots":{"index":"index","follow":"follow","max-snippet":"max-snippet:-1","max-image-preview":"max-image-preview:large","max-video-preview":"max-video-preview:-1"},"canonical":"https:\/\/www.voustensports.com\/fr\/jacob-cohen-j622-nick-slim-limited-3872-705d-38600-2\/","og_locale":"fr_FR","og_type":"article","og_title":"Jacob Cohen - J622 (Nick Slim) LIMITED 3872 705D (38600) - Vousten Sports","og_description":"C&rsquo;est un jean moderne et a une coupe slim. Est un jean exclusif Jean extensible Hauteur de taille normale Fermeture boutonn\u00e9e Equip\u00e9 d&rsquo;un patch jaune et rouge Mati\u00e8re : 93% coton, 5% polyester, 2% \u00e9lasthanne Largeur du pied : 17 cm Longueur de base : 35 pouces (peut varier l\u00e9g\u00e8rement selon le lavage) Ces jeans [...]","og_url":"https:\/\/www.voustensports.com\/fr\/jacob-cohen-j622-nick-slim-limited-3872-705d-38600-2\/","og_site_name":"Vousten Sports","article_modified_time":"2026-02-05T11:09:15+00:00","og_image":[{"width":800,"height":2250,"url":"https:\/\/www.voustensports.com\/wp-content\/uploads\/2023\/06\/Jacob-Cohen-J622-Nick-Slim-LIMITED-3872-705D-38600.jpg","type":"image\/jpeg"}],"twitter_card":"summary_large_image","schema":{"@context":"https:\/\/schema.org","@graph":[{"@type":"WebPage","@id":"https:\/\/www.voustensports.com\/fr\/jacob-cohen-j622-nick-slim-limited-3872-705d-38600-2\/","url":"https:\/\/www.voustensports.com\/fr\/jacob-cohen-j622-nick-slim-limited-3872-705d-38600-2\/","name":"Jacob Cohen - J622 (Nick Slim) LIMITED 3872 705D (38600) - Vousten Sports","isPartOf":{"@id":"https:\/\/www.voustensports.com\/nl\/#website"},"primaryImageOfPage":{"@id":"https:\/\/www.voustensports.com\/fr\/jacob-cohen-j622-nick-slim-limited-3872-705d-38600-2\/#primaryimage"},"image":{"@id":"https:\/\/www.voustensports.com\/fr\/jacob-cohen-j622-nick-slim-limited-3872-705d-38600-2\/#primaryimage"},"thumbnailUrl":"https:\/\/www.voustensports.com\/wp-content\/uploads\/2023\/06\/Jacob-Cohen-J622-Nick-Slim-LIMITED-3872-705D-38600.jpg","datePublished":"2024-03-07T11:00:23+00:00","dateModified":"2026-02-05T11:09:15+00:00","breadcrumb":{"@id":"https:\/\/www.voustensports.com\/fr\/jacob-cohen-j622-nick-slim-limited-3872-705d-38600-2\/#breadcrumb"},"inLanguage":"fr-FR","potentialAction":[{"@type":"ReadAction","target":["https:\/\/www.voustensports.com\/fr\/jacob-cohen-j622-nick-slim-limited-3872-705d-38600-2\/"]}]},{"@type":"ImageObject","inLanguage":"fr-FR","@id":"https:\/\/www.voustensports.com\/fr\/jacob-cohen-j622-nick-slim-limited-3872-705d-38600-2\/#primaryimage","url":"https:\/\/www.voustensports.com\/wp-content\/uploads\/2023\/06\/Jacob-Cohen-J622-Nick-Slim-LIMITED-3872-705D-38600.jpg","contentUrl":"https:\/\/www.voustensports.com\/wp-content\/uploads\/2023\/06\/Jacob-Cohen-J622-Nick-Slim-LIMITED-3872-705D-38600.jpg","width":800,"height":2250},{"@type":"BreadcrumbList","@id":"https:\/\/www.voustensports.com\/fr\/jacob-cohen-j622-nick-slim-limited-3872-705d-38600-2\/#breadcrumb","itemListElement":[{"@type":"ListItem","position":1,"name":"Home","item":"https:\/\/www.voustensports.com\/fr\/"},{"@type":"ListItem","position":2,"name":"Boutique","item":"https:\/\/www.voustensports.com\/fr\/shop\/"},{"@type":"ListItem","position":3,"name":"Jacob Cohen &#8211; J622 (Nick Slim) LIMITED 3872 705D (38600)"}]},{"@type":"WebSite","@id":"https:\/\/www.voustensports.com\/nl\/#website","url":"https:\/\/www.voustensports.com\/nl\/","name":"Vousten Sports","description":"","potentialAction":[{"@type":"SearchAction","target":{"@type":"EntryPoint","urlTemplate":"https:\/\/www.voustensports.com\/nl\/?s={search_term_string}"},"query-input":{"@type":"PropertyValueSpecification","valueRequired":true,"valueName":"search_term_string"}}],"inLanguage":"fr-FR"}]}},"_links":{"self":[{"href":"https:\/\/www.voustensports.com\/fr\/wp-json\/wp\/v2\/product\/170754","targetHints":{"allow":["GET"]}}],"collection":[{"href":"https:\/\/www.voustensports.com\/fr\/wp-json\/wp\/v2\/product"}],"about":[{"href":"https:\/\/www.voustensports.com\/fr\/wp-json\/wp\/v2\/types\/product"}],"replies":[{"embeddable":true,"href":"https:\/\/www.voustensports.com\/fr\/wp-json\/wp\/v2\/comments?post=170754"}],"wp:featuredmedia":[{"embeddable":true,"href":"https:\/\/www.voustensports.com\/fr\/wp-json\/wp\/v2\/media\/175607"}],"wp:attachment":[{"href":"https:\/\/www.voustensports.com\/fr\/wp-json\/wp\/v2\/media?parent=170754"}],"wp:term":[{"taxonomy":"product_cat","embeddable":true,"href":"https:\/\/www.voustensports.com\/fr\/wp-json\/wp\/v2\/product_cat?post=170754"},{"taxonomy":"product_tag","embeddable":true,"href":"https:\/\/www.voustensports.com\/fr\/wp-json\/wp\/v2\/product_tag?post=170754"}],"curies":[{"name":"wp","href":"https:\/\/api.w.org\/{rel}","templated":true}]}}