{"id":170639,"date":"2024-03-06T10:32:17","date_gmt":"2024-03-06T09:32:17","guid":{"rendered":"https:\/\/www.voustensports.com\/stone-island-surchemise-vert-musc-38692\/"},"modified":"2026-01-17T02:51:04","modified_gmt":"2026-01-17T01:51:04","slug":"stone-island-surchemise-vert-musc-38692","status":"publish","type":"product","link":"https:\/\/www.voustensports.com\/fr\/stone-island-surchemise-vert-musc-38692\/","title":{"rendered":"STONE ISLAND &#8211; CHEMISE \u00c0 MANCHES LONGUES COUPE CONFORT (38692)"},"content":{"rendered":"<p>D\u00c9TAILS DU PRODUIT<br \/>\nChemise \u00e0 manches longues en toile l\u00e9g\u00e8re \u00ab parachute \u00bb de coton. Teint en pi\u00e8ce.<\/p>\n<p>STYLE<br \/>\nCoupe confort.<br \/>\nCol boutonn\u00e9.<br \/>\nSur la poitrine, une poche plaqu\u00e9e \u00e0 rabat et fermeture boutonn\u00e9e cach\u00e9e.<br \/>\nCi-dessous, imprim\u00e9 lettrage Stone Island en relief.<br \/>\nPoignets boutonn\u00e9s.<br \/>\nEmpi\u00e8cement avec deux petits plis au dos.<br \/>\nFond arrondi.<br \/>\nFermeture boutons.<\/p>\n<p>COMPOSITION<br \/>\n100% Coton<\/p>\n<p>Num\u00e9ro de Stone Island\u00a0: 511705<br \/>\nNum\u00e9ro de couleur: V0059<br \/>\nNum\u00e9ro d&rsquo;identification : 38692<\/p>\n","protected":false},"excerpt":{"rendered":"<p>D\u00c9TAILS DU PRODUIT Chemise \u00e0 manches longues en toile l\u00e9g\u00e8re \u00ab parachute \u00bb de coton. Teint en pi\u00e8ce. STYLE Coupe confort. Col boutonn\u00e9. Sur la poitrine, une poche plaqu\u00e9e \u00e0 rabat et fermeture boutonn\u00e9e cach\u00e9e. Ci-dessous, imprim\u00e9 lettrage Stone Island en relief. Poignets boutonn\u00e9s. Empi\u00e8cement avec deux petits plis au dos. Fond arrondi. Fermeture boutons. [&#8230;]\n","protected":false},"featured_media":170627,"comment_status":"open","ping_status":"closed","template":"","meta":{"rank_math_lock_modified_date":false},"product_cat":[482,739,843,446,450,462],"product_tag":[],"class_list":{"0":"post-170639","1":"product","2":"type-product","3":"status-publish","4":"has-post-thumbnail","6":"product_cat-stone-island-fr-2","7":"product_cat-overshirt-fr-2","8":"product_cat-stone-presale-23-fr","9":"product_cat-kleding-fr","10":"product_cat-heren-fr","11":"product_cat-vousten-sports-fr-2","13":"first","14":"outofstock","15":"taxable","16":"shipping-taxable","17":"purchasable","18":"product-type-variable"},"acf":[],"yoast_head":"<!-- This site is optimized with the Yoast SEO plugin v23.9 - https:\/\/yoast.com\/wordpress\/plugins\/seo\/ -->\n<title>STONE ISLAND - CHEMISE \u00c0 MANCHES LONGUES COUPE CONFORT (38692) - Vousten Sports<\/title>\n<meta name=\"robots\" content=\"index, follow, max-snippet:-1, max-image-preview:large, max-video-preview:-1\" \/>\n<link rel=\"canonical\" href=\"https:\/\/www.voustensports.com\/fr\/stone-island-surchemise-vert-musc-38692\/\" \/>\n<meta property=\"og:locale\" content=\"fr_FR\" \/>\n<meta property=\"og:type\" content=\"article\" \/>\n<meta property=\"og:title\" content=\"STONE ISLAND - CHEMISE \u00c0 MANCHES LONGUES COUPE CONFORT (38692) - Vousten Sports\" \/>\n<meta property=\"og:description\" content=\"D\u00c9TAILS DU PRODUIT Chemise \u00e0 manches longues en toile l\u00e9g\u00e8re \u00ab parachute \u00bb de coton. Teint en pi\u00e8ce. STYLE Coupe confort. Col boutonn\u00e9. Sur la poitrine, une poche plaqu\u00e9e \u00e0 rabat et fermeture boutonn\u00e9e cach\u00e9e. Ci-dessous, imprim\u00e9 lettrage Stone Island en relief. Poignets boutonn\u00e9s. Empi\u00e8cement avec deux petits plis au dos. Fond arrondi. Fermeture boutons. [...]\" \/>\n<meta property=\"og:url\" content=\"https:\/\/www.voustensports.com\/fr\/stone-island-surchemise-vert-musc-38692\/\" \/>\n<meta property=\"og:site_name\" content=\"Vousten Sports\" \/>\n<meta property=\"article:modified_time\" content=\"2026-01-17T01:51:04+00:00\" \/>\n<meta property=\"og:image\" content=\"https:\/\/www.voustensports.com\/wp-content\/uploads\/2023\/06\/Overshirt-musk-green-38692-1.png\" \/>\n\t<meta property=\"og:image:width\" content=\"1365\" \/>\n\t<meta property=\"og:image:height\" content=\"2048\" \/>\n\t<meta property=\"og:image:type\" content=\"image\/png\" \/>\n<meta name=\"twitter:card\" content=\"summary_large_image\" \/>\n<script type=\"application\/ld+json\" class=\"yoast-schema-graph\">{\"@context\":\"https:\/\/schema.org\",\"@graph\":[{\"@type\":\"WebPage\",\"@id\":\"https:\/\/www.voustensports.com\/fr\/stone-island-surchemise-vert-musc-38692\/\",\"url\":\"https:\/\/www.voustensports.com\/fr\/stone-island-surchemise-vert-musc-38692\/\",\"name\":\"STONE ISLAND - CHEMISE \u00c0 MANCHES LONGUES COUPE CONFORT (38692) - Vousten Sports\",\"isPartOf\":{\"@id\":\"https:\/\/www.voustensports.com\/nl\/#website\"},\"primaryImageOfPage\":{\"@id\":\"https:\/\/www.voustensports.com\/fr\/stone-island-surchemise-vert-musc-38692\/#primaryimage\"},\"image\":{\"@id\":\"https:\/\/www.voustensports.com\/fr\/stone-island-surchemise-vert-musc-38692\/#primaryimage\"},\"thumbnailUrl\":\"https:\/\/www.voustensports.com\/wp-content\/uploads\/2023\/06\/Overshirt-musk-green-38692-1.png\",\"datePublished\":\"2024-03-06T09:32:17+00:00\",\"dateModified\":\"2026-01-17T01:51:04+00:00\",\"breadcrumb\":{\"@id\":\"https:\/\/www.voustensports.com\/fr\/stone-island-surchemise-vert-musc-38692\/#breadcrumb\"},\"inLanguage\":\"fr-FR\",\"potentialAction\":[{\"@type\":\"ReadAction\",\"target\":[\"https:\/\/www.voustensports.com\/fr\/stone-island-surchemise-vert-musc-38692\/\"]}]},{\"@type\":\"ImageObject\",\"inLanguage\":\"fr-FR\",\"@id\":\"https:\/\/www.voustensports.com\/fr\/stone-island-surchemise-vert-musc-38692\/#primaryimage\",\"url\":\"https:\/\/www.voustensports.com\/wp-content\/uploads\/2023\/06\/Overshirt-musk-green-38692-1.png\",\"contentUrl\":\"https:\/\/www.voustensports.com\/wp-content\/uploads\/2023\/06\/Overshirt-musk-green-38692-1.png\",\"width\":1365,\"height\":2048},{\"@type\":\"BreadcrumbList\",\"@id\":\"https:\/\/www.voustensports.com\/fr\/stone-island-surchemise-vert-musc-38692\/#breadcrumb\",\"itemListElement\":[{\"@type\":\"ListItem\",\"position\":1,\"name\":\"Home\",\"item\":\"https:\/\/www.voustensports.com\/fr\/\"},{\"@type\":\"ListItem\",\"position\":2,\"name\":\"Boutique\",\"item\":\"https:\/\/www.voustensports.com\/fr\/shop\/\"},{\"@type\":\"ListItem\",\"position\":3,\"name\":\"STONE ISLAND &#8211; CHEMISE \u00c0 MANCHES LONGUES COUPE CONFORT (38692)\"}]},{\"@type\":\"WebSite\",\"@id\":\"https:\/\/www.voustensports.com\/nl\/#website\",\"url\":\"https:\/\/www.voustensports.com\/nl\/\",\"name\":\"Vousten Sports\",\"description\":\"\",\"potentialAction\":[{\"@type\":\"SearchAction\",\"target\":{\"@type\":\"EntryPoint\",\"urlTemplate\":\"https:\/\/www.voustensports.com\/nl\/?s={search_term_string}\"},\"query-input\":{\"@type\":\"PropertyValueSpecification\",\"valueRequired\":true,\"valueName\":\"search_term_string\"}}],\"inLanguage\":\"fr-FR\"}]}<\/script>\n<!-- \/ Yoast SEO plugin. -->","yoast_head_json":{"title":"STONE ISLAND - CHEMISE \u00c0 MANCHES LONGUES COUPE CONFORT (38692) - Vousten Sports","robots":{"index":"index","follow":"follow","max-snippet":"max-snippet:-1","max-image-preview":"max-image-preview:large","max-video-preview":"max-video-preview:-1"},"canonical":"https:\/\/www.voustensports.com\/fr\/stone-island-surchemise-vert-musc-38692\/","og_locale":"fr_FR","og_type":"article","og_title":"STONE ISLAND - CHEMISE \u00c0 MANCHES LONGUES COUPE CONFORT (38692) - Vousten Sports","og_description":"D\u00c9TAILS DU PRODUIT Chemise \u00e0 manches longues en toile l\u00e9g\u00e8re \u00ab parachute \u00bb de coton. Teint en pi\u00e8ce. STYLE Coupe confort. Col boutonn\u00e9. Sur la poitrine, une poche plaqu\u00e9e \u00e0 rabat et fermeture boutonn\u00e9e cach\u00e9e. Ci-dessous, imprim\u00e9 lettrage Stone Island en relief. Poignets boutonn\u00e9s. Empi\u00e8cement avec deux petits plis au dos. Fond arrondi. Fermeture boutons. [...]","og_url":"https:\/\/www.voustensports.com\/fr\/stone-island-surchemise-vert-musc-38692\/","og_site_name":"Vousten Sports","article_modified_time":"2026-01-17T01:51:04+00:00","og_image":[{"width":1365,"height":2048,"url":"https:\/\/www.voustensports.com\/wp-content\/uploads\/2023\/06\/Overshirt-musk-green-38692-1.png","type":"image\/png"}],"twitter_card":"summary_large_image","schema":{"@context":"https:\/\/schema.org","@graph":[{"@type":"WebPage","@id":"https:\/\/www.voustensports.com\/fr\/stone-island-surchemise-vert-musc-38692\/","url":"https:\/\/www.voustensports.com\/fr\/stone-island-surchemise-vert-musc-38692\/","name":"STONE ISLAND - CHEMISE \u00c0 MANCHES LONGUES COUPE CONFORT (38692) - Vousten Sports","isPartOf":{"@id":"https:\/\/www.voustensports.com\/nl\/#website"},"primaryImageOfPage":{"@id":"https:\/\/www.voustensports.com\/fr\/stone-island-surchemise-vert-musc-38692\/#primaryimage"},"image":{"@id":"https:\/\/www.voustensports.com\/fr\/stone-island-surchemise-vert-musc-38692\/#primaryimage"},"thumbnailUrl":"https:\/\/www.voustensports.com\/wp-content\/uploads\/2023\/06\/Overshirt-musk-green-38692-1.png","datePublished":"2024-03-06T09:32:17+00:00","dateModified":"2026-01-17T01:51:04+00:00","breadcrumb":{"@id":"https:\/\/www.voustensports.com\/fr\/stone-island-surchemise-vert-musc-38692\/#breadcrumb"},"inLanguage":"fr-FR","potentialAction":[{"@type":"ReadAction","target":["https:\/\/www.voustensports.com\/fr\/stone-island-surchemise-vert-musc-38692\/"]}]},{"@type":"ImageObject","inLanguage":"fr-FR","@id":"https:\/\/www.voustensports.com\/fr\/stone-island-surchemise-vert-musc-38692\/#primaryimage","url":"https:\/\/www.voustensports.com\/wp-content\/uploads\/2023\/06\/Overshirt-musk-green-38692-1.png","contentUrl":"https:\/\/www.voustensports.com\/wp-content\/uploads\/2023\/06\/Overshirt-musk-green-38692-1.png","width":1365,"height":2048},{"@type":"BreadcrumbList","@id":"https:\/\/www.voustensports.com\/fr\/stone-island-surchemise-vert-musc-38692\/#breadcrumb","itemListElement":[{"@type":"ListItem","position":1,"name":"Home","item":"https:\/\/www.voustensports.com\/fr\/"},{"@type":"ListItem","position":2,"name":"Boutique","item":"https:\/\/www.voustensports.com\/fr\/shop\/"},{"@type":"ListItem","position":3,"name":"STONE ISLAND &#8211; CHEMISE \u00c0 MANCHES LONGUES COUPE CONFORT (38692)"}]},{"@type":"WebSite","@id":"https:\/\/www.voustensports.com\/nl\/#website","url":"https:\/\/www.voustensports.com\/nl\/","name":"Vousten Sports","description":"","potentialAction":[{"@type":"SearchAction","target":{"@type":"EntryPoint","urlTemplate":"https:\/\/www.voustensports.com\/nl\/?s={search_term_string}"},"query-input":{"@type":"PropertyValueSpecification","valueRequired":true,"valueName":"search_term_string"}}],"inLanguage":"fr-FR"}]}},"_links":{"self":[{"href":"https:\/\/www.voustensports.com\/fr\/wp-json\/wp\/v2\/product\/170639","targetHints":{"allow":["GET"]}}],"collection":[{"href":"https:\/\/www.voustensports.com\/fr\/wp-json\/wp\/v2\/product"}],"about":[{"href":"https:\/\/www.voustensports.com\/fr\/wp-json\/wp\/v2\/types\/product"}],"replies":[{"embeddable":true,"href":"https:\/\/www.voustensports.com\/fr\/wp-json\/wp\/v2\/comments?post=170639"}],"wp:featuredmedia":[{"embeddable":true,"href":"https:\/\/www.voustensports.com\/fr\/wp-json\/wp\/v2\/media\/170627"}],"wp:attachment":[{"href":"https:\/\/www.voustensports.com\/fr\/wp-json\/wp\/v2\/media?parent=170639"}],"wp:term":[{"taxonomy":"product_cat","embeddable":true,"href":"https:\/\/www.voustensports.com\/fr\/wp-json\/wp\/v2\/product_cat?post=170639"},{"taxonomy":"product_tag","embeddable":true,"href":"https:\/\/www.voustensports.com\/fr\/wp-json\/wp\/v2\/product_tag?post=170639"}],"curies":[{"name":"wp","href":"https:\/\/api.w.org\/{rel}","templated":true}]}}