{"id":170407,"date":"2024-03-02T16:34:07","date_gmt":"2024-03-02T15:34:07","guid":{"rendered":"https:\/\/www.voustensports.com\/stone-island-fermeture-eclair-blanche-38743\/"},"modified":"2026-02-05T12:11:39","modified_gmt":"2026-02-05T11:11:39","slug":"stone-island-fermeture-eclair-blanche-38743","status":"publish","type":"product","link":"https:\/\/www.voustensports.com\/fr\/stone-island-fermeture-eclair-blanche-38743\/","title":{"rendered":"STONE ISLAND &#8211; Fermeture \u00e9clair blanche (38743)"},"content":{"rendered":"<div>D\u00c9TAILS DU PRODUIT<\/div>\n<div>Sweat-shirt demi-zipp\u00e9 en molleton de coton \u00e9pais, \u00e0 surface l\u00e9g\u00e8rement irr\u00e9guli\u00e8re. Teint en pi\u00e8ce.<\/div>\n<div><\/div>\n<div>STYLE<\/div>\n<div>Coupe confort.<\/div>\n<div>Col chemise avec doublure dos en jersey l\u00e9ger, fermeture zipp\u00e9e.<\/div>\n<div>Petit lettrage Stone Island caoutchout\u00e9 en relief sur la poitrine.<\/div>\n<div>Petit surjet sur les coutures des \u00e9paules et des emmanchures.<\/div>\n<div>Poignets c\u00f4tel\u00e9s.<\/div>\n<div>Ligne inf\u00e9rieure arrondie avec fentes lat\u00e9rales.<\/div>\n<div><\/div>\n<div>COMPOSITION<\/div>\n<div>100% Coton<\/div>\n<div><\/div>\n<div>Num\u00e9ro de Stone Island : 61055<\/div>\n<div>Num\u00e9ro de couleur: V0001<\/div>\n<div>Num\u00e9ro d&rsquo;identification : 38743<\/div>\n","protected":false},"excerpt":{"rendered":"<p>D\u00c9TAILS DU PRODUIT Sweat-shirt demi-zipp\u00e9 en molleton de coton \u00e9pais, \u00e0 surface l\u00e9g\u00e8rement irr\u00e9guli\u00e8re. Teint en pi\u00e8ce. STYLE Coupe confort. Col chemise avec doublure dos en jersey l\u00e9ger, fermeture zipp\u00e9e. Petit lettrage Stone Island caoutchout\u00e9 en relief sur la poitrine. Petit surjet sur les coutures des \u00e9paules et des emmanchures. Poignets c\u00f4tel\u00e9s. Ligne inf\u00e9rieure arrondie [&#8230;]\n","protected":false},"featured_media":170395,"comment_status":"open","ping_status":"closed","template":"","meta":{"rank_math_lock_modified_date":false},"product_cat":[446,450,462,482,534,694,843],"product_tag":[],"class_list":{"0":"post-170407","1":"product","2":"type-product","3":"status-publish","4":"has-post-thumbnail","6":"product_cat-kleding-fr","7":"product_cat-heren-fr","8":"product_cat-vousten-sports-fr-2","9":"product_cat-stone-island-fr-2","10":"product_cat-truien-fr-2","11":"product_cat-truien-vesten-fr-2","12":"product_cat-stone-presale-23-fr","14":"first","15":"instock","16":"taxable","17":"shipping-taxable","18":"purchasable","19":"product-type-variable"},"acf":[],"yoast_head":"<!-- This site is optimized with the Yoast SEO plugin v23.9 - https:\/\/yoast.com\/wordpress\/plugins\/seo\/ -->\n<title>STONE ISLAND - Fermeture \u00e9clair blanche (38743) - Vousten Sports<\/title>\n<meta name=\"robots\" content=\"index, follow, max-snippet:-1, max-image-preview:large, max-video-preview:-1\" \/>\n<link rel=\"canonical\" href=\"https:\/\/www.voustensports.com\/fr\/stone-island-fermeture-eclair-blanche-38743\/\" \/>\n<meta property=\"og:locale\" content=\"fr_FR\" \/>\n<meta property=\"og:type\" content=\"article\" \/>\n<meta property=\"og:title\" content=\"STONE ISLAND - Fermeture \u00e9clair blanche (38743) - Vousten Sports\" \/>\n<meta property=\"og:description\" content=\"D\u00c9TAILS DU PRODUIT Sweat-shirt demi-zipp\u00e9 en molleton de coton \u00e9pais, \u00e0 surface l\u00e9g\u00e8rement irr\u00e9guli\u00e8re. Teint en pi\u00e8ce. STYLE Coupe confort. Col chemise avec doublure dos en jersey l\u00e9ger, fermeture zipp\u00e9e. Petit lettrage Stone Island caoutchout\u00e9 en relief sur la poitrine. Petit surjet sur les coutures des \u00e9paules et des emmanchures. Poignets c\u00f4tel\u00e9s. Ligne inf\u00e9rieure arrondie [...]\" \/>\n<meta property=\"og:url\" content=\"https:\/\/www.voustensports.com\/fr\/stone-island-fermeture-eclair-blanche-38743\/\" \/>\n<meta property=\"og:site_name\" content=\"Vousten Sports\" \/>\n<meta property=\"article:modified_time\" content=\"2026-02-05T11:11:39+00:00\" \/>\n<meta property=\"og:image\" content=\"https:\/\/www.voustensports.com\/wp-content\/uploads\/2023\/06\/Zipper-wit-38743-1.jpg\" \/>\n\t<meta property=\"og:image:width\" content=\"1365\" \/>\n\t<meta property=\"og:image:height\" content=\"2048\" \/>\n\t<meta property=\"og:image:type\" content=\"image\/jpeg\" \/>\n<meta name=\"twitter:card\" content=\"summary_large_image\" \/>\n<script type=\"application\/ld+json\" class=\"yoast-schema-graph\">{\"@context\":\"https:\/\/schema.org\",\"@graph\":[{\"@type\":\"WebPage\",\"@id\":\"https:\/\/www.voustensports.com\/fr\/stone-island-fermeture-eclair-blanche-38743\/\",\"url\":\"https:\/\/www.voustensports.com\/fr\/stone-island-fermeture-eclair-blanche-38743\/\",\"name\":\"STONE ISLAND - Fermeture \u00e9clair blanche (38743) - Vousten Sports\",\"isPartOf\":{\"@id\":\"https:\/\/www.voustensports.com\/nl\/#website\"},\"primaryImageOfPage\":{\"@id\":\"https:\/\/www.voustensports.com\/fr\/stone-island-fermeture-eclair-blanche-38743\/#primaryimage\"},\"image\":{\"@id\":\"https:\/\/www.voustensports.com\/fr\/stone-island-fermeture-eclair-blanche-38743\/#primaryimage\"},\"thumbnailUrl\":\"https:\/\/www.voustensports.com\/wp-content\/uploads\/2023\/06\/Zipper-wit-38743-1.jpg\",\"datePublished\":\"2024-03-02T15:34:07+00:00\",\"dateModified\":\"2026-02-05T11:11:39+00:00\",\"breadcrumb\":{\"@id\":\"https:\/\/www.voustensports.com\/fr\/stone-island-fermeture-eclair-blanche-38743\/#breadcrumb\"},\"inLanguage\":\"fr-FR\",\"potentialAction\":[{\"@type\":\"ReadAction\",\"target\":[\"https:\/\/www.voustensports.com\/fr\/stone-island-fermeture-eclair-blanche-38743\/\"]}]},{\"@type\":\"ImageObject\",\"inLanguage\":\"fr-FR\",\"@id\":\"https:\/\/www.voustensports.com\/fr\/stone-island-fermeture-eclair-blanche-38743\/#primaryimage\",\"url\":\"https:\/\/www.voustensports.com\/wp-content\/uploads\/2023\/06\/Zipper-wit-38743-1.jpg\",\"contentUrl\":\"https:\/\/www.voustensports.com\/wp-content\/uploads\/2023\/06\/Zipper-wit-38743-1.jpg\",\"width\":1365,\"height\":2048},{\"@type\":\"BreadcrumbList\",\"@id\":\"https:\/\/www.voustensports.com\/fr\/stone-island-fermeture-eclair-blanche-38743\/#breadcrumb\",\"itemListElement\":[{\"@type\":\"ListItem\",\"position\":1,\"name\":\"Home\",\"item\":\"https:\/\/www.voustensports.com\/fr\/\"},{\"@type\":\"ListItem\",\"position\":2,\"name\":\"Boutique\",\"item\":\"https:\/\/www.voustensports.com\/fr\/shop\/\"},{\"@type\":\"ListItem\",\"position\":3,\"name\":\"STONE ISLAND &#8211; Fermeture \u00e9clair blanche (38743)\"}]},{\"@type\":\"WebSite\",\"@id\":\"https:\/\/www.voustensports.com\/nl\/#website\",\"url\":\"https:\/\/www.voustensports.com\/nl\/\",\"name\":\"Vousten Sports\",\"description\":\"\",\"potentialAction\":[{\"@type\":\"SearchAction\",\"target\":{\"@type\":\"EntryPoint\",\"urlTemplate\":\"https:\/\/www.voustensports.com\/nl\/?s={search_term_string}\"},\"query-input\":{\"@type\":\"PropertyValueSpecification\",\"valueRequired\":true,\"valueName\":\"search_term_string\"}}],\"inLanguage\":\"fr-FR\"}]}<\/script>\n<!-- \/ Yoast SEO plugin. -->","yoast_head_json":{"title":"STONE ISLAND - Fermeture \u00e9clair blanche (38743) - Vousten Sports","robots":{"index":"index","follow":"follow","max-snippet":"max-snippet:-1","max-image-preview":"max-image-preview:large","max-video-preview":"max-video-preview:-1"},"canonical":"https:\/\/www.voustensports.com\/fr\/stone-island-fermeture-eclair-blanche-38743\/","og_locale":"fr_FR","og_type":"article","og_title":"STONE ISLAND - Fermeture \u00e9clair blanche (38743) - Vousten Sports","og_description":"D\u00c9TAILS DU PRODUIT Sweat-shirt demi-zipp\u00e9 en molleton de coton \u00e9pais, \u00e0 surface l\u00e9g\u00e8rement irr\u00e9guli\u00e8re. Teint en pi\u00e8ce. STYLE Coupe confort. Col chemise avec doublure dos en jersey l\u00e9ger, fermeture zipp\u00e9e. Petit lettrage Stone Island caoutchout\u00e9 en relief sur la poitrine. Petit surjet sur les coutures des \u00e9paules et des emmanchures. Poignets c\u00f4tel\u00e9s. Ligne inf\u00e9rieure arrondie [...]","og_url":"https:\/\/www.voustensports.com\/fr\/stone-island-fermeture-eclair-blanche-38743\/","og_site_name":"Vousten Sports","article_modified_time":"2026-02-05T11:11:39+00:00","og_image":[{"width":1365,"height":2048,"url":"https:\/\/www.voustensports.com\/wp-content\/uploads\/2023\/06\/Zipper-wit-38743-1.jpg","type":"image\/jpeg"}],"twitter_card":"summary_large_image","schema":{"@context":"https:\/\/schema.org","@graph":[{"@type":"WebPage","@id":"https:\/\/www.voustensports.com\/fr\/stone-island-fermeture-eclair-blanche-38743\/","url":"https:\/\/www.voustensports.com\/fr\/stone-island-fermeture-eclair-blanche-38743\/","name":"STONE ISLAND - Fermeture \u00e9clair blanche (38743) - Vousten Sports","isPartOf":{"@id":"https:\/\/www.voustensports.com\/nl\/#website"},"primaryImageOfPage":{"@id":"https:\/\/www.voustensports.com\/fr\/stone-island-fermeture-eclair-blanche-38743\/#primaryimage"},"image":{"@id":"https:\/\/www.voustensports.com\/fr\/stone-island-fermeture-eclair-blanche-38743\/#primaryimage"},"thumbnailUrl":"https:\/\/www.voustensports.com\/wp-content\/uploads\/2023\/06\/Zipper-wit-38743-1.jpg","datePublished":"2024-03-02T15:34:07+00:00","dateModified":"2026-02-05T11:11:39+00:00","breadcrumb":{"@id":"https:\/\/www.voustensports.com\/fr\/stone-island-fermeture-eclair-blanche-38743\/#breadcrumb"},"inLanguage":"fr-FR","potentialAction":[{"@type":"ReadAction","target":["https:\/\/www.voustensports.com\/fr\/stone-island-fermeture-eclair-blanche-38743\/"]}]},{"@type":"ImageObject","inLanguage":"fr-FR","@id":"https:\/\/www.voustensports.com\/fr\/stone-island-fermeture-eclair-blanche-38743\/#primaryimage","url":"https:\/\/www.voustensports.com\/wp-content\/uploads\/2023\/06\/Zipper-wit-38743-1.jpg","contentUrl":"https:\/\/www.voustensports.com\/wp-content\/uploads\/2023\/06\/Zipper-wit-38743-1.jpg","width":1365,"height":2048},{"@type":"BreadcrumbList","@id":"https:\/\/www.voustensports.com\/fr\/stone-island-fermeture-eclair-blanche-38743\/#breadcrumb","itemListElement":[{"@type":"ListItem","position":1,"name":"Home","item":"https:\/\/www.voustensports.com\/fr\/"},{"@type":"ListItem","position":2,"name":"Boutique","item":"https:\/\/www.voustensports.com\/fr\/shop\/"},{"@type":"ListItem","position":3,"name":"STONE ISLAND &#8211; Fermeture \u00e9clair blanche (38743)"}]},{"@type":"WebSite","@id":"https:\/\/www.voustensports.com\/nl\/#website","url":"https:\/\/www.voustensports.com\/nl\/","name":"Vousten Sports","description":"","potentialAction":[{"@type":"SearchAction","target":{"@type":"EntryPoint","urlTemplate":"https:\/\/www.voustensports.com\/nl\/?s={search_term_string}"},"query-input":{"@type":"PropertyValueSpecification","valueRequired":true,"valueName":"search_term_string"}}],"inLanguage":"fr-FR"}]}},"_links":{"self":[{"href":"https:\/\/www.voustensports.com\/fr\/wp-json\/wp\/v2\/product\/170407","targetHints":{"allow":["GET"]}}],"collection":[{"href":"https:\/\/www.voustensports.com\/fr\/wp-json\/wp\/v2\/product"}],"about":[{"href":"https:\/\/www.voustensports.com\/fr\/wp-json\/wp\/v2\/types\/product"}],"replies":[{"embeddable":true,"href":"https:\/\/www.voustensports.com\/fr\/wp-json\/wp\/v2\/comments?post=170407"}],"wp:featuredmedia":[{"embeddable":true,"href":"https:\/\/www.voustensports.com\/fr\/wp-json\/wp\/v2\/media\/170395"}],"wp:attachment":[{"href":"https:\/\/www.voustensports.com\/fr\/wp-json\/wp\/v2\/media?parent=170407"}],"wp:term":[{"taxonomy":"product_cat","embeddable":true,"href":"https:\/\/www.voustensports.com\/fr\/wp-json\/wp\/v2\/product_cat?post=170407"},{"taxonomy":"product_tag","embeddable":true,"href":"https:\/\/www.voustensports.com\/fr\/wp-json\/wp\/v2\/product_tag?post=170407"}],"curies":[{"name":"wp","href":"https:\/\/api.w.org\/{rel}","templated":true}]}}