{"id":165637,"date":"2024-01-13T19:10:14","date_gmt":"2024-01-13T18:10:14","guid":{"rendered":"https:\/\/www.voustensports.com\/stone-island-bermuda-traitement-vieux-gris-38711\/"},"modified":"2026-02-05T12:10:55","modified_gmt":"2026-02-05T11:10:55","slug":"stone-island-bermuda-traitement-vieux-gris-38711","status":"publish","type":"product","link":"https:\/\/www.voustensports.com\/fr\/stone-island-bermuda-traitement-vieux-gris-38711\/","title":{"rendered":"STONE ISLAND &#8211; Bermuda traitement &#8216;vieux&#8217; gris (38711)"},"content":{"rendered":"<p>D\u00c9TAILS DU PRODUIT<br \/>\nTRAITEMENT &lsquo;ANCIEN&rsquo; : Bermuda cargo en toile de coton bross\u00e9e. V\u00eatement teint en pi\u00e8ce avec le traitement &lsquo;OLD&rsquo;, un traitement de teinture exclusif suivi d&rsquo;une d\u00e9coloration sur le v\u00eatement fini pour un aspect l\u00e9g\u00e8rement us\u00e9 et tridimensionnel.<\/p>\n<p>STYLE<br \/>\nCoupe ajust\u00e9e.<br \/>\nPoches pour les mains avec rabat anti-vent et fermeture \u00e9clair dissimul\u00e9e.<br \/>\nUne poche arri\u00e8re avec bouton-pression cach\u00e9.<br \/>\nUne poche plaqu\u00e9e \u00e0 soufflet sur chaque jambe avec rabat et bouton-pression.<br \/>\nFermeture \u00e0 glissi\u00e8re et braguette boutonn\u00e9e.<\/p>\n<p>COMPOSITION<br \/>\n97% Coton 3% \u00c9lasthanne \/ \u00c9lasthanne<\/p>\n<p>Num\u00e9ro Stone Island\u00a0:\u00a0L11WA<br \/>\nNum\u00e9ro de couleur: V0165<br \/>\nNum\u00e9ro d&rsquo;identification : 38711<\/p>\n","protected":false},"excerpt":{"rendered":"<p>D\u00c9TAILS DU PRODUIT TRAITEMENT &lsquo;ANCIEN&rsquo; : Bermuda cargo en toile de coton bross\u00e9e. V\u00eatement teint en pi\u00e8ce avec le traitement &lsquo;OLD&rsquo;, un traitement de teinture exclusif suivi d&rsquo;une d\u00e9coloration sur le v\u00eatement fini pour un aspect l\u00e9g\u00e8rement us\u00e9 et tridimensionnel. STYLE Coupe ajust\u00e9e. Poches pour les mains avec rabat anti-vent et fermeture \u00e9clair dissimul\u00e9e. Une [&#8230;]\n","protected":false},"featured_media":165625,"comment_status":"open","ping_status":"closed","template":"","meta":{"rank_math_lock_modified_date":false},"product_cat":[446,450,458,462,466,482,786],"product_tag":[],"class_list":{"0":"post-165637","1":"product","2":"type-product","3":"status-publish","4":"has-post-thumbnail","6":"product_cat-kleding-fr","7":"product_cat-heren-fr","8":"product_cat-shorts-fr-2","9":"product_cat-vousten-sports-fr-2","10":"product_cat-broeken-fr","11":"product_cat-stone-island-fr-2","12":"product_cat-broek-fr","14":"first","15":"outofstock","16":"taxable","17":"shipping-taxable","18":"purchasable","19":"product-type-variable"},"acf":[],"yoast_head":"<!-- This site is optimized with the Yoast SEO plugin v23.9 - https:\/\/yoast.com\/wordpress\/plugins\/seo\/ -->\n<title>STONE ISLAND - Bermuda traitement &#8216;vieux&#8217; gris (38711) - Vousten Sports<\/title>\n<meta name=\"robots\" content=\"index, follow, max-snippet:-1, max-image-preview:large, max-video-preview:-1\" \/>\n<link rel=\"canonical\" href=\"https:\/\/www.voustensports.com\/fr\/stone-island-bermuda-traitement-vieux-gris-38711\/\" \/>\n<meta property=\"og:locale\" content=\"fr_FR\" \/>\n<meta property=\"og:type\" content=\"article\" \/>\n<meta property=\"og:title\" content=\"STONE ISLAND - Bermuda traitement &#8216;vieux&#8217; gris (38711) - Vousten Sports\" \/>\n<meta property=\"og:description\" content=\"D\u00c9TAILS DU PRODUIT TRAITEMENT &lsquo;ANCIEN&rsquo; : Bermuda cargo en toile de coton bross\u00e9e. V\u00eatement teint en pi\u00e8ce avec le traitement &lsquo;OLD&rsquo;, un traitement de teinture exclusif suivi d&rsquo;une d\u00e9coloration sur le v\u00eatement fini pour un aspect l\u00e9g\u00e8rement us\u00e9 et tridimensionnel. STYLE Coupe ajust\u00e9e. Poches pour les mains avec rabat anti-vent et fermeture \u00e9clair dissimul\u00e9e. Une [...]\" \/>\n<meta property=\"og:url\" content=\"https:\/\/www.voustensports.com\/fr\/stone-island-bermuda-traitement-vieux-gris-38711\/\" \/>\n<meta property=\"og:site_name\" content=\"Vousten Sports\" \/>\n<meta property=\"article:modified_time\" content=\"2026-02-05T11:10:55+00:00\" \/>\n<meta property=\"og:image\" content=\"https:\/\/www.voustensports.com\/wp-content\/uploads\/2023\/06\/Bermuda-shorts-\u2018old-treatment-gray-38711-1.jpg\" \/>\n\t<meta property=\"og:image:width\" content=\"1365\" \/>\n\t<meta property=\"og:image:height\" content=\"2048\" \/>\n\t<meta property=\"og:image:type\" content=\"image\/jpeg\" \/>\n<meta name=\"twitter:card\" content=\"summary_large_image\" \/>\n<meta name=\"twitter:label1\" content=\"Est. reading time\" \/>\n\t<meta name=\"twitter:data1\" content=\"1 minute\" \/>\n<script type=\"application\/ld+json\" class=\"yoast-schema-graph\">{\"@context\":\"https:\/\/schema.org\",\"@graph\":[{\"@type\":\"WebPage\",\"@id\":\"https:\/\/www.voustensports.com\/fr\/stone-island-bermuda-traitement-vieux-gris-38711\/\",\"url\":\"https:\/\/www.voustensports.com\/fr\/stone-island-bermuda-traitement-vieux-gris-38711\/\",\"name\":\"STONE ISLAND - Bermuda traitement &#8216;vieux&#8217; gris (38711) - Vousten Sports\",\"isPartOf\":{\"@id\":\"https:\/\/www.voustensports.com\/nl\/#website\"},\"primaryImageOfPage\":{\"@id\":\"https:\/\/www.voustensports.com\/fr\/stone-island-bermuda-traitement-vieux-gris-38711\/#primaryimage\"},\"image\":{\"@id\":\"https:\/\/www.voustensports.com\/fr\/stone-island-bermuda-traitement-vieux-gris-38711\/#primaryimage\"},\"thumbnailUrl\":\"https:\/\/www.voustensports.com\/wp-content\/uploads\/2023\/06\/Bermuda-shorts-\u2018old-treatment-gray-38711-1.jpg\",\"datePublished\":\"2024-01-13T18:10:14+00:00\",\"dateModified\":\"2026-02-05T11:10:55+00:00\",\"breadcrumb\":{\"@id\":\"https:\/\/www.voustensports.com\/fr\/stone-island-bermuda-traitement-vieux-gris-38711\/#breadcrumb\"},\"inLanguage\":\"fr-FR\",\"potentialAction\":[{\"@type\":\"ReadAction\",\"target\":[\"https:\/\/www.voustensports.com\/fr\/stone-island-bermuda-traitement-vieux-gris-38711\/\"]}]},{\"@type\":\"ImageObject\",\"inLanguage\":\"fr-FR\",\"@id\":\"https:\/\/www.voustensports.com\/fr\/stone-island-bermuda-traitement-vieux-gris-38711\/#primaryimage\",\"url\":\"https:\/\/www.voustensports.com\/wp-content\/uploads\/2023\/06\/Bermuda-shorts-\u2018old-treatment-gray-38711-1.jpg\",\"contentUrl\":\"https:\/\/www.voustensports.com\/wp-content\/uploads\/2023\/06\/Bermuda-shorts-\u2018old-treatment-gray-38711-1.jpg\",\"width\":1365,\"height\":2048},{\"@type\":\"BreadcrumbList\",\"@id\":\"https:\/\/www.voustensports.com\/fr\/stone-island-bermuda-traitement-vieux-gris-38711\/#breadcrumb\",\"itemListElement\":[{\"@type\":\"ListItem\",\"position\":1,\"name\":\"Home\",\"item\":\"https:\/\/www.voustensports.com\/fr\/\"},{\"@type\":\"ListItem\",\"position\":2,\"name\":\"Boutique\",\"item\":\"https:\/\/www.voustensports.com\/fr\/shop\/\"},{\"@type\":\"ListItem\",\"position\":3,\"name\":\"STONE ISLAND &#8211; Bermuda traitement &#8216;vieux&#8217; gris (38711)\"}]},{\"@type\":\"WebSite\",\"@id\":\"https:\/\/www.voustensports.com\/nl\/#website\",\"url\":\"https:\/\/www.voustensports.com\/nl\/\",\"name\":\"Vousten Sports\",\"description\":\"\",\"potentialAction\":[{\"@type\":\"SearchAction\",\"target\":{\"@type\":\"EntryPoint\",\"urlTemplate\":\"https:\/\/www.voustensports.com\/nl\/?s={search_term_string}\"},\"query-input\":{\"@type\":\"PropertyValueSpecification\",\"valueRequired\":true,\"valueName\":\"search_term_string\"}}],\"inLanguage\":\"fr-FR\"}]}<\/script>\n<!-- \/ Yoast SEO plugin. -->","yoast_head_json":{"title":"STONE ISLAND - Bermuda traitement &#8216;vieux&#8217; gris (38711) - Vousten Sports","robots":{"index":"index","follow":"follow","max-snippet":"max-snippet:-1","max-image-preview":"max-image-preview:large","max-video-preview":"max-video-preview:-1"},"canonical":"https:\/\/www.voustensports.com\/fr\/stone-island-bermuda-traitement-vieux-gris-38711\/","og_locale":"fr_FR","og_type":"article","og_title":"STONE ISLAND - Bermuda traitement &#8216;vieux&#8217; gris (38711) - Vousten Sports","og_description":"D\u00c9TAILS DU PRODUIT TRAITEMENT &lsquo;ANCIEN&rsquo; : Bermuda cargo en toile de coton bross\u00e9e. V\u00eatement teint en pi\u00e8ce avec le traitement &lsquo;OLD&rsquo;, un traitement de teinture exclusif suivi d&rsquo;une d\u00e9coloration sur le v\u00eatement fini pour un aspect l\u00e9g\u00e8rement us\u00e9 et tridimensionnel. STYLE Coupe ajust\u00e9e. Poches pour les mains avec rabat anti-vent et fermeture \u00e9clair dissimul\u00e9e. Une [...]","og_url":"https:\/\/www.voustensports.com\/fr\/stone-island-bermuda-traitement-vieux-gris-38711\/","og_site_name":"Vousten Sports","article_modified_time":"2026-02-05T11:10:55+00:00","og_image":[{"width":1365,"height":2048,"url":"https:\/\/www.voustensports.com\/wp-content\/uploads\/2023\/06\/Bermuda-shorts-\u2018old-treatment-gray-38711-1.jpg","type":"image\/jpeg"}],"twitter_card":"summary_large_image","twitter_misc":{"Est. reading time":"1 minute"},"schema":{"@context":"https:\/\/schema.org","@graph":[{"@type":"WebPage","@id":"https:\/\/www.voustensports.com\/fr\/stone-island-bermuda-traitement-vieux-gris-38711\/","url":"https:\/\/www.voustensports.com\/fr\/stone-island-bermuda-traitement-vieux-gris-38711\/","name":"STONE ISLAND - Bermuda traitement &#8216;vieux&#8217; gris (38711) - Vousten Sports","isPartOf":{"@id":"https:\/\/www.voustensports.com\/nl\/#website"},"primaryImageOfPage":{"@id":"https:\/\/www.voustensports.com\/fr\/stone-island-bermuda-traitement-vieux-gris-38711\/#primaryimage"},"image":{"@id":"https:\/\/www.voustensports.com\/fr\/stone-island-bermuda-traitement-vieux-gris-38711\/#primaryimage"},"thumbnailUrl":"https:\/\/www.voustensports.com\/wp-content\/uploads\/2023\/06\/Bermuda-shorts-\u2018old-treatment-gray-38711-1.jpg","datePublished":"2024-01-13T18:10:14+00:00","dateModified":"2026-02-05T11:10:55+00:00","breadcrumb":{"@id":"https:\/\/www.voustensports.com\/fr\/stone-island-bermuda-traitement-vieux-gris-38711\/#breadcrumb"},"inLanguage":"fr-FR","potentialAction":[{"@type":"ReadAction","target":["https:\/\/www.voustensports.com\/fr\/stone-island-bermuda-traitement-vieux-gris-38711\/"]}]},{"@type":"ImageObject","inLanguage":"fr-FR","@id":"https:\/\/www.voustensports.com\/fr\/stone-island-bermuda-traitement-vieux-gris-38711\/#primaryimage","url":"https:\/\/www.voustensports.com\/wp-content\/uploads\/2023\/06\/Bermuda-shorts-\u2018old-treatment-gray-38711-1.jpg","contentUrl":"https:\/\/www.voustensports.com\/wp-content\/uploads\/2023\/06\/Bermuda-shorts-\u2018old-treatment-gray-38711-1.jpg","width":1365,"height":2048},{"@type":"BreadcrumbList","@id":"https:\/\/www.voustensports.com\/fr\/stone-island-bermuda-traitement-vieux-gris-38711\/#breadcrumb","itemListElement":[{"@type":"ListItem","position":1,"name":"Home","item":"https:\/\/www.voustensports.com\/fr\/"},{"@type":"ListItem","position":2,"name":"Boutique","item":"https:\/\/www.voustensports.com\/fr\/shop\/"},{"@type":"ListItem","position":3,"name":"STONE ISLAND &#8211; Bermuda traitement &#8216;vieux&#8217; gris (38711)"}]},{"@type":"WebSite","@id":"https:\/\/www.voustensports.com\/nl\/#website","url":"https:\/\/www.voustensports.com\/nl\/","name":"Vousten Sports","description":"","potentialAction":[{"@type":"SearchAction","target":{"@type":"EntryPoint","urlTemplate":"https:\/\/www.voustensports.com\/nl\/?s={search_term_string}"},"query-input":{"@type":"PropertyValueSpecification","valueRequired":true,"valueName":"search_term_string"}}],"inLanguage":"fr-FR"}]}},"_links":{"self":[{"href":"https:\/\/www.voustensports.com\/fr\/wp-json\/wp\/v2\/product\/165637","targetHints":{"allow":["GET"]}}],"collection":[{"href":"https:\/\/www.voustensports.com\/fr\/wp-json\/wp\/v2\/product"}],"about":[{"href":"https:\/\/www.voustensports.com\/fr\/wp-json\/wp\/v2\/types\/product"}],"replies":[{"embeddable":true,"href":"https:\/\/www.voustensports.com\/fr\/wp-json\/wp\/v2\/comments?post=165637"}],"wp:featuredmedia":[{"embeddable":true,"href":"https:\/\/www.voustensports.com\/fr\/wp-json\/wp\/v2\/media\/165625"}],"wp:attachment":[{"href":"https:\/\/www.voustensports.com\/fr\/wp-json\/wp\/v2\/media?parent=165637"}],"wp:term":[{"taxonomy":"product_cat","embeddable":true,"href":"https:\/\/www.voustensports.com\/fr\/wp-json\/wp\/v2\/product_cat?post=165637"},{"taxonomy":"product_tag","embeddable":true,"href":"https:\/\/www.voustensports.com\/fr\/wp-json\/wp\/v2\/product_tag?post=165637"}],"curies":[{"name":"wp","href":"https:\/\/api.w.org\/{rel}","templated":true}]}}