{"id":164864,"date":"2024-01-05T20:48:33","date_gmt":"2024-01-05T19:48:33","guid":{"rendered":"https:\/\/www.voustensports.com\/stone-island-t-shirt-gris-poussiere-38721\/"},"modified":"2026-02-05T12:11:07","modified_gmt":"2026-02-05T11:11:07","slug":"stone-island-t-shirt-gris-poussiere-38721","status":"publish","type":"product","link":"https:\/\/www.voustensports.com\/fr\/stone-island-t-shirt-gris-poussiere-38721\/","title":{"rendered":"STONE ISLAND &#8211; T-shirt gris poussi\u00e8re (38721)"},"content":{"rendered":"<p>D\u00c9TAILS DU PRODUIT<br \/>\nT-shirt \u00e0 manches courtes en jersey de coton. Teint en pi\u00e8ce.<\/p>\n<p>STYLE<br \/>\nHabillez-vous mince.<br \/>\nEncolure c\u00f4tel\u00e9e.<br \/>\nLogo \u00e9cusson Stone Island Compass sur la poitrine.<br \/>\nCha\u00eene crois\u00e9e en bas.<\/p>\n<p>COMPOS\u00c9<br \/>\n100% Coton<\/p>\n<p>Num\u00e9ro de Stone Island\u00a0: 24113<br \/>\nNum\u00e9ro de couleur: V0064<br \/>\nNum\u00e9ro d&rsquo;identification : 38721<\/p>\n","protected":false},"excerpt":{"rendered":"<p>D\u00c9TAILS DU PRODUIT T-shirt \u00e0 manches courtes en jersey de coton. Teint en pi\u00e8ce. STYLE Habillez-vous mince. Encolure c\u00f4tel\u00e9e. Logo \u00e9cusson Stone Island Compass sur la poitrine. Cha\u00eene crois\u00e9e en bas. COMPOS\u00c9 100% Coton Num\u00e9ro de Stone Island\u00a0: 24113 Num\u00e9ro de couleur: V0064 Num\u00e9ro d&rsquo;identification : 38721<\/p>\n","protected":false},"featured_media":168162,"comment_status":"open","ping_status":"closed","template":"","meta":{"rank_math_lock_modified_date":false},"product_cat":[446,450,462,482,486,490],"product_tag":[],"class_list":{"0":"post-164864","1":"product","2":"type-product","3":"status-publish","4":"has-post-thumbnail","6":"product_cat-kleding-fr","7":"product_cat-heren-fr","8":"product_cat-vousten-sports-fr-2","9":"product_cat-stone-island-fr-2","10":"product_cat-shirt-fr-2","11":"product_cat-t-shirts-fr-2","13":"first","14":"outofstock","15":"taxable","16":"shipping-taxable","17":"purchasable","18":"product-type-variable"},"acf":[],"yoast_head":"<!-- This site is optimized with the Yoast SEO plugin v23.9 - https:\/\/yoast.com\/wordpress\/plugins\/seo\/ -->\n<title>STONE ISLAND - T-shirt gris poussi\u00e8re (38721) - Vousten Sports<\/title>\n<meta name=\"robots\" content=\"index, follow, max-snippet:-1, max-image-preview:large, max-video-preview:-1\" \/>\n<link rel=\"canonical\" href=\"https:\/\/www.voustensports.com\/fr\/stone-island-t-shirt-gris-poussiere-38721\/\" \/>\n<meta property=\"og:locale\" content=\"fr_FR\" \/>\n<meta property=\"og:type\" content=\"article\" \/>\n<meta property=\"og:title\" content=\"STONE ISLAND - T-shirt gris poussi\u00e8re (38721) - Vousten Sports\" \/>\n<meta property=\"og:description\" content=\"D\u00c9TAILS DU PRODUIT T-shirt \u00e0 manches courtes en jersey de coton. Teint en pi\u00e8ce. STYLE Habillez-vous mince. Encolure c\u00f4tel\u00e9e. Logo \u00e9cusson Stone Island Compass sur la poitrine. Cha\u00eene crois\u00e9e en bas. COMPOS\u00c9 100% Coton Num\u00e9ro de Stone Island\u00a0: 24113 Num\u00e9ro de couleur: V0064 Num\u00e9ro d&rsquo;identification : 38721\" \/>\n<meta property=\"og:url\" content=\"https:\/\/www.voustensports.com\/fr\/stone-island-t-shirt-gris-poussiere-38721\/\" \/>\n<meta property=\"og:site_name\" content=\"Vousten Sports\" \/>\n<meta property=\"article:modified_time\" content=\"2026-02-05T11:11:07+00:00\" \/>\n<meta property=\"og:image\" content=\"https:\/\/www.voustensports.com\/wp-content\/uploads\/2023\/06\/T-shirt-dust-gray-38721-1.png\" \/>\n\t<meta property=\"og:image:width\" content=\"1365\" \/>\n\t<meta property=\"og:image:height\" content=\"2048\" \/>\n\t<meta property=\"og:image:type\" content=\"image\/png\" \/>\n<meta name=\"twitter:card\" content=\"summary_large_image\" \/>\n<script type=\"application\/ld+json\" class=\"yoast-schema-graph\">{\"@context\":\"https:\/\/schema.org\",\"@graph\":[{\"@type\":\"WebPage\",\"@id\":\"https:\/\/www.voustensports.com\/fr\/stone-island-t-shirt-gris-poussiere-38721\/\",\"url\":\"https:\/\/www.voustensports.com\/fr\/stone-island-t-shirt-gris-poussiere-38721\/\",\"name\":\"STONE ISLAND - T-shirt gris poussi\u00e8re (38721) - Vousten Sports\",\"isPartOf\":{\"@id\":\"https:\/\/www.voustensports.com\/nl\/#website\"},\"primaryImageOfPage\":{\"@id\":\"https:\/\/www.voustensports.com\/fr\/stone-island-t-shirt-gris-poussiere-38721\/#primaryimage\"},\"image\":{\"@id\":\"https:\/\/www.voustensports.com\/fr\/stone-island-t-shirt-gris-poussiere-38721\/#primaryimage\"},\"thumbnailUrl\":\"https:\/\/www.voustensports.com\/wp-content\/uploads\/2023\/06\/T-shirt-dust-gray-38721-1.png\",\"datePublished\":\"2024-01-05T19:48:33+00:00\",\"dateModified\":\"2026-02-05T11:11:07+00:00\",\"breadcrumb\":{\"@id\":\"https:\/\/www.voustensports.com\/fr\/stone-island-t-shirt-gris-poussiere-38721\/#breadcrumb\"},\"inLanguage\":\"fr-FR\",\"potentialAction\":[{\"@type\":\"ReadAction\",\"target\":[\"https:\/\/www.voustensports.com\/fr\/stone-island-t-shirt-gris-poussiere-38721\/\"]}]},{\"@type\":\"ImageObject\",\"inLanguage\":\"fr-FR\",\"@id\":\"https:\/\/www.voustensports.com\/fr\/stone-island-t-shirt-gris-poussiere-38721\/#primaryimage\",\"url\":\"https:\/\/www.voustensports.com\/wp-content\/uploads\/2023\/06\/T-shirt-dust-gray-38721-1.png\",\"contentUrl\":\"https:\/\/www.voustensports.com\/wp-content\/uploads\/2023\/06\/T-shirt-dust-gray-38721-1.png\",\"width\":1365,\"height\":2048},{\"@type\":\"BreadcrumbList\",\"@id\":\"https:\/\/www.voustensports.com\/fr\/stone-island-t-shirt-gris-poussiere-38721\/#breadcrumb\",\"itemListElement\":[{\"@type\":\"ListItem\",\"position\":1,\"name\":\"Home\",\"item\":\"https:\/\/www.voustensports.com\/fr\/\"},{\"@type\":\"ListItem\",\"position\":2,\"name\":\"Boutique\",\"item\":\"https:\/\/www.voustensports.com\/fr\/shop\/\"},{\"@type\":\"ListItem\",\"position\":3,\"name\":\"STONE ISLAND &#8211; T-shirt gris poussi\u00e8re (38721)\"}]},{\"@type\":\"WebSite\",\"@id\":\"https:\/\/www.voustensports.com\/nl\/#website\",\"url\":\"https:\/\/www.voustensports.com\/nl\/\",\"name\":\"Vousten Sports\",\"description\":\"\",\"potentialAction\":[{\"@type\":\"SearchAction\",\"target\":{\"@type\":\"EntryPoint\",\"urlTemplate\":\"https:\/\/www.voustensports.com\/nl\/?s={search_term_string}\"},\"query-input\":{\"@type\":\"PropertyValueSpecification\",\"valueRequired\":true,\"valueName\":\"search_term_string\"}}],\"inLanguage\":\"fr-FR\"}]}<\/script>\n<!-- \/ Yoast SEO plugin. -->","yoast_head_json":{"title":"STONE ISLAND - T-shirt gris poussi\u00e8re (38721) - Vousten Sports","robots":{"index":"index","follow":"follow","max-snippet":"max-snippet:-1","max-image-preview":"max-image-preview:large","max-video-preview":"max-video-preview:-1"},"canonical":"https:\/\/www.voustensports.com\/fr\/stone-island-t-shirt-gris-poussiere-38721\/","og_locale":"fr_FR","og_type":"article","og_title":"STONE ISLAND - T-shirt gris poussi\u00e8re (38721) - Vousten Sports","og_description":"D\u00c9TAILS DU PRODUIT T-shirt \u00e0 manches courtes en jersey de coton. Teint en pi\u00e8ce. STYLE Habillez-vous mince. Encolure c\u00f4tel\u00e9e. Logo \u00e9cusson Stone Island Compass sur la poitrine. Cha\u00eene crois\u00e9e en bas. COMPOS\u00c9 100% Coton Num\u00e9ro de Stone Island\u00a0: 24113 Num\u00e9ro de couleur: V0064 Num\u00e9ro d&rsquo;identification : 38721","og_url":"https:\/\/www.voustensports.com\/fr\/stone-island-t-shirt-gris-poussiere-38721\/","og_site_name":"Vousten Sports","article_modified_time":"2026-02-05T11:11:07+00:00","og_image":[{"width":1365,"height":2048,"url":"https:\/\/www.voustensports.com\/wp-content\/uploads\/2023\/06\/T-shirt-dust-gray-38721-1.png","type":"image\/png"}],"twitter_card":"summary_large_image","schema":{"@context":"https:\/\/schema.org","@graph":[{"@type":"WebPage","@id":"https:\/\/www.voustensports.com\/fr\/stone-island-t-shirt-gris-poussiere-38721\/","url":"https:\/\/www.voustensports.com\/fr\/stone-island-t-shirt-gris-poussiere-38721\/","name":"STONE ISLAND - T-shirt gris poussi\u00e8re (38721) - Vousten Sports","isPartOf":{"@id":"https:\/\/www.voustensports.com\/nl\/#website"},"primaryImageOfPage":{"@id":"https:\/\/www.voustensports.com\/fr\/stone-island-t-shirt-gris-poussiere-38721\/#primaryimage"},"image":{"@id":"https:\/\/www.voustensports.com\/fr\/stone-island-t-shirt-gris-poussiere-38721\/#primaryimage"},"thumbnailUrl":"https:\/\/www.voustensports.com\/wp-content\/uploads\/2023\/06\/T-shirt-dust-gray-38721-1.png","datePublished":"2024-01-05T19:48:33+00:00","dateModified":"2026-02-05T11:11:07+00:00","breadcrumb":{"@id":"https:\/\/www.voustensports.com\/fr\/stone-island-t-shirt-gris-poussiere-38721\/#breadcrumb"},"inLanguage":"fr-FR","potentialAction":[{"@type":"ReadAction","target":["https:\/\/www.voustensports.com\/fr\/stone-island-t-shirt-gris-poussiere-38721\/"]}]},{"@type":"ImageObject","inLanguage":"fr-FR","@id":"https:\/\/www.voustensports.com\/fr\/stone-island-t-shirt-gris-poussiere-38721\/#primaryimage","url":"https:\/\/www.voustensports.com\/wp-content\/uploads\/2023\/06\/T-shirt-dust-gray-38721-1.png","contentUrl":"https:\/\/www.voustensports.com\/wp-content\/uploads\/2023\/06\/T-shirt-dust-gray-38721-1.png","width":1365,"height":2048},{"@type":"BreadcrumbList","@id":"https:\/\/www.voustensports.com\/fr\/stone-island-t-shirt-gris-poussiere-38721\/#breadcrumb","itemListElement":[{"@type":"ListItem","position":1,"name":"Home","item":"https:\/\/www.voustensports.com\/fr\/"},{"@type":"ListItem","position":2,"name":"Boutique","item":"https:\/\/www.voustensports.com\/fr\/shop\/"},{"@type":"ListItem","position":3,"name":"STONE ISLAND &#8211; T-shirt gris poussi\u00e8re (38721)"}]},{"@type":"WebSite","@id":"https:\/\/www.voustensports.com\/nl\/#website","url":"https:\/\/www.voustensports.com\/nl\/","name":"Vousten Sports","description":"","potentialAction":[{"@type":"SearchAction","target":{"@type":"EntryPoint","urlTemplate":"https:\/\/www.voustensports.com\/nl\/?s={search_term_string}"},"query-input":{"@type":"PropertyValueSpecification","valueRequired":true,"valueName":"search_term_string"}}],"inLanguage":"fr-FR"}]}},"_links":{"self":[{"href":"https:\/\/www.voustensports.com\/fr\/wp-json\/wp\/v2\/product\/164864","targetHints":{"allow":["GET"]}}],"collection":[{"href":"https:\/\/www.voustensports.com\/fr\/wp-json\/wp\/v2\/product"}],"about":[{"href":"https:\/\/www.voustensports.com\/fr\/wp-json\/wp\/v2\/types\/product"}],"replies":[{"embeddable":true,"href":"https:\/\/www.voustensports.com\/fr\/wp-json\/wp\/v2\/comments?post=164864"}],"wp:featuredmedia":[{"embeddable":true,"href":"https:\/\/www.voustensports.com\/fr\/wp-json\/wp\/v2\/media\/168162"}],"wp:attachment":[{"href":"https:\/\/www.voustensports.com\/fr\/wp-json\/wp\/v2\/media?parent=164864"}],"wp:term":[{"taxonomy":"product_cat","embeddable":true,"href":"https:\/\/www.voustensports.com\/fr\/wp-json\/wp\/v2\/product_cat?post=164864"},{"taxonomy":"product_tag","embeddable":true,"href":"https:\/\/www.voustensports.com\/fr\/wp-json\/wp\/v2\/product_tag?post=164864"}],"curies":[{"name":"wp","href":"https:\/\/api.w.org\/{rel}","templated":true}]}}