{"id":164624,"date":"2024-01-04T18:52:10","date_gmt":"2024-01-04T17:52:10","guid":{"rendered":"https:\/\/www.voustensports.com\/stone-island-polo-gris-tourterelle-38736\/"},"modified":"2026-02-05T12:11:28","modified_gmt":"2026-02-05T11:11:28","slug":"stone-island-polo-gris-tourterelle-38736","status":"publish","type":"product","link":"https:\/\/www.voustensports.com\/fr\/stone-island-polo-gris-tourterelle-38736\/","title":{"rendered":"STONE ISLAND &#8211; Polo gris tourterelle (38736)"},"content":{"rendered":"<p>D\u00c9TAILS DU PRODUIT<br \/>\nPolo \u00e0 manches courtes en piqu\u00e9 de coton stretch; 95% coton et 5% \u00e9lasthanne.<\/p>\n<p>STYLE<br \/>\nCoupe ajust\u00e9e.<br \/>\nCol c\u00f4tel\u00e9.<br \/>\nFermeture au col \u00e0 deux boutons.<br \/>\nLogo \u00e9cusson Stone Island Compass sur la poitrine.<br \/>\nBords des manches c\u00f4tel\u00e9s.<br \/>\nFentes lat\u00e9rales inf\u00e9rieures avec application de bande ray\u00e9e int\u00e9rieure.<\/p>\n<p>COMPOSITION<br \/>\nMati\u00e8re principale : 95% coton, 5% \u00e9lasthanne<\/p>\n<p>Num\u00e9ro de Stone Island\u00a0: 2SC17<br \/>\nNum\u00e9ro de couleur: V0092<br \/>\nNum\u00e9ro d&rsquo;identification : 38736<\/p>\n","protected":false},"excerpt":{"rendered":"<p>D\u00c9TAILS DU PRODUIT Polo \u00e0 manches courtes en piqu\u00e9 de coton stretch; 95% coton et 5% \u00e9lasthanne. STYLE Coupe ajust\u00e9e. Col c\u00f4tel\u00e9. Fermeture au col \u00e0 deux boutons. Logo \u00e9cusson Stone Island Compass sur la poitrine. Bords des manches c\u00f4tel\u00e9s. Fentes lat\u00e9rales inf\u00e9rieures avec application de bande ray\u00e9e int\u00e9rieure. COMPOSITION Mati\u00e8re principale : 95% coton, [&#8230;]\n","protected":false},"featured_media":174887,"comment_status":"open","ping_status":"closed","template":"","meta":{"rank_math_lock_modified_date":false},"product_cat":[446,450,462,478,482,486],"product_tag":[],"class_list":{"0":"post-164624","1":"product","2":"type-product","3":"status-publish","4":"has-post-thumbnail","6":"product_cat-kleding-fr","7":"product_cat-heren-fr","8":"product_cat-vousten-sports-fr-2","9":"product_cat-polos-fr-2","10":"product_cat-stone-island-fr-2","11":"product_cat-shirt-fr-2","13":"first","14":"outofstock","15":"taxable","16":"shipping-taxable","17":"purchasable","18":"product-type-variable"},"acf":[],"yoast_head":"<!-- This site is optimized with the Yoast SEO plugin v23.9 - https:\/\/yoast.com\/wordpress\/plugins\/seo\/ -->\n<title>STONE ISLAND - Polo gris tourterelle (38736) - Vousten Sports<\/title>\n<meta name=\"robots\" content=\"index, follow, max-snippet:-1, max-image-preview:large, max-video-preview:-1\" \/>\n<link rel=\"canonical\" href=\"https:\/\/www.voustensports.com\/fr\/stone-island-polo-gris-tourterelle-38736\/\" \/>\n<meta property=\"og:locale\" content=\"fr_FR\" \/>\n<meta property=\"og:type\" content=\"article\" \/>\n<meta property=\"og:title\" content=\"STONE ISLAND - Polo gris tourterelle (38736) - Vousten Sports\" \/>\n<meta property=\"og:description\" content=\"D\u00c9TAILS DU PRODUIT Polo \u00e0 manches courtes en piqu\u00e9 de coton stretch; 95% coton et 5% \u00e9lasthanne. STYLE Coupe ajust\u00e9e. Col c\u00f4tel\u00e9. Fermeture au col \u00e0 deux boutons. Logo \u00e9cusson Stone Island Compass sur la poitrine. Bords des manches c\u00f4tel\u00e9s. Fentes lat\u00e9rales inf\u00e9rieures avec application de bande ray\u00e9e int\u00e9rieure. COMPOSITION Mati\u00e8re principale : 95% coton, [...]\" \/>\n<meta property=\"og:url\" content=\"https:\/\/www.voustensports.com\/fr\/stone-island-polo-gris-tourterelle-38736\/\" \/>\n<meta property=\"og:site_name\" content=\"Vousten Sports\" \/>\n<meta property=\"article:modified_time\" content=\"2026-02-05T11:11:28+00:00\" \/>\n<meta property=\"og:image\" content=\"https:\/\/www.voustensports.com\/wp-content\/uploads\/2023\/06\/Poloshirt-dove-gray-38736-1.jpg\" \/>\n\t<meta property=\"og:image:width\" content=\"1365\" \/>\n\t<meta property=\"og:image:height\" content=\"2048\" \/>\n\t<meta property=\"og:image:type\" content=\"image\/jpeg\" \/>\n<meta name=\"twitter:card\" content=\"summary_large_image\" \/>\n<script type=\"application\/ld+json\" class=\"yoast-schema-graph\">{\"@context\":\"https:\/\/schema.org\",\"@graph\":[{\"@type\":\"WebPage\",\"@id\":\"https:\/\/www.voustensports.com\/fr\/stone-island-polo-gris-tourterelle-38736\/\",\"url\":\"https:\/\/www.voustensports.com\/fr\/stone-island-polo-gris-tourterelle-38736\/\",\"name\":\"STONE ISLAND - Polo gris tourterelle (38736) - Vousten Sports\",\"isPartOf\":{\"@id\":\"https:\/\/www.voustensports.com\/nl\/#website\"},\"primaryImageOfPage\":{\"@id\":\"https:\/\/www.voustensports.com\/fr\/stone-island-polo-gris-tourterelle-38736\/#primaryimage\"},\"image\":{\"@id\":\"https:\/\/www.voustensports.com\/fr\/stone-island-polo-gris-tourterelle-38736\/#primaryimage\"},\"thumbnailUrl\":\"https:\/\/www.voustensports.com\/wp-content\/uploads\/2023\/06\/Poloshirt-dove-gray-38736-1.jpg\",\"datePublished\":\"2024-01-04T17:52:10+00:00\",\"dateModified\":\"2026-02-05T11:11:28+00:00\",\"breadcrumb\":{\"@id\":\"https:\/\/www.voustensports.com\/fr\/stone-island-polo-gris-tourterelle-38736\/#breadcrumb\"},\"inLanguage\":\"fr-FR\",\"potentialAction\":[{\"@type\":\"ReadAction\",\"target\":[\"https:\/\/www.voustensports.com\/fr\/stone-island-polo-gris-tourterelle-38736\/\"]}]},{\"@type\":\"ImageObject\",\"inLanguage\":\"fr-FR\",\"@id\":\"https:\/\/www.voustensports.com\/fr\/stone-island-polo-gris-tourterelle-38736\/#primaryimage\",\"url\":\"https:\/\/www.voustensports.com\/wp-content\/uploads\/2023\/06\/Poloshirt-dove-gray-38736-1.jpg\",\"contentUrl\":\"https:\/\/www.voustensports.com\/wp-content\/uploads\/2023\/06\/Poloshirt-dove-gray-38736-1.jpg\",\"width\":1365,\"height\":2048},{\"@type\":\"BreadcrumbList\",\"@id\":\"https:\/\/www.voustensports.com\/fr\/stone-island-polo-gris-tourterelle-38736\/#breadcrumb\",\"itemListElement\":[{\"@type\":\"ListItem\",\"position\":1,\"name\":\"Home\",\"item\":\"https:\/\/www.voustensports.com\/fr\/\"},{\"@type\":\"ListItem\",\"position\":2,\"name\":\"Boutique\",\"item\":\"https:\/\/www.voustensports.com\/fr\/shop\/\"},{\"@type\":\"ListItem\",\"position\":3,\"name\":\"STONE ISLAND &#8211; Polo gris tourterelle (38736)\"}]},{\"@type\":\"WebSite\",\"@id\":\"https:\/\/www.voustensports.com\/nl\/#website\",\"url\":\"https:\/\/www.voustensports.com\/nl\/\",\"name\":\"Vousten Sports\",\"description\":\"\",\"potentialAction\":[{\"@type\":\"SearchAction\",\"target\":{\"@type\":\"EntryPoint\",\"urlTemplate\":\"https:\/\/www.voustensports.com\/nl\/?s={search_term_string}\"},\"query-input\":{\"@type\":\"PropertyValueSpecification\",\"valueRequired\":true,\"valueName\":\"search_term_string\"}}],\"inLanguage\":\"fr-FR\"}]}<\/script>\n<!-- \/ Yoast SEO plugin. -->","yoast_head_json":{"title":"STONE ISLAND - Polo gris tourterelle (38736) - Vousten Sports","robots":{"index":"index","follow":"follow","max-snippet":"max-snippet:-1","max-image-preview":"max-image-preview:large","max-video-preview":"max-video-preview:-1"},"canonical":"https:\/\/www.voustensports.com\/fr\/stone-island-polo-gris-tourterelle-38736\/","og_locale":"fr_FR","og_type":"article","og_title":"STONE ISLAND - Polo gris tourterelle (38736) - Vousten Sports","og_description":"D\u00c9TAILS DU PRODUIT Polo \u00e0 manches courtes en piqu\u00e9 de coton stretch; 95% coton et 5% \u00e9lasthanne. STYLE Coupe ajust\u00e9e. Col c\u00f4tel\u00e9. Fermeture au col \u00e0 deux boutons. Logo \u00e9cusson Stone Island Compass sur la poitrine. Bords des manches c\u00f4tel\u00e9s. Fentes lat\u00e9rales inf\u00e9rieures avec application de bande ray\u00e9e int\u00e9rieure. COMPOSITION Mati\u00e8re principale : 95% coton, [...]","og_url":"https:\/\/www.voustensports.com\/fr\/stone-island-polo-gris-tourterelle-38736\/","og_site_name":"Vousten Sports","article_modified_time":"2026-02-05T11:11:28+00:00","og_image":[{"width":1365,"height":2048,"url":"https:\/\/www.voustensports.com\/wp-content\/uploads\/2023\/06\/Poloshirt-dove-gray-38736-1.jpg","type":"image\/jpeg"}],"twitter_card":"summary_large_image","schema":{"@context":"https:\/\/schema.org","@graph":[{"@type":"WebPage","@id":"https:\/\/www.voustensports.com\/fr\/stone-island-polo-gris-tourterelle-38736\/","url":"https:\/\/www.voustensports.com\/fr\/stone-island-polo-gris-tourterelle-38736\/","name":"STONE ISLAND - Polo gris tourterelle (38736) - Vousten Sports","isPartOf":{"@id":"https:\/\/www.voustensports.com\/nl\/#website"},"primaryImageOfPage":{"@id":"https:\/\/www.voustensports.com\/fr\/stone-island-polo-gris-tourterelle-38736\/#primaryimage"},"image":{"@id":"https:\/\/www.voustensports.com\/fr\/stone-island-polo-gris-tourterelle-38736\/#primaryimage"},"thumbnailUrl":"https:\/\/www.voustensports.com\/wp-content\/uploads\/2023\/06\/Poloshirt-dove-gray-38736-1.jpg","datePublished":"2024-01-04T17:52:10+00:00","dateModified":"2026-02-05T11:11:28+00:00","breadcrumb":{"@id":"https:\/\/www.voustensports.com\/fr\/stone-island-polo-gris-tourterelle-38736\/#breadcrumb"},"inLanguage":"fr-FR","potentialAction":[{"@type":"ReadAction","target":["https:\/\/www.voustensports.com\/fr\/stone-island-polo-gris-tourterelle-38736\/"]}]},{"@type":"ImageObject","inLanguage":"fr-FR","@id":"https:\/\/www.voustensports.com\/fr\/stone-island-polo-gris-tourterelle-38736\/#primaryimage","url":"https:\/\/www.voustensports.com\/wp-content\/uploads\/2023\/06\/Poloshirt-dove-gray-38736-1.jpg","contentUrl":"https:\/\/www.voustensports.com\/wp-content\/uploads\/2023\/06\/Poloshirt-dove-gray-38736-1.jpg","width":1365,"height":2048},{"@type":"BreadcrumbList","@id":"https:\/\/www.voustensports.com\/fr\/stone-island-polo-gris-tourterelle-38736\/#breadcrumb","itemListElement":[{"@type":"ListItem","position":1,"name":"Home","item":"https:\/\/www.voustensports.com\/fr\/"},{"@type":"ListItem","position":2,"name":"Boutique","item":"https:\/\/www.voustensports.com\/fr\/shop\/"},{"@type":"ListItem","position":3,"name":"STONE ISLAND &#8211; Polo gris tourterelle (38736)"}]},{"@type":"WebSite","@id":"https:\/\/www.voustensports.com\/nl\/#website","url":"https:\/\/www.voustensports.com\/nl\/","name":"Vousten Sports","description":"","potentialAction":[{"@type":"SearchAction","target":{"@type":"EntryPoint","urlTemplate":"https:\/\/www.voustensports.com\/nl\/?s={search_term_string}"},"query-input":{"@type":"PropertyValueSpecification","valueRequired":true,"valueName":"search_term_string"}}],"inLanguage":"fr-FR"}]}},"_links":{"self":[{"href":"https:\/\/www.voustensports.com\/fr\/wp-json\/wp\/v2\/product\/164624","targetHints":{"allow":["GET"]}}],"collection":[{"href":"https:\/\/www.voustensports.com\/fr\/wp-json\/wp\/v2\/product"}],"about":[{"href":"https:\/\/www.voustensports.com\/fr\/wp-json\/wp\/v2\/types\/product"}],"replies":[{"embeddable":true,"href":"https:\/\/www.voustensports.com\/fr\/wp-json\/wp\/v2\/comments?post=164624"}],"wp:featuredmedia":[{"embeddable":true,"href":"https:\/\/www.voustensports.com\/fr\/wp-json\/wp\/v2\/media\/174887"}],"wp:attachment":[{"href":"https:\/\/www.voustensports.com\/fr\/wp-json\/wp\/v2\/media?parent=164624"}],"wp:term":[{"taxonomy":"product_cat","embeddable":true,"href":"https:\/\/www.voustensports.com\/fr\/wp-json\/wp\/v2\/product_cat?post=164624"},{"taxonomy":"product_tag","embeddable":true,"href":"https:\/\/www.voustensports.com\/fr\/wp-json\/wp\/v2\/product_tag?post=164624"}],"curies":[{"name":"wp","href":"https:\/\/api.w.org\/{rel}","templated":true}]}}