{"id":164348,"date":"2024-01-03T19:24:21","date_gmt":"2024-01-03T18:24:21","guid":{"rendered":"https:\/\/www.voustensports.com\/stone-island-sweat-shirt-bleu-fonce-38742\/"},"modified":"2026-03-09T03:27:03","modified_gmt":"2026-03-09T02:27:03","slug":"stone-island-sweat-shirt-bleu-fonce-38742","status":"publish","type":"product","link":"https:\/\/www.voustensports.com\/fr\/stone-island-sweat-shirt-bleu-fonce-38742\/","title":{"rendered":"STONE ISLAND &#8211; Sweat-shirt bleu fonc\u00e9 (38742)"},"content":{"rendered":"<p>D\u00c9TAILS DU PRODUIT<br \/>\nSweat-shirt \u00e0 col rond en molleton de coton \u00e9pais. Teint en pi\u00e8ce.<\/p>\n<p>STYLE<br \/>\nCoupe confort.<br \/>\nEncolure c\u00f4tel\u00e9e, avec couture mettant en valeur le bord-c\u00f4te.<br \/>\nManches raglan.<br \/>\nPetit imprim\u00e9 caoutchout\u00e9 en relief du lettrage Stone Island sur la poitrine.<br \/>\nPoignets et bande inf\u00e9rieure c\u00f4tel\u00e9s.<\/p>\n<p>COMPOSITION<br \/>\n100% Coton<\/p>\n<p>Num\u00e9ro de Stone Island\u00a0: 60755<br \/>\nNum\u00e9ro de couleur: V0020<br \/>\nNum\u00e9ro d&rsquo;identification: 38742<\/p>\n","protected":false},"excerpt":{"rendered":"<p>D\u00c9TAILS DU PRODUIT Sweat-shirt \u00e0 col rond en molleton de coton \u00e9pais. Teint en pi\u00e8ce. STYLE Coupe confort. Encolure c\u00f4tel\u00e9e, avec couture mettant en valeur le bord-c\u00f4te. Manches raglan. Petit imprim\u00e9 caoutchout\u00e9 en relief du lettrage Stone Island sur la poitrine. Poignets et bande inf\u00e9rieure c\u00f4tel\u00e9s. COMPOSITION 100% Coton Num\u00e9ro de Stone Island\u00a0: 60755 Num\u00e9ro [&#8230;]\n","protected":false},"featured_media":174875,"comment_status":"open","ping_status":"closed","template":"","meta":{"rank_math_lock_modified_date":false},"product_cat":[843,446,450,462,482,534,694,697],"product_tag":[],"class_list":{"0":"post-164348","1":"product","2":"type-product","3":"status-publish","4":"has-post-thumbnail","6":"product_cat-stone-presale-23-fr","7":"product_cat-kleding-fr","8":"product_cat-heren-fr","9":"product_cat-vousten-sports-fr-2","10":"product_cat-stone-island-fr-2","11":"product_cat-truien-fr-2","12":"product_cat-truien-vesten-fr-2","13":"product_cat-sweaters-fr-2","15":"first","16":"outofstock","17":"taxable","18":"shipping-taxable","19":"purchasable","20":"product-type-variable"},"acf":[],"yoast_head":"<!-- This site is optimized with the Yoast SEO plugin v23.9 - https:\/\/yoast.com\/wordpress\/plugins\/seo\/ -->\n<title>STONE ISLAND - Sweat-shirt bleu fonc\u00e9 (38742) - Vousten Sports<\/title>\n<meta name=\"robots\" content=\"index, follow, max-snippet:-1, max-image-preview:large, max-video-preview:-1\" \/>\n<link rel=\"canonical\" href=\"https:\/\/www.voustensports.com\/fr\/stone-island-sweat-shirt-bleu-fonce-38742\/\" \/>\n<meta property=\"og:locale\" content=\"fr_FR\" \/>\n<meta property=\"og:type\" content=\"article\" \/>\n<meta property=\"og:title\" content=\"STONE ISLAND - Sweat-shirt bleu fonc\u00e9 (38742) - Vousten Sports\" \/>\n<meta property=\"og:description\" content=\"D\u00c9TAILS DU PRODUIT Sweat-shirt \u00e0 col rond en molleton de coton \u00e9pais. Teint en pi\u00e8ce. STYLE Coupe confort. Encolure c\u00f4tel\u00e9e, avec couture mettant en valeur le bord-c\u00f4te. Manches raglan. Petit imprim\u00e9 caoutchout\u00e9 en relief du lettrage Stone Island sur la poitrine. Poignets et bande inf\u00e9rieure c\u00f4tel\u00e9s. COMPOSITION 100% Coton Num\u00e9ro de Stone Island\u00a0: 60755 Num\u00e9ro [...]\" \/>\n<meta property=\"og:url\" content=\"https:\/\/www.voustensports.com\/fr\/stone-island-sweat-shirt-bleu-fonce-38742\/\" \/>\n<meta property=\"og:site_name\" content=\"Vousten Sports\" \/>\n<meta property=\"article:modified_time\" content=\"2026-03-09T02:27:03+00:00\" \/>\n<meta property=\"og:image\" content=\"https:\/\/www.voustensports.com\/wp-content\/uploads\/2023\/06\/Sweatshirt-donkerblauw-38742-1.png\" \/>\n\t<meta property=\"og:image:width\" content=\"1365\" \/>\n\t<meta property=\"og:image:height\" content=\"2048\" \/>\n\t<meta property=\"og:image:type\" content=\"image\/png\" \/>\n<meta name=\"twitter:card\" content=\"summary_large_image\" \/>\n<script type=\"application\/ld+json\" class=\"yoast-schema-graph\">{\"@context\":\"https:\/\/schema.org\",\"@graph\":[{\"@type\":\"WebPage\",\"@id\":\"https:\/\/www.voustensports.com\/fr\/stone-island-sweat-shirt-bleu-fonce-38742\/\",\"url\":\"https:\/\/www.voustensports.com\/fr\/stone-island-sweat-shirt-bleu-fonce-38742\/\",\"name\":\"STONE ISLAND - Sweat-shirt bleu fonc\u00e9 (38742) - Vousten Sports\",\"isPartOf\":{\"@id\":\"https:\/\/www.voustensports.com\/nl\/#website\"},\"primaryImageOfPage\":{\"@id\":\"https:\/\/www.voustensports.com\/fr\/stone-island-sweat-shirt-bleu-fonce-38742\/#primaryimage\"},\"image\":{\"@id\":\"https:\/\/www.voustensports.com\/fr\/stone-island-sweat-shirt-bleu-fonce-38742\/#primaryimage\"},\"thumbnailUrl\":\"https:\/\/www.voustensports.com\/wp-content\/uploads\/2023\/06\/Sweatshirt-donkerblauw-38742-1.png\",\"datePublished\":\"2024-01-03T18:24:21+00:00\",\"dateModified\":\"2026-03-09T02:27:03+00:00\",\"breadcrumb\":{\"@id\":\"https:\/\/www.voustensports.com\/fr\/stone-island-sweat-shirt-bleu-fonce-38742\/#breadcrumb\"},\"inLanguage\":\"fr-FR\",\"potentialAction\":[{\"@type\":\"ReadAction\",\"target\":[\"https:\/\/www.voustensports.com\/fr\/stone-island-sweat-shirt-bleu-fonce-38742\/\"]}]},{\"@type\":\"ImageObject\",\"inLanguage\":\"fr-FR\",\"@id\":\"https:\/\/www.voustensports.com\/fr\/stone-island-sweat-shirt-bleu-fonce-38742\/#primaryimage\",\"url\":\"https:\/\/www.voustensports.com\/wp-content\/uploads\/2023\/06\/Sweatshirt-donkerblauw-38742-1.png\",\"contentUrl\":\"https:\/\/www.voustensports.com\/wp-content\/uploads\/2023\/06\/Sweatshirt-donkerblauw-38742-1.png\",\"width\":1365,\"height\":2048},{\"@type\":\"BreadcrumbList\",\"@id\":\"https:\/\/www.voustensports.com\/fr\/stone-island-sweat-shirt-bleu-fonce-38742\/#breadcrumb\",\"itemListElement\":[{\"@type\":\"ListItem\",\"position\":1,\"name\":\"Home\",\"item\":\"https:\/\/www.voustensports.com\/fr\/\"},{\"@type\":\"ListItem\",\"position\":2,\"name\":\"Boutique\",\"item\":\"https:\/\/www.voustensports.com\/fr\/shop\/\"},{\"@type\":\"ListItem\",\"position\":3,\"name\":\"STONE ISLAND &#8211; Sweat-shirt bleu fonc\u00e9 (38742)\"}]},{\"@type\":\"WebSite\",\"@id\":\"https:\/\/www.voustensports.com\/nl\/#website\",\"url\":\"https:\/\/www.voustensports.com\/nl\/\",\"name\":\"Vousten Sports\",\"description\":\"\",\"potentialAction\":[{\"@type\":\"SearchAction\",\"target\":{\"@type\":\"EntryPoint\",\"urlTemplate\":\"https:\/\/www.voustensports.com\/nl\/?s={search_term_string}\"},\"query-input\":{\"@type\":\"PropertyValueSpecification\",\"valueRequired\":true,\"valueName\":\"search_term_string\"}}],\"inLanguage\":\"fr-FR\"}]}<\/script>\n<!-- \/ Yoast SEO plugin. -->","yoast_head_json":{"title":"STONE ISLAND - Sweat-shirt bleu fonc\u00e9 (38742) - Vousten Sports","robots":{"index":"index","follow":"follow","max-snippet":"max-snippet:-1","max-image-preview":"max-image-preview:large","max-video-preview":"max-video-preview:-1"},"canonical":"https:\/\/www.voustensports.com\/fr\/stone-island-sweat-shirt-bleu-fonce-38742\/","og_locale":"fr_FR","og_type":"article","og_title":"STONE ISLAND - Sweat-shirt bleu fonc\u00e9 (38742) - Vousten Sports","og_description":"D\u00c9TAILS DU PRODUIT Sweat-shirt \u00e0 col rond en molleton de coton \u00e9pais. Teint en pi\u00e8ce. STYLE Coupe confort. Encolure c\u00f4tel\u00e9e, avec couture mettant en valeur le bord-c\u00f4te. Manches raglan. Petit imprim\u00e9 caoutchout\u00e9 en relief du lettrage Stone Island sur la poitrine. Poignets et bande inf\u00e9rieure c\u00f4tel\u00e9s. COMPOSITION 100% Coton Num\u00e9ro de Stone Island\u00a0: 60755 Num\u00e9ro [...]","og_url":"https:\/\/www.voustensports.com\/fr\/stone-island-sweat-shirt-bleu-fonce-38742\/","og_site_name":"Vousten Sports","article_modified_time":"2026-03-09T02:27:03+00:00","og_image":[{"width":1365,"height":2048,"url":"https:\/\/www.voustensports.com\/wp-content\/uploads\/2023\/06\/Sweatshirt-donkerblauw-38742-1.png","type":"image\/png"}],"twitter_card":"summary_large_image","schema":{"@context":"https:\/\/schema.org","@graph":[{"@type":"WebPage","@id":"https:\/\/www.voustensports.com\/fr\/stone-island-sweat-shirt-bleu-fonce-38742\/","url":"https:\/\/www.voustensports.com\/fr\/stone-island-sweat-shirt-bleu-fonce-38742\/","name":"STONE ISLAND - Sweat-shirt bleu fonc\u00e9 (38742) - Vousten Sports","isPartOf":{"@id":"https:\/\/www.voustensports.com\/nl\/#website"},"primaryImageOfPage":{"@id":"https:\/\/www.voustensports.com\/fr\/stone-island-sweat-shirt-bleu-fonce-38742\/#primaryimage"},"image":{"@id":"https:\/\/www.voustensports.com\/fr\/stone-island-sweat-shirt-bleu-fonce-38742\/#primaryimage"},"thumbnailUrl":"https:\/\/www.voustensports.com\/wp-content\/uploads\/2023\/06\/Sweatshirt-donkerblauw-38742-1.png","datePublished":"2024-01-03T18:24:21+00:00","dateModified":"2026-03-09T02:27:03+00:00","breadcrumb":{"@id":"https:\/\/www.voustensports.com\/fr\/stone-island-sweat-shirt-bleu-fonce-38742\/#breadcrumb"},"inLanguage":"fr-FR","potentialAction":[{"@type":"ReadAction","target":["https:\/\/www.voustensports.com\/fr\/stone-island-sweat-shirt-bleu-fonce-38742\/"]}]},{"@type":"ImageObject","inLanguage":"fr-FR","@id":"https:\/\/www.voustensports.com\/fr\/stone-island-sweat-shirt-bleu-fonce-38742\/#primaryimage","url":"https:\/\/www.voustensports.com\/wp-content\/uploads\/2023\/06\/Sweatshirt-donkerblauw-38742-1.png","contentUrl":"https:\/\/www.voustensports.com\/wp-content\/uploads\/2023\/06\/Sweatshirt-donkerblauw-38742-1.png","width":1365,"height":2048},{"@type":"BreadcrumbList","@id":"https:\/\/www.voustensports.com\/fr\/stone-island-sweat-shirt-bleu-fonce-38742\/#breadcrumb","itemListElement":[{"@type":"ListItem","position":1,"name":"Home","item":"https:\/\/www.voustensports.com\/fr\/"},{"@type":"ListItem","position":2,"name":"Boutique","item":"https:\/\/www.voustensports.com\/fr\/shop\/"},{"@type":"ListItem","position":3,"name":"STONE ISLAND &#8211; Sweat-shirt bleu fonc\u00e9 (38742)"}]},{"@type":"WebSite","@id":"https:\/\/www.voustensports.com\/nl\/#website","url":"https:\/\/www.voustensports.com\/nl\/","name":"Vousten Sports","description":"","potentialAction":[{"@type":"SearchAction","target":{"@type":"EntryPoint","urlTemplate":"https:\/\/www.voustensports.com\/nl\/?s={search_term_string}"},"query-input":{"@type":"PropertyValueSpecification","valueRequired":true,"valueName":"search_term_string"}}],"inLanguage":"fr-FR"}]}},"_links":{"self":[{"href":"https:\/\/www.voustensports.com\/fr\/wp-json\/wp\/v2\/product\/164348","targetHints":{"allow":["GET"]}}],"collection":[{"href":"https:\/\/www.voustensports.com\/fr\/wp-json\/wp\/v2\/product"}],"about":[{"href":"https:\/\/www.voustensports.com\/fr\/wp-json\/wp\/v2\/types\/product"}],"replies":[{"embeddable":true,"href":"https:\/\/www.voustensports.com\/fr\/wp-json\/wp\/v2\/comments?post=164348"}],"wp:featuredmedia":[{"embeddable":true,"href":"https:\/\/www.voustensports.com\/fr\/wp-json\/wp\/v2\/media\/174875"}],"wp:attachment":[{"href":"https:\/\/www.voustensports.com\/fr\/wp-json\/wp\/v2\/media?parent=164348"}],"wp:term":[{"taxonomy":"product_cat","embeddable":true,"href":"https:\/\/www.voustensports.com\/fr\/wp-json\/wp\/v2\/product_cat?post=164348"},{"taxonomy":"product_tag","embeddable":true,"href":"https:\/\/www.voustensports.com\/fr\/wp-json\/wp\/v2\/product_tag?post=164348"}],"curies":[{"name":"wp","href":"https:\/\/api.w.org\/{rel}","templated":true}]}}