{"id":163640,"date":"2023-12-29T14:12:11","date_gmt":"2023-12-29T13:12:11","guid":{"rendered":"https:\/\/www.voustensports.com\/stone-island-sweat-blanc-38745\/"},"modified":"2026-02-16T01:27:06","modified_gmt":"2026-02-16T00:27:06","slug":"stone-island-sweat-blanc-38745","status":"publish","type":"product","link":"https:\/\/www.voustensports.com\/fr\/stone-island-sweat-blanc-38745\/","title":{"rendered":"STONE ISLAND &#8211; Sweat blanc (38745)"},"content":{"rendered":"<p>D\u00c9TAILS DU PRODUIT<br \/>\nSweat demi-zipp\u00e9 en molleton de coton. Teint en pi\u00e8ce.<\/p>\n<p>STYLE<br \/>\nCoupe r\u00e9guli\u00e8re.<br \/>\nCol montant avec fermeture \u00e9clair.<br \/>\nCoutures surpiqu\u00e9es.<br \/>\n\u00c9cusson Stone Island sur la manche gauche.<br \/>\nPoignets et bande inf\u00e9rieure c\u00f4tel\u00e9s.<\/p>\n<p>COMPOSITION<br \/>\n100% Coton<\/p>\n<p>Num\u00e9ro de Stone Island\u00a0: 61951<br \/>\nNum\u00e9ro de couleur: V0001<br \/>\nNum\u00e9ro d&rsquo;identification : 38745<\/p>\n","protected":false},"excerpt":{"rendered":"<p>D\u00c9TAILS DU PRODUIT Sweat demi-zipp\u00e9 en molleton de coton. Teint en pi\u00e8ce. STYLE Coupe r\u00e9guli\u00e8re. Col montant avec fermeture \u00e9clair. Coutures surpiqu\u00e9es. \u00c9cusson Stone Island sur la manche gauche. Poignets et bande inf\u00e9rieure c\u00f4tel\u00e9s. COMPOSITION 100% Coton Num\u00e9ro de Stone Island\u00a0: 61951 Num\u00e9ro de couleur: V0001 Num\u00e9ro d&rsquo;identification : 38745<\/p>\n","protected":false},"featured_media":174731,"comment_status":"open","ping_status":"closed","template":"","meta":{"rank_math_lock_modified_date":false},"product_cat":[697,442,446,450,462,482,534,694],"product_tag":[],"class_list":{"0":"post-163640","1":"product","2":"type-product","3":"status-publish","4":"has-post-thumbnail","6":"product_cat-sweaters-fr-2","7":"product_cat-fleece-fr","8":"product_cat-kleding-fr","9":"product_cat-heren-fr","10":"product_cat-vousten-sports-fr-2","11":"product_cat-stone-island-fr-2","12":"product_cat-truien-fr-2","13":"product_cat-truien-vesten-fr-2","15":"first","16":"instock","17":"taxable","18":"shipping-taxable","19":"purchasable","20":"product-type-variable"},"acf":[],"yoast_head":"<!-- This site is optimized with the Yoast SEO plugin v23.9 - https:\/\/yoast.com\/wordpress\/plugins\/seo\/ -->\n<title>STONE ISLAND - Sweat blanc (38745) - Vousten Sports<\/title>\n<meta name=\"robots\" content=\"index, follow, max-snippet:-1, max-image-preview:large, max-video-preview:-1\" \/>\n<link rel=\"canonical\" href=\"https:\/\/www.voustensports.com\/fr\/stone-island-sweat-blanc-38745\/\" \/>\n<meta property=\"og:locale\" content=\"fr_FR\" \/>\n<meta property=\"og:type\" content=\"article\" \/>\n<meta property=\"og:title\" content=\"STONE ISLAND - Sweat blanc (38745) - Vousten Sports\" \/>\n<meta property=\"og:description\" content=\"D\u00c9TAILS DU PRODUIT Sweat demi-zipp\u00e9 en molleton de coton. Teint en pi\u00e8ce. STYLE Coupe r\u00e9guli\u00e8re. Col montant avec fermeture \u00e9clair. Coutures surpiqu\u00e9es. \u00c9cusson Stone Island sur la manche gauche. Poignets et bande inf\u00e9rieure c\u00f4tel\u00e9s. COMPOSITION 100% Coton Num\u00e9ro de Stone Island\u00a0: 61951 Num\u00e9ro de couleur: V0001 Num\u00e9ro d&rsquo;identification : 38745\" \/>\n<meta property=\"og:url\" content=\"https:\/\/www.voustensports.com\/fr\/stone-island-sweat-blanc-38745\/\" \/>\n<meta property=\"og:site_name\" content=\"Vousten Sports\" \/>\n<meta property=\"article:modified_time\" content=\"2026-02-16T00:27:06+00:00\" \/>\n<meta property=\"og:image\" content=\"https:\/\/www.voustensports.com\/wp-content\/uploads\/2023\/06\/Sweatshirt-wit-38745-1.jpg\" \/>\n\t<meta property=\"og:image:width\" content=\"1365\" \/>\n\t<meta property=\"og:image:height\" content=\"2048\" \/>\n\t<meta property=\"og:image:type\" content=\"image\/jpeg\" \/>\n<meta name=\"twitter:card\" content=\"summary_large_image\" \/>\n<script type=\"application\/ld+json\" class=\"yoast-schema-graph\">{\"@context\":\"https:\/\/schema.org\",\"@graph\":[{\"@type\":\"WebPage\",\"@id\":\"https:\/\/www.voustensports.com\/fr\/stone-island-sweat-blanc-38745\/\",\"url\":\"https:\/\/www.voustensports.com\/fr\/stone-island-sweat-blanc-38745\/\",\"name\":\"STONE ISLAND - Sweat blanc (38745) - Vousten Sports\",\"isPartOf\":{\"@id\":\"https:\/\/www.voustensports.com\/nl\/#website\"},\"primaryImageOfPage\":{\"@id\":\"https:\/\/www.voustensports.com\/fr\/stone-island-sweat-blanc-38745\/#primaryimage\"},\"image\":{\"@id\":\"https:\/\/www.voustensports.com\/fr\/stone-island-sweat-blanc-38745\/#primaryimage\"},\"thumbnailUrl\":\"https:\/\/www.voustensports.com\/wp-content\/uploads\/2023\/06\/Sweatshirt-wit-38745-1.jpg\",\"datePublished\":\"2023-12-29T13:12:11+00:00\",\"dateModified\":\"2026-02-16T00:27:06+00:00\",\"breadcrumb\":{\"@id\":\"https:\/\/www.voustensports.com\/fr\/stone-island-sweat-blanc-38745\/#breadcrumb\"},\"inLanguage\":\"fr-FR\",\"potentialAction\":[{\"@type\":\"ReadAction\",\"target\":[\"https:\/\/www.voustensports.com\/fr\/stone-island-sweat-blanc-38745\/\"]}]},{\"@type\":\"ImageObject\",\"inLanguage\":\"fr-FR\",\"@id\":\"https:\/\/www.voustensports.com\/fr\/stone-island-sweat-blanc-38745\/#primaryimage\",\"url\":\"https:\/\/www.voustensports.com\/wp-content\/uploads\/2023\/06\/Sweatshirt-wit-38745-1.jpg\",\"contentUrl\":\"https:\/\/www.voustensports.com\/wp-content\/uploads\/2023\/06\/Sweatshirt-wit-38745-1.jpg\",\"width\":1365,\"height\":2048},{\"@type\":\"BreadcrumbList\",\"@id\":\"https:\/\/www.voustensports.com\/fr\/stone-island-sweat-blanc-38745\/#breadcrumb\",\"itemListElement\":[{\"@type\":\"ListItem\",\"position\":1,\"name\":\"Home\",\"item\":\"https:\/\/www.voustensports.com\/fr\/\"},{\"@type\":\"ListItem\",\"position\":2,\"name\":\"Boutique\",\"item\":\"https:\/\/www.voustensports.com\/fr\/shop\/\"},{\"@type\":\"ListItem\",\"position\":3,\"name\":\"STONE ISLAND &#8211; Sweat blanc (38745)\"}]},{\"@type\":\"WebSite\",\"@id\":\"https:\/\/www.voustensports.com\/nl\/#website\",\"url\":\"https:\/\/www.voustensports.com\/nl\/\",\"name\":\"Vousten Sports\",\"description\":\"\",\"potentialAction\":[{\"@type\":\"SearchAction\",\"target\":{\"@type\":\"EntryPoint\",\"urlTemplate\":\"https:\/\/www.voustensports.com\/nl\/?s={search_term_string}\"},\"query-input\":{\"@type\":\"PropertyValueSpecification\",\"valueRequired\":true,\"valueName\":\"search_term_string\"}}],\"inLanguage\":\"fr-FR\"}]}<\/script>\n<!-- \/ Yoast SEO plugin. -->","yoast_head_json":{"title":"STONE ISLAND - Sweat blanc (38745) - Vousten Sports","robots":{"index":"index","follow":"follow","max-snippet":"max-snippet:-1","max-image-preview":"max-image-preview:large","max-video-preview":"max-video-preview:-1"},"canonical":"https:\/\/www.voustensports.com\/fr\/stone-island-sweat-blanc-38745\/","og_locale":"fr_FR","og_type":"article","og_title":"STONE ISLAND - Sweat blanc (38745) - Vousten Sports","og_description":"D\u00c9TAILS DU PRODUIT Sweat demi-zipp\u00e9 en molleton de coton. Teint en pi\u00e8ce. STYLE Coupe r\u00e9guli\u00e8re. Col montant avec fermeture \u00e9clair. Coutures surpiqu\u00e9es. \u00c9cusson Stone Island sur la manche gauche. Poignets et bande inf\u00e9rieure c\u00f4tel\u00e9s. COMPOSITION 100% Coton Num\u00e9ro de Stone Island\u00a0: 61951 Num\u00e9ro de couleur: V0001 Num\u00e9ro d&rsquo;identification : 38745","og_url":"https:\/\/www.voustensports.com\/fr\/stone-island-sweat-blanc-38745\/","og_site_name":"Vousten Sports","article_modified_time":"2026-02-16T00:27:06+00:00","og_image":[{"width":1365,"height":2048,"url":"https:\/\/www.voustensports.com\/wp-content\/uploads\/2023\/06\/Sweatshirt-wit-38745-1.jpg","type":"image\/jpeg"}],"twitter_card":"summary_large_image","schema":{"@context":"https:\/\/schema.org","@graph":[{"@type":"WebPage","@id":"https:\/\/www.voustensports.com\/fr\/stone-island-sweat-blanc-38745\/","url":"https:\/\/www.voustensports.com\/fr\/stone-island-sweat-blanc-38745\/","name":"STONE ISLAND - Sweat blanc (38745) - Vousten Sports","isPartOf":{"@id":"https:\/\/www.voustensports.com\/nl\/#website"},"primaryImageOfPage":{"@id":"https:\/\/www.voustensports.com\/fr\/stone-island-sweat-blanc-38745\/#primaryimage"},"image":{"@id":"https:\/\/www.voustensports.com\/fr\/stone-island-sweat-blanc-38745\/#primaryimage"},"thumbnailUrl":"https:\/\/www.voustensports.com\/wp-content\/uploads\/2023\/06\/Sweatshirt-wit-38745-1.jpg","datePublished":"2023-12-29T13:12:11+00:00","dateModified":"2026-02-16T00:27:06+00:00","breadcrumb":{"@id":"https:\/\/www.voustensports.com\/fr\/stone-island-sweat-blanc-38745\/#breadcrumb"},"inLanguage":"fr-FR","potentialAction":[{"@type":"ReadAction","target":["https:\/\/www.voustensports.com\/fr\/stone-island-sweat-blanc-38745\/"]}]},{"@type":"ImageObject","inLanguage":"fr-FR","@id":"https:\/\/www.voustensports.com\/fr\/stone-island-sweat-blanc-38745\/#primaryimage","url":"https:\/\/www.voustensports.com\/wp-content\/uploads\/2023\/06\/Sweatshirt-wit-38745-1.jpg","contentUrl":"https:\/\/www.voustensports.com\/wp-content\/uploads\/2023\/06\/Sweatshirt-wit-38745-1.jpg","width":1365,"height":2048},{"@type":"BreadcrumbList","@id":"https:\/\/www.voustensports.com\/fr\/stone-island-sweat-blanc-38745\/#breadcrumb","itemListElement":[{"@type":"ListItem","position":1,"name":"Home","item":"https:\/\/www.voustensports.com\/fr\/"},{"@type":"ListItem","position":2,"name":"Boutique","item":"https:\/\/www.voustensports.com\/fr\/shop\/"},{"@type":"ListItem","position":3,"name":"STONE ISLAND &#8211; Sweat blanc (38745)"}]},{"@type":"WebSite","@id":"https:\/\/www.voustensports.com\/nl\/#website","url":"https:\/\/www.voustensports.com\/nl\/","name":"Vousten Sports","description":"","potentialAction":[{"@type":"SearchAction","target":{"@type":"EntryPoint","urlTemplate":"https:\/\/www.voustensports.com\/nl\/?s={search_term_string}"},"query-input":{"@type":"PropertyValueSpecification","valueRequired":true,"valueName":"search_term_string"}}],"inLanguage":"fr-FR"}]}},"_links":{"self":[{"href":"https:\/\/www.voustensports.com\/fr\/wp-json\/wp\/v2\/product\/163640","targetHints":{"allow":["GET"]}}],"collection":[{"href":"https:\/\/www.voustensports.com\/fr\/wp-json\/wp\/v2\/product"}],"about":[{"href":"https:\/\/www.voustensports.com\/fr\/wp-json\/wp\/v2\/types\/product"}],"replies":[{"embeddable":true,"href":"https:\/\/www.voustensports.com\/fr\/wp-json\/wp\/v2\/comments?post=163640"}],"wp:featuredmedia":[{"embeddable":true,"href":"https:\/\/www.voustensports.com\/fr\/wp-json\/wp\/v2\/media\/174731"}],"wp:attachment":[{"href":"https:\/\/www.voustensports.com\/fr\/wp-json\/wp\/v2\/media?parent=163640"}],"wp:term":[{"taxonomy":"product_cat","embeddable":true,"href":"https:\/\/www.voustensports.com\/fr\/wp-json\/wp\/v2\/product_cat?post=163640"},{"taxonomy":"product_tag","embeddable":true,"href":"https:\/\/www.voustensports.com\/fr\/wp-json\/wp\/v2\/product_tag?post=163640"}],"curies":[{"name":"wp","href":"https:\/\/api.w.org\/{rel}","templated":true}]}}