{"id":11791,"date":"2023-06-08T13:11:00","date_gmt":"2023-06-08T13:11:00","guid":{"rendered":"https:\/\/www.voustensports.com\/product\/jacob-cohen-j622-limited-33943-2\/"},"modified":"2026-02-05T11:52:05","modified_gmt":"2026-02-05T10:52:05","slug":"jacob-cohen-j622-limited-33943-2","status":"publish","type":"product","link":"https:\/\/www.voustensports.com\/fr\/jacob-cohen-j622-limited-33943-2\/","title":{"rendered":"Jacob Coh\u00ebn J622 Limited (33943)"},"content":{"rendered":"<p>Ce sont des jeans modernes et ont une coupe slim avec un peu plus de place pour les cuisses.<\/p>\n<ul>\n<li>Jean stretch<\/li>\n<li>Hauteur de taille normale (coupe \u00e0 la taille)<\/li>\n<li>Fermeture boutonn\u00e9e<\/li>\n<li>Equip\u00e9 d&rsquo;un patch beige<\/li>\n<li>Mati\u00e8re: 99% coton, 1% \u00e9lasthanne.<\/li>\n<li>Largeur cheville: 18 cm<\/li>\n<li>Longueur de base: 35 pouces (peut varier l\u00e9g\u00e8rement par lavage)<\/li>\n<li>Ces jeans Jacob Cohen sont fabriqu\u00e9s \u00e0 la main en V\u00e9n\u00e9tie, au nord-est de l&rsquo;Italie<\/li>\n<\/ul>\n<p>Fourni avec une \u00e9charpe assortie gratuite et un fil suppl\u00e9mentaire de la bonne couleur pour le raccourcissement.<\/p>\n","protected":false},"excerpt":{"rendered":"<p>Ce sont des jeans modernes et ont une coupe slim avec un peu plus de place pour les cuisses. Jean stretch Hauteur de taille normale (coupe \u00e0 la taille) Fermeture boutonn\u00e9e Equip\u00e9 d&rsquo;un patch beige Mati\u00e8re: 99% coton, 1% \u00e9lasthanne. Largeur cheville: 18 cm Longueur de base: 35 pouces (peut varier l\u00e9g\u00e8rement par lavage) Ces [&#8230;]\n","protected":false},"featured_media":11778,"comment_status":"open","ping_status":"closed","template":"","meta":{"rank_math_lock_modified_date":false},"product_cat":[446,450,462,466,568,574,583,589,595],"product_tag":[],"class_list":{"0":"post-11791","1":"product","2":"type-product","3":"status-publish","4":"has-post-thumbnail","6":"product_cat-kleding-fr","7":"product_cat-heren-fr","8":"product_cat-vousten-sports-fr-2","9":"product_cat-broeken-fr","10":"product_cat-jacob-cohen-jeans-fr","11":"product_cat-622-jeans-fr","12":"product_cat-heren-jeans-fr","13":"product_cat-jeans-fr","14":"product_cat-limited-edition-fr","16":"first","17":"outofstock","18":"taxable","19":"shipping-taxable","20":"purchasable","21":"product-type-variable"},"acf":[],"yoast_head":"<!-- This site is optimized with the Yoast SEO plugin v23.9 - https:\/\/yoast.com\/wordpress\/plugins\/seo\/ -->\n<title>Jacob Coh\u00ebn J622 Limited (33943) - Vousten Sports<\/title>\n<meta name=\"robots\" content=\"index, follow, max-snippet:-1, max-image-preview:large, max-video-preview:-1\" \/>\n<link rel=\"canonical\" href=\"https:\/\/www.voustensports.com\/fr\/jacob-cohen-j622-limited-33943-2\/\" \/>\n<meta property=\"og:locale\" content=\"fr_FR\" \/>\n<meta property=\"og:type\" content=\"article\" \/>\n<meta property=\"og:title\" content=\"Jacob Coh\u00ebn J622 Limited (33943) - Vousten Sports\" \/>\n<meta property=\"og:description\" content=\"Ce sont des jeans modernes et ont une coupe slim avec un peu plus de place pour les cuisses. Jean stretch Hauteur de taille normale (coupe \u00e0 la taille) Fermeture boutonn\u00e9e Equip\u00e9 d&rsquo;un patch beige Mati\u00e8re: 99% coton, 1% \u00e9lasthanne. Largeur cheville: 18 cm Longueur de base: 35 pouces (peut varier l\u00e9g\u00e8rement par lavage) Ces [...]\" \/>\n<meta property=\"og:url\" content=\"https:\/\/www.voustensports.com\/fr\/jacob-cohen-j622-limited-33943-2\/\" \/>\n<meta property=\"og:site_name\" content=\"Vousten Sports\" \/>\n<meta property=\"article:modified_time\" content=\"2026-02-05T10:52:05+00:00\" \/>\n<meta property=\"og:image\" content=\"https:\/\/www.voustensports.com\/wp-content\/uploads\/2023\/03\/dsc_5538_0.jpg\" \/>\n\t<meta property=\"og:image:width\" content=\"930\" \/>\n\t<meta property=\"og:image:height\" content=\"1772\" \/>\n\t<meta property=\"og:image:type\" content=\"image\/jpeg\" \/>\n<meta name=\"twitter:card\" content=\"summary_large_image\" \/>\n<script type=\"application\/ld+json\" class=\"yoast-schema-graph\">{\"@context\":\"https:\/\/schema.org\",\"@graph\":[{\"@type\":\"WebPage\",\"@id\":\"https:\/\/www.voustensports.com\/fr\/jacob-cohen-j622-limited-33943-2\/\",\"url\":\"https:\/\/www.voustensports.com\/fr\/jacob-cohen-j622-limited-33943-2\/\",\"name\":\"Jacob Coh\u00ebn J622 Limited (33943) - Vousten Sports\",\"isPartOf\":{\"@id\":\"https:\/\/www.voustensports.com\/nl\/#website\"},\"primaryImageOfPage\":{\"@id\":\"https:\/\/www.voustensports.com\/fr\/jacob-cohen-j622-limited-33943-2\/#primaryimage\"},\"image\":{\"@id\":\"https:\/\/www.voustensports.com\/fr\/jacob-cohen-j622-limited-33943-2\/#primaryimage\"},\"thumbnailUrl\":\"https:\/\/www.voustensports.com\/wp-content\/uploads\/2023\/03\/dsc_5538_0.jpg\",\"datePublished\":\"2023-06-08T13:11:00+00:00\",\"dateModified\":\"2026-02-05T10:52:05+00:00\",\"breadcrumb\":{\"@id\":\"https:\/\/www.voustensports.com\/fr\/jacob-cohen-j622-limited-33943-2\/#breadcrumb\"},\"inLanguage\":\"fr-FR\",\"potentialAction\":[{\"@type\":\"ReadAction\",\"target\":[\"https:\/\/www.voustensports.com\/fr\/jacob-cohen-j622-limited-33943-2\/\"]}]},{\"@type\":\"ImageObject\",\"inLanguage\":\"fr-FR\",\"@id\":\"https:\/\/www.voustensports.com\/fr\/jacob-cohen-j622-limited-33943-2\/#primaryimage\",\"url\":\"https:\/\/www.voustensports.com\/wp-content\/uploads\/2023\/03\/dsc_5538_0.jpg\",\"contentUrl\":\"https:\/\/www.voustensports.com\/wp-content\/uploads\/2023\/03\/dsc_5538_0.jpg\",\"width\":930,\"height\":1772},{\"@type\":\"BreadcrumbList\",\"@id\":\"https:\/\/www.voustensports.com\/fr\/jacob-cohen-j622-limited-33943-2\/#breadcrumb\",\"itemListElement\":[{\"@type\":\"ListItem\",\"position\":1,\"name\":\"Home\",\"item\":\"https:\/\/www.voustensports.com\/fr\/\"},{\"@type\":\"ListItem\",\"position\":2,\"name\":\"Boutique\",\"item\":\"https:\/\/www.voustensports.com\/fr\/shop\/\"},{\"@type\":\"ListItem\",\"position\":3,\"name\":\"Jacob Coh\u00ebn J622 Limited (33943)\"}]},{\"@type\":\"WebSite\",\"@id\":\"https:\/\/www.voustensports.com\/nl\/#website\",\"url\":\"https:\/\/www.voustensports.com\/nl\/\",\"name\":\"Vousten Sports\",\"description\":\"\",\"potentialAction\":[{\"@type\":\"SearchAction\",\"target\":{\"@type\":\"EntryPoint\",\"urlTemplate\":\"https:\/\/www.voustensports.com\/nl\/?s={search_term_string}\"},\"query-input\":{\"@type\":\"PropertyValueSpecification\",\"valueRequired\":true,\"valueName\":\"search_term_string\"}}],\"inLanguage\":\"fr-FR\"}]}<\/script>\n<!-- \/ Yoast SEO plugin. -->","yoast_head_json":{"title":"Jacob Coh\u00ebn J622 Limited (33943) - Vousten Sports","robots":{"index":"index","follow":"follow","max-snippet":"max-snippet:-1","max-image-preview":"max-image-preview:large","max-video-preview":"max-video-preview:-1"},"canonical":"https:\/\/www.voustensports.com\/fr\/jacob-cohen-j622-limited-33943-2\/","og_locale":"fr_FR","og_type":"article","og_title":"Jacob Coh\u00ebn J622 Limited (33943) - Vousten Sports","og_description":"Ce sont des jeans modernes et ont une coupe slim avec un peu plus de place pour les cuisses. Jean stretch Hauteur de taille normale (coupe \u00e0 la taille) Fermeture boutonn\u00e9e Equip\u00e9 d&rsquo;un patch beige Mati\u00e8re: 99% coton, 1% \u00e9lasthanne. Largeur cheville: 18 cm Longueur de base: 35 pouces (peut varier l\u00e9g\u00e8rement par lavage) Ces [...]","og_url":"https:\/\/www.voustensports.com\/fr\/jacob-cohen-j622-limited-33943-2\/","og_site_name":"Vousten Sports","article_modified_time":"2026-02-05T10:52:05+00:00","og_image":[{"width":930,"height":1772,"url":"https:\/\/www.voustensports.com\/wp-content\/uploads\/2023\/03\/dsc_5538_0.jpg","type":"image\/jpeg"}],"twitter_card":"summary_large_image","schema":{"@context":"https:\/\/schema.org","@graph":[{"@type":"WebPage","@id":"https:\/\/www.voustensports.com\/fr\/jacob-cohen-j622-limited-33943-2\/","url":"https:\/\/www.voustensports.com\/fr\/jacob-cohen-j622-limited-33943-2\/","name":"Jacob Coh\u00ebn J622 Limited (33943) - Vousten Sports","isPartOf":{"@id":"https:\/\/www.voustensports.com\/nl\/#website"},"primaryImageOfPage":{"@id":"https:\/\/www.voustensports.com\/fr\/jacob-cohen-j622-limited-33943-2\/#primaryimage"},"image":{"@id":"https:\/\/www.voustensports.com\/fr\/jacob-cohen-j622-limited-33943-2\/#primaryimage"},"thumbnailUrl":"https:\/\/www.voustensports.com\/wp-content\/uploads\/2023\/03\/dsc_5538_0.jpg","datePublished":"2023-06-08T13:11:00+00:00","dateModified":"2026-02-05T10:52:05+00:00","breadcrumb":{"@id":"https:\/\/www.voustensports.com\/fr\/jacob-cohen-j622-limited-33943-2\/#breadcrumb"},"inLanguage":"fr-FR","potentialAction":[{"@type":"ReadAction","target":["https:\/\/www.voustensports.com\/fr\/jacob-cohen-j622-limited-33943-2\/"]}]},{"@type":"ImageObject","inLanguage":"fr-FR","@id":"https:\/\/www.voustensports.com\/fr\/jacob-cohen-j622-limited-33943-2\/#primaryimage","url":"https:\/\/www.voustensports.com\/wp-content\/uploads\/2023\/03\/dsc_5538_0.jpg","contentUrl":"https:\/\/www.voustensports.com\/wp-content\/uploads\/2023\/03\/dsc_5538_0.jpg","width":930,"height":1772},{"@type":"BreadcrumbList","@id":"https:\/\/www.voustensports.com\/fr\/jacob-cohen-j622-limited-33943-2\/#breadcrumb","itemListElement":[{"@type":"ListItem","position":1,"name":"Home","item":"https:\/\/www.voustensports.com\/fr\/"},{"@type":"ListItem","position":2,"name":"Boutique","item":"https:\/\/www.voustensports.com\/fr\/shop\/"},{"@type":"ListItem","position":3,"name":"Jacob Coh\u00ebn J622 Limited (33943)"}]},{"@type":"WebSite","@id":"https:\/\/www.voustensports.com\/nl\/#website","url":"https:\/\/www.voustensports.com\/nl\/","name":"Vousten Sports","description":"","potentialAction":[{"@type":"SearchAction","target":{"@type":"EntryPoint","urlTemplate":"https:\/\/www.voustensports.com\/nl\/?s={search_term_string}"},"query-input":{"@type":"PropertyValueSpecification","valueRequired":true,"valueName":"search_term_string"}}],"inLanguage":"fr-FR"}]}},"_links":{"self":[{"href":"https:\/\/www.voustensports.com\/fr\/wp-json\/wp\/v2\/product\/11791","targetHints":{"allow":["GET"]}}],"collection":[{"href":"https:\/\/www.voustensports.com\/fr\/wp-json\/wp\/v2\/product"}],"about":[{"href":"https:\/\/www.voustensports.com\/fr\/wp-json\/wp\/v2\/types\/product"}],"replies":[{"embeddable":true,"href":"https:\/\/www.voustensports.com\/fr\/wp-json\/wp\/v2\/comments?post=11791"}],"wp:featuredmedia":[{"embeddable":true,"href":"https:\/\/www.voustensports.com\/fr\/wp-json\/wp\/v2\/media\/11778"}],"wp:attachment":[{"href":"https:\/\/www.voustensports.com\/fr\/wp-json\/wp\/v2\/media?parent=11791"}],"wp:term":[{"taxonomy":"product_cat","embeddable":true,"href":"https:\/\/www.voustensports.com\/fr\/wp-json\/wp\/v2\/product_cat?post=11791"},{"taxonomy":"product_tag","embeddable":true,"href":"https:\/\/www.voustensports.com\/fr\/wp-json\/wp\/v2\/product_tag?post=11791"}],"curies":[{"name":"wp","href":"https:\/\/api.w.org\/{rel}","templated":true}]}}