{"id":11519,"date":"2023-06-08T13:07:35","date_gmt":"2023-06-08T13:07:35","guid":{"rendered":"https:\/\/www.voustensports.com\/product\/jacob-cohen-j622-slim-33916-2\/"},"modified":"2026-02-05T11:52:01","modified_gmt":"2026-02-05T10:52:01","slug":"jacob-cohen-j622-slim-33916-2","status":"publish","type":"product","link":"https:\/\/www.voustensports.com\/fr\/jacob-cohen-j622-slim-33916-2\/","title":{"rendered":"Jacob Cohen J622 slim (33916)"},"content":{"rendered":"<div>Est un jean moderne et a une coupe ajust\u00e9e.<\/div>\n<ul>\n<li>Jean stretch<\/li>\n<li>Taille inf\u00e9rieure (mod\u00e8le de hanche)<\/li>\n<li>Fermeture boutonn\u00e9e<\/li>\n<li>Equip\u00e9 d&rsquo;un patch gris<\/li>\n<li>Mati\u00e8re: 98% coton, 2% \u00e9lasthanne.<\/li>\n<li>Largeur cheville: 16,5 cm<\/li>\n<li>Longueur de base: 35 pouces (peut varier l\u00e9g\u00e8rement par lavage)<\/li>\n<li>Ces jeans Jacob Cohen sont fabriqu\u00e9s \u00e0 la main en V\u00e9n\u00e9tie, au nord-est de l&rsquo;Italie<\/li>\n<\/ul>\n<div>Fourni avec une \u00e9charpe assortie gratuite et un fil suppl\u00e9mentaire de la bonne couleur pour le raccourcissement.<\/div>\n","protected":false},"excerpt":{"rendered":"<p>Est un jean moderne et a une coupe ajust\u00e9e. Jean stretch Taille inf\u00e9rieure (mod\u00e8le de hanche) Fermeture boutonn\u00e9e Equip\u00e9 d&rsquo;un patch gris Mati\u00e8re: 98% coton, 2% \u00e9lasthanne. Largeur cheville: 16,5 cm Longueur de base: 35 pouces (peut varier l\u00e9g\u00e8rement par lavage) Ces jeans Jacob Cohen sont fabriqu\u00e9s \u00e0 la main en V\u00e9n\u00e9tie, au nord-est de [&#8230;]\n","protected":false},"featured_media":11502,"comment_status":"open","ping_status":"closed","template":"","meta":{"rank_math_lock_modified_date":false},"product_cat":[450,462,466,568,583,589,604],"product_tag":[],"class_list":{"0":"post-11519","1":"product","2":"type-product","3":"status-publish","4":"has-post-thumbnail","6":"product_cat-heren-fr","7":"product_cat-vousten-sports-fr-2","8":"product_cat-broeken-fr","9":"product_cat-jacob-cohen-jeans-fr","10":"product_cat-heren-jeans-fr","11":"product_cat-jeans-fr","12":"product_cat-622-slim-fr","14":"first","15":"instock","16":"sale","17":"taxable","18":"shipping-taxable","19":"purchasable","20":"product-type-variable"},"acf":[],"yoast_head":"<!-- This site is optimized with the Yoast SEO plugin v23.9 - https:\/\/yoast.com\/wordpress\/plugins\/seo\/ -->\n<title>Jacob Cohen J622 slim (33916) - Vousten Sports<\/title>\n<meta name=\"robots\" content=\"index, follow, max-snippet:-1, max-image-preview:large, max-video-preview:-1\" \/>\n<link rel=\"canonical\" href=\"https:\/\/www.voustensports.com\/fr\/jacob-cohen-j622-slim-33916-2\/\" \/>\n<meta property=\"og:locale\" content=\"fr_FR\" \/>\n<meta property=\"og:type\" content=\"article\" \/>\n<meta property=\"og:title\" content=\"Jacob Cohen J622 slim (33916) - Vousten Sports\" \/>\n<meta property=\"og:description\" content=\"Est un jean moderne et a une coupe ajust\u00e9e. Jean stretch Taille inf\u00e9rieure (mod\u00e8le de hanche) Fermeture boutonn\u00e9e Equip\u00e9 d&rsquo;un patch gris Mati\u00e8re: 98% coton, 2% \u00e9lasthanne. Largeur cheville: 16,5 cm Longueur de base: 35 pouces (peut varier l\u00e9g\u00e8rement par lavage) Ces jeans Jacob Cohen sont fabriqu\u00e9s \u00e0 la main en V\u00e9n\u00e9tie, au nord-est de [...]\" \/>\n<meta property=\"og:url\" content=\"https:\/\/www.voustensports.com\/fr\/jacob-cohen-j622-slim-33916-2\/\" \/>\n<meta property=\"og:site_name\" content=\"Vousten Sports\" \/>\n<meta property=\"article:modified_time\" content=\"2026-02-05T10:52:01+00:00\" \/>\n<meta property=\"og:image\" content=\"https:\/\/www.voustensports.com\/wp-content\/uploads\/2023\/03\/jc_33916_1-3.png\" \/>\n\t<meta property=\"og:image:width\" content=\"826\" \/>\n\t<meta property=\"og:image:height\" content=\"1968\" \/>\n\t<meta property=\"og:image:type\" content=\"image\/png\" \/>\n<meta name=\"twitter:card\" content=\"summary_large_image\" \/>\n<script type=\"application\/ld+json\" class=\"yoast-schema-graph\">{\"@context\":\"https:\/\/schema.org\",\"@graph\":[{\"@type\":\"WebPage\",\"@id\":\"https:\/\/www.voustensports.com\/fr\/jacob-cohen-j622-slim-33916-2\/\",\"url\":\"https:\/\/www.voustensports.com\/fr\/jacob-cohen-j622-slim-33916-2\/\",\"name\":\"Jacob Cohen J622 slim (33916) - Vousten Sports\",\"isPartOf\":{\"@id\":\"https:\/\/www.voustensports.com\/nl\/#website\"},\"primaryImageOfPage\":{\"@id\":\"https:\/\/www.voustensports.com\/fr\/jacob-cohen-j622-slim-33916-2\/#primaryimage\"},\"image\":{\"@id\":\"https:\/\/www.voustensports.com\/fr\/jacob-cohen-j622-slim-33916-2\/#primaryimage\"},\"thumbnailUrl\":\"https:\/\/www.voustensports.com\/wp-content\/uploads\/2023\/03\/jc_33916_1-3.png\",\"datePublished\":\"2023-06-08T13:07:35+00:00\",\"dateModified\":\"2026-02-05T10:52:01+00:00\",\"breadcrumb\":{\"@id\":\"https:\/\/www.voustensports.com\/fr\/jacob-cohen-j622-slim-33916-2\/#breadcrumb\"},\"inLanguage\":\"fr-FR\",\"potentialAction\":[{\"@type\":\"ReadAction\",\"target\":[\"https:\/\/www.voustensports.com\/fr\/jacob-cohen-j622-slim-33916-2\/\"]}]},{\"@type\":\"ImageObject\",\"inLanguage\":\"fr-FR\",\"@id\":\"https:\/\/www.voustensports.com\/fr\/jacob-cohen-j622-slim-33916-2\/#primaryimage\",\"url\":\"https:\/\/www.voustensports.com\/wp-content\/uploads\/2023\/03\/jc_33916_1-3.png\",\"contentUrl\":\"https:\/\/www.voustensports.com\/wp-content\/uploads\/2023\/03\/jc_33916_1-3.png\",\"width\":826,\"height\":1968},{\"@type\":\"BreadcrumbList\",\"@id\":\"https:\/\/www.voustensports.com\/fr\/jacob-cohen-j622-slim-33916-2\/#breadcrumb\",\"itemListElement\":[{\"@type\":\"ListItem\",\"position\":1,\"name\":\"Home\",\"item\":\"https:\/\/www.voustensports.com\/fr\/\"},{\"@type\":\"ListItem\",\"position\":2,\"name\":\"Boutique\",\"item\":\"https:\/\/www.voustensports.com\/fr\/shop\/\"},{\"@type\":\"ListItem\",\"position\":3,\"name\":\"Jacob Cohen J622 slim (33916)\"}]},{\"@type\":\"WebSite\",\"@id\":\"https:\/\/www.voustensports.com\/nl\/#website\",\"url\":\"https:\/\/www.voustensports.com\/nl\/\",\"name\":\"Vousten Sports\",\"description\":\"\",\"potentialAction\":[{\"@type\":\"SearchAction\",\"target\":{\"@type\":\"EntryPoint\",\"urlTemplate\":\"https:\/\/www.voustensports.com\/nl\/?s={search_term_string}\"},\"query-input\":{\"@type\":\"PropertyValueSpecification\",\"valueRequired\":true,\"valueName\":\"search_term_string\"}}],\"inLanguage\":\"fr-FR\"}]}<\/script>\n<!-- \/ Yoast SEO plugin. -->","yoast_head_json":{"title":"Jacob Cohen J622 slim (33916) - Vousten Sports","robots":{"index":"index","follow":"follow","max-snippet":"max-snippet:-1","max-image-preview":"max-image-preview:large","max-video-preview":"max-video-preview:-1"},"canonical":"https:\/\/www.voustensports.com\/fr\/jacob-cohen-j622-slim-33916-2\/","og_locale":"fr_FR","og_type":"article","og_title":"Jacob Cohen J622 slim (33916) - Vousten Sports","og_description":"Est un jean moderne et a une coupe ajust\u00e9e. Jean stretch Taille inf\u00e9rieure (mod\u00e8le de hanche) Fermeture boutonn\u00e9e Equip\u00e9 d&rsquo;un patch gris Mati\u00e8re: 98% coton, 2% \u00e9lasthanne. Largeur cheville: 16,5 cm Longueur de base: 35 pouces (peut varier l\u00e9g\u00e8rement par lavage) Ces jeans Jacob Cohen sont fabriqu\u00e9s \u00e0 la main en V\u00e9n\u00e9tie, au nord-est de [...]","og_url":"https:\/\/www.voustensports.com\/fr\/jacob-cohen-j622-slim-33916-2\/","og_site_name":"Vousten Sports","article_modified_time":"2026-02-05T10:52:01+00:00","og_image":[{"width":826,"height":1968,"url":"https:\/\/www.voustensports.com\/wp-content\/uploads\/2023\/03\/jc_33916_1-3.png","type":"image\/png"}],"twitter_card":"summary_large_image","schema":{"@context":"https:\/\/schema.org","@graph":[{"@type":"WebPage","@id":"https:\/\/www.voustensports.com\/fr\/jacob-cohen-j622-slim-33916-2\/","url":"https:\/\/www.voustensports.com\/fr\/jacob-cohen-j622-slim-33916-2\/","name":"Jacob Cohen J622 slim (33916) - Vousten Sports","isPartOf":{"@id":"https:\/\/www.voustensports.com\/nl\/#website"},"primaryImageOfPage":{"@id":"https:\/\/www.voustensports.com\/fr\/jacob-cohen-j622-slim-33916-2\/#primaryimage"},"image":{"@id":"https:\/\/www.voustensports.com\/fr\/jacob-cohen-j622-slim-33916-2\/#primaryimage"},"thumbnailUrl":"https:\/\/www.voustensports.com\/wp-content\/uploads\/2023\/03\/jc_33916_1-3.png","datePublished":"2023-06-08T13:07:35+00:00","dateModified":"2026-02-05T10:52:01+00:00","breadcrumb":{"@id":"https:\/\/www.voustensports.com\/fr\/jacob-cohen-j622-slim-33916-2\/#breadcrumb"},"inLanguage":"fr-FR","potentialAction":[{"@type":"ReadAction","target":["https:\/\/www.voustensports.com\/fr\/jacob-cohen-j622-slim-33916-2\/"]}]},{"@type":"ImageObject","inLanguage":"fr-FR","@id":"https:\/\/www.voustensports.com\/fr\/jacob-cohen-j622-slim-33916-2\/#primaryimage","url":"https:\/\/www.voustensports.com\/wp-content\/uploads\/2023\/03\/jc_33916_1-3.png","contentUrl":"https:\/\/www.voustensports.com\/wp-content\/uploads\/2023\/03\/jc_33916_1-3.png","width":826,"height":1968},{"@type":"BreadcrumbList","@id":"https:\/\/www.voustensports.com\/fr\/jacob-cohen-j622-slim-33916-2\/#breadcrumb","itemListElement":[{"@type":"ListItem","position":1,"name":"Home","item":"https:\/\/www.voustensports.com\/fr\/"},{"@type":"ListItem","position":2,"name":"Boutique","item":"https:\/\/www.voustensports.com\/fr\/shop\/"},{"@type":"ListItem","position":3,"name":"Jacob Cohen J622 slim (33916)"}]},{"@type":"WebSite","@id":"https:\/\/www.voustensports.com\/nl\/#website","url":"https:\/\/www.voustensports.com\/nl\/","name":"Vousten Sports","description":"","potentialAction":[{"@type":"SearchAction","target":{"@type":"EntryPoint","urlTemplate":"https:\/\/www.voustensports.com\/nl\/?s={search_term_string}"},"query-input":{"@type":"PropertyValueSpecification","valueRequired":true,"valueName":"search_term_string"}}],"inLanguage":"fr-FR"}]}},"_links":{"self":[{"href":"https:\/\/www.voustensports.com\/fr\/wp-json\/wp\/v2\/product\/11519","targetHints":{"allow":["GET"]}}],"collection":[{"href":"https:\/\/www.voustensports.com\/fr\/wp-json\/wp\/v2\/product"}],"about":[{"href":"https:\/\/www.voustensports.com\/fr\/wp-json\/wp\/v2\/types\/product"}],"replies":[{"embeddable":true,"href":"https:\/\/www.voustensports.com\/fr\/wp-json\/wp\/v2\/comments?post=11519"}],"wp:featuredmedia":[{"embeddable":true,"href":"https:\/\/www.voustensports.com\/fr\/wp-json\/wp\/v2\/media\/11502"}],"wp:attachment":[{"href":"https:\/\/www.voustensports.com\/fr\/wp-json\/wp\/v2\/media?parent=11519"}],"wp:term":[{"taxonomy":"product_cat","embeddable":true,"href":"https:\/\/www.voustensports.com\/fr\/wp-json\/wp\/v2\/product_cat?post=11519"},{"taxonomy":"product_tag","embeddable":true,"href":"https:\/\/www.voustensports.com\/fr\/wp-json\/wp\/v2\/product_tag?post=11519"}],"curies":[{"name":"wp","href":"https:\/\/api.w.org\/{rel}","templated":true}]}}