{"id":38218,"date":"2023-11-03T16:22:14","date_gmt":"2023-11-03T15:22:14","guid":{"rendered":"https:\/\/www.voustensports.com\/product\/herno-gerippter-wollschal-38174\/"},"modified":"2026-02-05T12:07:27","modified_gmt":"2026-02-05T11:07:27","slug":"herno-gerippter-wollschal-38174","status":"publish","type":"product","link":"https:\/\/www.voustensports.com\/de\/herno-gerippter-wollschal-38174\/","title":{"rendered":"HERNO &#8211; GERIPPTER WOLLSCHAL (38174)"},"content":{"rendered":"<p>Schal aus weicher, kardierter Wolle.<br \/>\nDas klassische und gem\u00fctliche Accessoire verf\u00fcgt \u00fcber ein Metalllogo f\u00fcr eine unverwechselbare Note.<\/p>\n<p>Normale Passform<br \/>\nGerippter Schal mit Braun und Dunkelblau<br \/>\ngesticktes Logo<br \/>\nHergestellt in Italien<br \/>\n100 % Wolle<\/p>\n<p>Code: SCP00003U 70138 8800<\/p>\n","protected":false},"excerpt":{"rendered":"<p>Schal aus weicher, kardierter Wolle. Das klassische und gem\u00fctliche Accessoire verf\u00fcgt \u00fcber ein Metalllogo f\u00fcr eine unverwechselbare Note. Normale Passform Gerippter Schal mit Braun und Dunkelblau gesticktes Logo Hergestellt in Italien 100 % Wolle Code: SCP00003U 70138 8800<\/p>\n","protected":false},"featured_media":38206,"comment_status":"open","ping_status":"closed","template":"","meta":{"rank_math_lock_modified_date":false},"product_cat":[728,752,451,463,494],"product_tag":[],"class_list":{"0":"post-38218","1":"product","2":"type-product","3":"status-publish","4":"has-post-thumbnail","6":"product_cat-herno-de","7":"product_cat-sjaal-de-2","8":"product_cat-heren-de","9":"product_cat-vousten-sports-de-2","10":"product_cat-accessoires-de","12":"first","13":"instock","14":"taxable","15":"shipping-taxable","16":"purchasable","17":"product-type-variable"},"acf":[],"yoast_head":"<!-- This site is optimized with the Yoast SEO plugin v23.9 - https:\/\/yoast.com\/wordpress\/plugins\/seo\/ -->\n<title>HERNO - GERIPPTER WOLLSCHAL (38174) - Vousten Sports<\/title>\n<meta name=\"robots\" content=\"index, follow, max-snippet:-1, max-image-preview:large, max-video-preview:-1\" \/>\n<link rel=\"canonical\" href=\"https:\/\/www.voustensports.com\/de\/herno-gerippter-wollschal-38174\/\" \/>\n<meta property=\"og:locale\" content=\"de_DE\" \/>\n<meta property=\"og:type\" content=\"article\" \/>\n<meta property=\"og:title\" content=\"HERNO - GERIPPTER WOLLSCHAL (38174) - Vousten Sports\" \/>\n<meta property=\"og:description\" content=\"Schal aus weicher, kardierter Wolle. Das klassische und gem\u00fctliche Accessoire verf\u00fcgt \u00fcber ein Metalllogo f\u00fcr eine unverwechselbare Note. Normale Passform Gerippter Schal mit Braun und Dunkelblau gesticktes Logo Hergestellt in Italien 100 % Wolle Code: SCP00003U 70138 8800\" \/>\n<meta property=\"og:url\" content=\"https:\/\/www.voustensports.com\/de\/herno-gerippter-wollschal-38174\/\" \/>\n<meta property=\"og:site_name\" content=\"Vousten Sports\" \/>\n<meta property=\"article:modified_time\" content=\"2026-02-05T11:07:27+00:00\" \/>\n<meta property=\"og:image\" content=\"https:\/\/www.voustensports.com\/wp-content\/uploads\/2023\/06\/bda317aa5693b2765d6d3721dc24ac93.jpg\" \/>\n\t<meta property=\"og:image:width\" content=\"1365\" \/>\n\t<meta property=\"og:image:height\" content=\"2048\" \/>\n\t<meta property=\"og:image:type\" content=\"image\/jpeg\" \/>\n<meta name=\"twitter:card\" content=\"summary_large_image\" \/>\n<script type=\"application\/ld+json\" class=\"yoast-schema-graph\">{\"@context\":\"https:\/\/schema.org\",\"@graph\":[{\"@type\":\"WebPage\",\"@id\":\"https:\/\/www.voustensports.com\/de\/herno-gerippter-wollschal-38174\/\",\"url\":\"https:\/\/www.voustensports.com\/de\/herno-gerippter-wollschal-38174\/\",\"name\":\"HERNO - GERIPPTER WOLLSCHAL (38174) - Vousten Sports\",\"isPartOf\":{\"@id\":\"https:\/\/www.voustensports.com\/nl\/#website\"},\"primaryImageOfPage\":{\"@id\":\"https:\/\/www.voustensports.com\/de\/herno-gerippter-wollschal-38174\/#primaryimage\"},\"image\":{\"@id\":\"https:\/\/www.voustensports.com\/de\/herno-gerippter-wollschal-38174\/#primaryimage\"},\"thumbnailUrl\":\"https:\/\/www.voustensports.com\/wp-content\/uploads\/2023\/06\/bda317aa5693b2765d6d3721dc24ac93.jpg\",\"datePublished\":\"2023-11-03T15:22:14+00:00\",\"dateModified\":\"2026-02-05T11:07:27+00:00\",\"breadcrumb\":{\"@id\":\"https:\/\/www.voustensports.com\/de\/herno-gerippter-wollschal-38174\/#breadcrumb\"},\"inLanguage\":\"de-DE\",\"potentialAction\":[{\"@type\":\"ReadAction\",\"target\":[\"https:\/\/www.voustensports.com\/de\/herno-gerippter-wollschal-38174\/\"]}]},{\"@type\":\"ImageObject\",\"inLanguage\":\"de-DE\",\"@id\":\"https:\/\/www.voustensports.com\/de\/herno-gerippter-wollschal-38174\/#primaryimage\",\"url\":\"https:\/\/www.voustensports.com\/wp-content\/uploads\/2023\/06\/bda317aa5693b2765d6d3721dc24ac93.jpg\",\"contentUrl\":\"https:\/\/www.voustensports.com\/wp-content\/uploads\/2023\/06\/bda317aa5693b2765d6d3721dc24ac93.jpg\",\"width\":1365,\"height\":2048},{\"@type\":\"BreadcrumbList\",\"@id\":\"https:\/\/www.voustensports.com\/de\/herno-gerippter-wollschal-38174\/#breadcrumb\",\"itemListElement\":[{\"@type\":\"ListItem\",\"position\":1,\"name\":\"Home\",\"item\":\"https:\/\/www.voustensports.com\/de\/\"},{\"@type\":\"ListItem\",\"position\":2,\"name\":\"Shop\",\"item\":\"https:\/\/www.voustensports.com\/de\/shop\/\"},{\"@type\":\"ListItem\",\"position\":3,\"name\":\"HERNO &#8211; GERIPPTER WOLLSCHAL (38174)\"}]},{\"@type\":\"WebSite\",\"@id\":\"https:\/\/www.voustensports.com\/nl\/#website\",\"url\":\"https:\/\/www.voustensports.com\/nl\/\",\"name\":\"Vousten Sports\",\"description\":\"\",\"potentialAction\":[{\"@type\":\"SearchAction\",\"target\":{\"@type\":\"EntryPoint\",\"urlTemplate\":\"https:\/\/www.voustensports.com\/nl\/?s={search_term_string}\"},\"query-input\":{\"@type\":\"PropertyValueSpecification\",\"valueRequired\":true,\"valueName\":\"search_term_string\"}}],\"inLanguage\":\"de-DE\"}]}<\/script>\n<!-- \/ Yoast SEO plugin. -->","yoast_head_json":{"title":"HERNO - GERIPPTER WOLLSCHAL (38174) - Vousten Sports","robots":{"index":"index","follow":"follow","max-snippet":"max-snippet:-1","max-image-preview":"max-image-preview:large","max-video-preview":"max-video-preview:-1"},"canonical":"https:\/\/www.voustensports.com\/de\/herno-gerippter-wollschal-38174\/","og_locale":"de_DE","og_type":"article","og_title":"HERNO - GERIPPTER WOLLSCHAL (38174) - Vousten Sports","og_description":"Schal aus weicher, kardierter Wolle. Das klassische und gem\u00fctliche Accessoire verf\u00fcgt \u00fcber ein Metalllogo f\u00fcr eine unverwechselbare Note. Normale Passform Gerippter Schal mit Braun und Dunkelblau gesticktes Logo Hergestellt in Italien 100 % Wolle Code: SCP00003U 70138 8800","og_url":"https:\/\/www.voustensports.com\/de\/herno-gerippter-wollschal-38174\/","og_site_name":"Vousten Sports","article_modified_time":"2026-02-05T11:07:27+00:00","og_image":[{"width":1365,"height":2048,"url":"https:\/\/www.voustensports.com\/wp-content\/uploads\/2023\/06\/bda317aa5693b2765d6d3721dc24ac93.jpg","type":"image\/jpeg"}],"twitter_card":"summary_large_image","schema":{"@context":"https:\/\/schema.org","@graph":[{"@type":"WebPage","@id":"https:\/\/www.voustensports.com\/de\/herno-gerippter-wollschal-38174\/","url":"https:\/\/www.voustensports.com\/de\/herno-gerippter-wollschal-38174\/","name":"HERNO - GERIPPTER WOLLSCHAL (38174) - Vousten Sports","isPartOf":{"@id":"https:\/\/www.voustensports.com\/nl\/#website"},"primaryImageOfPage":{"@id":"https:\/\/www.voustensports.com\/de\/herno-gerippter-wollschal-38174\/#primaryimage"},"image":{"@id":"https:\/\/www.voustensports.com\/de\/herno-gerippter-wollschal-38174\/#primaryimage"},"thumbnailUrl":"https:\/\/www.voustensports.com\/wp-content\/uploads\/2023\/06\/bda317aa5693b2765d6d3721dc24ac93.jpg","datePublished":"2023-11-03T15:22:14+00:00","dateModified":"2026-02-05T11:07:27+00:00","breadcrumb":{"@id":"https:\/\/www.voustensports.com\/de\/herno-gerippter-wollschal-38174\/#breadcrumb"},"inLanguage":"de-DE","potentialAction":[{"@type":"ReadAction","target":["https:\/\/www.voustensports.com\/de\/herno-gerippter-wollschal-38174\/"]}]},{"@type":"ImageObject","inLanguage":"de-DE","@id":"https:\/\/www.voustensports.com\/de\/herno-gerippter-wollschal-38174\/#primaryimage","url":"https:\/\/www.voustensports.com\/wp-content\/uploads\/2023\/06\/bda317aa5693b2765d6d3721dc24ac93.jpg","contentUrl":"https:\/\/www.voustensports.com\/wp-content\/uploads\/2023\/06\/bda317aa5693b2765d6d3721dc24ac93.jpg","width":1365,"height":2048},{"@type":"BreadcrumbList","@id":"https:\/\/www.voustensports.com\/de\/herno-gerippter-wollschal-38174\/#breadcrumb","itemListElement":[{"@type":"ListItem","position":1,"name":"Home","item":"https:\/\/www.voustensports.com\/de\/"},{"@type":"ListItem","position":2,"name":"Shop","item":"https:\/\/www.voustensports.com\/de\/shop\/"},{"@type":"ListItem","position":3,"name":"HERNO &#8211; GERIPPTER WOLLSCHAL (38174)"}]},{"@type":"WebSite","@id":"https:\/\/www.voustensports.com\/nl\/#website","url":"https:\/\/www.voustensports.com\/nl\/","name":"Vousten Sports","description":"","potentialAction":[{"@type":"SearchAction","target":{"@type":"EntryPoint","urlTemplate":"https:\/\/www.voustensports.com\/nl\/?s={search_term_string}"},"query-input":{"@type":"PropertyValueSpecification","valueRequired":true,"valueName":"search_term_string"}}],"inLanguage":"de-DE"}]}},"_links":{"self":[{"href":"https:\/\/www.voustensports.com\/de\/wp-json\/wp\/v2\/product\/38218","targetHints":{"allow":["GET"]}}],"collection":[{"href":"https:\/\/www.voustensports.com\/de\/wp-json\/wp\/v2\/product"}],"about":[{"href":"https:\/\/www.voustensports.com\/de\/wp-json\/wp\/v2\/types\/product"}],"replies":[{"embeddable":true,"href":"https:\/\/www.voustensports.com\/de\/wp-json\/wp\/v2\/comments?post=38218"}],"wp:featuredmedia":[{"embeddable":true,"href":"https:\/\/www.voustensports.com\/de\/wp-json\/wp\/v2\/media\/38206"}],"wp:attachment":[{"href":"https:\/\/www.voustensports.com\/de\/wp-json\/wp\/v2\/media?parent=38218"}],"wp:term":[{"taxonomy":"product_cat","embeddable":true,"href":"https:\/\/www.voustensports.com\/de\/wp-json\/wp\/v2\/product_cat?post=38218"},{"taxonomy":"product_tag","embeddable":true,"href":"https:\/\/www.voustensports.com\/de\/wp-json\/wp\/v2\/product_tag?post=38218"}],"curies":[{"name":"wp","href":"https:\/\/api.w.org\/{rel}","templated":true}]}}