{"id":37810,"date":"2023-10-28T18:46:37","date_gmt":"2023-10-28T16:46:37","guid":{"rendered":"https:\/\/www.voustensports.com\/product\/herno-arendelle-parka-38167-2\/"},"modified":"2026-02-05T12:07:20","modified_gmt":"2026-02-05T11:07:20","slug":"herno-arendelle-parka-38167-2","status":"publish","type":"product","link":"https:\/\/www.voustensports.com\/de\/herno-arendelle-parka-38167-2\/","title":{"rendered":"HERNO &#8211; ARENDELLE PARKA (38167)"},"content":{"rendered":"<p>Parka aus extramattem Polyester.<br \/>\nDieses weiche und leichte Kleidungsst\u00fcck ist mit einer Daunenf\u00fcllung gepolstert, die Luft einschlie\u00dft und einen flauschigen Effekt erzeugt.<br \/>\nEs kombiniert eine moderne Passform mit einer praktischen Konstruktion und vervollst\u00e4ndigt Ihre Alltagsgarderobe mit einem raffinierten Hauch von Herno.<\/p>\n<ul>\n<li>Normale Passform<br \/>\nPolartech-Polsterung<br \/>\nHoher Kragen<br \/>\nAbnehmbare Kapuze<br \/>\nVerdeckter Rei\u00dfverschluss und Druckknopfverschluss<br \/>\nKleine Leistentaschen mit Druckkn\u00f6pfen<br \/>\nPattentaschen<\/li>\n<\/ul>\n<p>Leistung:<br \/>\nHERNO POLAR-TECH: Wasserabweisend, weiche Polsterung, leicht, W\u00e4rmeisolierung<br \/>\nCode: PI001078U 8993<\/p>\n","protected":false},"excerpt":{"rendered":"<p>Parka aus extramattem Polyester. Dieses weiche und leichte Kleidungsst\u00fcck ist mit einer Daunenf\u00fcllung gepolstert, die Luft einschlie\u00dft und einen flauschigen Effekt erzeugt. Es kombiniert eine moderne Passform mit einer praktischen Konstruktion und vervollst\u00e4ndigt Ihre Alltagsgarderobe mit einem raffinierten Hauch von Herno. Normale Passform Polartech-Polsterung Hoher Kragen Abnehmbare Kapuze Verdeckter Rei\u00dfverschluss und Druckknopfverschluss Kleine Leistentaschen mit [&#8230;]\n","protected":false},"featured_media":37794,"comment_status":"open","ping_status":"closed","template":"","meta":{"rank_math_lock_modified_date":false},"product_cat":[447,451,463,543,702,706,728],"product_tag":[],"class_list":{"0":"post-37810","1":"product","2":"type-product","3":"status-publish","4":"has-post-thumbnail","6":"product_cat-kleding-de","7":"product_cat-heren-de","8":"product_cat-vousten-sports-de-2","9":"product_cat-jassen-de","10":"product_cat-jackets-de","11":"product_cat-jassen-jacks-de","12":"product_cat-herno-de","14":"first","15":"outofstock","16":"taxable","17":"shipping-taxable","18":"purchasable","19":"product-type-variable"},"acf":[],"yoast_head":"<!-- This site is optimized with the Yoast SEO plugin v23.9 - https:\/\/yoast.com\/wordpress\/plugins\/seo\/ -->\n<title>HERNO - ARENDELLE PARKA (38167) - Vousten Sports<\/title>\n<meta name=\"robots\" content=\"index, follow, max-snippet:-1, max-image-preview:large, max-video-preview:-1\" \/>\n<link rel=\"canonical\" href=\"https:\/\/www.voustensports.com\/de\/herno-arendelle-parka-38167-2\/\" \/>\n<meta property=\"og:locale\" content=\"de_DE\" \/>\n<meta property=\"og:type\" content=\"article\" \/>\n<meta property=\"og:title\" content=\"HERNO - ARENDELLE PARKA (38167) - Vousten Sports\" \/>\n<meta property=\"og:description\" content=\"Parka aus extramattem Polyester. Dieses weiche und leichte Kleidungsst\u00fcck ist mit einer Daunenf\u00fcllung gepolstert, die Luft einschlie\u00dft und einen flauschigen Effekt erzeugt. Es kombiniert eine moderne Passform mit einer praktischen Konstruktion und vervollst\u00e4ndigt Ihre Alltagsgarderobe mit einem raffinierten Hauch von Herno. Normale Passform Polartech-Polsterung Hoher Kragen Abnehmbare Kapuze Verdeckter Rei\u00dfverschluss und Druckknopfverschluss Kleine Leistentaschen mit [...]\" \/>\n<meta property=\"og:url\" content=\"https:\/\/www.voustensports.com\/de\/herno-arendelle-parka-38167-2\/\" \/>\n<meta property=\"og:site_name\" content=\"Vousten Sports\" \/>\n<meta property=\"article:modified_time\" content=\"2026-02-05T11:07:20+00:00\" \/>\n<meta property=\"og:image\" content=\"https:\/\/www.voustensports.com\/wp-content\/uploads\/2023\/06\/DSCF4899-removebg.png\" \/>\n\t<meta property=\"og:image:width\" content=\"1365\" \/>\n\t<meta property=\"og:image:height\" content=\"2048\" \/>\n\t<meta property=\"og:image:type\" content=\"image\/png\" \/>\n<meta name=\"twitter:card\" content=\"summary_large_image\" \/>\n<script type=\"application\/ld+json\" class=\"yoast-schema-graph\">{\"@context\":\"https:\/\/schema.org\",\"@graph\":[{\"@type\":\"WebPage\",\"@id\":\"https:\/\/www.voustensports.com\/de\/herno-arendelle-parka-38167-2\/\",\"url\":\"https:\/\/www.voustensports.com\/de\/herno-arendelle-parka-38167-2\/\",\"name\":\"HERNO - ARENDELLE PARKA (38167) - Vousten Sports\",\"isPartOf\":{\"@id\":\"https:\/\/www.voustensports.com\/nl\/#website\"},\"primaryImageOfPage\":{\"@id\":\"https:\/\/www.voustensports.com\/de\/herno-arendelle-parka-38167-2\/#primaryimage\"},\"image\":{\"@id\":\"https:\/\/www.voustensports.com\/de\/herno-arendelle-parka-38167-2\/#primaryimage\"},\"thumbnailUrl\":\"https:\/\/www.voustensports.com\/wp-content\/uploads\/2023\/06\/DSCF4899-removebg.png\",\"datePublished\":\"2023-10-28T16:46:37+00:00\",\"dateModified\":\"2026-02-05T11:07:20+00:00\",\"breadcrumb\":{\"@id\":\"https:\/\/www.voustensports.com\/de\/herno-arendelle-parka-38167-2\/#breadcrumb\"},\"inLanguage\":\"de-DE\",\"potentialAction\":[{\"@type\":\"ReadAction\",\"target\":[\"https:\/\/www.voustensports.com\/de\/herno-arendelle-parka-38167-2\/\"]}]},{\"@type\":\"ImageObject\",\"inLanguage\":\"de-DE\",\"@id\":\"https:\/\/www.voustensports.com\/de\/herno-arendelle-parka-38167-2\/#primaryimage\",\"url\":\"https:\/\/www.voustensports.com\/wp-content\/uploads\/2023\/06\/DSCF4899-removebg.png\",\"contentUrl\":\"https:\/\/www.voustensports.com\/wp-content\/uploads\/2023\/06\/DSCF4899-removebg.png\",\"width\":1365,\"height\":2048},{\"@type\":\"BreadcrumbList\",\"@id\":\"https:\/\/www.voustensports.com\/de\/herno-arendelle-parka-38167-2\/#breadcrumb\",\"itemListElement\":[{\"@type\":\"ListItem\",\"position\":1,\"name\":\"Home\",\"item\":\"https:\/\/www.voustensports.com\/de\/\"},{\"@type\":\"ListItem\",\"position\":2,\"name\":\"Shop\",\"item\":\"https:\/\/www.voustensports.com\/de\/shop\/\"},{\"@type\":\"ListItem\",\"position\":3,\"name\":\"HERNO &#8211; ARENDELLE PARKA (38167)\"}]},{\"@type\":\"WebSite\",\"@id\":\"https:\/\/www.voustensports.com\/nl\/#website\",\"url\":\"https:\/\/www.voustensports.com\/nl\/\",\"name\":\"Vousten Sports\",\"description\":\"\",\"potentialAction\":[{\"@type\":\"SearchAction\",\"target\":{\"@type\":\"EntryPoint\",\"urlTemplate\":\"https:\/\/www.voustensports.com\/nl\/?s={search_term_string}\"},\"query-input\":{\"@type\":\"PropertyValueSpecification\",\"valueRequired\":true,\"valueName\":\"search_term_string\"}}],\"inLanguage\":\"de-DE\"}]}<\/script>\n<!-- \/ Yoast SEO plugin. -->","yoast_head_json":{"title":"HERNO - ARENDELLE PARKA (38167) - Vousten Sports","robots":{"index":"index","follow":"follow","max-snippet":"max-snippet:-1","max-image-preview":"max-image-preview:large","max-video-preview":"max-video-preview:-1"},"canonical":"https:\/\/www.voustensports.com\/de\/herno-arendelle-parka-38167-2\/","og_locale":"de_DE","og_type":"article","og_title":"HERNO - ARENDELLE PARKA (38167) - Vousten Sports","og_description":"Parka aus extramattem Polyester. Dieses weiche und leichte Kleidungsst\u00fcck ist mit einer Daunenf\u00fcllung gepolstert, die Luft einschlie\u00dft und einen flauschigen Effekt erzeugt. Es kombiniert eine moderne Passform mit einer praktischen Konstruktion und vervollst\u00e4ndigt Ihre Alltagsgarderobe mit einem raffinierten Hauch von Herno. Normale Passform Polartech-Polsterung Hoher Kragen Abnehmbare Kapuze Verdeckter Rei\u00dfverschluss und Druckknopfverschluss Kleine Leistentaschen mit [...]","og_url":"https:\/\/www.voustensports.com\/de\/herno-arendelle-parka-38167-2\/","og_site_name":"Vousten Sports","article_modified_time":"2026-02-05T11:07:20+00:00","og_image":[{"width":1365,"height":2048,"url":"https:\/\/www.voustensports.com\/wp-content\/uploads\/2023\/06\/DSCF4899-removebg.png","type":"image\/png"}],"twitter_card":"summary_large_image","schema":{"@context":"https:\/\/schema.org","@graph":[{"@type":"WebPage","@id":"https:\/\/www.voustensports.com\/de\/herno-arendelle-parka-38167-2\/","url":"https:\/\/www.voustensports.com\/de\/herno-arendelle-parka-38167-2\/","name":"HERNO - ARENDELLE PARKA (38167) - Vousten Sports","isPartOf":{"@id":"https:\/\/www.voustensports.com\/nl\/#website"},"primaryImageOfPage":{"@id":"https:\/\/www.voustensports.com\/de\/herno-arendelle-parka-38167-2\/#primaryimage"},"image":{"@id":"https:\/\/www.voustensports.com\/de\/herno-arendelle-parka-38167-2\/#primaryimage"},"thumbnailUrl":"https:\/\/www.voustensports.com\/wp-content\/uploads\/2023\/06\/DSCF4899-removebg.png","datePublished":"2023-10-28T16:46:37+00:00","dateModified":"2026-02-05T11:07:20+00:00","breadcrumb":{"@id":"https:\/\/www.voustensports.com\/de\/herno-arendelle-parka-38167-2\/#breadcrumb"},"inLanguage":"de-DE","potentialAction":[{"@type":"ReadAction","target":["https:\/\/www.voustensports.com\/de\/herno-arendelle-parka-38167-2\/"]}]},{"@type":"ImageObject","inLanguage":"de-DE","@id":"https:\/\/www.voustensports.com\/de\/herno-arendelle-parka-38167-2\/#primaryimage","url":"https:\/\/www.voustensports.com\/wp-content\/uploads\/2023\/06\/DSCF4899-removebg.png","contentUrl":"https:\/\/www.voustensports.com\/wp-content\/uploads\/2023\/06\/DSCF4899-removebg.png","width":1365,"height":2048},{"@type":"BreadcrumbList","@id":"https:\/\/www.voustensports.com\/de\/herno-arendelle-parka-38167-2\/#breadcrumb","itemListElement":[{"@type":"ListItem","position":1,"name":"Home","item":"https:\/\/www.voustensports.com\/de\/"},{"@type":"ListItem","position":2,"name":"Shop","item":"https:\/\/www.voustensports.com\/de\/shop\/"},{"@type":"ListItem","position":3,"name":"HERNO &#8211; ARENDELLE PARKA (38167)"}]},{"@type":"WebSite","@id":"https:\/\/www.voustensports.com\/nl\/#website","url":"https:\/\/www.voustensports.com\/nl\/","name":"Vousten Sports","description":"","potentialAction":[{"@type":"SearchAction","target":{"@type":"EntryPoint","urlTemplate":"https:\/\/www.voustensports.com\/nl\/?s={search_term_string}"},"query-input":{"@type":"PropertyValueSpecification","valueRequired":true,"valueName":"search_term_string"}}],"inLanguage":"de-DE"}]}},"_links":{"self":[{"href":"https:\/\/www.voustensports.com\/de\/wp-json\/wp\/v2\/product\/37810","targetHints":{"allow":["GET"]}}],"collection":[{"href":"https:\/\/www.voustensports.com\/de\/wp-json\/wp\/v2\/product"}],"about":[{"href":"https:\/\/www.voustensports.com\/de\/wp-json\/wp\/v2\/types\/product"}],"replies":[{"embeddable":true,"href":"https:\/\/www.voustensports.com\/de\/wp-json\/wp\/v2\/comments?post=37810"}],"wp:featuredmedia":[{"embeddable":true,"href":"https:\/\/www.voustensports.com\/de\/wp-json\/wp\/v2\/media\/37794"}],"wp:attachment":[{"href":"https:\/\/www.voustensports.com\/de\/wp-json\/wp\/v2\/media?parent=37810"}],"wp:term":[{"taxonomy":"product_cat","embeddable":true,"href":"https:\/\/www.voustensports.com\/de\/wp-json\/wp\/v2\/product_cat?post=37810"},{"taxonomy":"product_tag","embeddable":true,"href":"https:\/\/www.voustensports.com\/de\/wp-json\/wp\/v2\/product_tag?post=37810"}],"curies":[{"name":"wp","href":"https:\/\/api.w.org\/{rel}","templated":true}]}}