{"id":37150,"date":"2023-10-22T18:52:21","date_gmt":"2023-10-22T16:52:21","guid":{"rendered":"https:\/\/www.voustensports.com\/product\/hogan-damen-sneakers-h365-elfenbeingold-38007\/"},"modified":"2026-02-05T12:06:39","modified_gmt":"2026-02-05T11:06:39","slug":"hogan-damen-sneakers-h365-elfenbeingold-38007","status":"publish","type":"product","link":"https:\/\/www.voustensports.com\/de\/hogan-damen-sneakers-h365-elfenbeingold-38007\/","title":{"rendered":"HOGAN Damen &#8211; Sneakers H365 Elfenbeingold (38007)"},"content":{"rendered":"<ul>\n<li>Hogan H365-Sneaker f\u00fcr Damen<\/li>\n<li>Obermaterial Leder<\/li>\n<li>Eins\u00e4tze aus metallischem Leder<\/li>\n<li>Herausnehmbare Innensohle mit 13 mm Steigung<\/li>\n<li>Gummi-Au\u00dfensohle<\/li>\n<li>Gesamth\u00f6he 3,5 cm<\/li>\n<li>Wartungs- und Pflegekarten inklusive<\/li>\n<li>Staubbeutel aus Stoff im Lieferumfang enthalten<\/li>\n<li>Zus\u00e4tzliche Schn\u00fcrsenkel im Lieferumfang enthalten<\/li>\n<\/ul>\n<p>Der Hogan H365 interpretiert traditionelle Tennisschuhlinien mit einem modernen Touch. Er verf\u00fcgt \u00fcber eine ikonische leichte Cupsohle und ein schlichtes und essentielles Obermaterial. Diese zeitlosen Low-Top-Sneaker f\u00fcr Damen sind aus Glattleder gefertigt und haben ein verl\u00e4ngertes H an der Seite aus Metallic-Leder. Perfekt, um jedem Gro\u00dfstadt-Outfit einen einzigartigen Stil zu verleihen.<\/p>\n<p>MOD. HXW3650J310RNP0RU6<\/p>\n","protected":false},"excerpt":{"rendered":"<p>Hogan H365-Sneaker f\u00fcr Damen Obermaterial Leder Eins\u00e4tze aus metallischem Leder Herausnehmbare Innensohle mit 13 mm Steigung Gummi-Au\u00dfensohle Gesamth\u00f6he 3,5 cm Wartungs- und Pflegekarten inklusive Staubbeutel aus Stoff im Lieferumfang enthalten Zus\u00e4tzliche Schn\u00fcrsenkel im Lieferumfang enthalten Der Hogan H365 interpretiert traditionelle Tennisschuhlinien mit einem modernen Touch. Er verf\u00fcgt \u00fcber eine ikonische leichte Cupsohle und ein schlichtes [&#8230;]\n","protected":false},"featured_media":37134,"comment_status":"open","ping_status":"closed","template":"","meta":{"rank_math_lock_modified_date":false},"product_cat":[463,519,523,527,636],"product_tag":[],"class_list":{"0":"post-37150","1":"product","2":"type-product","3":"status-publish","4":"has-post-thumbnail","6":"product_cat-vousten-sports-de-2","7":"product_cat-hogan-de","8":"product_cat-schoenen-de-2","9":"product_cat-sneakers-de-2","10":"product_cat-dames-de","12":"first","13":"outofstock","14":"taxable","15":"shipping-taxable","16":"purchasable","17":"product-type-variable"},"acf":[],"yoast_head":"<!-- This site is optimized with the Yoast SEO plugin v23.9 - https:\/\/yoast.com\/wordpress\/plugins\/seo\/ -->\n<title>HOGAN Damen - Sneakers H365 Elfenbeingold (38007) - Vousten Sports<\/title>\n<meta name=\"robots\" content=\"index, follow, max-snippet:-1, max-image-preview:large, max-video-preview:-1\" \/>\n<link rel=\"canonical\" href=\"https:\/\/www.voustensports.com\/de\/hogan-damen-sneakers-h365-elfenbeingold-38007\/\" \/>\n<meta property=\"og:locale\" content=\"de_DE\" \/>\n<meta property=\"og:type\" content=\"article\" \/>\n<meta property=\"og:title\" content=\"HOGAN Damen - Sneakers H365 Elfenbeingold (38007) - Vousten Sports\" \/>\n<meta property=\"og:description\" content=\"Hogan H365-Sneaker f\u00fcr Damen Obermaterial Leder Eins\u00e4tze aus metallischem Leder Herausnehmbare Innensohle mit 13 mm Steigung Gummi-Au\u00dfensohle Gesamth\u00f6he 3,5 cm Wartungs- und Pflegekarten inklusive Staubbeutel aus Stoff im Lieferumfang enthalten Zus\u00e4tzliche Schn\u00fcrsenkel im Lieferumfang enthalten Der Hogan H365 interpretiert traditionelle Tennisschuhlinien mit einem modernen Touch. Er verf\u00fcgt \u00fcber eine ikonische leichte Cupsohle und ein schlichtes [...]\" \/>\n<meta property=\"og:url\" content=\"https:\/\/www.voustensports.com\/de\/hogan-damen-sneakers-h365-elfenbeingold-38007\/\" \/>\n<meta property=\"og:site_name\" content=\"Vousten Sports\" \/>\n<meta property=\"article:modified_time\" content=\"2026-02-05T11:06:39+00:00\" \/>\n<meta property=\"og:image\" content=\"https:\/\/www.voustensports.com\/wp-content\/uploads\/2023\/06\/stone_en_hogan-5-removebg.png\" \/>\n\t<meta property=\"og:image:width\" content=\"1365\" \/>\n\t<meta property=\"og:image:height\" content=\"2048\" \/>\n\t<meta property=\"og:image:type\" content=\"image\/png\" \/>\n<meta name=\"twitter:card\" content=\"summary_large_image\" \/>\n<meta name=\"twitter:label1\" content=\"Est. reading time\" \/>\n\t<meta name=\"twitter:data1\" content=\"1 Minute\" \/>\n<script type=\"application\/ld+json\" class=\"yoast-schema-graph\">{\"@context\":\"https:\/\/schema.org\",\"@graph\":[{\"@type\":\"WebPage\",\"@id\":\"https:\/\/www.voustensports.com\/de\/hogan-damen-sneakers-h365-elfenbeingold-38007\/\",\"url\":\"https:\/\/www.voustensports.com\/de\/hogan-damen-sneakers-h365-elfenbeingold-38007\/\",\"name\":\"HOGAN Damen - Sneakers H365 Elfenbeingold (38007) - Vousten Sports\",\"isPartOf\":{\"@id\":\"https:\/\/www.voustensports.com\/nl\/#website\"},\"primaryImageOfPage\":{\"@id\":\"https:\/\/www.voustensports.com\/de\/hogan-damen-sneakers-h365-elfenbeingold-38007\/#primaryimage\"},\"image\":{\"@id\":\"https:\/\/www.voustensports.com\/de\/hogan-damen-sneakers-h365-elfenbeingold-38007\/#primaryimage\"},\"thumbnailUrl\":\"https:\/\/www.voustensports.com\/wp-content\/uploads\/2023\/06\/stone_en_hogan-5-removebg.png\",\"datePublished\":\"2023-10-22T16:52:21+00:00\",\"dateModified\":\"2026-02-05T11:06:39+00:00\",\"breadcrumb\":{\"@id\":\"https:\/\/www.voustensports.com\/de\/hogan-damen-sneakers-h365-elfenbeingold-38007\/#breadcrumb\"},\"inLanguage\":\"de-DE\",\"potentialAction\":[{\"@type\":\"ReadAction\",\"target\":[\"https:\/\/www.voustensports.com\/de\/hogan-damen-sneakers-h365-elfenbeingold-38007\/\"]}]},{\"@type\":\"ImageObject\",\"inLanguage\":\"de-DE\",\"@id\":\"https:\/\/www.voustensports.com\/de\/hogan-damen-sneakers-h365-elfenbeingold-38007\/#primaryimage\",\"url\":\"https:\/\/www.voustensports.com\/wp-content\/uploads\/2023\/06\/stone_en_hogan-5-removebg.png\",\"contentUrl\":\"https:\/\/www.voustensports.com\/wp-content\/uploads\/2023\/06\/stone_en_hogan-5-removebg.png\",\"width\":1365,\"height\":2048},{\"@type\":\"BreadcrumbList\",\"@id\":\"https:\/\/www.voustensports.com\/de\/hogan-damen-sneakers-h365-elfenbeingold-38007\/#breadcrumb\",\"itemListElement\":[{\"@type\":\"ListItem\",\"position\":1,\"name\":\"Home\",\"item\":\"https:\/\/www.voustensports.com\/de\/\"},{\"@type\":\"ListItem\",\"position\":2,\"name\":\"Shop\",\"item\":\"https:\/\/www.voustensports.com\/de\/shop\/\"},{\"@type\":\"ListItem\",\"position\":3,\"name\":\"HOGAN Damen &#8211; Sneakers H365 Elfenbeingold (38007)\"}]},{\"@type\":\"WebSite\",\"@id\":\"https:\/\/www.voustensports.com\/nl\/#website\",\"url\":\"https:\/\/www.voustensports.com\/nl\/\",\"name\":\"Vousten Sports\",\"description\":\"\",\"potentialAction\":[{\"@type\":\"SearchAction\",\"target\":{\"@type\":\"EntryPoint\",\"urlTemplate\":\"https:\/\/www.voustensports.com\/nl\/?s={search_term_string}\"},\"query-input\":{\"@type\":\"PropertyValueSpecification\",\"valueRequired\":true,\"valueName\":\"search_term_string\"}}],\"inLanguage\":\"de-DE\"}]}<\/script>\n<!-- \/ Yoast SEO plugin. -->","yoast_head_json":{"title":"HOGAN Damen - Sneakers H365 Elfenbeingold (38007) - Vousten Sports","robots":{"index":"index","follow":"follow","max-snippet":"max-snippet:-1","max-image-preview":"max-image-preview:large","max-video-preview":"max-video-preview:-1"},"canonical":"https:\/\/www.voustensports.com\/de\/hogan-damen-sneakers-h365-elfenbeingold-38007\/","og_locale":"de_DE","og_type":"article","og_title":"HOGAN Damen - Sneakers H365 Elfenbeingold (38007) - Vousten Sports","og_description":"Hogan H365-Sneaker f\u00fcr Damen Obermaterial Leder Eins\u00e4tze aus metallischem Leder Herausnehmbare Innensohle mit 13 mm Steigung Gummi-Au\u00dfensohle Gesamth\u00f6he 3,5 cm Wartungs- und Pflegekarten inklusive Staubbeutel aus Stoff im Lieferumfang enthalten Zus\u00e4tzliche Schn\u00fcrsenkel im Lieferumfang enthalten Der Hogan H365 interpretiert traditionelle Tennisschuhlinien mit einem modernen Touch. Er verf\u00fcgt \u00fcber eine ikonische leichte Cupsohle und ein schlichtes [...]","og_url":"https:\/\/www.voustensports.com\/de\/hogan-damen-sneakers-h365-elfenbeingold-38007\/","og_site_name":"Vousten Sports","article_modified_time":"2026-02-05T11:06:39+00:00","og_image":[{"width":1365,"height":2048,"url":"https:\/\/www.voustensports.com\/wp-content\/uploads\/2023\/06\/stone_en_hogan-5-removebg.png","type":"image\/png"}],"twitter_card":"summary_large_image","twitter_misc":{"Est. reading time":"1 Minute"},"schema":{"@context":"https:\/\/schema.org","@graph":[{"@type":"WebPage","@id":"https:\/\/www.voustensports.com\/de\/hogan-damen-sneakers-h365-elfenbeingold-38007\/","url":"https:\/\/www.voustensports.com\/de\/hogan-damen-sneakers-h365-elfenbeingold-38007\/","name":"HOGAN Damen - Sneakers H365 Elfenbeingold (38007) - Vousten Sports","isPartOf":{"@id":"https:\/\/www.voustensports.com\/nl\/#website"},"primaryImageOfPage":{"@id":"https:\/\/www.voustensports.com\/de\/hogan-damen-sneakers-h365-elfenbeingold-38007\/#primaryimage"},"image":{"@id":"https:\/\/www.voustensports.com\/de\/hogan-damen-sneakers-h365-elfenbeingold-38007\/#primaryimage"},"thumbnailUrl":"https:\/\/www.voustensports.com\/wp-content\/uploads\/2023\/06\/stone_en_hogan-5-removebg.png","datePublished":"2023-10-22T16:52:21+00:00","dateModified":"2026-02-05T11:06:39+00:00","breadcrumb":{"@id":"https:\/\/www.voustensports.com\/de\/hogan-damen-sneakers-h365-elfenbeingold-38007\/#breadcrumb"},"inLanguage":"de-DE","potentialAction":[{"@type":"ReadAction","target":["https:\/\/www.voustensports.com\/de\/hogan-damen-sneakers-h365-elfenbeingold-38007\/"]}]},{"@type":"ImageObject","inLanguage":"de-DE","@id":"https:\/\/www.voustensports.com\/de\/hogan-damen-sneakers-h365-elfenbeingold-38007\/#primaryimage","url":"https:\/\/www.voustensports.com\/wp-content\/uploads\/2023\/06\/stone_en_hogan-5-removebg.png","contentUrl":"https:\/\/www.voustensports.com\/wp-content\/uploads\/2023\/06\/stone_en_hogan-5-removebg.png","width":1365,"height":2048},{"@type":"BreadcrumbList","@id":"https:\/\/www.voustensports.com\/de\/hogan-damen-sneakers-h365-elfenbeingold-38007\/#breadcrumb","itemListElement":[{"@type":"ListItem","position":1,"name":"Home","item":"https:\/\/www.voustensports.com\/de\/"},{"@type":"ListItem","position":2,"name":"Shop","item":"https:\/\/www.voustensports.com\/de\/shop\/"},{"@type":"ListItem","position":3,"name":"HOGAN Damen &#8211; Sneakers H365 Elfenbeingold (38007)"}]},{"@type":"WebSite","@id":"https:\/\/www.voustensports.com\/nl\/#website","url":"https:\/\/www.voustensports.com\/nl\/","name":"Vousten Sports","description":"","potentialAction":[{"@type":"SearchAction","target":{"@type":"EntryPoint","urlTemplate":"https:\/\/www.voustensports.com\/nl\/?s={search_term_string}"},"query-input":{"@type":"PropertyValueSpecification","valueRequired":true,"valueName":"search_term_string"}}],"inLanguage":"de-DE"}]}},"_links":{"self":[{"href":"https:\/\/www.voustensports.com\/de\/wp-json\/wp\/v2\/product\/37150","targetHints":{"allow":["GET"]}}],"collection":[{"href":"https:\/\/www.voustensports.com\/de\/wp-json\/wp\/v2\/product"}],"about":[{"href":"https:\/\/www.voustensports.com\/de\/wp-json\/wp\/v2\/types\/product"}],"replies":[{"embeddable":true,"href":"https:\/\/www.voustensports.com\/de\/wp-json\/wp\/v2\/comments?post=37150"}],"wp:featuredmedia":[{"embeddable":true,"href":"https:\/\/www.voustensports.com\/de\/wp-json\/wp\/v2\/media\/37134"}],"wp:attachment":[{"href":"https:\/\/www.voustensports.com\/de\/wp-json\/wp\/v2\/media?parent=37150"}],"wp:term":[{"taxonomy":"product_cat","embeddable":true,"href":"https:\/\/www.voustensports.com\/de\/wp-json\/wp\/v2\/product_cat?post=37150"},{"taxonomy":"product_tag","embeddable":true,"href":"https:\/\/www.voustensports.com\/de\/wp-json\/wp\/v2\/product_tag?post=37150"}],"curies":[{"name":"wp","href":"https:\/\/api.w.org\/{rel}","templated":true}]}}