{"id":36870,"date":"2023-10-22T17:46:27","date_gmt":"2023-10-22T15:46:27","guid":{"rendered":"https:\/\/www.voustensports.com\/product\/stone-island-ghost-piece_o-ventile-mit-primaloft-isolationstechnologie-37769\/"},"modified":"2026-02-05T12:04:12","modified_gmt":"2026-02-05T11:04:12","slug":"stone-island-ghost-piece_o-ventile-mit-primaloft-isolationstechnologie-37769","status":"publish","type":"product","link":"https:\/\/www.voustensports.com\/de\/stone-island-ghost-piece_o-ventile-mit-primaloft-isolationstechnologie-37769\/","title":{"rendered":"STONE ISLAND &#8211; GHOST PIECE_O-VENTILE\u00ae MIT PRIMALOFT ISOLATIONSTECHNOLOGIE (37769)"},"content":{"rendered":"<p>STOFFFORSCHUNG UND -BEHANDLUNG<br \/>\nSTONE ISLAND GHOST PIECE_O-VENTILE\u00ae MIT PRIMALOFT INSULATIONSTECHNOLOGIE: Ghost-St\u00fccke basieren auf dem Konzept der Tarnung und sind v\u00f6llig einfarbig. Sogar ihr Stone Island-Abzeichen wurde in einer speziellen einfarbigen Version erstellt, um mit dem Kleidungsst\u00fcck zu harmonieren. Kapuzenjacke aus O-Ventile, einer 100 % biologischen Version von Ventile\u00ae. Es wurde im Vereinigten K\u00f6nigreich aus feinster langstapeliger Baumwollfaser entwickelt und ist weder beschichtet noch laminiert. Die Kombination aus dichtem Weben und den Quelleigenschaften der Faser im nassen Zustand sorgt f\u00fcr eine hervorragende Allwetterbarriere. Ventile\u00ae ist ein v\u00f6llig nat\u00fcrliches Produkt, das ein einzigartiges Ma\u00df an Komfort und Haptik bietet. Es ist winddicht, atmungsaktiv und sehr langlebig. Die Bio-Version beh\u00e4lt alle urspr\u00fcnglichen Eigenschaften des Stoffes bei. Thermoversiegelte N\u00e4hte f\u00fcr zus\u00e4tzlichen Schutz. Gepolstert mit PrimaLoft\u00ae Silver, einer exklusiven Mischung aus 100 % recycelten Fasern mit au\u00dfergew\u00f6hnlicher Isolierf\u00e4higkeit.<br \/>\nSTIL<br \/>\nWattierte Kapuze mit \u00fcbern\u00e4hten Eins\u00e4tzen und elastischem Konturkordelzug. Eingrifftaschen unter einer horizontalen Vordernaht, mit breiten Klappen, an einer Kante befestigt, mit verdecktem Druckknopf an der anderen Kante. Geformte \u00c4rmel mit Naht an den Ellenbogen. Stone Island Ghost-Abzeichen auf dem linken \u00c4rmel. Riemen an den Manschetten mit verstellbarem Druckknopfverschluss. Verdeckter Zwei-Wege-Rei\u00dfverschluss unter der verdeckten Druckknopfleiste. Vertikaler Riemen mit Druckknopfverschluss in der Mitte der Knopfleiste.<\/p>\n<p>KOMPOSITION<br \/>\nAu\u00dfenstoff: 100 % Baumwolle<br \/>\nFutter: 100 % Polyamid\/Nylon<br \/>\nPolsterung: 100 % Polyester<\/p>\n","protected":false},"excerpt":{"rendered":"<p>STOFFFORSCHUNG UND -BEHANDLUNG STONE ISLAND GHOST PIECE_O-VENTILE\u00ae MIT PRIMALOFT INSULATIONSTECHNOLOGIE: Ghost-St\u00fccke basieren auf dem Konzept der Tarnung und sind v\u00f6llig einfarbig. Sogar ihr Stone Island-Abzeichen wurde in einer speziellen einfarbigen Version erstellt, um mit dem Kleidungsst\u00fcck zu harmonieren. Kapuzenjacke aus O-Ventile, einer 100 % biologischen Version von Ventile\u00ae. Es wurde im Vereinigten K\u00f6nigreich aus feinster [&#8230;]\n","protected":false},"featured_media":38038,"comment_status":"open","ping_status":"closed","template":"","meta":{"rank_math_lock_modified_date":false},"product_cat":[447,451,463,483,543,702,706,844],"product_tag":[],"class_list":{"0":"post-36870","1":"product","2":"type-product","3":"status-publish","4":"has-post-thumbnail","6":"product_cat-kleding-de","7":"product_cat-heren-de","8":"product_cat-vousten-sports-de-2","9":"product_cat-stone-island-de-2","10":"product_cat-jassen-de","11":"product_cat-jackets-de","12":"product_cat-jassen-jacks-de","13":"product_cat-stone-presale-23-de","15":"first","16":"instock","17":"taxable","18":"shipping-taxable","19":"purchasable","20":"product-type-variable"},"acf":[],"yoast_head":"<!-- This site is optimized with the Yoast SEO plugin v23.9 - https:\/\/yoast.com\/wordpress\/plugins\/seo\/ -->\n<title>STONE ISLAND - GHOST PIECE_O-VENTILE\u00ae MIT PRIMALOFT ISOLATIONSTECHNOLOGIE (37769) - Vousten Sports<\/title>\n<meta name=\"robots\" content=\"index, follow, max-snippet:-1, max-image-preview:large, max-video-preview:-1\" \/>\n<link rel=\"canonical\" href=\"https:\/\/www.voustensports.com\/de\/stone-island-ghost-piece_o-ventile-mit-primaloft-isolationstechnologie-37769\/\" \/>\n<meta property=\"og:locale\" content=\"de_DE\" \/>\n<meta property=\"og:type\" content=\"article\" \/>\n<meta property=\"og:title\" content=\"STONE ISLAND - GHOST PIECE_O-VENTILE\u00ae MIT PRIMALOFT ISOLATIONSTECHNOLOGIE (37769) - Vousten Sports\" \/>\n<meta property=\"og:description\" content=\"STOFFFORSCHUNG UND -BEHANDLUNG STONE ISLAND GHOST PIECE_O-VENTILE\u00ae MIT PRIMALOFT INSULATIONSTECHNOLOGIE: Ghost-St\u00fccke basieren auf dem Konzept der Tarnung und sind v\u00f6llig einfarbig. Sogar ihr Stone Island-Abzeichen wurde in einer speziellen einfarbigen Version erstellt, um mit dem Kleidungsst\u00fcck zu harmonieren. Kapuzenjacke aus O-Ventile, einer 100 % biologischen Version von Ventile\u00ae. Es wurde im Vereinigten K\u00f6nigreich aus feinster [...]\" \/>\n<meta property=\"og:url\" content=\"https:\/\/www.voustensports.com\/de\/stone-island-ghost-piece_o-ventile-mit-primaloft-isolationstechnologie-37769\/\" \/>\n<meta property=\"og:site_name\" content=\"Vousten Sports\" \/>\n<meta property=\"article:modified_time\" content=\"2026-02-05T11:04:12+00:00\" \/>\n<meta property=\"og:image\" content=\"https:\/\/www.voustensports.com\/wp-content\/uploads\/2023\/06\/DSCF4503.png\" \/>\n\t<meta property=\"og:image:width\" content=\"1365\" \/>\n\t<meta property=\"og:image:height\" content=\"2048\" \/>\n\t<meta property=\"og:image:type\" content=\"image\/png\" \/>\n<meta name=\"twitter:card\" content=\"summary_large_image\" \/>\n<meta name=\"twitter:label1\" content=\"Est. reading time\" \/>\n\t<meta name=\"twitter:data1\" content=\"1 Minute\" \/>\n<script type=\"application\/ld+json\" class=\"yoast-schema-graph\">{\"@context\":\"https:\/\/schema.org\",\"@graph\":[{\"@type\":\"WebPage\",\"@id\":\"https:\/\/www.voustensports.com\/de\/stone-island-ghost-piece_o-ventile-mit-primaloft-isolationstechnologie-37769\/\",\"url\":\"https:\/\/www.voustensports.com\/de\/stone-island-ghost-piece_o-ventile-mit-primaloft-isolationstechnologie-37769\/\",\"name\":\"STONE ISLAND - GHOST PIECE_O-VENTILE\u00ae MIT PRIMALOFT ISOLATIONSTECHNOLOGIE (37769) - Vousten Sports\",\"isPartOf\":{\"@id\":\"https:\/\/www.voustensports.com\/nl\/#website\"},\"primaryImageOfPage\":{\"@id\":\"https:\/\/www.voustensports.com\/de\/stone-island-ghost-piece_o-ventile-mit-primaloft-isolationstechnologie-37769\/#primaryimage\"},\"image\":{\"@id\":\"https:\/\/www.voustensports.com\/de\/stone-island-ghost-piece_o-ventile-mit-primaloft-isolationstechnologie-37769\/#primaryimage\"},\"thumbnailUrl\":\"https:\/\/www.voustensports.com\/wp-content\/uploads\/2023\/06\/DSCF4503.png\",\"datePublished\":\"2023-10-22T15:46:27+00:00\",\"dateModified\":\"2026-02-05T11:04:12+00:00\",\"breadcrumb\":{\"@id\":\"https:\/\/www.voustensports.com\/de\/stone-island-ghost-piece_o-ventile-mit-primaloft-isolationstechnologie-37769\/#breadcrumb\"},\"inLanguage\":\"de-DE\",\"potentialAction\":[{\"@type\":\"ReadAction\",\"target\":[\"https:\/\/www.voustensports.com\/de\/stone-island-ghost-piece_o-ventile-mit-primaloft-isolationstechnologie-37769\/\"]}]},{\"@type\":\"ImageObject\",\"inLanguage\":\"de-DE\",\"@id\":\"https:\/\/www.voustensports.com\/de\/stone-island-ghost-piece_o-ventile-mit-primaloft-isolationstechnologie-37769\/#primaryimage\",\"url\":\"https:\/\/www.voustensports.com\/wp-content\/uploads\/2023\/06\/DSCF4503.png\",\"contentUrl\":\"https:\/\/www.voustensports.com\/wp-content\/uploads\/2023\/06\/DSCF4503.png\",\"width\":1365,\"height\":2048},{\"@type\":\"BreadcrumbList\",\"@id\":\"https:\/\/www.voustensports.com\/de\/stone-island-ghost-piece_o-ventile-mit-primaloft-isolationstechnologie-37769\/#breadcrumb\",\"itemListElement\":[{\"@type\":\"ListItem\",\"position\":1,\"name\":\"Home\",\"item\":\"https:\/\/www.voustensports.com\/de\/\"},{\"@type\":\"ListItem\",\"position\":2,\"name\":\"Shop\",\"item\":\"https:\/\/www.voustensports.com\/de\/shop\/\"},{\"@type\":\"ListItem\",\"position\":3,\"name\":\"STONE ISLAND &#8211; GHOST PIECE_O-VENTILE\u00ae MIT PRIMALOFT ISOLATIONSTECHNOLOGIE (37769)\"}]},{\"@type\":\"WebSite\",\"@id\":\"https:\/\/www.voustensports.com\/nl\/#website\",\"url\":\"https:\/\/www.voustensports.com\/nl\/\",\"name\":\"Vousten Sports\",\"description\":\"\",\"potentialAction\":[{\"@type\":\"SearchAction\",\"target\":{\"@type\":\"EntryPoint\",\"urlTemplate\":\"https:\/\/www.voustensports.com\/nl\/?s={search_term_string}\"},\"query-input\":{\"@type\":\"PropertyValueSpecification\",\"valueRequired\":true,\"valueName\":\"search_term_string\"}}],\"inLanguage\":\"de-DE\"}]}<\/script>\n<!-- \/ Yoast SEO plugin. -->","yoast_head_json":{"title":"STONE ISLAND - GHOST PIECE_O-VENTILE\u00ae MIT PRIMALOFT ISOLATIONSTECHNOLOGIE (37769) - Vousten Sports","robots":{"index":"index","follow":"follow","max-snippet":"max-snippet:-1","max-image-preview":"max-image-preview:large","max-video-preview":"max-video-preview:-1"},"canonical":"https:\/\/www.voustensports.com\/de\/stone-island-ghost-piece_o-ventile-mit-primaloft-isolationstechnologie-37769\/","og_locale":"de_DE","og_type":"article","og_title":"STONE ISLAND - GHOST PIECE_O-VENTILE\u00ae MIT PRIMALOFT ISOLATIONSTECHNOLOGIE (37769) - Vousten Sports","og_description":"STOFFFORSCHUNG UND -BEHANDLUNG STONE ISLAND GHOST PIECE_O-VENTILE\u00ae MIT PRIMALOFT INSULATIONSTECHNOLOGIE: Ghost-St\u00fccke basieren auf dem Konzept der Tarnung und sind v\u00f6llig einfarbig. Sogar ihr Stone Island-Abzeichen wurde in einer speziellen einfarbigen Version erstellt, um mit dem Kleidungsst\u00fcck zu harmonieren. Kapuzenjacke aus O-Ventile, einer 100 % biologischen Version von Ventile\u00ae. Es wurde im Vereinigten K\u00f6nigreich aus feinster [...]","og_url":"https:\/\/www.voustensports.com\/de\/stone-island-ghost-piece_o-ventile-mit-primaloft-isolationstechnologie-37769\/","og_site_name":"Vousten Sports","article_modified_time":"2026-02-05T11:04:12+00:00","og_image":[{"width":1365,"height":2048,"url":"https:\/\/www.voustensports.com\/wp-content\/uploads\/2023\/06\/DSCF4503.png","type":"image\/png"}],"twitter_card":"summary_large_image","twitter_misc":{"Est. reading time":"1 Minute"},"schema":{"@context":"https:\/\/schema.org","@graph":[{"@type":"WebPage","@id":"https:\/\/www.voustensports.com\/de\/stone-island-ghost-piece_o-ventile-mit-primaloft-isolationstechnologie-37769\/","url":"https:\/\/www.voustensports.com\/de\/stone-island-ghost-piece_o-ventile-mit-primaloft-isolationstechnologie-37769\/","name":"STONE ISLAND - GHOST PIECE_O-VENTILE\u00ae MIT PRIMALOFT ISOLATIONSTECHNOLOGIE (37769) - Vousten Sports","isPartOf":{"@id":"https:\/\/www.voustensports.com\/nl\/#website"},"primaryImageOfPage":{"@id":"https:\/\/www.voustensports.com\/de\/stone-island-ghost-piece_o-ventile-mit-primaloft-isolationstechnologie-37769\/#primaryimage"},"image":{"@id":"https:\/\/www.voustensports.com\/de\/stone-island-ghost-piece_o-ventile-mit-primaloft-isolationstechnologie-37769\/#primaryimage"},"thumbnailUrl":"https:\/\/www.voustensports.com\/wp-content\/uploads\/2023\/06\/DSCF4503.png","datePublished":"2023-10-22T15:46:27+00:00","dateModified":"2026-02-05T11:04:12+00:00","breadcrumb":{"@id":"https:\/\/www.voustensports.com\/de\/stone-island-ghost-piece_o-ventile-mit-primaloft-isolationstechnologie-37769\/#breadcrumb"},"inLanguage":"de-DE","potentialAction":[{"@type":"ReadAction","target":["https:\/\/www.voustensports.com\/de\/stone-island-ghost-piece_o-ventile-mit-primaloft-isolationstechnologie-37769\/"]}]},{"@type":"ImageObject","inLanguage":"de-DE","@id":"https:\/\/www.voustensports.com\/de\/stone-island-ghost-piece_o-ventile-mit-primaloft-isolationstechnologie-37769\/#primaryimage","url":"https:\/\/www.voustensports.com\/wp-content\/uploads\/2023\/06\/DSCF4503.png","contentUrl":"https:\/\/www.voustensports.com\/wp-content\/uploads\/2023\/06\/DSCF4503.png","width":1365,"height":2048},{"@type":"BreadcrumbList","@id":"https:\/\/www.voustensports.com\/de\/stone-island-ghost-piece_o-ventile-mit-primaloft-isolationstechnologie-37769\/#breadcrumb","itemListElement":[{"@type":"ListItem","position":1,"name":"Home","item":"https:\/\/www.voustensports.com\/de\/"},{"@type":"ListItem","position":2,"name":"Shop","item":"https:\/\/www.voustensports.com\/de\/shop\/"},{"@type":"ListItem","position":3,"name":"STONE ISLAND &#8211; GHOST PIECE_O-VENTILE\u00ae MIT PRIMALOFT ISOLATIONSTECHNOLOGIE (37769)"}]},{"@type":"WebSite","@id":"https:\/\/www.voustensports.com\/nl\/#website","url":"https:\/\/www.voustensports.com\/nl\/","name":"Vousten Sports","description":"","potentialAction":[{"@type":"SearchAction","target":{"@type":"EntryPoint","urlTemplate":"https:\/\/www.voustensports.com\/nl\/?s={search_term_string}"},"query-input":{"@type":"PropertyValueSpecification","valueRequired":true,"valueName":"search_term_string"}}],"inLanguage":"de-DE"}]}},"_links":{"self":[{"href":"https:\/\/www.voustensports.com\/de\/wp-json\/wp\/v2\/product\/36870","targetHints":{"allow":["GET"]}}],"collection":[{"href":"https:\/\/www.voustensports.com\/de\/wp-json\/wp\/v2\/product"}],"about":[{"href":"https:\/\/www.voustensports.com\/de\/wp-json\/wp\/v2\/types\/product"}],"replies":[{"embeddable":true,"href":"https:\/\/www.voustensports.com\/de\/wp-json\/wp\/v2\/comments?post=36870"}],"wp:featuredmedia":[{"embeddable":true,"href":"https:\/\/www.voustensports.com\/de\/wp-json\/wp\/v2\/media\/38038"}],"wp:attachment":[{"href":"https:\/\/www.voustensports.com\/de\/wp-json\/wp\/v2\/media?parent=36870"}],"wp:term":[{"taxonomy":"product_cat","embeddable":true,"href":"https:\/\/www.voustensports.com\/de\/wp-json\/wp\/v2\/product_cat?post=36870"},{"taxonomy":"product_tag","embeddable":true,"href":"https:\/\/www.voustensports.com\/de\/wp-json\/wp\/v2\/product_tag?post=36870"}],"curies":[{"name":"wp","href":"https:\/\/api.w.org\/{rel}","templated":true}]}}