{"id":25825,"date":"2023-06-09T15:02:31","date_gmt":"2023-06-09T13:02:31","guid":{"rendered":"https:\/\/www.voustensports.com\/product\/herno-laminar-gore-tex-windstopper-blazer-creme-36556-2\/"},"modified":"2026-02-05T11:59:14","modified_gmt":"2026-02-05T10:59:14","slug":"herno-laminar-gore-tex-windstopper-blazer-creme-36556-2","status":"publish","type":"product","link":"https:\/\/www.voustensports.com\/de\/herno-laminar-gore-tex-windstopper-blazer-creme-36556-2\/","title":{"rendered":"HERNO &#8211; Laminar Gore-Tex Windstopper Blazer creme (36556)"},"content":{"rendered":"<div>Blazer aus 2-lagigem GORE-TEX INFINIUM\u2122 WINDSTOPPER\u00ae-Gewebe.<\/div>\n<div>Taillierte Silhouette des Blazers, modernisiert mit wasserabweisendem, absolut winddichtem und extrem atmungsaktivem Material und mit polyurethanbeschichtetem Zwei-Wege-Rei\u00dfverschluss und Knopfverschluss, um den Wind abzuhalten.<\/div>\n<div>Es ist Teil des neuen Labels Herno Laminar Sartorial Engineering, einer Kollektion, die die Evolution von Laminar darstellt.<\/div>\n<div>\n<p><strong>Das Model ist 186 cm gro\u00df, wiegt 80 kg und tr\u00e4gt Gr\u00f6\u00dfe 50.<\/strong><\/p>\n<\/div>\n<ul>\n<li>Schlanke Passform<\/li>\n<li>Gekerbter Kragen<\/li>\n<li>Wasserdichter, mit Polyurethan beschichteter Zwei-Wege-Rei\u00dfverschluss und Knopfverschluss<\/li>\n<li>Leistentasche auf der Brust<\/li>\n<li>Pattentaschen<\/li>\n<li>Stretch-Innenb\u00fcndchen<\/li>\n<\/ul>\n<div><\/div>\n<div>Leistung:<\/div>\n<div>Wasserabweisend, absolut winddicht, extrem atmungsaktiv<\/div>\n<div>Code: PI108UL111061250<\/div>\n","protected":false},"excerpt":{"rendered":"<p>Blazer aus 2-lagigem GORE-TEX INFINIUM\u2122 WINDSTOPPER\u00ae-Gewebe. Taillierte Silhouette des Blazers, modernisiert mit wasserabweisendem, absolut winddichtem und extrem atmungsaktivem Material und mit polyurethanbeschichtetem Zwei-Wege-Rei\u00dfverschluss und Knopfverschluss, um den Wind abzuhalten. Es ist Teil des neuen Labels Herno Laminar Sartorial Engineering, einer Kollektion, die die Evolution von Laminar darstellt. Das Model ist 186 cm gro\u00df, wiegt 80 [&#8230;]\n","protected":false},"featured_media":25813,"comment_status":"open","ping_status":"closed","template":"","meta":{"rank_math_lock_modified_date":false},"product_cat":[447,451,463,543,728],"product_tag":[],"class_list":{"0":"post-25825","1":"product","2":"type-product","3":"status-publish","4":"has-post-thumbnail","6":"product_cat-kleding-de","7":"product_cat-heren-de","8":"product_cat-vousten-sports-de-2","9":"product_cat-jassen-de","10":"product_cat-herno-de","12":"first","13":"instock","14":"taxable","15":"shipping-taxable","16":"purchasable","17":"product-type-variable"},"acf":[],"yoast_head":"<!-- This site is optimized with the Yoast SEO plugin v23.9 - https:\/\/yoast.com\/wordpress\/plugins\/seo\/ -->\n<title>HERNO - Laminar Gore-Tex Windstopper Blazer creme (36556) - Vousten Sports<\/title>\n<meta name=\"robots\" content=\"index, follow, max-snippet:-1, max-image-preview:large, max-video-preview:-1\" \/>\n<link rel=\"canonical\" href=\"https:\/\/www.voustensports.com\/de\/herno-laminar-gore-tex-windstopper-blazer-creme-36556-2\/\" \/>\n<meta property=\"og:locale\" content=\"de_DE\" \/>\n<meta property=\"og:type\" content=\"article\" \/>\n<meta property=\"og:title\" content=\"HERNO - Laminar Gore-Tex Windstopper Blazer creme (36556) - Vousten Sports\" \/>\n<meta property=\"og:description\" content=\"Blazer aus 2-lagigem GORE-TEX INFINIUM\u2122 WINDSTOPPER\u00ae-Gewebe. Taillierte Silhouette des Blazers, modernisiert mit wasserabweisendem, absolut winddichtem und extrem atmungsaktivem Material und mit polyurethanbeschichtetem Zwei-Wege-Rei\u00dfverschluss und Knopfverschluss, um den Wind abzuhalten. Es ist Teil des neuen Labels Herno Laminar Sartorial Engineering, einer Kollektion, die die Evolution von Laminar darstellt. Das Model ist 186 cm gro\u00df, wiegt 80 [...]\" \/>\n<meta property=\"og:url\" content=\"https:\/\/www.voustensports.com\/de\/herno-laminar-gore-tex-windstopper-blazer-creme-36556-2\/\" \/>\n<meta property=\"og:site_name\" content=\"Vousten Sports\" \/>\n<meta property=\"article:modified_time\" content=\"2026-02-05T10:59:14+00:00\" \/>\n<meta property=\"og:image\" content=\"https:\/\/www.voustensports.com\/wp-content\/uploads\/2023\/03\/PI108UL_11106_1250_TRADE_FRONT_GHOST-1-4.jpg\" \/>\n\t<meta property=\"og:image:width\" content=\"1365\" \/>\n\t<meta property=\"og:image:height\" content=\"2048\" \/>\n\t<meta property=\"og:image:type\" content=\"image\/jpeg\" \/>\n<meta name=\"twitter:card\" content=\"summary_large_image\" \/>\n<script type=\"application\/ld+json\" class=\"yoast-schema-graph\">{\"@context\":\"https:\/\/schema.org\",\"@graph\":[{\"@type\":\"WebPage\",\"@id\":\"https:\/\/www.voustensports.com\/de\/herno-laminar-gore-tex-windstopper-blazer-creme-36556-2\/\",\"url\":\"https:\/\/www.voustensports.com\/de\/herno-laminar-gore-tex-windstopper-blazer-creme-36556-2\/\",\"name\":\"HERNO - Laminar Gore-Tex Windstopper Blazer creme (36556) - Vousten Sports\",\"isPartOf\":{\"@id\":\"https:\/\/www.voustensports.com\/nl\/#website\"},\"primaryImageOfPage\":{\"@id\":\"https:\/\/www.voustensports.com\/de\/herno-laminar-gore-tex-windstopper-blazer-creme-36556-2\/#primaryimage\"},\"image\":{\"@id\":\"https:\/\/www.voustensports.com\/de\/herno-laminar-gore-tex-windstopper-blazer-creme-36556-2\/#primaryimage\"},\"thumbnailUrl\":\"https:\/\/www.voustensports.com\/wp-content\/uploads\/2023\/03\/PI108UL_11106_1250_TRADE_FRONT_GHOST-1-4.jpg\",\"datePublished\":\"2023-06-09T13:02:31+00:00\",\"dateModified\":\"2026-02-05T10:59:14+00:00\",\"breadcrumb\":{\"@id\":\"https:\/\/www.voustensports.com\/de\/herno-laminar-gore-tex-windstopper-blazer-creme-36556-2\/#breadcrumb\"},\"inLanguage\":\"de-DE\",\"potentialAction\":[{\"@type\":\"ReadAction\",\"target\":[\"https:\/\/www.voustensports.com\/de\/herno-laminar-gore-tex-windstopper-blazer-creme-36556-2\/\"]}]},{\"@type\":\"ImageObject\",\"inLanguage\":\"de-DE\",\"@id\":\"https:\/\/www.voustensports.com\/de\/herno-laminar-gore-tex-windstopper-blazer-creme-36556-2\/#primaryimage\",\"url\":\"https:\/\/www.voustensports.com\/wp-content\/uploads\/2023\/03\/PI108UL_11106_1250_TRADE_FRONT_GHOST-1-4.jpg\",\"contentUrl\":\"https:\/\/www.voustensports.com\/wp-content\/uploads\/2023\/03\/PI108UL_11106_1250_TRADE_FRONT_GHOST-1-4.jpg\",\"width\":1365,\"height\":2048},{\"@type\":\"BreadcrumbList\",\"@id\":\"https:\/\/www.voustensports.com\/de\/herno-laminar-gore-tex-windstopper-blazer-creme-36556-2\/#breadcrumb\",\"itemListElement\":[{\"@type\":\"ListItem\",\"position\":1,\"name\":\"Home\",\"item\":\"https:\/\/www.voustensports.com\/de\/\"},{\"@type\":\"ListItem\",\"position\":2,\"name\":\"Shop\",\"item\":\"https:\/\/www.voustensports.com\/de\/shop\/\"},{\"@type\":\"ListItem\",\"position\":3,\"name\":\"HERNO &#8211; Laminar Gore-Tex Windstopper Blazer creme (36556)\"}]},{\"@type\":\"WebSite\",\"@id\":\"https:\/\/www.voustensports.com\/nl\/#website\",\"url\":\"https:\/\/www.voustensports.com\/nl\/\",\"name\":\"Vousten Sports\",\"description\":\"\",\"potentialAction\":[{\"@type\":\"SearchAction\",\"target\":{\"@type\":\"EntryPoint\",\"urlTemplate\":\"https:\/\/www.voustensports.com\/nl\/?s={search_term_string}\"},\"query-input\":{\"@type\":\"PropertyValueSpecification\",\"valueRequired\":true,\"valueName\":\"search_term_string\"}}],\"inLanguage\":\"de-DE\"}]}<\/script>\n<!-- \/ Yoast SEO plugin. -->","yoast_head_json":{"title":"HERNO - Laminar Gore-Tex Windstopper Blazer creme (36556) - Vousten Sports","robots":{"index":"index","follow":"follow","max-snippet":"max-snippet:-1","max-image-preview":"max-image-preview:large","max-video-preview":"max-video-preview:-1"},"canonical":"https:\/\/www.voustensports.com\/de\/herno-laminar-gore-tex-windstopper-blazer-creme-36556-2\/","og_locale":"de_DE","og_type":"article","og_title":"HERNO - Laminar Gore-Tex Windstopper Blazer creme (36556) - Vousten Sports","og_description":"Blazer aus 2-lagigem GORE-TEX INFINIUM\u2122 WINDSTOPPER\u00ae-Gewebe. Taillierte Silhouette des Blazers, modernisiert mit wasserabweisendem, absolut winddichtem und extrem atmungsaktivem Material und mit polyurethanbeschichtetem Zwei-Wege-Rei\u00dfverschluss und Knopfverschluss, um den Wind abzuhalten. Es ist Teil des neuen Labels Herno Laminar Sartorial Engineering, einer Kollektion, die die Evolution von Laminar darstellt. Das Model ist 186 cm gro\u00df, wiegt 80 [...]","og_url":"https:\/\/www.voustensports.com\/de\/herno-laminar-gore-tex-windstopper-blazer-creme-36556-2\/","og_site_name":"Vousten Sports","article_modified_time":"2026-02-05T10:59:14+00:00","og_image":[{"width":1365,"height":2048,"url":"https:\/\/www.voustensports.com\/wp-content\/uploads\/2023\/03\/PI108UL_11106_1250_TRADE_FRONT_GHOST-1-4.jpg","type":"image\/jpeg"}],"twitter_card":"summary_large_image","schema":{"@context":"https:\/\/schema.org","@graph":[{"@type":"WebPage","@id":"https:\/\/www.voustensports.com\/de\/herno-laminar-gore-tex-windstopper-blazer-creme-36556-2\/","url":"https:\/\/www.voustensports.com\/de\/herno-laminar-gore-tex-windstopper-blazer-creme-36556-2\/","name":"HERNO - Laminar Gore-Tex Windstopper Blazer creme (36556) - Vousten Sports","isPartOf":{"@id":"https:\/\/www.voustensports.com\/nl\/#website"},"primaryImageOfPage":{"@id":"https:\/\/www.voustensports.com\/de\/herno-laminar-gore-tex-windstopper-blazer-creme-36556-2\/#primaryimage"},"image":{"@id":"https:\/\/www.voustensports.com\/de\/herno-laminar-gore-tex-windstopper-blazer-creme-36556-2\/#primaryimage"},"thumbnailUrl":"https:\/\/www.voustensports.com\/wp-content\/uploads\/2023\/03\/PI108UL_11106_1250_TRADE_FRONT_GHOST-1-4.jpg","datePublished":"2023-06-09T13:02:31+00:00","dateModified":"2026-02-05T10:59:14+00:00","breadcrumb":{"@id":"https:\/\/www.voustensports.com\/de\/herno-laminar-gore-tex-windstopper-blazer-creme-36556-2\/#breadcrumb"},"inLanguage":"de-DE","potentialAction":[{"@type":"ReadAction","target":["https:\/\/www.voustensports.com\/de\/herno-laminar-gore-tex-windstopper-blazer-creme-36556-2\/"]}]},{"@type":"ImageObject","inLanguage":"de-DE","@id":"https:\/\/www.voustensports.com\/de\/herno-laminar-gore-tex-windstopper-blazer-creme-36556-2\/#primaryimage","url":"https:\/\/www.voustensports.com\/wp-content\/uploads\/2023\/03\/PI108UL_11106_1250_TRADE_FRONT_GHOST-1-4.jpg","contentUrl":"https:\/\/www.voustensports.com\/wp-content\/uploads\/2023\/03\/PI108UL_11106_1250_TRADE_FRONT_GHOST-1-4.jpg","width":1365,"height":2048},{"@type":"BreadcrumbList","@id":"https:\/\/www.voustensports.com\/de\/herno-laminar-gore-tex-windstopper-blazer-creme-36556-2\/#breadcrumb","itemListElement":[{"@type":"ListItem","position":1,"name":"Home","item":"https:\/\/www.voustensports.com\/de\/"},{"@type":"ListItem","position":2,"name":"Shop","item":"https:\/\/www.voustensports.com\/de\/shop\/"},{"@type":"ListItem","position":3,"name":"HERNO &#8211; Laminar Gore-Tex Windstopper Blazer creme (36556)"}]},{"@type":"WebSite","@id":"https:\/\/www.voustensports.com\/nl\/#website","url":"https:\/\/www.voustensports.com\/nl\/","name":"Vousten Sports","description":"","potentialAction":[{"@type":"SearchAction","target":{"@type":"EntryPoint","urlTemplate":"https:\/\/www.voustensports.com\/nl\/?s={search_term_string}"},"query-input":{"@type":"PropertyValueSpecification","valueRequired":true,"valueName":"search_term_string"}}],"inLanguage":"de-DE"}]}},"_links":{"self":[{"href":"https:\/\/www.voustensports.com\/de\/wp-json\/wp\/v2\/product\/25825","targetHints":{"allow":["GET"]}}],"collection":[{"href":"https:\/\/www.voustensports.com\/de\/wp-json\/wp\/v2\/product"}],"about":[{"href":"https:\/\/www.voustensports.com\/de\/wp-json\/wp\/v2\/types\/product"}],"replies":[{"embeddable":true,"href":"https:\/\/www.voustensports.com\/de\/wp-json\/wp\/v2\/comments?post=25825"}],"wp:featuredmedia":[{"embeddable":true,"href":"https:\/\/www.voustensports.com\/de\/wp-json\/wp\/v2\/media\/25813"}],"wp:attachment":[{"href":"https:\/\/www.voustensports.com\/de\/wp-json\/wp\/v2\/media?parent=25825"}],"wp:term":[{"taxonomy":"product_cat","embeddable":true,"href":"https:\/\/www.voustensports.com\/de\/wp-json\/wp\/v2\/product_cat?post=25825"},{"taxonomy":"product_tag","embeddable":true,"href":"https:\/\/www.voustensports.com\/de\/wp-json\/wp\/v2\/product_tag?post=25825"}],"curies":[{"name":"wp","href":"https:\/\/api.w.org\/{rel}","templated":true}]}}